{"id":17428,"date":"2024-08-02T00:41:08","date_gmt":"2024-08-01T22:41:08","guid":{"rendered":"https:\/\/adria-klik.com\/?post_type=product&#038;p=17428"},"modified":"2024-08-02T12:25:02","modified_gmt":"2024-08-02T10:25:02","slug":"teranino-royal-luxury-prestige-07-l-kostelac-delivery","status":"publish","type":"product","link":"https:\/\/adria-klik.com\/en\/proizvod\/teranino-royal-luxury-prestige-07-l-kostelac-delivery\/","title":{"rendered":"Teranino Royal Luxury PRESTIGE 0,7 l Kostelac"},"content":{"rendered":"<div class=\"cb_FormRow_RightCol_r1b7\">\n<div class=\"et_pb_tab clearfix et_pb_active_content et-pb-active-slide\">\n<div class=\"et_pb_tab_content\">\n<div class=\"et_pb_tab clearfix et_pb_active_content et-pb-active-slide\">\n<div class=\"et_pb_tab_content\">\n<div class=\"et_pb_tab clearfix et_pb_active_content et-pb-active-slide\">\n<div class=\"et_pb_tab_content\">\n<ul>\n<li><strong><span class=\"\">TERANINO Royal Luxury LIQUOR<\/span><\/strong><span class=\"\"> \u2013 Royal Luxury TERANINO is a natural liqueur, completely produced by hand<\/span><\/li>\n<li><span class=\"\"> Teranino is produced from red wine, blackberry liqueur, and with the addition of macerate of aromatic and herbal herbs, dominated by cinnamon and cloves<\/span><\/li>\n<li><span class=\"\"> The obtained liqueur has a refined and smooth taste<\/span><\/li>\n<li><span class=\"\"> Due to its strongly pronounced aromas, it is excellent as an independent drink or as an addition to cocktails<\/span><\/li>\n<li><span class=\"\"> It is served ice-chilled in ice-chilled glasses<\/span><\/li>\n<li>Order secure delivery now<\/li>\n<li><strong>World Spirit Trophy 2023 &#8211; TRIPLE GOLD MEDAL<\/strong><\/li>\n<li><strong>Frankfurt International Trophy 2023 &#8211; GOLD MEDAL<\/strong><\/li>\n<li><strong>Frankfurt International Trophy 2024 &#8211; GOLD MEDAL<\/strong><\/li>\n<\/ul>\n<\/div>\n<\/div>\n<\/div>\n<\/div>\n<p><strong>KOSTELAC<\/strong> family:<\/p>\n<p>Our family distillery has been operating successfully since 2006. With our products, we are present all over Lijepa na\u0161e, from large shopping centers, specialized stores, souvenir shops, eminent restaurants, duty free shops in airports, etc.<\/p>\n<p>After a detailed analysis of the market, we decided to launch a new PREMIUM brand called Royal Luxury in 2017. The very name of the brand says that it is about luxury products that are not only of top quality, but also attract attention with their exclusive and luxurious design. Like all the other products of the distillery, the products of the Royal Luxury brand are produced by hand, according to an ancient recipe, without artificial additives such as colors, aromas, sweeteners, etc.<\/p>\n<p>After many years of experience in the production of brandy and liqueur, in 2020 we launched a premium brand of craft gin called Mountain Creek Gin. The specialty of our gins is the production of 29 types of different herbs, premium grain alcohol, and natural spring water from the slopes of the first Croatian geopark &#8211; Geopark Papuk.<\/p>\n<p>Recognize the quality of our products and become our satisfied consumer.<\/p>\n<p>Enjoy responsibly, enjoy with style!<\/p>\n<p>they love you<\/p>\n<p>Kre\u0161imir Kostelac, M.Sc.Agr. Kristina Kostelac univ.spec.oec.<\/p>\n<p><strong>\u00a0<\/strong><\/p>\n<\/div>\n<\/div>\n<\/div>\n<p>&nbsp;<\/p>\n","protected":false},"excerpt":{"rendered":"<ul>\n<li><strong><span class=\"\">TERANINO Royal Luxury LIQUOR<\/span><\/strong><span class=\"\"> \u2013 Royal Luxury TERANINO is a natural liqueur, completely produced by hand<\/span><\/li>\n<li><span class=\"\"> Teranino is produced from red wine, blackberry liqueur, and with the addition of macerate of aromatic and herbal herbs, dominated by cinnamon and cloves<\/span><\/li>\n<li><span class=\"\"> The obtained liqueur has a refined and smooth taste<\/span><\/li>\n<li><span class=\"\"> Due to its strongly pronounced aromas, it is excellent as an independent drink or as an addition to cocktails<\/span><\/li>\n<li><span class=\"\"> It is served ice-chilled in ice-chilled glasses<\/span><\/li>\n<li>Order secure delivery now<\/li>\n<li><strong>World Spirit Trophy 2023 &#8211; TRIPLE GOLD MEDAL<\/strong><\/li>\n<li><strong>Frankfurt International Trophy 2023 &#8211; GOLD MEDAL<\/strong><\/li>\n<li><strong>Frankfurt International Trophy 2024 &#8211; GOLD MEDAL<\/strong><\/li>\n<\/ul>\n","protected":false},"featured_media":17968,"comment_status":"open","ping_status":"closed","template":"","meta":{"_acf_changed":false},"product_brand":[],"product_cat":[442,1381,1382,1380,378,1379,443,1160,387,618,1378],"product_tag":[2208,2209,2206,2207],"berocket_brand":[1585],"class_list":{"0":"post-17428","1":"product","2":"type-product","3":"status-publish","4":"has-post-thumbnail","6":"product_cat-brandy","7":"product_cat-dostava-en","8":"product_cat-europa-en","9":"product_cat-hrvatska-en","10":"product_cat-liquor","11":"product_cat-okusi-adriu","12":"product_cat-other-liquor","13":"product_cat-our-recommendation","14":"product_cat-premium","15":"product_cat-taste_adria","16":"product_cat-zagreb-en","17":"product_tag-frankfurt-international-trophy-2023-gold-medal-en","18":"product_tag-frankfurt-international-trophy-2024-gold-medal-en","19":"product_tag-teranino-royal-luxury-prestige-en","20":"product_tag-world-spirit-trophy-2023-triple-gold-medal-en","21":"berocket_brand-kostelac-rakije-2","23":"first","24":"instock","25":"sale","26":"featured","27":"shipping-taxable","28":"purchasable","29":"product-type-simple"},"acf":[],"yoast_head":"<!-- This site is optimized with the Yoast SEO plugin v26.9 - https:\/\/yoast.com\/product\/yoast-seo-wordpress\/ -->\n<title>Teranino Royal Luxury PRESTIGE 0,7 l Kostelac - Adria-Klik.com<\/title>\n<meta name=\"description\" content=\"TERANINO Royal Luxury LIQUOR \u2013 Royal Luxury TERANINO is a natural liqueur, completely produced by hand World Spirit Trophy 2023 - TRIPLE GOLD MEDAL\" \/>\n<meta name=\"robots\" content=\"index, follow, max-snippet:-1, max-image-preview:large, max-video-preview:-1\" \/>\n<link rel=\"canonical\" href=\"https:\/\/adria-klik.com\/proizvod\/teranino-royal-luxury-prestige-07-l-kostelac\/\" \/>\n<meta property=\"og:locale\" content=\"en_US\" \/>\n<meta property=\"og:type\" content=\"article\" \/>\n<meta property=\"og:title\" content=\"Teranino Royal Luxury PRESTIGE 0,7 l Kostelac - Adria-Klik.com\" \/>\n<meta property=\"og:description\" content=\"TERANINO Royal Luxury LIQUOR \u2013 Royal Luxury TERANINO is a natural liqueur, completely produced by hand World Spirit Trophy 2023 - TRIPLE GOLD MEDAL\" \/>\n<meta property=\"og:url\" content=\"https:\/\/adria-klik.com\/proizvod\/teranino-royal-luxury-prestige-07-l-kostelac\/\" \/>\n<meta property=\"og:site_name\" content=\"Adria-Klik.com\" \/>\n<meta property=\"article:publisher\" content=\"https:\/\/www.facebook.com\/profile.php?id=100064209425136\" \/>\n<meta property=\"article:modified_time\" content=\"2024-08-02T10:25:02+00:00\" \/>\n<meta property=\"og:image\" content=\"https:\/\/adria-klik.com\/wp-content\/uploads\/2024\/08\/Teranino-PRESTIGE-luxury-liker-crno-vino-07l-Rakije-Kostelac-Adria-Klik-Fast-Delivery-Brza-dostava-webshop-premium-EU-DPD-Glovo-Wolt-Bolt-brza-dostava-rakije-za-zivot-dostava-GLS.jpg\" \/>\n\t<meta property=\"og:image:width\" content=\"1500\" \/>\n\t<meta property=\"og:image:height\" content=\"1500\" \/>\n\t<meta property=\"og:image:type\" content=\"image\/jpeg\" \/>\n<meta name=\"twitter:card\" content=\"summary_large_image\" \/>\n<meta name=\"twitter:label1\" content=\"Est. reading time\" \/>\n\t<meta name=\"twitter:data1\" content=\"2 minutes\" \/>\n<script type=\"application\/ld+json\" class=\"yoast-schema-graph\">{\"@context\":\"https:\/\/schema.org\",\"@graph\":[{\"@type\":\"WebPage\",\"@id\":\"https:\/\/adria-klik.com\/proizvod\/teranino-royal-luxury-prestige-07-l-kostelac\/\",\"url\":\"https:\/\/adria-klik.com\/proizvod\/teranino-royal-luxury-prestige-07-l-kostelac\/\",\"name\":\"Teranino Royal Luxury PRESTIGE 0,7 l Kostelac - Adria-Klik.com\",\"isPartOf\":{\"@id\":\"https:\/\/adria-klik.com\/#website\"},\"primaryImageOfPage\":{\"@id\":\"https:\/\/adria-klik.com\/proizvod\/teranino-royal-luxury-prestige-07-l-kostelac\/#primaryimage\"},\"image\":{\"@id\":\"https:\/\/adria-klik.com\/proizvod\/teranino-royal-luxury-prestige-07-l-kostelac\/#primaryimage\"},\"thumbnailUrl\":\"https:\/\/adria-klik.com\/wp-content\/uploads\/2024\/08\/Teranino-PRESTIGE-luxury-liker-crno-vino-07l-Rakije-Kostelac-Adria-Klik-Fast-Delivery-Brza-dostava-webshop-premium-EU-DPD-Glovo-Wolt-Bolt-brza-dostava-rakije-za-zivot-dostava-GLS-1.jpg\",\"datePublished\":\"2024-08-01T22:41:08+00:00\",\"dateModified\":\"2024-08-02T10:25:02+00:00\",\"description\":\"TERANINO Royal Luxury LIQUOR \u2013 Royal Luxury TERANINO is a natural liqueur, completely produced by hand World Spirit Trophy 2023 - TRIPLE GOLD MEDAL\",\"breadcrumb\":{\"@id\":\"https:\/\/adria-klik.com\/proizvod\/teranino-royal-luxury-prestige-07-l-kostelac\/#breadcrumb\"},\"inLanguage\":\"en-US\",\"potentialAction\":[{\"@type\":\"ReadAction\",\"target\":[\"https:\/\/adria-klik.com\/proizvod\/teranino-royal-luxury-prestige-07-l-kostelac\/\"]}]},{\"@type\":\"ImageObject\",\"inLanguage\":\"en-US\",\"@id\":\"https:\/\/adria-klik.com\/proizvod\/teranino-royal-luxury-prestige-07-l-kostelac\/#primaryimage\",\"url\":\"https:\/\/adria-klik.com\/wp-content\/uploads\/2024\/08\/Teranino-PRESTIGE-luxury-liker-crno-vino-07l-Rakije-Kostelac-Adria-Klik-Fast-Delivery-Brza-dostava-webshop-premium-EU-DPD-Glovo-Wolt-Bolt-brza-dostava-rakije-za-zivot-dostava-GLS-1.jpg\",\"contentUrl\":\"https:\/\/adria-klik.com\/wp-content\/uploads\/2024\/08\/Teranino-PRESTIGE-luxury-liker-crno-vino-07l-Rakije-Kostelac-Adria-Klik-Fast-Delivery-Brza-dostava-webshop-premium-EU-DPD-Glovo-Wolt-Bolt-brza-dostava-rakije-za-zivot-dostava-GLS-1.jpg\",\"width\":1500,\"height\":1500,\"caption\":\"LIKER TERANINO Royal Luxury \u2013 Royal Luxury TERANINO prirodan je liker, potpuno ru\u010dno proizveden. Teranino je proizveden od crnog vina, likera od kupine, te uz dodatak macerata aromati\u010dnog i za\u010dinskog bilja, u kojem dominiraju cimet i klin\u010di\u0107. Dobiveni liker profinjenog je i ugla\u0111enog okusa. Zbog sna\u017eno izra\u017eenih aroma izvrsno prija kao samostalno pi\u0107e ili kao dodatak koktelima. Servira se ledeno ohla\u0111en u ledeno ohla\u0111enim \u010da\u0161ama. NAGRADE: World Spirit Trophy 2023. - TRIPLE GOLD MEDAL Frankfurt International Trophy 2023. - GOLD MEDAL World Spirit Trophy 2024. - DOUBLE GOLD Frankfurt International Trophy 2024. - GOLD MEDAL\"},{\"@type\":\"BreadcrumbList\",\"@id\":\"https:\/\/adria-klik.com\/proizvod\/teranino-royal-luxury-prestige-07-l-kostelac\/#breadcrumb\",\"itemListElement\":[{\"@type\":\"ListItem\",\"position\":1,\"name\":\"Po\u010detna stranica\",\"item\":\"https:\/\/adria-klik.com\/en\/\"},{\"@type\":\"ListItem\",\"position\":2,\"name\":\"Shop\",\"item\":\"https:\/\/adria-klik.com\/shop\/\"},{\"@type\":\"ListItem\",\"position\":3,\"name\":\"Teranino Royal Luxury PRESTIGE 0,7 l Kostelac\"}]},{\"@type\":\"WebSite\",\"@id\":\"https:\/\/adria-klik.com\/#website\",\"url\":\"https:\/\/adria-klik.com\/\",\"name\":\"Adria-Klik.com\",\"description\":\"Unikatni poklon paketi, Vina, Craft pivo &amp; Delicije - webshop\",\"publisher\":{\"@id\":\"https:\/\/adria-klik.com\/#organization\"},\"potentialAction\":[{\"@type\":\"SearchAction\",\"target\":{\"@type\":\"EntryPoint\",\"urlTemplate\":\"https:\/\/adria-klik.com\/?s={search_term_string}\"},\"query-input\":{\"@type\":\"PropertyValueSpecification\",\"valueRequired\":true,\"valueName\":\"search_term_string\"}}],\"inLanguage\":\"en-US\"},{\"@type\":\"Organization\",\"@id\":\"https:\/\/adria-klik.com\/#organization\",\"name\":\"Adria-Klik.com\",\"alternateName\":\"AK\",\"url\":\"https:\/\/adria-klik.com\/\",\"logo\":{\"@type\":\"ImageObject\",\"inLanguage\":\"en-US\",\"@id\":\"https:\/\/adria-klik.com\/#\/schema\/logo\/image\/\",\"url\":\"https:\/\/adria-klik.com\/wp-content\/uploads\/2025\/12\/Adria-Klik_com-logo-namirnice-vina-craft-pivo-delikatese-delicije-artisan-cokolada.jpg\",\"contentUrl\":\"https:\/\/adria-klik.com\/wp-content\/uploads\/2025\/12\/Adria-Klik_com-logo-namirnice-vina-craft-pivo-delikatese-delicije-artisan-cokolada.jpg\",\"width\":500,\"height\":500,\"caption\":\"Adria-Klik.com\"},\"image\":{\"@id\":\"https:\/\/adria-klik.com\/#\/schema\/logo\/image\/\"},\"sameAs\":[\"https:\/\/www.facebook.com\/profile.php?id=100064209425136\",\"https:\/\/www.instagram.com\/adriaklik\/\",\"https:\/\/www.youtube.com\/user\/PlavacmaliZagreb\"]}]}<\/script>\n<!-- \/ Yoast SEO plugin. -->","yoast_head_json":{"title":"Teranino Royal Luxury PRESTIGE 0,7 l Kostelac - Adria-Klik.com","description":"TERANINO Royal Luxury LIQUOR \u2013 Royal Luxury TERANINO is a natural liqueur, completely produced by hand World Spirit Trophy 2023 - TRIPLE GOLD MEDAL","robots":{"index":"index","follow":"follow","max-snippet":"max-snippet:-1","max-image-preview":"max-image-preview:large","max-video-preview":"max-video-preview:-1"},"canonical":"https:\/\/adria-klik.com\/proizvod\/teranino-royal-luxury-prestige-07-l-kostelac\/","og_locale":"en_US","og_type":"article","og_title":"Teranino Royal Luxury PRESTIGE 0,7 l Kostelac - Adria-Klik.com","og_description":"TERANINO Royal Luxury LIQUOR \u2013 Royal Luxury TERANINO is a natural liqueur, completely produced by hand World Spirit Trophy 2023 - TRIPLE GOLD MEDAL","og_url":"https:\/\/adria-klik.com\/proizvod\/teranino-royal-luxury-prestige-07-l-kostelac\/","og_site_name":"Adria-Klik.com","article_publisher":"https:\/\/www.facebook.com\/profile.php?id=100064209425136","article_modified_time":"2024-08-02T10:25:02+00:00","og_image":[{"width":1500,"height":1500,"url":"https:\/\/adria-klik.com\/wp-content\/uploads\/2024\/08\/Teranino-PRESTIGE-luxury-liker-crno-vino-07l-Rakije-Kostelac-Adria-Klik-Fast-Delivery-Brza-dostava-webshop-premium-EU-DPD-Glovo-Wolt-Bolt-brza-dostava-rakije-za-zivot-dostava-GLS.jpg","type":"image\/jpeg"}],"twitter_card":"summary_large_image","twitter_misc":{"Est. reading time":"2 minutes"},"schema":{"@context":"https:\/\/schema.org","@graph":[{"@type":"WebPage","@id":"https:\/\/adria-klik.com\/proizvod\/teranino-royal-luxury-prestige-07-l-kostelac\/","url":"https:\/\/adria-klik.com\/proizvod\/teranino-royal-luxury-prestige-07-l-kostelac\/","name":"Teranino Royal Luxury PRESTIGE 0,7 l Kostelac - Adria-Klik.com","isPartOf":{"@id":"https:\/\/adria-klik.com\/#website"},"primaryImageOfPage":{"@id":"https:\/\/adria-klik.com\/proizvod\/teranino-royal-luxury-prestige-07-l-kostelac\/#primaryimage"},"image":{"@id":"https:\/\/adria-klik.com\/proizvod\/teranino-royal-luxury-prestige-07-l-kostelac\/#primaryimage"},"thumbnailUrl":"https:\/\/adria-klik.com\/wp-content\/uploads\/2024\/08\/Teranino-PRESTIGE-luxury-liker-crno-vino-07l-Rakije-Kostelac-Adria-Klik-Fast-Delivery-Brza-dostava-webshop-premium-EU-DPD-Glovo-Wolt-Bolt-brza-dostava-rakije-za-zivot-dostava-GLS-1.jpg","datePublished":"2024-08-01T22:41:08+00:00","dateModified":"2024-08-02T10:25:02+00:00","description":"TERANINO Royal Luxury LIQUOR \u2013 Royal Luxury TERANINO is a natural liqueur, completely produced by hand World Spirit Trophy 2023 - TRIPLE GOLD MEDAL","breadcrumb":{"@id":"https:\/\/adria-klik.com\/proizvod\/teranino-royal-luxury-prestige-07-l-kostelac\/#breadcrumb"},"inLanguage":"en-US","potentialAction":[{"@type":"ReadAction","target":["https:\/\/adria-klik.com\/proizvod\/teranino-royal-luxury-prestige-07-l-kostelac\/"]}]},{"@type":"ImageObject","inLanguage":"en-US","@id":"https:\/\/adria-klik.com\/proizvod\/teranino-royal-luxury-prestige-07-l-kostelac\/#primaryimage","url":"https:\/\/adria-klik.com\/wp-content\/uploads\/2024\/08\/Teranino-PRESTIGE-luxury-liker-crno-vino-07l-Rakije-Kostelac-Adria-Klik-Fast-Delivery-Brza-dostava-webshop-premium-EU-DPD-Glovo-Wolt-Bolt-brza-dostava-rakije-za-zivot-dostava-GLS-1.jpg","contentUrl":"https:\/\/adria-klik.com\/wp-content\/uploads\/2024\/08\/Teranino-PRESTIGE-luxury-liker-crno-vino-07l-Rakije-Kostelac-Adria-Klik-Fast-Delivery-Brza-dostava-webshop-premium-EU-DPD-Glovo-Wolt-Bolt-brza-dostava-rakije-za-zivot-dostava-GLS-1.jpg","width":1500,"height":1500,"caption":"LIKER TERANINO Royal Luxury \u2013 Royal Luxury TERANINO prirodan je liker, potpuno ru\u010dno proizveden. Teranino je proizveden od crnog vina, likera od kupine, te uz dodatak macerata aromati\u010dnog i za\u010dinskog bilja, u kojem dominiraju cimet i klin\u010di\u0107. Dobiveni liker profinjenog je i ugla\u0111enog okusa. Zbog sna\u017eno izra\u017eenih aroma izvrsno prija kao samostalno pi\u0107e ili kao dodatak koktelima. Servira se ledeno ohla\u0111en u ledeno ohla\u0111enim \u010da\u0161ama. NAGRADE: World Spirit Trophy 2023. - TRIPLE GOLD MEDAL Frankfurt International Trophy 2023. - GOLD MEDAL World Spirit Trophy 2024. - DOUBLE GOLD Frankfurt International Trophy 2024. - GOLD MEDAL"},{"@type":"BreadcrumbList","@id":"https:\/\/adria-klik.com\/proizvod\/teranino-royal-luxury-prestige-07-l-kostelac\/#breadcrumb","itemListElement":[{"@type":"ListItem","position":1,"name":"Po\u010detna stranica","item":"https:\/\/adria-klik.com\/en\/"},{"@type":"ListItem","position":2,"name":"Shop","item":"https:\/\/adria-klik.com\/shop\/"},{"@type":"ListItem","position":3,"name":"Teranino Royal Luxury PRESTIGE 0,7 l Kostelac"}]},{"@type":"WebSite","@id":"https:\/\/adria-klik.com\/#website","url":"https:\/\/adria-klik.com\/","name":"Adria-Klik.com","description":"Unikatni poklon paketi, Vina, Craft pivo &amp; Delicije - webshop","publisher":{"@id":"https:\/\/adria-klik.com\/#organization"},"potentialAction":[{"@type":"SearchAction","target":{"@type":"EntryPoint","urlTemplate":"https:\/\/adria-klik.com\/?s={search_term_string}"},"query-input":{"@type":"PropertyValueSpecification","valueRequired":true,"valueName":"search_term_string"}}],"inLanguage":"en-US"},{"@type":"Organization","@id":"https:\/\/adria-klik.com\/#organization","name":"Adria-Klik.com","alternateName":"AK","url":"https:\/\/adria-klik.com\/","logo":{"@type":"ImageObject","inLanguage":"en-US","@id":"https:\/\/adria-klik.com\/#\/schema\/logo\/image\/","url":"https:\/\/adria-klik.com\/wp-content\/uploads\/2025\/12\/Adria-Klik_com-logo-namirnice-vina-craft-pivo-delikatese-delicije-artisan-cokolada.jpg","contentUrl":"https:\/\/adria-klik.com\/wp-content\/uploads\/2025\/12\/Adria-Klik_com-logo-namirnice-vina-craft-pivo-delikatese-delicije-artisan-cokolada.jpg","width":500,"height":500,"caption":"Adria-Klik.com"},"image":{"@id":"https:\/\/adria-klik.com\/#\/schema\/logo\/image\/"},"sameAs":["https:\/\/www.facebook.com\/profile.php?id=100064209425136","https:\/\/www.instagram.com\/adriaklik\/","https:\/\/www.youtube.com\/user\/PlavacmaliZagreb"]}]}},"jetpack_sharing_enabled":true,"jetpack-related-posts":[],"_links":{"self":[{"href":"https:\/\/adria-klik.com\/en\/wp-json\/wp\/v2\/product\/17428","targetHints":{"allow":["GET"]}}],"collection":[{"href":"https:\/\/adria-klik.com\/en\/wp-json\/wp\/v2\/product"}],"about":[{"href":"https:\/\/adria-klik.com\/en\/wp-json\/wp\/v2\/types\/product"}],"replies":[{"embeddable":true,"href":"https:\/\/adria-klik.com\/en\/wp-json\/wp\/v2\/comments?post=17428"}],"wp:featuredmedia":[{"embeddable":true,"href":"https:\/\/adria-klik.com\/en\/wp-json\/wp\/v2\/media\/17968"}],"wp:attachment":[{"href":"https:\/\/adria-klik.com\/en\/wp-json\/wp\/v2\/media?parent=17428"}],"wp:term":[{"taxonomy":"product_brand","embeddable":true,"href":"https:\/\/adria-klik.com\/en\/wp-json\/wp\/v2\/product_brand?post=17428"},{"taxonomy":"product_cat","embeddable":true,"href":"https:\/\/adria-klik.com\/en\/wp-json\/wp\/v2\/product_cat?post=17428"},{"taxonomy":"product_tag","embeddable":true,"href":"https:\/\/adria-klik.com\/en\/wp-json\/wp\/v2\/product_tag?post=17428"},{"taxonomy":"berocket_brand","embeddable":true,"href":"https:\/\/adria-klik.com\/en\/wp-json\/wp\/v2\/berocket_brand?post=17428"}],"curies":[{"name":"wp","href":"https:\/\/api.w.org\/{rel}","templated":true}]}}