{"id":17436,"date":"2024-08-02T20:36:47","date_gmt":"2024-08-02T18:36:47","guid":{"rendered":"https:\/\/adria-klik.com\/?post_type=product&#038;p=17436"},"modified":"2024-08-03T00:00:37","modified_gmt":"2024-08-02T22:00:37","slug":"tamna-cokolada-s-brusnicama-i-ljesnjacima-100-g-hedona-artisan-chocolates-70","status":"publish","type":"product","link":"https:\/\/adria-klik.com\/en\/proizvod\/tamna-cokolada-s-brusnicama-i-ljesnjacima-100-g-hedona-artisan-chocolates-70\/","title":{"rendered":"Tamna \u010dokolada s brusnicama i lje\u0161njacima 100 g Hedona Artisan Chocolates 70%"},"content":{"rendered":"<ul>\n<li class=\"cb_FormRow_RightCol_r1b7\"><span class=\"sc-cPiKLX gifmXy\" dir=\"auto\" lang=\"hr\">Tamna \u010dokolada s brusnicama i lje\u0161njacima 100 g<strong> Hedona Artisan Chocolates<\/strong> 70%<\/span><\/li>\n<li class=\"cb_FormRow_RightCol_r1b7\"><span class=\"sc-cPiKLX gifmXy\" dir=\"auto\" lang=\"hr\">Hedona Artisan Chocolates &#8211; Hand made &#8211; Ru\u010dno ra\u0111eno<\/span>\n<div class=\"cb_FormRow_RightCol_r1b7\"><\/div>\n<\/li>\n<li class=\"cb_FormRow_RightCol_r1b7\">\n<div class=\"cb_FormRow_RightCol_r1b7\"><span class=\"sc-cPiKLX gifmXy\" dir=\"auto\" lang=\"hr\">Tamna \u010dokolada s brusnicama i lje\u0161njacima 100 g.<\/span><\/div>\n<\/li>\n<li class=\"cb_FormRow_RightCol_r1b7\">\n<div class=\"cb_FormRow_RightCol_r1b7\"><span class=\"sc-cPiKLX gifmXy\" dir=\"auto\" lang=\"hr\"> Hedona Tamna \u010dokolada: kakaovi dijelovi: 70% min.. Proizvedeno u Hrvatskoj . #kupujmohrvatsko<\/span><\/div>\n<\/li>\n<li>Naru\u010di sigurnu dostavu online<\/li>\n<li><strong>Hedona Chocolateria, artisan and craft chocolate and pralines<\/strong><\/li>\n<\/ul>\n<div>\n<p><strong>Craft and artisan chocolates and pralines<\/strong> &#8211; Kri\u017eevci <strong>Hedona<\/strong>, gr\u010dka bo\u017eica zadovoljstva, u\u017eitka i radosti\u00a0 <strong>Hedona Chocolateria, artisan and craft chocolate and pralines<\/strong><\/p>\n<p>Hedona je svoju slatku pri\u010du zapo\u010dela u 60 kvadrata i sa 6 zaposlenih, od kojih su 4 djelatnika bila s invaliditetom. Ideje mijenjaju svijet, u na\u0161em slu\u010daju, \u010dine ga sla\u0111im i tolerantnijim. Mi isti\u010demo i nagla\u0161avamo razvojne potencijale svojih djelatnika, a dobit koju dru\u0161tveno poduze\u0107e ostvaruje, reinvestiramo upravo kroz njihovu edukaciju, razvoj i rast.<\/p>\n<p>Danas \u010cokolaterija Hedona broji 39 zaposlenika, od kojih je 19 osoba s invaliditetom.<\/p>\n<p>Temeljem raspisanog i provedenog javnog natje\u010daja za dodjelu posebnih sredstava za razvoj novih tehnologija i poslovnih procesa u cilju zapo\u0161ljavanja i odr\u017eavanja zaposlenosti u za\u0161titnim radionicama (ZOSI), Hedoni d.o.o. su dodijeljena sredstva u ukupnom iznosu sufinanciranja od 3.250.000,00 kn za izgradnju ili \u0161irenje prostora integrativne radionice i ugradnje opreme i novih tehnologija, u cilju zapo\u0161ljavanja i odr\u017eavanja zaposlenosti osoba s invaliditetom. U ve\u0107em proizvodnom pogonu, uz uvo\u0111enje tehnolo\u0161kih inovacija, ubrzat \u0107emo proizvodni proces, pove\u0107ati kapacitet uz zadr\u017eani visoki nivo kvalitete, te pove\u0107ati zapo\u0161ljavanje osoba s invaliditetom.<\/p>\n<p>Svojim jedinstvenim pristupom poslovnim modelima i koncepcijom razvoja tvrtke sa svojim djelatnicima, Hedona d.o.o. se isti\u010de na tr\u017ei\u0161tu i s pravom nosi naziv HUMANO i dru\u0161tveno poduze\u0107e.<\/p>\n<\/div>\n","protected":false},"excerpt":{"rendered":"<ul>\n<li class=\"cb_FormRow_RightCol_r1b7\"><span class=\"sc-cPiKLX gifmXy\" dir=\"auto\" lang=\"hr\">Tamna \u010dokolada s brusnicama i lje\u0161njacima 100 g<strong> Hedona Artisan Chocolates<\/strong> 70%<\/span><\/li>\n<li class=\"cb_FormRow_RightCol_r1b7\"><span class=\"sc-cPiKLX gifmXy\" dir=\"auto\" lang=\"hr\">Hedona Artisan Chocolates &#8211; Hand made &#8211; Ru\u010dno ra\u0111eno<\/span><\/li>\n<li class=\"cb_FormRow_RightCol_r1b7\">\n<div class=\"cb_FormRow_RightCol_r1b7\"><span class=\"sc-cPiKLX gifmXy\" dir=\"auto\" lang=\"hr\">Tamna \u010dokolada s brusnicama i lje\u0161njacima 100 g.<\/span><\/div>\n<\/li>\n<li class=\"cb_FormRow_RightCol_r1b7\">\n<div class=\"cb_FormRow_RightCol_r1b7\"><span class=\"sc-cPiKLX gifmXy\" dir=\"auto\" lang=\"hr\"> Hedona Tamna \u010dokolada: kakaovi dijelovi: 70% min.. Proizvedeno u Hrvatskoj . #kupujmohrvatsko<\/span><\/div>\n<\/li>\n<li>Naru\u010di sigurnu dostavu online<\/li>\n<li><strong>Hedona Chocolateria, artisan and craft chocolate and pralines<\/strong><\/li>\n<\/ul>\n","protected":false},"featured_media":17439,"comment_status":"open","ping_status":"closed","template":"","meta":{"_acf_changed":false},"product_brand":[],"product_cat":[1175,1176,370,1174,1159,619,376,393,560],"product_tag":[2214,2213,1668,2215],"berocket_brand":[2212],"class_list":{"0":"post-17436","1":"product","2":"type-product","3":"status-publish","4":"has-post-thumbnail","6":"product_cat-dostava","7":"product_cat-europa","8":"product_cat-hrana","9":"product_cat-hrvatska","10":"product_cat-nasa-preporuka","11":"product_cat-okusi_adriu","12":"product_cat-premium-proizvodi","13":"product_cat-slatko","14":"product_cat-zagreb","15":"product_tag-hedona-artisan","16":"product_tag-hedona-chocolateria","17":"product_tag-naruci-dostavu","18":"product_tag-tamna-cokolada","19":"berocket_brand-hedona-craft-artisan","21":"first","22":"instock","23":"sale","24":"shipping-taxable","25":"purchasable","26":"product-type-simple"},"acf":[],"yoast_head":"<!-- This site is optimized with the Yoast SEO plugin v26.9 - https:\/\/yoast.com\/product\/yoast-seo-wordpress\/ -->\n<title>Tamna \u010dokolada s brusnicama i lje\u0161njacima 100 g Hedona Artisan Chocolates 70% - Adria-Klik.com<\/title>\n<meta name=\"description\" content=\"Tamna \u010dokolada s brusnicama i lje\u0161njacima 100 g Hedona Artisan Chocolates 70% Hedona Chocolateria, artisan and craft chocolate and pralines\" \/>\n<meta name=\"robots\" content=\"index, follow, max-snippet:-1, max-image-preview:large, max-video-preview:-1\" \/>\n<link rel=\"canonical\" href=\"https:\/\/adria-klik.com\/proizvod\/tamna-cokolada-s-brusnicama-i-ljesnjacima-100-g-hedona-artisan-chocolates-70\/\" \/>\n<meta property=\"og:locale\" content=\"en_US\" \/>\n<meta property=\"og:type\" content=\"article\" \/>\n<meta property=\"og:title\" content=\"Tamna \u010dokolada s brusnicama i lje\u0161njacima 100 g Hedona Artisan Chocolates 70% - Adria-Klik.com\" \/>\n<meta property=\"og:description\" content=\"Tamna \u010dokolada s brusnicama i lje\u0161njacima 100 g Hedona Artisan Chocolates 70% Hedona Chocolateria, artisan and craft chocolate and pralines\" \/>\n<meta property=\"og:url\" content=\"https:\/\/adria-klik.com\/proizvod\/tamna-cokolada-s-brusnicama-i-ljesnjacima-100-g-hedona-artisan-chocolates-70\/\" \/>\n<meta property=\"og:site_name\" content=\"Adria-Klik.com\" \/>\n<meta property=\"article:publisher\" content=\"https:\/\/www.facebook.com\/profile.php?id=100064209425136\" \/>\n<meta property=\"article:modified_time\" content=\"2024-08-02T22:00:37+00:00\" \/>\n<meta property=\"og:image\" content=\"https:\/\/adria-klik.com\/wp-content\/uploads\/2024\/08\/Tamna-Hedona-Chocolates-Artisan-hand-made-in-Croatia-Adria-Klik-webshop-fast-delivery-brza-dostava-made-in-croatia-kupujmohrvatsko-superbrza.jpg\" \/>\n\t<meta property=\"og:image:width\" content=\"1500\" \/>\n\t<meta property=\"og:image:height\" content=\"1500\" \/>\n\t<meta property=\"og:image:type\" content=\"image\/jpeg\" \/>\n<meta name=\"twitter:card\" content=\"summary_large_image\" \/>\n<meta name=\"twitter:label1\" content=\"Est. reading time\" \/>\n\t<meta name=\"twitter:data1\" content=\"2 minutes\" \/>\n<script type=\"application\/ld+json\" class=\"yoast-schema-graph\">{\"@context\":\"https:\/\/schema.org\",\"@graph\":[{\"@type\":\"WebPage\",\"@id\":\"https:\/\/adria-klik.com\/proizvod\/tamna-cokolada-s-brusnicama-i-ljesnjacima-100-g-hedona-artisan-chocolates-70\/\",\"url\":\"https:\/\/adria-klik.com\/proizvod\/tamna-cokolada-s-brusnicama-i-ljesnjacima-100-g-hedona-artisan-chocolates-70\/\",\"name\":\"Tamna \u010dokolada s brusnicama i lje\u0161njacima 100 g Hedona Artisan Chocolates 70% - Adria-Klik.com\",\"isPartOf\":{\"@id\":\"https:\/\/adria-klik.com\/#website\"},\"primaryImageOfPage\":{\"@id\":\"https:\/\/adria-klik.com\/proizvod\/tamna-cokolada-s-brusnicama-i-ljesnjacima-100-g-hedona-artisan-chocolates-70\/#primaryimage\"},\"image\":{\"@id\":\"https:\/\/adria-klik.com\/proizvod\/tamna-cokolada-s-brusnicama-i-ljesnjacima-100-g-hedona-artisan-chocolates-70\/#primaryimage\"},\"thumbnailUrl\":\"https:\/\/adria-klik.com\/wp-content\/uploads\/2024\/08\/Tamna-Hedona-Chocolates-Artisan-hand-made-in-Croatia-Adria-Klik-webshop-fast-delivery-brza-dostava-made-in-croatia-kupujmohrvatsko-superbrza.jpg\",\"datePublished\":\"2024-08-02T18:36:47+00:00\",\"dateModified\":\"2024-08-02T22:00:37+00:00\",\"description\":\"Tamna \u010dokolada s brusnicama i lje\u0161njacima 100 g Hedona Artisan Chocolates 70% Hedona Chocolateria, artisan and craft chocolate and pralines\",\"breadcrumb\":{\"@id\":\"https:\/\/adria-klik.com\/proizvod\/tamna-cokolada-s-brusnicama-i-ljesnjacima-100-g-hedona-artisan-chocolates-70\/#breadcrumb\"},\"inLanguage\":\"en-US\",\"potentialAction\":[{\"@type\":\"ReadAction\",\"target\":[\"https:\/\/adria-klik.com\/proizvod\/tamna-cokolada-s-brusnicama-i-ljesnjacima-100-g-hedona-artisan-chocolates-70\/\"]}]},{\"@type\":\"ImageObject\",\"inLanguage\":\"en-US\",\"@id\":\"https:\/\/adria-klik.com\/proizvod\/tamna-cokolada-s-brusnicama-i-ljesnjacima-100-g-hedona-artisan-chocolates-70\/#primaryimage\",\"url\":\"https:\/\/adria-klik.com\/wp-content\/uploads\/2024\/08\/Tamna-Hedona-Chocolates-Artisan-hand-made-in-Croatia-Adria-Klik-webshop-fast-delivery-brza-dostava-made-in-croatia-kupujmohrvatsko-superbrza.jpg\",\"contentUrl\":\"https:\/\/adria-klik.com\/wp-content\/uploads\/2024\/08\/Tamna-Hedona-Chocolates-Artisan-hand-made-in-Croatia-Adria-Klik-webshop-fast-delivery-brza-dostava-made-in-croatia-kupujmohrvatsko-superbrza.jpg\",\"width\":1500,\"height\":1500,\"caption\":\"| Adria-Klik Supply webshop trgovina dostava namirnica, vina, craft piva i delicija Superbrza dostava Zagreb Wolt Glovo Bolt-Food i Hrvatska i EU DPD GLS - vinska logistika #kupujmohrvatsko Naru\u00c3\u201e\u00c2\u008di dostavu Adria Klik dostava Namirnica, Vina, Craft piva, Delicija, Organsko, Eko, Bio, ekskluzivan izbor domacih vinara! Unikati pokloni Bontonic Canna Mariniana, CBD CBG Croatia Organic HEMP industrijska konoplja Cannabiotics Cannabiotics CroCanna Devetka Free Spirit Me\u00c3\u201e\u00e2\u20ac\u02dcimurje Greenall's Original Johhnie Walker Karlova\u00c3\u201e\u00c2\u008dko Kostelac rakije LAB Split pivovara Lepi De\u00c3\u201e\u00c2\u008dki Li\u00c3\u201e\u00c2\u008danka Pivovara Nova Runda Nova Runda OPG Marevi\u00c3\u201e\u00e2\u20ac\u00a1 Palihni\u00c3\u201e\u00e2\u20ac\u00a1 Pelje\u00c3\u2026\u00c2\u00a1ki Vrhovi - PZ Janjina Pelje\u00c3\u2026\u00c2\u00a1ki Vrhovi - PZ Janjina Ravalico Saperlot Saperlot Brewery StartCBD Tvornica leda Velebitska Degenija Vislander Vislander Vislander Vislander Volimljuto Zlatarna \u00c3\u2026\u00c2\u00a0iroka 2Storije aDorable aDorable Adria Darovni Poklon Paketi Argeta Argeta Azrri Azrri Bel-Cro Bel-Cro Benediktinke Sv. Marije Zadar Benediktinke Sv. Marije Zadar Benediktinke Zadar Benediktinke Zadar Bobi Snacks Buzdovan Buzdovan cchellenic Cmre\u00c3\u201e\u00c2\u008dnjak Cmre\u00c3\u201e\u00c2\u008dnjak Coca-Cola Coca-Cola Hrvatska Cockta Cogito Coffee Cogito Coffee \u00c3\u201e\u00c2\u0090akova\u00c3\u201e\u00c2\u008dka Vina \u00c3\u201e\u00c2\u0090akovo vina ekoEna ekoEna Elda Fentimans Feravino Ferrero Franck Gordon's Grad-Export Gray Goose Gray Goose Greenalls Greenalls Gin Greenalls Gin Original British Heineken Hrvatska Jagermeister Jagermeister Jaguni\u00c3\u201e\u00e2\u20ac\u00a1 Vina Jamnica Jamnica Jana Jana Josi\u00c3\u201e\u00e2\u20ac\u00a1 vinarija Kinder Konoplja.shop Kra\u00c3\u2026\u00c2\u00a1 Kutjevo Kutjevo Labud Latus Mljekara Istra Latus Mljekara Istra Lay's Lay's Chips Maraska Merci Storck Mljekara Latus Mljekara Latus Istra Na\u00c3\u2026\u00c2\u00a1 Okus Na\u00c3\u2026\u00c2\u00a1 Okus Nescafe OPG Cari\u00c3\u201e\u00e2\u20ac\u00a1 Papak Ilok Pavlomir Pavlomir Vinska Ku\u00c3\u201e\u00e2\u20ac\u00a1a Pivovara Medvedgrad Pringles \/ Kellogg's Red Bull \u00c3\u2026\u00c2\u00a0ibenska Pivovara \u00c3\u2026\u00c2\u00a0ibenska Pivovara (5) SMID SMID Taman Artisan Chocolates Thomas Henry Tuc Krekeri Valenta Family Wines Vina Grgurevi\u00c3\u201e\u00e2\u20ac\u00a1 Vina Grgurevi\u00c3\u201e\u00e2\u20ac\u00a1 Vinarija Benkovac Vinarija Mik\u00c3\u2026\u00c2\u00a1a Vislander Vina i Rakije Vizba Valandovo Vizba Valandovo Makedonija\"},{\"@type\":\"BreadcrumbList\",\"@id\":\"https:\/\/adria-klik.com\/proizvod\/tamna-cokolada-s-brusnicama-i-ljesnjacima-100-g-hedona-artisan-chocolates-70\/#breadcrumb\",\"itemListElement\":[{\"@type\":\"ListItem\",\"position\":1,\"name\":\"Po\u010detna stranica\",\"item\":\"https:\/\/adria-klik.com\/en\/\"},{\"@type\":\"ListItem\",\"position\":2,\"name\":\"Shop\",\"item\":\"https:\/\/adria-klik.com\/shop\/\"},{\"@type\":\"ListItem\",\"position\":3,\"name\":\"Tamna \u010dokolada s brusnicama i lje\u0161njacima 100 g Hedona Artisan Chocolates 70%\"}]},{\"@type\":\"WebSite\",\"@id\":\"https:\/\/adria-klik.com\/#website\",\"url\":\"https:\/\/adria-klik.com\/\",\"name\":\"Adria-Klik.com\",\"description\":\"Unikatni poklon paketi, Vina, Craft pivo &amp; Delicije - webshop\",\"publisher\":{\"@id\":\"https:\/\/adria-klik.com\/#organization\"},\"potentialAction\":[{\"@type\":\"SearchAction\",\"target\":{\"@type\":\"EntryPoint\",\"urlTemplate\":\"https:\/\/adria-klik.com\/?s={search_term_string}\"},\"query-input\":{\"@type\":\"PropertyValueSpecification\",\"valueRequired\":true,\"valueName\":\"search_term_string\"}}],\"inLanguage\":\"en-US\"},{\"@type\":\"Organization\",\"@id\":\"https:\/\/adria-klik.com\/#organization\",\"name\":\"Adria-Klik.com\",\"alternateName\":\"AK\",\"url\":\"https:\/\/adria-klik.com\/\",\"logo\":{\"@type\":\"ImageObject\",\"inLanguage\":\"en-US\",\"@id\":\"https:\/\/adria-klik.com\/#\/schema\/logo\/image\/\",\"url\":\"https:\/\/adria-klik.com\/wp-content\/uploads\/2025\/12\/Adria-Klik_com-logo-namirnice-vina-craft-pivo-delikatese-delicije-artisan-cokolada.jpg\",\"contentUrl\":\"https:\/\/adria-klik.com\/wp-content\/uploads\/2025\/12\/Adria-Klik_com-logo-namirnice-vina-craft-pivo-delikatese-delicije-artisan-cokolada.jpg\",\"width\":500,\"height\":500,\"caption\":\"Adria-Klik.com\"},\"image\":{\"@id\":\"https:\/\/adria-klik.com\/#\/schema\/logo\/image\/\"},\"sameAs\":[\"https:\/\/www.facebook.com\/profile.php?id=100064209425136\",\"https:\/\/www.instagram.com\/adriaklik\/\",\"https:\/\/www.youtube.com\/user\/PlavacmaliZagreb\"]}]}<\/script>\n<!-- \/ Yoast SEO plugin. -->","yoast_head_json":{"title":"Tamna \u010dokolada s brusnicama i lje\u0161njacima 100 g Hedona Artisan Chocolates 70% - Adria-Klik.com","description":"Tamna \u010dokolada s brusnicama i lje\u0161njacima 100 g Hedona Artisan Chocolates 70% Hedona Chocolateria, artisan and craft chocolate and pralines","robots":{"index":"index","follow":"follow","max-snippet":"max-snippet:-1","max-image-preview":"max-image-preview:large","max-video-preview":"max-video-preview:-1"},"canonical":"https:\/\/adria-klik.com\/proizvod\/tamna-cokolada-s-brusnicama-i-ljesnjacima-100-g-hedona-artisan-chocolates-70\/","og_locale":"en_US","og_type":"article","og_title":"Tamna \u010dokolada s brusnicama i lje\u0161njacima 100 g Hedona Artisan Chocolates 70% - Adria-Klik.com","og_description":"Tamna \u010dokolada s brusnicama i lje\u0161njacima 100 g Hedona Artisan Chocolates 70% Hedona Chocolateria, artisan and craft chocolate and pralines","og_url":"https:\/\/adria-klik.com\/proizvod\/tamna-cokolada-s-brusnicama-i-ljesnjacima-100-g-hedona-artisan-chocolates-70\/","og_site_name":"Adria-Klik.com","article_publisher":"https:\/\/www.facebook.com\/profile.php?id=100064209425136","article_modified_time":"2024-08-02T22:00:37+00:00","og_image":[{"width":1500,"height":1500,"url":"https:\/\/adria-klik.com\/wp-content\/uploads\/2024\/08\/Tamna-Hedona-Chocolates-Artisan-hand-made-in-Croatia-Adria-Klik-webshop-fast-delivery-brza-dostava-made-in-croatia-kupujmohrvatsko-superbrza.jpg","type":"image\/jpeg"}],"twitter_card":"summary_large_image","twitter_misc":{"Est. reading time":"2 minutes"},"schema":{"@context":"https:\/\/schema.org","@graph":[{"@type":"WebPage","@id":"https:\/\/adria-klik.com\/proizvod\/tamna-cokolada-s-brusnicama-i-ljesnjacima-100-g-hedona-artisan-chocolates-70\/","url":"https:\/\/adria-klik.com\/proizvod\/tamna-cokolada-s-brusnicama-i-ljesnjacima-100-g-hedona-artisan-chocolates-70\/","name":"Tamna \u010dokolada s brusnicama i lje\u0161njacima 100 g Hedona Artisan Chocolates 70% - Adria-Klik.com","isPartOf":{"@id":"https:\/\/adria-klik.com\/#website"},"primaryImageOfPage":{"@id":"https:\/\/adria-klik.com\/proizvod\/tamna-cokolada-s-brusnicama-i-ljesnjacima-100-g-hedona-artisan-chocolates-70\/#primaryimage"},"image":{"@id":"https:\/\/adria-klik.com\/proizvod\/tamna-cokolada-s-brusnicama-i-ljesnjacima-100-g-hedona-artisan-chocolates-70\/#primaryimage"},"thumbnailUrl":"https:\/\/adria-klik.com\/wp-content\/uploads\/2024\/08\/Tamna-Hedona-Chocolates-Artisan-hand-made-in-Croatia-Adria-Klik-webshop-fast-delivery-brza-dostava-made-in-croatia-kupujmohrvatsko-superbrza.jpg","datePublished":"2024-08-02T18:36:47+00:00","dateModified":"2024-08-02T22:00:37+00:00","description":"Tamna \u010dokolada s brusnicama i lje\u0161njacima 100 g Hedona Artisan Chocolates 70% Hedona Chocolateria, artisan and craft chocolate and pralines","breadcrumb":{"@id":"https:\/\/adria-klik.com\/proizvod\/tamna-cokolada-s-brusnicama-i-ljesnjacima-100-g-hedona-artisan-chocolates-70\/#breadcrumb"},"inLanguage":"en-US","potentialAction":[{"@type":"ReadAction","target":["https:\/\/adria-klik.com\/proizvod\/tamna-cokolada-s-brusnicama-i-ljesnjacima-100-g-hedona-artisan-chocolates-70\/"]}]},{"@type":"ImageObject","inLanguage":"en-US","@id":"https:\/\/adria-klik.com\/proizvod\/tamna-cokolada-s-brusnicama-i-ljesnjacima-100-g-hedona-artisan-chocolates-70\/#primaryimage","url":"https:\/\/adria-klik.com\/wp-content\/uploads\/2024\/08\/Tamna-Hedona-Chocolates-Artisan-hand-made-in-Croatia-Adria-Klik-webshop-fast-delivery-brza-dostava-made-in-croatia-kupujmohrvatsko-superbrza.jpg","contentUrl":"https:\/\/adria-klik.com\/wp-content\/uploads\/2024\/08\/Tamna-Hedona-Chocolates-Artisan-hand-made-in-Croatia-Adria-Klik-webshop-fast-delivery-brza-dostava-made-in-croatia-kupujmohrvatsko-superbrza.jpg","width":1500,"height":1500,"caption":"| Adria-Klik Supply webshop trgovina dostava namirnica, vina, craft piva i delicija Superbrza dostava Zagreb Wolt Glovo Bolt-Food i Hrvatska i EU DPD GLS - vinska logistika #kupujmohrvatsko Naru\u00c3\u201e\u00c2\u008di dostavu Adria Klik dostava Namirnica, Vina, Craft piva, Delicija, Organsko, Eko, Bio, ekskluzivan izbor domacih vinara! Unikati pokloni Bontonic Canna Mariniana, CBD CBG Croatia Organic HEMP industrijska konoplja Cannabiotics Cannabiotics CroCanna Devetka Free Spirit Me\u00c3\u201e\u00e2\u20ac\u02dcimurje Greenall's Original Johhnie Walker Karlova\u00c3\u201e\u00c2\u008dko Kostelac rakije LAB Split pivovara Lepi De\u00c3\u201e\u00c2\u008dki Li\u00c3\u201e\u00c2\u008danka Pivovara Nova Runda Nova Runda OPG Marevi\u00c3\u201e\u00e2\u20ac\u00a1 Palihni\u00c3\u201e\u00e2\u20ac\u00a1 Pelje\u00c3\u2026\u00c2\u00a1ki Vrhovi - PZ Janjina Pelje\u00c3\u2026\u00c2\u00a1ki Vrhovi - PZ Janjina Ravalico Saperlot Saperlot Brewery StartCBD Tvornica leda Velebitska Degenija Vislander Vislander Vislander Vislander Volimljuto Zlatarna \u00c3\u2026\u00c2\u00a0iroka 2Storije aDorable aDorable Adria Darovni Poklon Paketi Argeta Argeta Azrri Azrri Bel-Cro Bel-Cro Benediktinke Sv. Marije Zadar Benediktinke Sv. Marije Zadar Benediktinke Zadar Benediktinke Zadar Bobi Snacks Buzdovan Buzdovan cchellenic Cmre\u00c3\u201e\u00c2\u008dnjak Cmre\u00c3\u201e\u00c2\u008dnjak Coca-Cola Coca-Cola Hrvatska Cockta Cogito Coffee Cogito Coffee \u00c3\u201e\u00c2\u0090akova\u00c3\u201e\u00c2\u008dka Vina \u00c3\u201e\u00c2\u0090akovo vina ekoEna ekoEna Elda Fentimans Feravino Ferrero Franck Gordon's Grad-Export Gray Goose Gray Goose Greenalls Greenalls Gin Greenalls Gin Original British Heineken Hrvatska Jagermeister Jagermeister Jaguni\u00c3\u201e\u00e2\u20ac\u00a1 Vina Jamnica Jamnica Jana Jana Josi\u00c3\u201e\u00e2\u20ac\u00a1 vinarija Kinder Konoplja.shop Kra\u00c3\u2026\u00c2\u00a1 Kutjevo Kutjevo Labud Latus Mljekara Istra Latus Mljekara Istra Lay's Lay's Chips Maraska Merci Storck Mljekara Latus Mljekara Latus Istra Na\u00c3\u2026\u00c2\u00a1 Okus Na\u00c3\u2026\u00c2\u00a1 Okus Nescafe OPG Cari\u00c3\u201e\u00e2\u20ac\u00a1 Papak Ilok Pavlomir Pavlomir Vinska Ku\u00c3\u201e\u00e2\u20ac\u00a1a Pivovara Medvedgrad Pringles \/ Kellogg's Red Bull \u00c3\u2026\u00c2\u00a0ibenska Pivovara \u00c3\u2026\u00c2\u00a0ibenska Pivovara (5) SMID SMID Taman Artisan Chocolates Thomas Henry Tuc Krekeri Valenta Family Wines Vina Grgurevi\u00c3\u201e\u00e2\u20ac\u00a1 Vina Grgurevi\u00c3\u201e\u00e2\u20ac\u00a1 Vinarija Benkovac Vinarija Mik\u00c3\u2026\u00c2\u00a1a Vislander Vina i Rakije Vizba Valandovo Vizba Valandovo Makedonija"},{"@type":"BreadcrumbList","@id":"https:\/\/adria-klik.com\/proizvod\/tamna-cokolada-s-brusnicama-i-ljesnjacima-100-g-hedona-artisan-chocolates-70\/#breadcrumb","itemListElement":[{"@type":"ListItem","position":1,"name":"Po\u010detna stranica","item":"https:\/\/adria-klik.com\/en\/"},{"@type":"ListItem","position":2,"name":"Shop","item":"https:\/\/adria-klik.com\/shop\/"},{"@type":"ListItem","position":3,"name":"Tamna \u010dokolada s brusnicama i lje\u0161njacima 100 g Hedona Artisan Chocolates 70%"}]},{"@type":"WebSite","@id":"https:\/\/adria-klik.com\/#website","url":"https:\/\/adria-klik.com\/","name":"Adria-Klik.com","description":"Unikatni poklon paketi, Vina, Craft pivo &amp; Delicije - webshop","publisher":{"@id":"https:\/\/adria-klik.com\/#organization"},"potentialAction":[{"@type":"SearchAction","target":{"@type":"EntryPoint","urlTemplate":"https:\/\/adria-klik.com\/?s={search_term_string}"},"query-input":{"@type":"PropertyValueSpecification","valueRequired":true,"valueName":"search_term_string"}}],"inLanguage":"en-US"},{"@type":"Organization","@id":"https:\/\/adria-klik.com\/#organization","name":"Adria-Klik.com","alternateName":"AK","url":"https:\/\/adria-klik.com\/","logo":{"@type":"ImageObject","inLanguage":"en-US","@id":"https:\/\/adria-klik.com\/#\/schema\/logo\/image\/","url":"https:\/\/adria-klik.com\/wp-content\/uploads\/2025\/12\/Adria-Klik_com-logo-namirnice-vina-craft-pivo-delikatese-delicije-artisan-cokolada.jpg","contentUrl":"https:\/\/adria-klik.com\/wp-content\/uploads\/2025\/12\/Adria-Klik_com-logo-namirnice-vina-craft-pivo-delikatese-delicije-artisan-cokolada.jpg","width":500,"height":500,"caption":"Adria-Klik.com"},"image":{"@id":"https:\/\/adria-klik.com\/#\/schema\/logo\/image\/"},"sameAs":["https:\/\/www.facebook.com\/profile.php?id=100064209425136","https:\/\/www.instagram.com\/adriaklik\/","https:\/\/www.youtube.com\/user\/PlavacmaliZagreb"]}]}},"jetpack_sharing_enabled":true,"jetpack-related-posts":[],"_links":{"self":[{"href":"https:\/\/adria-klik.com\/en\/wp-json\/wp\/v2\/product\/17436","targetHints":{"allow":["GET"]}}],"collection":[{"href":"https:\/\/adria-klik.com\/en\/wp-json\/wp\/v2\/product"}],"about":[{"href":"https:\/\/adria-klik.com\/en\/wp-json\/wp\/v2\/types\/product"}],"replies":[{"embeddable":true,"href":"https:\/\/adria-klik.com\/en\/wp-json\/wp\/v2\/comments?post=17436"}],"wp:featuredmedia":[{"embeddable":true,"href":"https:\/\/adria-klik.com\/en\/wp-json\/wp\/v2\/media\/17439"}],"wp:attachment":[{"href":"https:\/\/adria-klik.com\/en\/wp-json\/wp\/v2\/media?parent=17436"}],"wp:term":[{"taxonomy":"product_brand","embeddable":true,"href":"https:\/\/adria-klik.com\/en\/wp-json\/wp\/v2\/product_brand?post=17436"},{"taxonomy":"product_cat","embeddable":true,"href":"https:\/\/adria-klik.com\/en\/wp-json\/wp\/v2\/product_cat?post=17436"},{"taxonomy":"product_tag","embeddable":true,"href":"https:\/\/adria-klik.com\/en\/wp-json\/wp\/v2\/product_tag?post=17436"},{"taxonomy":"berocket_brand","embeddable":true,"href":"https:\/\/adria-klik.com\/en\/wp-json\/wp\/v2\/berocket_brand?post=17436"}],"curies":[{"name":"wp","href":"https:\/\/api.w.org\/{rel}","templated":true}]}}