{"id":17469,"date":"2024-08-03T16:29:07","date_gmt":"2024-08-03T14:29:07","guid":{"rendered":"https:\/\/adria-klik.com\/?post_type=product&#038;p=17469"},"modified":"2024-08-03T16:33:05","modified_gmt":"2024-08-03T14:33:05","slug":"vrhunska-grasevina-kasna-berba-075l-krauthaker","status":"publish","type":"product","link":"https:\/\/adria-klik.com\/en\/proizvod\/vrhunska-grasevina-kasna-berba-075l-krauthaker\/","title":{"rendered":"Vrhunska Gra\u0161evina Kasna Berba 0,75l Krauthaker"},"content":{"rendered":"<ul>\n<li class=\"cb_FormRow_RightCol_r1b7\"><span class=\"sc-cPiKLX gifmXy\" dir=\"auto\" lang=\"hr\">Moderno, slo\u017eeno, skladno, vrlo dotjerano, elegantno, dinami\u010dno, s dobro iskazanom vo\u0107nosti, toplo, vino koje, u principu, za razvoj zahtijeva vremena u boci<\/span><\/li>\n<li class=\"cb_FormRow_RightCol_r1b7\"><span class=\"sc-cPiKLX gifmXy\" dir=\"auto\" lang=\"hr\"> Izgledom privla\u010dno, sjaje\u0107e slamnato-\u017euto te sa zelenkastom nijansom<\/span><\/li>\n<li class=\"cb_FormRow_RightCol_r1b7\"><span class=\"sc-cPiKLX gifmXy\" dir=\"auto\" lang=\"hr\">Na nosu svje\u017ee, upu\u0107uje na <strong>slatko<\/strong>, ima kompleksnost, traje<\/span><\/li>\n<li class=\"cb_FormRow_RightCol_r1b7\"><span class=\"sc-cPiKLX gifmXy\" dir=\"auto\" lang=\"hr\"> Bouquet obilje\u017eavaju zrelo svje\u017ee kandirano doma\u0107e i ju\u017eno, bijelo i \u017euto vo\u0107e s ko\u0161ticom, svijetlo cvije\u0107e, nota meda, plemenita plijesan<\/span><\/li>\n<li class=\"cb_FormRow_RightCol_r1b7\"><span class=\"sc-cPiKLX gifmXy\" dir=\"auto\" lang=\"hr\"><strong>Okus je sladak<\/strong>, zahvaljuju\u0107i stanovitoj slanosti i dobroj kiselosti i \u017eiv, donekle je sirupast, zaobljen je, topao, zavr\u0161etak je vo\u0107ni, blago za\u010dinski u pravcu slatkih mirodija, traje.<\/span><\/li>\n<li><strong>Naru\u010di<\/strong> <strong>dostavu<\/strong> vina <strong>Krauthaker<\/strong><\/li>\n<\/ul>\n<div class=\"vertical-slider__text \">\n<p>Bogatu vinogradarsku i vinarsku tradiciju kutjeva\u010dkog kraja prihva\u0107a <strong>Vlado Krauthaker<\/strong>, ing. agronomije, enolog i od 1992. godine vlasnik Vinogradarstva i podrumarstva <strong>Krauthaker<\/strong>. Pri osnutku vinarija je u posjedu imala 1 hektar nasada vinove loze, a 2020. godine povr\u0161ine pod na\u0161im nasadima iznose 45 hektara. Jo\u0161 65 hektara imamo ugovoreno kroz kooperaciju s privatnim proizvo\u0111a\u010dima.<\/p>\n<p>Vinogradarstvo i vinarstvo <strong>Krauthaker<\/strong> posebnu pozornost posve\u0107uje doma\u0107oj <strong>autohtonoj<\/strong> sorti gra\u0161evini koja \u010desto osvaja medalje na sajmovima i izlo\u017ebama vina. Kao va\u017enu odrednicu vlastite proizvodnje isti\u010demo uzgoj vinove loze po eko principima te kontinuitet kvalitete.<\/p>\n<p>Kvalitetu i uspje\u0161nost na\u0161ih vina najvi\u0161e opisuju mnogobrojna <strong>odli\u010dja<\/strong> dobivena na svjetski priznatim natjecanjima i ocjenjivanjima vina.<\/p>\n<\/div>\n","protected":false},"excerpt":{"rendered":"<ul>\n<li class=\"cb_FormRow_RightCol_r1b7\"><span class=\"sc-cPiKLX gifmXy\" dir=\"auto\" lang=\"hr\">Moderno, slo\u017eeno, skladno, vrlo dotjerano, elegantno, dinami\u010dno, s dobro iskazanom vo\u0107nosti, toplo, vino koje, u principu, za razvoj zahtijeva vremena u boci<\/span><\/li>\n<li class=\"cb_FormRow_RightCol_r1b7\"><span class=\"sc-cPiKLX gifmXy\" dir=\"auto\" lang=\"hr\"> Izgledom privla\u010dno, sjaje\u0107e slamnato-\u017euto te sa zelenkastom nijansom<\/span><\/li>\n<li class=\"cb_FormRow_RightCol_r1b7\"><span class=\"sc-cPiKLX gifmXy\" dir=\"auto\" lang=\"hr\">Na nosu svje\u017ee, upu\u0107uje na <strong>slatko<\/strong>, ima kompleksnost, traje<\/span><\/li>\n<li class=\"cb_FormRow_RightCol_r1b7\"><span class=\"sc-cPiKLX gifmXy\" dir=\"auto\" lang=\"hr\"> Bouquet obilje\u017eavaju zrelo svje\u017ee kandirano doma\u0107e i ju\u017eno, bijelo i \u017euto vo\u0107e s ko\u0161ticom, svijetlo cvije\u0107e, nota meda, plemenita plijesan<\/span><\/li>\n<li class=\"cb_FormRow_RightCol_r1b7\"><span class=\"sc-cPiKLX gifmXy\" dir=\"auto\" lang=\"hr\"><strong>Okus je sladak<\/strong>, zahvaljuju\u0107i stanovitoj slanosti i dobroj kiselosti i \u017eiv, donekle je sirupast, zaobljen je, topao, zavr\u0161etak je vo\u0107ni, blago za\u010dinski u pravcu slatkih mirodija, traje.<\/span><\/li>\n<li><strong>Naru\u010di<\/strong> <strong>dostavu<\/strong> vina <strong>Krauthaker<\/strong><\/li>\n<\/ul>\n","protected":false},"featured_media":17470,"comment_status":"open","ping_status":"closed","template":"","meta":{"_acf_changed":false},"product_brand":[],"product_cat":[422,424,1175,1176,1174,1159,619,376,1825,373,560],"product_tag":[2227,2223,2224,2228,1235],"berocket_brand":[2221],"class_list":{"0":"post-17469","1":"product","2":"type-product","3":"status-publish","4":"has-post-thumbnail","6":"product_cat-bijela","7":"product_cat-desert","8":"product_cat-dostava","9":"product_cat-europa","10":"product_cat-hrvatska","11":"product_cat-nasa-preporuka","12":"product_cat-okusi_adriu","13":"product_cat-premium-proizvodi","14":"product_cat-uncategorized","15":"product_cat-vina","16":"product_cat-zagreb","17":"product_tag-kasna-berba","18":"product_tag-krauthaker","19":"product_tag-krauthaker-vinarija","20":"product_tag-sladak-okus","21":"product_tag-vrhunska-grasevina","22":"berocket_brand-krauthaker-vinarija","24":"first","25":"instock","26":"shipping-taxable","27":"purchasable","28":"product-type-simple"},"acf":[],"yoast_head":"<!-- This site is optimized with the Yoast SEO plugin v26.9 - https:\/\/yoast.com\/product\/yoast-seo-wordpress\/ -->\n<title>Vrhunska Gra\u0161evina Kasna Berba 0,75l Krauthaker - Adria-Klik.com<\/title>\n<meta name=\"description\" content=\"Vrhunska Gra\u0161evina Kasna Berba 0,75l Krauthaker Naru\u010di dostavu vina Krauthaker online DPD GLS Wolt Glovo Bolt Food Zagreb EU\" \/>\n<meta name=\"robots\" content=\"index, follow, max-snippet:-1, max-image-preview:large, max-video-preview:-1\" \/>\n<link rel=\"canonical\" href=\"https:\/\/adria-klik.com\/proizvod\/vrhunska-grasevina-kasna-berba-075l-krauthaker\/\" \/>\n<meta property=\"og:locale\" content=\"en_US\" \/>\n<meta property=\"og:type\" content=\"article\" \/>\n<meta property=\"og:title\" content=\"Vrhunska Gra\u0161evina Kasna Berba 0,75l Krauthaker - Adria-Klik.com\" \/>\n<meta property=\"og:description\" content=\"Vrhunska Gra\u0161evina Kasna Berba 0,75l Krauthaker Naru\u010di dostavu vina Krauthaker online DPD GLS Wolt Glovo Bolt Food Zagreb EU\" \/>\n<meta property=\"og:url\" content=\"https:\/\/adria-klik.com\/proizvod\/vrhunska-grasevina-kasna-berba-075l-krauthaker\/\" \/>\n<meta property=\"og:site_name\" content=\"Adria-Klik.com\" \/>\n<meta property=\"article:publisher\" content=\"https:\/\/www.facebook.com\/profile.php?id=100064209425136\" \/>\n<meta property=\"article:modified_time\" content=\"2024-08-03T14:33:05+00:00\" \/>\n<meta property=\"og:image\" content=\"https:\/\/adria-klik.com\/wp-content\/uploads\/2024\/08\/Kasna-Berba-Grasevina-Vrhunska-Krauthaker-075l-Adria-Klik-webshop-ducan-brza-dostava-Zagreb-fast-delivery-store-market-wolt-bolt-internet-ducan-Wolt-Glovo-Bolt-DPD-GLS.jpeg\" \/>\n\t<meta property=\"og:image:width\" content=\"1500\" \/>\n\t<meta property=\"og:image:height\" content=\"1500\" \/>\n\t<meta property=\"og:image:type\" content=\"image\/jpeg\" \/>\n<meta name=\"twitter:card\" content=\"summary_large_image\" \/>\n<meta name=\"twitter:label1\" content=\"Est. reading time\" \/>\n\t<meta name=\"twitter:data1\" content=\"2 minutes\" \/>\n<script type=\"application\/ld+json\" class=\"yoast-schema-graph\">{\"@context\":\"https:\/\/schema.org\",\"@graph\":[{\"@type\":\"WebPage\",\"@id\":\"https:\/\/adria-klik.com\/proizvod\/vrhunska-grasevina-kasna-berba-075l-krauthaker\/\",\"url\":\"https:\/\/adria-klik.com\/proizvod\/vrhunska-grasevina-kasna-berba-075l-krauthaker\/\",\"name\":\"Vrhunska Gra\u0161evina Kasna Berba 0,75l Krauthaker - Adria-Klik.com\",\"isPartOf\":{\"@id\":\"https:\/\/adria-klik.com\/#website\"},\"primaryImageOfPage\":{\"@id\":\"https:\/\/adria-klik.com\/proizvod\/vrhunska-grasevina-kasna-berba-075l-krauthaker\/#primaryimage\"},\"image\":{\"@id\":\"https:\/\/adria-klik.com\/proizvod\/vrhunska-grasevina-kasna-berba-075l-krauthaker\/#primaryimage\"},\"thumbnailUrl\":\"https:\/\/adria-klik.com\/wp-content\/uploads\/2024\/08\/Kasna-Berba-Grasevina-Vrhunska-Krauthaker-075l-Adria-Klik-webshop-ducan-brza-dostava-Zagreb-fast-delivery-store-market-wolt-bolt-internet-ducan-Wolt-Glovo-Bolt-DPD-GLS.jpeg\",\"datePublished\":\"2024-08-03T14:29:07+00:00\",\"dateModified\":\"2024-08-03T14:33:05+00:00\",\"description\":\"Vrhunska Gra\u0161evina Kasna Berba 0,75l Krauthaker Naru\u010di dostavu vina Krauthaker online DPD GLS Wolt Glovo Bolt Food Zagreb EU\",\"breadcrumb\":{\"@id\":\"https:\/\/adria-klik.com\/proizvod\/vrhunska-grasevina-kasna-berba-075l-krauthaker\/#breadcrumb\"},\"inLanguage\":\"en-US\",\"potentialAction\":[{\"@type\":\"ReadAction\",\"target\":[\"https:\/\/adria-klik.com\/proizvod\/vrhunska-grasevina-kasna-berba-075l-krauthaker\/\"]}]},{\"@type\":\"ImageObject\",\"inLanguage\":\"en-US\",\"@id\":\"https:\/\/adria-klik.com\/proizvod\/vrhunska-grasevina-kasna-berba-075l-krauthaker\/#primaryimage\",\"url\":\"https:\/\/adria-klik.com\/wp-content\/uploads\/2024\/08\/Kasna-Berba-Grasevina-Vrhunska-Krauthaker-075l-Adria-Klik-webshop-ducan-brza-dostava-Zagreb-fast-delivery-store-market-wolt-bolt-internet-ducan-Wolt-Glovo-Bolt-DPD-GLS.jpeg\",\"contentUrl\":\"https:\/\/adria-klik.com\/wp-content\/uploads\/2024\/08\/Kasna-Berba-Grasevina-Vrhunska-Krauthaker-075l-Adria-Klik-webshop-ducan-brza-dostava-Zagreb-fast-delivery-store-market-wolt-bolt-internet-ducan-Wolt-Glovo-Bolt-DPD-GLS.jpeg\",\"width\":1500,\"height\":1500,\"caption\":\"| Adria-Klik Supply webshop trgovina dostava namirnica, vina, craft piva i delicija Superbrza dostava Zagreb Wolt Glovo Bolt-Food i Hrvatska i EU DPD GLS - vinska logistika #kupujmohrvatsko Naru\u00c3\u201e\u00c2\u008di dostavu Adria Klik dostava Namirnica, Vina, Craft piva, Delicija, Organsko, Eko, Bio, ekskluzivan izbor domacih vinara! Unikati pokloni Bontonic Canna Mariniana, CBD CBG Croatia Organic HEMP industrijska konoplja Cannabiotics Cannabiotics CroCanna Devetka Free Spirit Me\u00c3\u201e\u00e2\u20ac\u02dcimurje Greenall's Original Johhnie Walker Karlova\u00c3\u201e\u00c2\u008dko Kostelac rakije LAB Split pivovara Lepi De\u00c3\u201e\u00c2\u008dki Li\u00c3\u201e\u00c2\u008danka Pivovara Nova Runda Nova Runda OPG Marevi\u00c3\u201e\u00e2\u20ac\u00a1 Palihni\u00c3\u201e\u00e2\u20ac\u00a1 Pelje\u00c3\u2026\u00c2\u00a1ki Vrhovi - PZ Janjina Pelje\u00c3\u2026\u00c2\u00a1ki Vrhovi - PZ Janjina Ravalico Saperlot Saperlot Brewery StartCBD Tvornica leda Velebitska Degenija Vislander Vislander Vislander Vislander Volimljuto Zlatarna \u00c3\u2026\u00c2\u00a0iroka 2Storije aDorable aDorable Adria Darovni Poklon Paketi Argeta Argeta Azrri Azrri Bel-Cro Bel-Cro Benediktinke Sv. Marije Zadar Benediktinke Sv. Marije Zadar Benediktinke Zadar Benediktinke Zadar Bobi Snacks Buzdovan Buzdovan cchellenic Cmre\u00c3\u201e\u00c2\u008dnjak Cmre\u00c3\u201e\u00c2\u008dnjak Coca-Cola Coca-Cola Hrvatska Cockta Cogito Coffee Cogito Coffee \u00c3\u201e\u00c2\u0090akova\u00c3\u201e\u00c2\u008dka Vina \u00c3\u201e\u00c2\u0090akovo vina ekoEna ekoEna Elda Fentimans Feravino Ferrero Franck Gordon's Grad-Export Gray Goose Gray Goose Greenalls Greenalls Gin Greenalls Gin Original British Heineken Hrvatska Jagermeister Jagermeister Jaguni\u00c3\u201e\u00e2\u20ac\u00a1 Vina Jamnica Jamnica Jana Jana Josi\u00c3\u201e\u00e2\u20ac\u00a1 vinarija Kinder Konoplja.shop Kra\u00c3\u2026\u00c2\u00a1 Kutjevo Kutjevo Labud Latus Mljekara Istra Latus Mljekara Istra Lay's Lay's Chips Maraska Merci Storck Mljekara Latus Mljekara Latus Istra Na\u00c3\u2026\u00c2\u00a1 Okus Na\u00c3\u2026\u00c2\u00a1 Okus Nescafe OPG Cari\u00c3\u201e\u00e2\u20ac\u00a1 Papak Ilok Pavlomir Pavlomir Vinska Ku\u00c3\u201e\u00e2\u20ac\u00a1a Pivovara Medvedgrad Pringles \/ Kellogg's Red Bull \u00c3\u2026\u00c2\u00a0ibenska Pivovara \u00c3\u2026\u00c2\u00a0ibenska Pivovara (5) SMID SMID Taman Artisan Chocolates Thomas Henry Tuc Krekeri Valenta Family Wines Vina Grgurevi\u00c3\u201e\u00e2\u20ac\u00a1 Vina Grgurevi\u00c3\u201e\u00e2\u20ac\u00a1 Vinarija Benkovac Vinarija Mik\u00c3\u2026\u00c2\u00a1a Vislander Vina i Rakije Vizba Valandovo Vizba Valandovo Makedonija\"},{\"@type\":\"BreadcrumbList\",\"@id\":\"https:\/\/adria-klik.com\/proizvod\/vrhunska-grasevina-kasna-berba-075l-krauthaker\/#breadcrumb\",\"itemListElement\":[{\"@type\":\"ListItem\",\"position\":1,\"name\":\"Po\u010detna stranica\",\"item\":\"https:\/\/adria-klik.com\/en\/\"},{\"@type\":\"ListItem\",\"position\":2,\"name\":\"Shop\",\"item\":\"https:\/\/adria-klik.com\/shop\/\"},{\"@type\":\"ListItem\",\"position\":3,\"name\":\"Vrhunska Gra\u0161evina Kasna Berba 0,75l Krauthaker\"}]},{\"@type\":\"WebSite\",\"@id\":\"https:\/\/adria-klik.com\/#website\",\"url\":\"https:\/\/adria-klik.com\/\",\"name\":\"Adria-Klik.com\",\"description\":\"Unikatni poklon paketi, Vina, Craft pivo &amp; Delicije - webshop\",\"publisher\":{\"@id\":\"https:\/\/adria-klik.com\/#organization\"},\"potentialAction\":[{\"@type\":\"SearchAction\",\"target\":{\"@type\":\"EntryPoint\",\"urlTemplate\":\"https:\/\/adria-klik.com\/?s={search_term_string}\"},\"query-input\":{\"@type\":\"PropertyValueSpecification\",\"valueRequired\":true,\"valueName\":\"search_term_string\"}}],\"inLanguage\":\"en-US\"},{\"@type\":\"Organization\",\"@id\":\"https:\/\/adria-klik.com\/#organization\",\"name\":\"Adria-Klik.com\",\"alternateName\":\"AK\",\"url\":\"https:\/\/adria-klik.com\/\",\"logo\":{\"@type\":\"ImageObject\",\"inLanguage\":\"en-US\",\"@id\":\"https:\/\/adria-klik.com\/#\/schema\/logo\/image\/\",\"url\":\"https:\/\/adria-klik.com\/wp-content\/uploads\/2025\/12\/Adria-Klik_com-logo-namirnice-vina-craft-pivo-delikatese-delicije-artisan-cokolada.jpg\",\"contentUrl\":\"https:\/\/adria-klik.com\/wp-content\/uploads\/2025\/12\/Adria-Klik_com-logo-namirnice-vina-craft-pivo-delikatese-delicije-artisan-cokolada.jpg\",\"width\":500,\"height\":500,\"caption\":\"Adria-Klik.com\"},\"image\":{\"@id\":\"https:\/\/adria-klik.com\/#\/schema\/logo\/image\/\"},\"sameAs\":[\"https:\/\/www.facebook.com\/profile.php?id=100064209425136\",\"https:\/\/www.instagram.com\/adriaklik\/\",\"https:\/\/www.youtube.com\/user\/PlavacmaliZagreb\"]}]}<\/script>\n<!-- \/ Yoast SEO plugin. -->","yoast_head_json":{"title":"Vrhunska Gra\u0161evina Kasna Berba 0,75l Krauthaker - Adria-Klik.com","description":"Vrhunska Gra\u0161evina Kasna Berba 0,75l Krauthaker Naru\u010di dostavu vina Krauthaker online DPD GLS Wolt Glovo Bolt Food Zagreb EU","robots":{"index":"index","follow":"follow","max-snippet":"max-snippet:-1","max-image-preview":"max-image-preview:large","max-video-preview":"max-video-preview:-1"},"canonical":"https:\/\/adria-klik.com\/proizvod\/vrhunska-grasevina-kasna-berba-075l-krauthaker\/","og_locale":"en_US","og_type":"article","og_title":"Vrhunska Gra\u0161evina Kasna Berba 0,75l Krauthaker - Adria-Klik.com","og_description":"Vrhunska Gra\u0161evina Kasna Berba 0,75l Krauthaker Naru\u010di dostavu vina Krauthaker online DPD GLS Wolt Glovo Bolt Food Zagreb EU","og_url":"https:\/\/adria-klik.com\/proizvod\/vrhunska-grasevina-kasna-berba-075l-krauthaker\/","og_site_name":"Adria-Klik.com","article_publisher":"https:\/\/www.facebook.com\/profile.php?id=100064209425136","article_modified_time":"2024-08-03T14:33:05+00:00","og_image":[{"width":1500,"height":1500,"url":"https:\/\/adria-klik.com\/wp-content\/uploads\/2024\/08\/Kasna-Berba-Grasevina-Vrhunska-Krauthaker-075l-Adria-Klik-webshop-ducan-brza-dostava-Zagreb-fast-delivery-store-market-wolt-bolt-internet-ducan-Wolt-Glovo-Bolt-DPD-GLS.jpeg","type":"image\/jpeg"}],"twitter_card":"summary_large_image","twitter_misc":{"Est. reading time":"2 minutes"},"schema":{"@context":"https:\/\/schema.org","@graph":[{"@type":"WebPage","@id":"https:\/\/adria-klik.com\/proizvod\/vrhunska-grasevina-kasna-berba-075l-krauthaker\/","url":"https:\/\/adria-klik.com\/proizvod\/vrhunska-grasevina-kasna-berba-075l-krauthaker\/","name":"Vrhunska Gra\u0161evina Kasna Berba 0,75l Krauthaker - Adria-Klik.com","isPartOf":{"@id":"https:\/\/adria-klik.com\/#website"},"primaryImageOfPage":{"@id":"https:\/\/adria-klik.com\/proizvod\/vrhunska-grasevina-kasna-berba-075l-krauthaker\/#primaryimage"},"image":{"@id":"https:\/\/adria-klik.com\/proizvod\/vrhunska-grasevina-kasna-berba-075l-krauthaker\/#primaryimage"},"thumbnailUrl":"https:\/\/adria-klik.com\/wp-content\/uploads\/2024\/08\/Kasna-Berba-Grasevina-Vrhunska-Krauthaker-075l-Adria-Klik-webshop-ducan-brza-dostava-Zagreb-fast-delivery-store-market-wolt-bolt-internet-ducan-Wolt-Glovo-Bolt-DPD-GLS.jpeg","datePublished":"2024-08-03T14:29:07+00:00","dateModified":"2024-08-03T14:33:05+00:00","description":"Vrhunska Gra\u0161evina Kasna Berba 0,75l Krauthaker Naru\u010di dostavu vina Krauthaker online DPD GLS Wolt Glovo Bolt Food Zagreb EU","breadcrumb":{"@id":"https:\/\/adria-klik.com\/proizvod\/vrhunska-grasevina-kasna-berba-075l-krauthaker\/#breadcrumb"},"inLanguage":"en-US","potentialAction":[{"@type":"ReadAction","target":["https:\/\/adria-klik.com\/proizvod\/vrhunska-grasevina-kasna-berba-075l-krauthaker\/"]}]},{"@type":"ImageObject","inLanguage":"en-US","@id":"https:\/\/adria-klik.com\/proizvod\/vrhunska-grasevina-kasna-berba-075l-krauthaker\/#primaryimage","url":"https:\/\/adria-klik.com\/wp-content\/uploads\/2024\/08\/Kasna-Berba-Grasevina-Vrhunska-Krauthaker-075l-Adria-Klik-webshop-ducan-brza-dostava-Zagreb-fast-delivery-store-market-wolt-bolt-internet-ducan-Wolt-Glovo-Bolt-DPD-GLS.jpeg","contentUrl":"https:\/\/adria-klik.com\/wp-content\/uploads\/2024\/08\/Kasna-Berba-Grasevina-Vrhunska-Krauthaker-075l-Adria-Klik-webshop-ducan-brza-dostava-Zagreb-fast-delivery-store-market-wolt-bolt-internet-ducan-Wolt-Glovo-Bolt-DPD-GLS.jpeg","width":1500,"height":1500,"caption":"| Adria-Klik Supply webshop trgovina dostava namirnica, vina, craft piva i delicija Superbrza dostava Zagreb Wolt Glovo Bolt-Food i Hrvatska i EU DPD GLS - vinska logistika #kupujmohrvatsko Naru\u00c3\u201e\u00c2\u008di dostavu Adria Klik dostava Namirnica, Vina, Craft piva, Delicija, Organsko, Eko, Bio, ekskluzivan izbor domacih vinara! Unikati pokloni Bontonic Canna Mariniana, CBD CBG Croatia Organic HEMP industrijska konoplja Cannabiotics Cannabiotics CroCanna Devetka Free Spirit Me\u00c3\u201e\u00e2\u20ac\u02dcimurje Greenall's Original Johhnie Walker Karlova\u00c3\u201e\u00c2\u008dko Kostelac rakije LAB Split pivovara Lepi De\u00c3\u201e\u00c2\u008dki Li\u00c3\u201e\u00c2\u008danka Pivovara Nova Runda Nova Runda OPG Marevi\u00c3\u201e\u00e2\u20ac\u00a1 Palihni\u00c3\u201e\u00e2\u20ac\u00a1 Pelje\u00c3\u2026\u00c2\u00a1ki Vrhovi - PZ Janjina Pelje\u00c3\u2026\u00c2\u00a1ki Vrhovi - PZ Janjina Ravalico Saperlot Saperlot Brewery StartCBD Tvornica leda Velebitska Degenija Vislander Vislander Vislander Vislander Volimljuto Zlatarna \u00c3\u2026\u00c2\u00a0iroka 2Storije aDorable aDorable Adria Darovni Poklon Paketi Argeta Argeta Azrri Azrri Bel-Cro Bel-Cro Benediktinke Sv. Marije Zadar Benediktinke Sv. Marije Zadar Benediktinke Zadar Benediktinke Zadar Bobi Snacks Buzdovan Buzdovan cchellenic Cmre\u00c3\u201e\u00c2\u008dnjak Cmre\u00c3\u201e\u00c2\u008dnjak Coca-Cola Coca-Cola Hrvatska Cockta Cogito Coffee Cogito Coffee \u00c3\u201e\u00c2\u0090akova\u00c3\u201e\u00c2\u008dka Vina \u00c3\u201e\u00c2\u0090akovo vina ekoEna ekoEna Elda Fentimans Feravino Ferrero Franck Gordon's Grad-Export Gray Goose Gray Goose Greenalls Greenalls Gin Greenalls Gin Original British Heineken Hrvatska Jagermeister Jagermeister Jaguni\u00c3\u201e\u00e2\u20ac\u00a1 Vina Jamnica Jamnica Jana Jana Josi\u00c3\u201e\u00e2\u20ac\u00a1 vinarija Kinder Konoplja.shop Kra\u00c3\u2026\u00c2\u00a1 Kutjevo Kutjevo Labud Latus Mljekara Istra Latus Mljekara Istra Lay's Lay's Chips Maraska Merci Storck Mljekara Latus Mljekara Latus Istra Na\u00c3\u2026\u00c2\u00a1 Okus Na\u00c3\u2026\u00c2\u00a1 Okus Nescafe OPG Cari\u00c3\u201e\u00e2\u20ac\u00a1 Papak Ilok Pavlomir Pavlomir Vinska Ku\u00c3\u201e\u00e2\u20ac\u00a1a Pivovara Medvedgrad Pringles \/ Kellogg's Red Bull \u00c3\u2026\u00c2\u00a0ibenska Pivovara \u00c3\u2026\u00c2\u00a0ibenska Pivovara (5) SMID SMID Taman Artisan Chocolates Thomas Henry Tuc Krekeri Valenta Family Wines Vina Grgurevi\u00c3\u201e\u00e2\u20ac\u00a1 Vina Grgurevi\u00c3\u201e\u00e2\u20ac\u00a1 Vinarija Benkovac Vinarija Mik\u00c3\u2026\u00c2\u00a1a Vislander Vina i Rakije Vizba Valandovo Vizba Valandovo Makedonija"},{"@type":"BreadcrumbList","@id":"https:\/\/adria-klik.com\/proizvod\/vrhunska-grasevina-kasna-berba-075l-krauthaker\/#breadcrumb","itemListElement":[{"@type":"ListItem","position":1,"name":"Po\u010detna stranica","item":"https:\/\/adria-klik.com\/en\/"},{"@type":"ListItem","position":2,"name":"Shop","item":"https:\/\/adria-klik.com\/shop\/"},{"@type":"ListItem","position":3,"name":"Vrhunska Gra\u0161evina Kasna Berba 0,75l Krauthaker"}]},{"@type":"WebSite","@id":"https:\/\/adria-klik.com\/#website","url":"https:\/\/adria-klik.com\/","name":"Adria-Klik.com","description":"Unikatni poklon paketi, Vina, Craft pivo &amp; Delicije - webshop","publisher":{"@id":"https:\/\/adria-klik.com\/#organization"},"potentialAction":[{"@type":"SearchAction","target":{"@type":"EntryPoint","urlTemplate":"https:\/\/adria-klik.com\/?s={search_term_string}"},"query-input":{"@type":"PropertyValueSpecification","valueRequired":true,"valueName":"search_term_string"}}],"inLanguage":"en-US"},{"@type":"Organization","@id":"https:\/\/adria-klik.com\/#organization","name":"Adria-Klik.com","alternateName":"AK","url":"https:\/\/adria-klik.com\/","logo":{"@type":"ImageObject","inLanguage":"en-US","@id":"https:\/\/adria-klik.com\/#\/schema\/logo\/image\/","url":"https:\/\/adria-klik.com\/wp-content\/uploads\/2025\/12\/Adria-Klik_com-logo-namirnice-vina-craft-pivo-delikatese-delicije-artisan-cokolada.jpg","contentUrl":"https:\/\/adria-klik.com\/wp-content\/uploads\/2025\/12\/Adria-Klik_com-logo-namirnice-vina-craft-pivo-delikatese-delicije-artisan-cokolada.jpg","width":500,"height":500,"caption":"Adria-Klik.com"},"image":{"@id":"https:\/\/adria-klik.com\/#\/schema\/logo\/image\/"},"sameAs":["https:\/\/www.facebook.com\/profile.php?id=100064209425136","https:\/\/www.instagram.com\/adriaklik\/","https:\/\/www.youtube.com\/user\/PlavacmaliZagreb"]}]}},"jetpack_sharing_enabled":true,"jetpack-related-posts":[],"_links":{"self":[{"href":"https:\/\/adria-klik.com\/en\/wp-json\/wp\/v2\/product\/17469","targetHints":{"allow":["GET"]}}],"collection":[{"href":"https:\/\/adria-klik.com\/en\/wp-json\/wp\/v2\/product"}],"about":[{"href":"https:\/\/adria-klik.com\/en\/wp-json\/wp\/v2\/types\/product"}],"replies":[{"embeddable":true,"href":"https:\/\/adria-klik.com\/en\/wp-json\/wp\/v2\/comments?post=17469"}],"wp:featuredmedia":[{"embeddable":true,"href":"https:\/\/adria-klik.com\/en\/wp-json\/wp\/v2\/media\/17470"}],"wp:attachment":[{"href":"https:\/\/adria-klik.com\/en\/wp-json\/wp\/v2\/media?parent=17469"}],"wp:term":[{"taxonomy":"product_brand","embeddable":true,"href":"https:\/\/adria-klik.com\/en\/wp-json\/wp\/v2\/product_brand?post=17469"},{"taxonomy":"product_cat","embeddable":true,"href":"https:\/\/adria-klik.com\/en\/wp-json\/wp\/v2\/product_cat?post=17469"},{"taxonomy":"product_tag","embeddable":true,"href":"https:\/\/adria-klik.com\/en\/wp-json\/wp\/v2\/product_tag?post=17469"},{"taxonomy":"berocket_brand","embeddable":true,"href":"https:\/\/adria-klik.com\/en\/wp-json\/wp\/v2\/berocket_brand?post=17469"}],"curies":[{"name":"wp","href":"https:\/\/api.w.org\/{rel}","templated":true}]}}