{"id":17482,"date":"2024-08-04T01:49:05","date_gmt":"2024-08-03T23:49:05","guid":{"rendered":"https:\/\/adria-klik.com\/?post_type=product&#038;p=17482"},"modified":"2024-08-04T18:56:50","modified_gmt":"2024-08-04T16:56:50","slug":"pinot-crni-vrhunski-0-75l-cmrecnjak","status":"publish","type":"product","link":"https:\/\/adria-klik.com\/en\/proizvod\/pinot-crni-vrhunski-0-75l-cmrecnjak\/","title":{"rendered":"Pinot Crni Vrhunski 0.75l Cmre\u010dnjak"},"content":{"rendered":"<ul>\n<li class=\"cb_FormRow_RightCol_r1b7\"><span class=\"sc-cPiKLX gifmXy\" dir=\"auto\" lang=\"hr\">Rubinsko crveni Princ vinarije Cmre\u010dnjak <\/span><\/li>\n<li class=\"cb_FormRow_RightCol_r1b7\"><span class=\"sc-cPiKLX gifmXy\" dir=\"auto\" lang=\"hr\">Profinjeno, elegantno i ugodno gorkasto vino puno okusa zrelih malina, \u0161ljiva i kupina<\/span><\/li>\n<li class=\"cb_FormRow_RightCol_r1b7\"><span class=\"sc-cPiKLX gifmXy\" dir=\"auto\" lang=\"hr\">Osvojiti \u0107e Vas meko\u0107om, skladom i okusnom \u010disto\u0107om. #vinaCmre\u010dnjak<\/span><\/li>\n<li>\n<div class=\"cb_FormRow_RightCol_r1b7\"><span class=\"sc-cPiKLX gifmXy\" dir=\"auto\" lang=\"hr\">#vinaCmre\u010dnjak<\/span><\/div>\n<\/li>\n<li>Naru\u010di dostavu<\/li>\n<\/ul>\n<div class=\"wpb_text_column wpb_content_element \">\n<div class=\"wpb_wrapper\">\n<p class=\"p1\"><span class=\"s1\"><strong>Vinarija Cmre\u010dnjak<\/strong> danas je moderna vinarija koja raspola\u017ee suvremenom tehnologijom za obradu gro\u017e\u0111a i vina zahvaljuju\u0107i kojoj na tr\u017ei\u0161te stavljamo 17 vrsta vrhunskih vina. Vinariju je pokrenuo i osnovao Rajko Cmre\u010dnjak koji je uporno\u0161\u0107u, radom i trudom od nekoliko trseva stvorio imperij. U rad Vinarije uklju\u010dena je cijela obitelj Cmre\u010dnjak, a Rajkov sin odnosno nasljednik Marko, spretno kora\u010da o\u010devim stopama, stvara i njeguje vina koja se nalaze na svjetskim vinskim kartama i redovito i s lako\u0107om osvajaju nagrade i medalje na kojem se god natjecanju pojavila. <\/span><\/p>\n<p class=\"p1\"><span class=\"s1\">Sve je po\u010delo po\u010detkom devedesetih godina kad smo bili jedno srednje poljoprivredno gospodarstvo koje se bavilo raznim granam poljoprivrede, od svinjogojstva preko ratarstva do sto\u010darstva. U po\u010detku smo posjedovali tek 2 ha vinograda, me\u0111utim, to se tada \u010dinilo sasvim<span class=\"Apple-converted-space\">\u00a0 <\/span>dovoljno za na\u0161e potrebe kao i za plasiranje gro\u017e\u0111a putem poljoprivredne zadruge u \u0160trigovi. U nama je postojala velika \u017eelja i ambicija za opse\u017enijom proizvodnjom gro\u017e\u0111a i vina. Klju\u010dnom godinom za na\u0161u vinariju smatramo 1992. kada smo odlu\u010dili baviti se isklju\u010divo vinogradarstvom i vinarstvom te smo dobili certifikat za geografsko podrijetlo. Te je godine u na\u0161em podrumu napunjena prva butelja na kojoj se nalazila na\u0161a prva etiketa. Iste smo godine zapo\u010deli pro\u0161irivati na\u0161 obiteljski podrum jer smo slutili da smo zapo\u010deli pri\u010du kojoj \u0107e trebati puno vi\u0161e prostora za rast i razvoj. Svakodnevno smo se borili za kvalitetu i plasman na tr\u017ei\u0161te. Umjesto lokalno, zapo\u010dinjemo djelovati na dr\u017eavnoj razini. \u0160aljemo na\u0161a vina na dr\u017eavne izlo\u017ebe te nam je ve\u0107 1993. godine potvr\u0111ena kvaliteta zlatnim medaljama na izlo\u017ebi vina \u201eVino u Hrvata\u201c. Zadovoljstvo potro\u0161a\u010da o\u010ditovale su brojne medalje koje smo dobili na izlo\u017ebama Vinovita u Zagrebu. Kako smo \u0161irili krug na\u0161ih klijenata odnosno \u201evinopija\u201c, bilo je potrebno omasoviti proizvodnju gro\u017e\u0111a i vina, a podrumski kapaciteti zahtijevali su ponovno \u0161irenje. U proizvodnji vina uvijek smo prije kvantitete stavljali kvalitetu te smo uvijek razmi\u0161ljali i nabavljali kvalitetnu opremu za preradu gro\u017e\u0111a. I na\u0161a djeca su nakon \u0161kolovanja krenula roditeljskim stopama. \u201eVi\u0161e ruku, vi\u0161e i bolje radi\u201c, a to nas je potaklo na pove\u0107anje vinogradskih terena. Ulagali smo u kupovinu zemlji\u0161ta te danas raspola\u017eemo sa 27 ha vrhunskih vinogradskih terena. Ponosimo se i \u201eMa\u0111erkinim bregom\u201c, najkvalitetnijim vinogradarskim polo\u017eajem u Me\u0111imurju, a mo\u017eemo re\u0107i i puno \u0161ire. <\/span><\/p>\n<p class=\"p1\"><span class=\"s1\">Od prve butelje do danas proteklo je tek dva desetlje\u0107a i nekoliko godina, a Vinarija Cmre\u010dnjak ponosno mo\u017ee pokazati mno\u0161tvo nagrada i medalja, od bronce preko srebra i zlata do \u0161ampionskih titula. Posjedujemo hektare vinograda, svakodnevno ula\u017eemo u kvalitetu, \u0161irimo poslovanje, svojim vinima opskrbljujemo zahtjevno tr\u017ei\u0161te te njegujemo vina u podrumu koji se prote\u017ee na 1000 kvadrata. Na\u0161 je slogan \u201ekvaliteta tradicije\u201c i njega se dr\u017eimo od sadnje vinograda do punjenja vina u butelje. <\/span><\/p>\n<\/div>\n<\/div>\n","protected":false},"excerpt":{"rendered":"<ul>\n<li class=\"cb_FormRow_RightCol_r1b7\"><span class=\"sc-cPiKLX gifmXy\" dir=\"auto\" lang=\"hr\">Rubinsko crveni Princ vinarije Cmre\u010dnjak <\/span><\/li>\n<li class=\"cb_FormRow_RightCol_r1b7\"><span class=\"sc-cPiKLX gifmXy\" dir=\"auto\" lang=\"hr\">Profinjeno, elegantno i ugodno gorkasto vino puno okusa zrelih malina, \u0161ljiva i kupina<\/span><\/li>\n<li class=\"cb_FormRow_RightCol_r1b7\"><span class=\"sc-cPiKLX gifmXy\" dir=\"auto\" lang=\"hr\">Osvojiti \u0107e Vas meko\u0107om, skladom i okusnom \u010disto\u0107om. #vinaCmre\u010dnjak<\/span><\/li>\n<li>\n<div class=\"cb_FormRow_RightCol_r1b7\"><span class=\"sc-cPiKLX gifmXy\" dir=\"auto\" lang=\"hr\">#vinaCmre\u010dnjak<\/span><\/div>\n<\/li>\n<li>Naru\u010di dostavu<\/li>\n<\/ul>\n","protected":false},"featured_media":17483,"comment_status":"open","ping_status":"closed","template":"","meta":{"_acf_changed":false},"product_brand":[],"product_cat":[421,1175,1176,1174,1159,619,373,560],"product_tag":[1394,1408,1395,1406,1407],"berocket_brand":[588],"class_list":{"0":"post-17482","1":"product","2":"type-product","3":"status-publish","4":"has-post-thumbnail","6":"product_cat-crna","7":"product_cat-dostava","8":"product_cat-europa","9":"product_cat-hrvatska","10":"product_cat-nasa-preporuka","11":"product_cat-okusi_adriu","12":"product_cat-vina","13":"product_cat-zagreb","14":"product_tag-cmrecnjak-rajko","15":"product_tag-malina-kupina","16":"product_tag-medimurje","17":"product_tag-pinnot-crni","18":"product_tag-vocna-aroma","19":"berocket_brand-cmrecnjak","21":"first","22":"instock","23":"shipping-taxable","24":"purchasable","25":"product-type-simple"},"acf":[],"yoast_head":"<!-- This site is optimized with the Yoast SEO plugin v26.9 - https:\/\/yoast.com\/product\/yoast-seo-wordpress\/ -->\n<title>Pinot Crni Vrhunski 0.75l Cmre\u010dnjak - Adria-Klik.com<\/title>\n<meta name=\"description\" content=\"Pinot Crni Vrhunski 0.75l Cmre\u010dnjak | Online shop naru\u010di dostavu vina, vrhunskih pjenu\u0161aca, delicija Pru\u017ea blagi osje\u0107aj slatko\u0107e te nje\u017ene vo\u0107ne arome malina, \u0161umskog vo\u0107a, jagoda i kupina.\" \/>\n<meta name=\"robots\" content=\"index, follow, max-snippet:-1, max-image-preview:large, max-video-preview:-1\" \/>\n<link rel=\"canonical\" href=\"https:\/\/adria-klik.com\/proizvod\/pinot-crni-vrhunski-0-75l-cmrecnjak\/\" \/>\n<meta property=\"og:locale\" content=\"en_US\" \/>\n<meta property=\"og:type\" content=\"article\" \/>\n<meta property=\"og:title\" content=\"Stridon Rose Vrhunski Brut Pjenu\u0161ac 0,75 l Cmre\u010dnjak okus maline i kupine\u00a0| Online shop naru\u010di dostavu vina, vrhunskih pjenu\u0161aca, delicija\" \/>\n<meta property=\"og:description\" content=\"Stridon Rose Vrhunski Brut Pjenu\u0161ac 0,75 l Cmre\u010dnjak okus maline i kupine\u00a0| Online shop naru\u010di dostavu vina, vrhunskih pjenu\u0161aca, delicija\" \/>\n<meta property=\"og:url\" content=\"https:\/\/adria-klik.com\/proizvod\/pinot-crni-vrhunski-0-75l-cmrecnjak\/\" \/>\n<meta property=\"og:site_name\" content=\"Adria-Klik.com\" \/>\n<meta property=\"article:publisher\" content=\"https:\/\/www.facebook.com\/profile.php?id=100064209425136\" \/>\n<meta property=\"article:modified_time\" content=\"2024-08-04T16:56:50+00:00\" \/>\n<meta property=\"og:image\" content=\"https:\/\/adria-klik.com\/wp-content\/uploads\/2021\/07\/Stridon-rose-brut-vrhunski-premium-pjenusac-sparkling-wine-croatia-075l-obitelj-Cmrecnjak-Medimurje-100-natural-Adria-Klik_Webshop-ducan-eko-croatia-prozvod-info-backside-TEST.jpg\" \/>\n\t<meta property=\"og:image:width\" content=\"1500\" \/>\n\t<meta property=\"og:image:height\" content=\"1500\" \/>\n\t<meta property=\"og:image:type\" content=\"image\/jpeg\" \/>\n<meta name=\"twitter:card\" content=\"summary_large_image\" \/>\n<meta name=\"twitter:title\" content=\"Stridon Rose Vrhunski Brut Pjenu\u0161ac 0,75 l Cmre\u010dnjak okus maline i kupine\u00a0| Online shop naru\u010di dostavu vina, vrhunskih pjenu\u0161aca, delicija\" \/>\n<meta name=\"twitter:description\" content=\"Stridon Rose Vrhunski Brut Pjenu\u0161ac 0,75 l Cmre\u010dnjak okus maline i kupine\u00a0| Online shop naru\u010di dostavu vina, vrhunskih pjenu\u0161aca, delicija\" \/>\n<meta name=\"twitter:image\" content=\"https:\/\/adria-klik.com\/wp-content\/uploads\/2021\/07\/Stridon-rose-brut-vrhunski-premium-pjenusac-sparkling-wine-croatia-075l-obitelj-Cmrecnjak-Medimurje-100-natural-Adria-Klik_Webshop-ducan-eko-croatia-prozvod-info-backside-TEST.jpg\" \/>\n<meta name=\"twitter:label1\" content=\"Est. reading time\" \/>\n\t<meta name=\"twitter:data1\" content=\"3 minutes\" \/>\n<script type=\"application\/ld+json\" class=\"yoast-schema-graph\">{\"@context\":\"https:\/\/schema.org\",\"@graph\":[{\"@type\":\"WebPage\",\"@id\":\"https:\/\/adria-klik.com\/proizvod\/pinot-crni-vrhunski-0-75l-cmrecnjak\/\",\"url\":\"https:\/\/adria-klik.com\/proizvod\/pinot-crni-vrhunski-0-75l-cmrecnjak\/\",\"name\":\"Pinot Crni Vrhunski 0.75l Cmre\u010dnjak - Adria-Klik.com\",\"isPartOf\":{\"@id\":\"https:\/\/adria-klik.com\/#website\"},\"primaryImageOfPage\":{\"@id\":\"https:\/\/adria-klik.com\/proizvod\/pinot-crni-vrhunski-0-75l-cmrecnjak\/#primaryimage\"},\"image\":{\"@id\":\"https:\/\/adria-klik.com\/proizvod\/pinot-crni-vrhunski-0-75l-cmrecnjak\/#primaryimage\"},\"thumbnailUrl\":\"https:\/\/adria-klik.com\/wp-content\/uploads\/2024\/08\/Pinot-Crni-Cmrecnjak-Medimurje-Adria-Klik-webshop-ducan-brza-dostava-vina-Zagreb-wine-delivery-Glovo-Wolt-Bolt-Food.jpeg\",\"datePublished\":\"2024-08-03T23:49:05+00:00\",\"dateModified\":\"2024-08-04T16:56:50+00:00\",\"description\":\"Pinot Crni Vrhunski 0.75l Cmre\u010dnjak | Online shop naru\u010di dostavu vina, vrhunskih pjenu\u0161aca, delicija Pru\u017ea blagi osje\u0107aj slatko\u0107e te nje\u017ene vo\u0107ne arome malina, \u0161umskog vo\u0107a, jagoda i kupina.\",\"breadcrumb\":{\"@id\":\"https:\/\/adria-klik.com\/proizvod\/pinot-crni-vrhunski-0-75l-cmrecnjak\/#breadcrumb\"},\"inLanguage\":\"en-US\",\"potentialAction\":[{\"@type\":\"ReadAction\",\"target\":[\"https:\/\/adria-klik.com\/proizvod\/pinot-crni-vrhunski-0-75l-cmrecnjak\/\"]}]},{\"@type\":\"ImageObject\",\"inLanguage\":\"en-US\",\"@id\":\"https:\/\/adria-klik.com\/proizvod\/pinot-crni-vrhunski-0-75l-cmrecnjak\/#primaryimage\",\"url\":\"https:\/\/adria-klik.com\/wp-content\/uploads\/2024\/08\/Pinot-Crni-Cmrecnjak-Medimurje-Adria-Klik-webshop-ducan-brza-dostava-vina-Zagreb-wine-delivery-Glovo-Wolt-Bolt-Food.jpeg\",\"contentUrl\":\"https:\/\/adria-klik.com\/wp-content\/uploads\/2024\/08\/Pinot-Crni-Cmrecnjak-Medimurje-Adria-Klik-webshop-ducan-brza-dostava-vina-Zagreb-wine-delivery-Glovo-Wolt-Bolt-Food.jpeg\",\"width\":1500,\"height\":1500,\"caption\":\"| Adria-Klik Supply webshop trgovina dostava namirnica, vina, craft piva i delicija Superbrza dostava Zagreb Wolt Glovo Bolt-Food i Hrvatska i EU DPD GLS - vinska logistika #kupujmohrvatsko Naru\u00c3\u201e\u00c2\u008di dostavu Adria Klik dostava Namirnica, Vina, Craft piva, Delicija, Organsko, Eko, Bio, ekskluzivan izbor domacih vinara! Unikati pokloni Bontonic Canna Mariniana, CBD CBG Croatia Organic HEMP industrijska konoplja Cannabiotics Cannabiotics CroCanna Devetka Free Spirit Me\u00c3\u201e\u00e2\u20ac\u02dcimurje Greenall's Original Johhnie Walker Karlova\u00c3\u201e\u00c2\u008dko Kostelac rakije LAB Split pivovara Lepi De\u00c3\u201e\u00c2\u008dki Li\u00c3\u201e\u00c2\u008danka Pivovara Nova Runda Nova Runda OPG Marevi\u00c3\u201e\u00e2\u20ac\u00a1 Palihni\u00c3\u201e\u00e2\u20ac\u00a1 Pelje\u00c3\u2026\u00c2\u00a1ki Vrhovi - PZ Janjina Pelje\u00c3\u2026\u00c2\u00a1ki Vrhovi - PZ Janjina Ravalico Saperlot Saperlot Brewery StartCBD Tvornica leda Velebitska Degenija Vislander Vislander Vislander Vislander Volimljuto Zlatarna \u00c3\u2026\u00c2\u00a0iroka 2Storije aDorable aDorable Adria Darovni Poklon Paketi Argeta Argeta Azrri Azrri Bel-Cro Bel-Cro Benediktinke Sv. Marije Zadar Benediktinke Sv. Marije Zadar Benediktinke Zadar Benediktinke Zadar Bobi Snacks Buzdovan Buzdovan cchellenic Cmre\u00c3\u201e\u00c2\u008dnjak Cmre\u00c3\u201e\u00c2\u008dnjak Coca-Cola Coca-Cola Hrvatska Cockta Cogito Coffee Cogito Coffee \u00c3\u201e\u00c2\u0090akova\u00c3\u201e\u00c2\u008dka Vina \u00c3\u201e\u00c2\u0090akovo vina ekoEna ekoEna Elda Fentimans Feravino Ferrero Franck Gordon's Grad-Export Gray Goose Gray Goose Greenalls Greenalls Gin Greenalls Gin Original British Heineken Hrvatska Jagermeister Jagermeister Jaguni\u00c3\u201e\u00e2\u20ac\u00a1 Vina Jamnica Jamnica Jana Jana Josi\u00c3\u201e\u00e2\u20ac\u00a1 vinarija Kinder Konoplja.shop Kra\u00c3\u2026\u00c2\u00a1 Kutjevo Kutjevo Labud Latus Mljekara Istra Latus Mljekara Istra Lay's Lay's Chips Maraska Merci Storck Mljekara Latus Mljekara Latus Istra Na\u00c3\u2026\u00c2\u00a1 Okus Na\u00c3\u2026\u00c2\u00a1 Okus Nescafe OPG Cari\u00c3\u201e\u00e2\u20ac\u00a1 Papak Ilok Pavlomir Pavlomir Vinska Ku\u00c3\u201e\u00e2\u20ac\u00a1a Pivovara Medvedgrad Pringles \/ Kellogg's Red Bull \u00c3\u2026\u00c2\u00a0ibenska Pivovara \u00c3\u2026\u00c2\u00a0ibenska Pivovara (5) SMID SMID Taman Artisan Chocolates Thomas Henry Tuc Krekeri Valenta Family Wines Vina Grgurevi\u00c3\u201e\u00e2\u20ac\u00a1 Vina Grgurevi\u00c3\u201e\u00e2\u20ac\u00a1 Vinarija Benkovac Vinarija Mik\u00c3\u2026\u00c2\u00a1a Vislander Vina i Rakije Vizba Valandovo Vizba Valandovo Makedonija\"},{\"@type\":\"BreadcrumbList\",\"@id\":\"https:\/\/adria-klik.com\/proizvod\/pinot-crni-vrhunski-0-75l-cmrecnjak\/#breadcrumb\",\"itemListElement\":[{\"@type\":\"ListItem\",\"position\":1,\"name\":\"Po\u010detna stranica\",\"item\":\"https:\/\/adria-klik.com\/en\/\"},{\"@type\":\"ListItem\",\"position\":2,\"name\":\"Shop\",\"item\":\"https:\/\/adria-klik.com\/shop\/\"},{\"@type\":\"ListItem\",\"position\":3,\"name\":\"Pinot Crni Vrhunski 0.75l Cmre\u010dnjak\"}]},{\"@type\":\"WebSite\",\"@id\":\"https:\/\/adria-klik.com\/#website\",\"url\":\"https:\/\/adria-klik.com\/\",\"name\":\"Adria-Klik.com\",\"description\":\"Unikatni poklon paketi, Vina, Craft pivo &amp; Delicije - webshop\",\"publisher\":{\"@id\":\"https:\/\/adria-klik.com\/#organization\"},\"potentialAction\":[{\"@type\":\"SearchAction\",\"target\":{\"@type\":\"EntryPoint\",\"urlTemplate\":\"https:\/\/adria-klik.com\/?s={search_term_string}\"},\"query-input\":{\"@type\":\"PropertyValueSpecification\",\"valueRequired\":true,\"valueName\":\"search_term_string\"}}],\"inLanguage\":\"en-US\"},{\"@type\":\"Organization\",\"@id\":\"https:\/\/adria-klik.com\/#organization\",\"name\":\"Adria-Klik.com\",\"alternateName\":\"AK\",\"url\":\"https:\/\/adria-klik.com\/\",\"logo\":{\"@type\":\"ImageObject\",\"inLanguage\":\"en-US\",\"@id\":\"https:\/\/adria-klik.com\/#\/schema\/logo\/image\/\",\"url\":\"https:\/\/adria-klik.com\/wp-content\/uploads\/2025\/12\/Adria-Klik_com-logo-namirnice-vina-craft-pivo-delikatese-delicije-artisan-cokolada.jpg\",\"contentUrl\":\"https:\/\/adria-klik.com\/wp-content\/uploads\/2025\/12\/Adria-Klik_com-logo-namirnice-vina-craft-pivo-delikatese-delicije-artisan-cokolada.jpg\",\"width\":500,\"height\":500,\"caption\":\"Adria-Klik.com\"},\"image\":{\"@id\":\"https:\/\/adria-klik.com\/#\/schema\/logo\/image\/\"},\"sameAs\":[\"https:\/\/www.facebook.com\/profile.php?id=100064209425136\",\"https:\/\/www.instagram.com\/adriaklik\/\",\"https:\/\/www.youtube.com\/user\/PlavacmaliZagreb\"]}]}<\/script>\n<!-- \/ Yoast SEO plugin. -->","yoast_head_json":{"title":"Pinot Crni Vrhunski 0.75l Cmre\u010dnjak - Adria-Klik.com","description":"Pinot Crni Vrhunski 0.75l Cmre\u010dnjak | Online shop naru\u010di dostavu vina, vrhunskih pjenu\u0161aca, delicija Pru\u017ea blagi osje\u0107aj slatko\u0107e te nje\u017ene vo\u0107ne arome malina, \u0161umskog vo\u0107a, jagoda i kupina.","robots":{"index":"index","follow":"follow","max-snippet":"max-snippet:-1","max-image-preview":"max-image-preview:large","max-video-preview":"max-video-preview:-1"},"canonical":"https:\/\/adria-klik.com\/proizvod\/pinot-crni-vrhunski-0-75l-cmrecnjak\/","og_locale":"en_US","og_type":"article","og_title":"Stridon Rose Vrhunski Brut Pjenu\u0161ac 0,75 l Cmre\u010dnjak okus maline i kupine\u00a0| Online shop naru\u010di dostavu vina, vrhunskih pjenu\u0161aca, delicija","og_description":"Stridon Rose Vrhunski Brut Pjenu\u0161ac 0,75 l Cmre\u010dnjak okus maline i kupine\u00a0| Online shop naru\u010di dostavu vina, vrhunskih pjenu\u0161aca, delicija","og_url":"https:\/\/adria-klik.com\/proizvod\/pinot-crni-vrhunski-0-75l-cmrecnjak\/","og_site_name":"Adria-Klik.com","article_publisher":"https:\/\/www.facebook.com\/profile.php?id=100064209425136","article_modified_time":"2024-08-04T16:56:50+00:00","og_image":[{"width":1500,"height":1500,"url":"https:\/\/adria-klik.com\/wp-content\/uploads\/2021\/07\/Stridon-rose-brut-vrhunski-premium-pjenusac-sparkling-wine-croatia-075l-obitelj-Cmrecnjak-Medimurje-100-natural-Adria-Klik_Webshop-ducan-eko-croatia-prozvod-info-backside-TEST.jpg","type":"image\/jpeg"}],"twitter_card":"summary_large_image","twitter_title":"Stridon Rose Vrhunski Brut Pjenu\u0161ac 0,75 l Cmre\u010dnjak okus maline i kupine\u00a0| Online shop naru\u010di dostavu vina, vrhunskih pjenu\u0161aca, delicija","twitter_description":"Stridon Rose Vrhunski Brut Pjenu\u0161ac 0,75 l Cmre\u010dnjak okus maline i kupine\u00a0| Online shop naru\u010di dostavu vina, vrhunskih pjenu\u0161aca, delicija","twitter_image":"https:\/\/adria-klik.com\/wp-content\/uploads\/2021\/07\/Stridon-rose-brut-vrhunski-premium-pjenusac-sparkling-wine-croatia-075l-obitelj-Cmrecnjak-Medimurje-100-natural-Adria-Klik_Webshop-ducan-eko-croatia-prozvod-info-backside-TEST.jpg","twitter_misc":{"Est. reading time":"3 minutes"},"schema":{"@context":"https:\/\/schema.org","@graph":[{"@type":"WebPage","@id":"https:\/\/adria-klik.com\/proizvod\/pinot-crni-vrhunski-0-75l-cmrecnjak\/","url":"https:\/\/adria-klik.com\/proizvod\/pinot-crni-vrhunski-0-75l-cmrecnjak\/","name":"Pinot Crni Vrhunski 0.75l Cmre\u010dnjak - Adria-Klik.com","isPartOf":{"@id":"https:\/\/adria-klik.com\/#website"},"primaryImageOfPage":{"@id":"https:\/\/adria-klik.com\/proizvod\/pinot-crni-vrhunski-0-75l-cmrecnjak\/#primaryimage"},"image":{"@id":"https:\/\/adria-klik.com\/proizvod\/pinot-crni-vrhunski-0-75l-cmrecnjak\/#primaryimage"},"thumbnailUrl":"https:\/\/adria-klik.com\/wp-content\/uploads\/2024\/08\/Pinot-Crni-Cmrecnjak-Medimurje-Adria-Klik-webshop-ducan-brza-dostava-vina-Zagreb-wine-delivery-Glovo-Wolt-Bolt-Food.jpeg","datePublished":"2024-08-03T23:49:05+00:00","dateModified":"2024-08-04T16:56:50+00:00","description":"Pinot Crni Vrhunski 0.75l Cmre\u010dnjak | Online shop naru\u010di dostavu vina, vrhunskih pjenu\u0161aca, delicija Pru\u017ea blagi osje\u0107aj slatko\u0107e te nje\u017ene vo\u0107ne arome malina, \u0161umskog vo\u0107a, jagoda i kupina.","breadcrumb":{"@id":"https:\/\/adria-klik.com\/proizvod\/pinot-crni-vrhunski-0-75l-cmrecnjak\/#breadcrumb"},"inLanguage":"en-US","potentialAction":[{"@type":"ReadAction","target":["https:\/\/adria-klik.com\/proizvod\/pinot-crni-vrhunski-0-75l-cmrecnjak\/"]}]},{"@type":"ImageObject","inLanguage":"en-US","@id":"https:\/\/adria-klik.com\/proizvod\/pinot-crni-vrhunski-0-75l-cmrecnjak\/#primaryimage","url":"https:\/\/adria-klik.com\/wp-content\/uploads\/2024\/08\/Pinot-Crni-Cmrecnjak-Medimurje-Adria-Klik-webshop-ducan-brza-dostava-vina-Zagreb-wine-delivery-Glovo-Wolt-Bolt-Food.jpeg","contentUrl":"https:\/\/adria-klik.com\/wp-content\/uploads\/2024\/08\/Pinot-Crni-Cmrecnjak-Medimurje-Adria-Klik-webshop-ducan-brza-dostava-vina-Zagreb-wine-delivery-Glovo-Wolt-Bolt-Food.jpeg","width":1500,"height":1500,"caption":"| Adria-Klik Supply webshop trgovina dostava namirnica, vina, craft piva i delicija Superbrza dostava Zagreb Wolt Glovo Bolt-Food i Hrvatska i EU DPD GLS - vinska logistika #kupujmohrvatsko Naru\u00c3\u201e\u00c2\u008di dostavu Adria Klik dostava Namirnica, Vina, Craft piva, Delicija, Organsko, Eko, Bio, ekskluzivan izbor domacih vinara! Unikati pokloni Bontonic Canna Mariniana, CBD CBG Croatia Organic HEMP industrijska konoplja Cannabiotics Cannabiotics CroCanna Devetka Free Spirit Me\u00c3\u201e\u00e2\u20ac\u02dcimurje Greenall's Original Johhnie Walker Karlova\u00c3\u201e\u00c2\u008dko Kostelac rakije LAB Split pivovara Lepi De\u00c3\u201e\u00c2\u008dki Li\u00c3\u201e\u00c2\u008danka Pivovara Nova Runda Nova Runda OPG Marevi\u00c3\u201e\u00e2\u20ac\u00a1 Palihni\u00c3\u201e\u00e2\u20ac\u00a1 Pelje\u00c3\u2026\u00c2\u00a1ki Vrhovi - PZ Janjina Pelje\u00c3\u2026\u00c2\u00a1ki Vrhovi - PZ Janjina Ravalico Saperlot Saperlot Brewery StartCBD Tvornica leda Velebitska Degenija Vislander Vislander Vislander Vislander Volimljuto Zlatarna \u00c3\u2026\u00c2\u00a0iroka 2Storije aDorable aDorable Adria Darovni Poklon Paketi Argeta Argeta Azrri Azrri Bel-Cro Bel-Cro Benediktinke Sv. Marije Zadar Benediktinke Sv. Marije Zadar Benediktinke Zadar Benediktinke Zadar Bobi Snacks Buzdovan Buzdovan cchellenic Cmre\u00c3\u201e\u00c2\u008dnjak Cmre\u00c3\u201e\u00c2\u008dnjak Coca-Cola Coca-Cola Hrvatska Cockta Cogito Coffee Cogito Coffee \u00c3\u201e\u00c2\u0090akova\u00c3\u201e\u00c2\u008dka Vina \u00c3\u201e\u00c2\u0090akovo vina ekoEna ekoEna Elda Fentimans Feravino Ferrero Franck Gordon's Grad-Export Gray Goose Gray Goose Greenalls Greenalls Gin Greenalls Gin Original British Heineken Hrvatska Jagermeister Jagermeister Jaguni\u00c3\u201e\u00e2\u20ac\u00a1 Vina Jamnica Jamnica Jana Jana Josi\u00c3\u201e\u00e2\u20ac\u00a1 vinarija Kinder Konoplja.shop Kra\u00c3\u2026\u00c2\u00a1 Kutjevo Kutjevo Labud Latus Mljekara Istra Latus Mljekara Istra Lay's Lay's Chips Maraska Merci Storck Mljekara Latus Mljekara Latus Istra Na\u00c3\u2026\u00c2\u00a1 Okus Na\u00c3\u2026\u00c2\u00a1 Okus Nescafe OPG Cari\u00c3\u201e\u00e2\u20ac\u00a1 Papak Ilok Pavlomir Pavlomir Vinska Ku\u00c3\u201e\u00e2\u20ac\u00a1a Pivovara Medvedgrad Pringles \/ Kellogg's Red Bull \u00c3\u2026\u00c2\u00a0ibenska Pivovara \u00c3\u2026\u00c2\u00a0ibenska Pivovara (5) SMID SMID Taman Artisan Chocolates Thomas Henry Tuc Krekeri Valenta Family Wines Vina Grgurevi\u00c3\u201e\u00e2\u20ac\u00a1 Vina Grgurevi\u00c3\u201e\u00e2\u20ac\u00a1 Vinarija Benkovac Vinarija Mik\u00c3\u2026\u00c2\u00a1a Vislander Vina i Rakije Vizba Valandovo Vizba Valandovo Makedonija"},{"@type":"BreadcrumbList","@id":"https:\/\/adria-klik.com\/proizvod\/pinot-crni-vrhunski-0-75l-cmrecnjak\/#breadcrumb","itemListElement":[{"@type":"ListItem","position":1,"name":"Po\u010detna stranica","item":"https:\/\/adria-klik.com\/en\/"},{"@type":"ListItem","position":2,"name":"Shop","item":"https:\/\/adria-klik.com\/shop\/"},{"@type":"ListItem","position":3,"name":"Pinot Crni Vrhunski 0.75l Cmre\u010dnjak"}]},{"@type":"WebSite","@id":"https:\/\/adria-klik.com\/#website","url":"https:\/\/adria-klik.com\/","name":"Adria-Klik.com","description":"Unikatni poklon paketi, Vina, Craft pivo &amp; Delicije - webshop","publisher":{"@id":"https:\/\/adria-klik.com\/#organization"},"potentialAction":[{"@type":"SearchAction","target":{"@type":"EntryPoint","urlTemplate":"https:\/\/adria-klik.com\/?s={search_term_string}"},"query-input":{"@type":"PropertyValueSpecification","valueRequired":true,"valueName":"search_term_string"}}],"inLanguage":"en-US"},{"@type":"Organization","@id":"https:\/\/adria-klik.com\/#organization","name":"Adria-Klik.com","alternateName":"AK","url":"https:\/\/adria-klik.com\/","logo":{"@type":"ImageObject","inLanguage":"en-US","@id":"https:\/\/adria-klik.com\/#\/schema\/logo\/image\/","url":"https:\/\/adria-klik.com\/wp-content\/uploads\/2025\/12\/Adria-Klik_com-logo-namirnice-vina-craft-pivo-delikatese-delicije-artisan-cokolada.jpg","contentUrl":"https:\/\/adria-klik.com\/wp-content\/uploads\/2025\/12\/Adria-Klik_com-logo-namirnice-vina-craft-pivo-delikatese-delicije-artisan-cokolada.jpg","width":500,"height":500,"caption":"Adria-Klik.com"},"image":{"@id":"https:\/\/adria-klik.com\/#\/schema\/logo\/image\/"},"sameAs":["https:\/\/www.facebook.com\/profile.php?id=100064209425136","https:\/\/www.instagram.com\/adriaklik\/","https:\/\/www.youtube.com\/user\/PlavacmaliZagreb"]}]}},"jetpack_sharing_enabled":true,"jetpack-related-posts":[],"_links":{"self":[{"href":"https:\/\/adria-klik.com\/en\/wp-json\/wp\/v2\/product\/17482","targetHints":{"allow":["GET"]}}],"collection":[{"href":"https:\/\/adria-klik.com\/en\/wp-json\/wp\/v2\/product"}],"about":[{"href":"https:\/\/adria-klik.com\/en\/wp-json\/wp\/v2\/types\/product"}],"replies":[{"embeddable":true,"href":"https:\/\/adria-klik.com\/en\/wp-json\/wp\/v2\/comments?post=17482"}],"wp:featuredmedia":[{"embeddable":true,"href":"https:\/\/adria-klik.com\/en\/wp-json\/wp\/v2\/media\/17483"}],"wp:attachment":[{"href":"https:\/\/adria-klik.com\/en\/wp-json\/wp\/v2\/media?parent=17482"}],"wp:term":[{"taxonomy":"product_brand","embeddable":true,"href":"https:\/\/adria-klik.com\/en\/wp-json\/wp\/v2\/product_brand?post=17482"},{"taxonomy":"product_cat","embeddable":true,"href":"https:\/\/adria-klik.com\/en\/wp-json\/wp\/v2\/product_cat?post=17482"},{"taxonomy":"product_tag","embeddable":true,"href":"https:\/\/adria-klik.com\/en\/wp-json\/wp\/v2\/product_tag?post=17482"},{"taxonomy":"berocket_brand","embeddable":true,"href":"https:\/\/adria-klik.com\/en\/wp-json\/wp\/v2\/berocket_brand?post=17482"}],"curies":[{"name":"wp","href":"https:\/\/api.w.org\/{rel}","templated":true}]}}