{"id":17498,"date":"2024-08-04T11:30:18","date_gmt":"2024-08-04T09:30:18","guid":{"rendered":"https:\/\/adria-klik.com\/?post_type=product&#038;p=17498"},"modified":"2024-08-04T11:37:16","modified_gmt":"2024-08-04T09:37:16","slug":"pinot-crni-cmrecnjak-tamna-cokolada-hedona-artisan","status":"publish","type":"product","link":"https:\/\/adria-klik.com\/en\/proizvod\/pinot-crni-cmrecnjak-tamna-cokolada-hedona-artisan\/","title":{"rendered":"Pinot Crni Cmre\u010dnjak &#038; Tamna \u010dokolada Hedona Artisan"},"content":{"rendered":"<ul>\n<li class=\"cb_FormRow_RightCol_r1b7\">\n<div class=\"cb_FormRow_RightCol_r1b7\"><span class=\"sc-cPiKLX gifmXy\" dir=\"auto\" lang=\"hr\"><strong>Vrhunski<\/strong> i <strong>unikatni<\/strong> <strong>Premium poklon paket<\/strong>, Vrhunsko vino i Artisan \u010dokolada ru\u010dno ra\u0111eno 100% Hrvatski proizvod<\/span><\/div>\n<\/li>\n<li class=\"cb_FormRow_RightCol_r1b7\">\n<div class=\"cb_FormRow_RightCol_r1b7\"><span class=\"sc-cPiKLX gifmXy\" dir=\"auto\" lang=\"hr\"> Crna mat kutija s prozorom i dekoracijom <\/span><\/div>\n<\/li>\n<li class=\"cb_FormRow_RightCol_r1b7\">\n<div class=\"cb_FormRow_RightCol_r1b7\"><span class=\"sc-cPiKLX gifmXy\" dir=\"auto\" lang=\"hr\">Rubinsko crveni Princ vinarije <strong>Cmre\u010dnjak<\/strong>. Profinjeno, elegantno i ugodno gorkasto vino puno okusa zrelih malina, \u0161ljiva i kupina<\/span><\/div>\n<\/li>\n<li class=\"cb_FormRow_RightCol_r1b7\">\n<div class=\"cb_FormRow_RightCol_r1b7\"><span class=\"sc-cPiKLX gifmXy\" dir=\"auto\" lang=\"hr\"> Osvojiti \u0107e Vas meko\u0107om, skladom i okusnom \u010disto\u0107om <\/span><\/div>\n<\/li>\n<li class=\"cb_FormRow_RightCol_r1b7\">\n<div class=\"cb_FormRow_RightCol_r1b7\"><span class=\"sc-cPiKLX gifmXy\" dir=\"auto\" lang=\"hr\">Tamna \u010dokolada s brusnicama i lje\u0161njacima 100 g <strong>Hedona Artisan<\/strong> Chocolates Hedona Artisan Chocolates &#8211; Hand made &#8211; Ru\u010dno ra\u0111eno<\/span><\/div>\n<\/li>\n<li class=\"cb_FormRow_RightCol_r1b7\">\n<div class=\"cb_FormRow_RightCol_r1b7\"><span class=\"sc-cPiKLX gifmXy\" dir=\"auto\" lang=\"hr\"> Tamna \u010dokolada s brusnicama i lje\u0161njacima 100 g. Hedona. Proizvedeno u Hrvatskoj #vinaCmre\u010dnjak <\/span><\/div>\n<\/li>\n<li class=\"cb_FormRow_RightCol_r1b7\">\n<div class=\"cb_FormRow_RightCol_r1b7\"><span class=\"sc-cPiKLX gifmXy\" dir=\"auto\" lang=\"hr\">#hedonaartisanchocolates #VinaCmre\u010dnjak<br \/>\n<\/span><\/div>\n<\/li>\n<li>Naru\u010di dostavu poslovnih poklona online<\/li>\n<\/ul>\n<div><\/div>\n<div><\/div>\n<div><\/div>\n","protected":false},"excerpt":{"rendered":"<ul>\n<li class=\"cb_FormRow_RightCol_r1b7\">\n<div class=\"cb_FormRow_RightCol_r1b7\"><span class=\"sc-cPiKLX gifmXy\" dir=\"auto\" lang=\"hr\"><strong>Vrhunski<\/strong> i <strong>unikatni<\/strong> <strong>Premium poklon paket<\/strong>, Vrhunsko vino i Artisan \u010dokolada ru\u010dno ra\u0111eno 100% Hrvatski proizvod<\/span><\/div>\n<\/li>\n<li class=\"cb_FormRow_RightCol_r1b7\">\n<div class=\"cb_FormRow_RightCol_r1b7\"><span class=\"sc-cPiKLX gifmXy\" dir=\"auto\" lang=\"hr\"> Crna mat kutija s prozorom i dekoracijom <\/span><\/div>\n<\/li>\n<li class=\"cb_FormRow_RightCol_r1b7\">\n<div class=\"cb_FormRow_RightCol_r1b7\"><span class=\"sc-cPiKLX gifmXy\" dir=\"auto\" lang=\"hr\">Rubinsko crveni Princ vinarije <strong>Cmre\u010dnjak<\/strong>. Profinjeno, elegantno i ugodno gorkasto vino puno okusa zrelih malina, \u0161ljiva i kupina<\/span><\/div>\n<\/li>\n<li class=\"cb_FormRow_RightCol_r1b7\">\n<div class=\"cb_FormRow_RightCol_r1b7\"><span class=\"sc-cPiKLX gifmXy\" dir=\"auto\" lang=\"hr\"> Osvojiti \u0107e Vas meko\u0107om, skladom i okusnom \u010disto\u0107om <\/span><\/div>\n<\/li>\n<li class=\"cb_FormRow_RightCol_r1b7\">\n<div class=\"cb_FormRow_RightCol_r1b7\"><span class=\"sc-cPiKLX gifmXy\" dir=\"auto\" lang=\"hr\">Tamna \u010dokolada s brusnicama i lje\u0161njacima 100 g <strong>Hedona Artisan<\/strong> Chocolates Hedona Artisan Chocolates &#8211; Hand made &#8211; Ru\u010dno ra\u0111eno<\/span><\/div>\n<\/li>\n<li class=\"cb_FormRow_RightCol_r1b7\">\n<div class=\"cb_FormRow_RightCol_r1b7\"><span class=\"sc-cPiKLX gifmXy\" dir=\"auto\" lang=\"hr\"> Tamna \u010dokolada s brusnicama i lje\u0161njacima 100 g. Hedona. Proizvedeno u Hrvatskoj #vinaCmre\u010dnjak <\/span><\/div>\n<\/li>\n<li class=\"cb_FormRow_RightCol_r1b7\">\n<div class=\"cb_FormRow_RightCol_r1b7\"><span class=\"sc-cPiKLX gifmXy\" dir=\"auto\" lang=\"hr\">#hedonaartisanchocolates #VinaCmre\u010dnjak<br \/>\n<\/span><\/div>\n<\/li>\n<li>Naru\u010di dostavu poslovnih poklona online<\/li>\n<\/ul>\n<div><\/div>\n<div><\/div>\n<div><\/div>\n","protected":false},"featured_media":17499,"comment_status":"open","ping_status":"closed","template":"","meta":{"_acf_changed":false},"product_brand":[],"product_cat":[385,985,1175,1176,1174,1159,376,560],"product_tag":[1001,2210,2211,1111,2237,2204],"berocket_brand":[588,2212],"class_list":{"0":"post-17498","1":"product","2":"type-product","3":"status-publish","4":"has-post-thumbnail","6":"product_cat-adria-paketi","7":"product_cat-darovni-paketi","8":"product_cat-dostava","9":"product_cat-europa","10":"product_cat-hrvatska","11":"product_cat-nasa-preporuka","12":"product_cat-premium-proizvodi","13":"product_cat-zagreb","14":"product_tag-gift-box-2","15":"product_tag-maderkin-brijeg","16":"product_tag-merlot-maderka","17":"product_tag-poklon-paket","18":"product_tag-poslovni-pokloni","19":"product_tag-vina-cmrecnjak","20":"berocket_brand-cmrecnjak","21":"berocket_brand-hedona-craft-artisan","23":"first","24":"instock","25":"featured","26":"shipping-taxable","27":"purchasable","28":"product-type-simple"},"acf":[],"yoast_head":"<!-- This site is optimized with the Yoast SEO plugin v26.9 - https:\/\/yoast.com\/product\/yoast-seo-wordpress\/ -->\n<title>Pinot Crni Cmre\u010dnjak &amp; Tamna \u010dokolada Hedona Artisan - Adria-Klik.com<\/title>\n<meta name=\"description\" content=\"Pinot Crni Cmre\u010dnjak &amp; Tamna \u010dokolada Hedona Artisan Naru\u010di odmah Adria Klik sigurnu dostavu poklon paketa gift box online\" \/>\n<meta name=\"robots\" content=\"index, follow, max-snippet:-1, max-image-preview:large, max-video-preview:-1\" \/>\n<link rel=\"canonical\" href=\"https:\/\/adria-klik.com\/proizvod\/pinot-crni-cmrecnjak-tamna-cokolada-hedona-artisan\/\" \/>\n<meta property=\"og:locale\" content=\"en_US\" \/>\n<meta property=\"og:type\" content=\"article\" \/>\n<meta property=\"og:title\" content=\"M&amp;M Merci &amp; Mu\u0161kat- Evergreen Darovni Paket! Naru\u010di odmah Adria Klik brzu dostavu! Dostava Odmah zna\u010di odmah!\" \/>\n<meta property=\"og:description\" content=\"M&amp;M Merci &amp; Mu\u0161kat- Evergreen Darovni Paket! Naru\u010di odmah Adria Klik brzu dostavu! Dostava Odmah zna\u010di odmah!\" \/>\n<meta property=\"og:url\" content=\"https:\/\/adria-klik.com\/proizvod\/pinot-crni-cmrecnjak-tamna-cokolada-hedona-artisan\/\" \/>\n<meta property=\"og:site_name\" content=\"Adria-Klik.com\" \/>\n<meta property=\"article:publisher\" content=\"https:\/\/www.facebook.com\/profile.php?id=100064209425136\" \/>\n<meta property=\"article:modified_time\" content=\"2024-08-04T09:37:16+00:00\" \/>\n<meta property=\"og:image\" content=\"https:\/\/adria-klik.com\/wp-content\/uploads\/2021\/01\/MM-Muscat-i-Merci-Gift-Box-Darovni-Adria-Klik-Croatia-Taste-of-Premium-Fast-delivery-Najbrza-dostava-Zagreb-Hrvatska-EU-Glovo-Wolt.jpg\" \/>\n\t<meta property=\"og:image:width\" content=\"1500\" \/>\n\t<meta property=\"og:image:height\" content=\"1500\" \/>\n\t<meta property=\"og:image:type\" content=\"image\/jpeg\" \/>\n<meta name=\"twitter:card\" content=\"summary_large_image\" \/>\n<meta name=\"twitter:title\" content=\"M&amp;M Merci &amp; Mu\u0161kat- Evergreen Darovni Paket! Naru\u010di odmah Adria Klik brzu dostavu! Dostava Odmah zna\u010di odmah!\" \/>\n<meta name=\"twitter:description\" content=\"M&amp;M Merci &amp; Mu\u0161kat- Evergreen Darovni Paket! Naru\u010di odmah Adria Klik brzu dostavu! Dostava Odmah zna\u010di odmah!\" \/>\n<meta name=\"twitter:image\" content=\"https:\/\/adria-klik.com\/wp-content\/uploads\/2021\/01\/MM-Muscat-i-Merci-Gift-Box-Darovni-Adria-Klik-Croatia-Taste-of-Premium-Fast-delivery-Najbrza-dostava-Zagreb-Hrvatska-EU-Glovo-Wolt.jpg\" \/>\n<meta name=\"twitter:label1\" content=\"Est. reading time\" \/>\n\t<meta name=\"twitter:data1\" content=\"1 minute\" \/>\n<script type=\"application\/ld+json\" class=\"yoast-schema-graph\">{\"@context\":\"https:\/\/schema.org\",\"@graph\":[{\"@type\":\"WebPage\",\"@id\":\"https:\/\/adria-klik.com\/proizvod\/pinot-crni-cmrecnjak-tamna-cokolada-hedona-artisan\/\",\"url\":\"https:\/\/adria-klik.com\/proizvod\/pinot-crni-cmrecnjak-tamna-cokolada-hedona-artisan\/\",\"name\":\"Pinot Crni Cmre\u010dnjak & Tamna \u010dokolada Hedona Artisan - Adria-Klik.com\",\"isPartOf\":{\"@id\":\"https:\/\/adria-klik.com\/#website\"},\"primaryImageOfPage\":{\"@id\":\"https:\/\/adria-klik.com\/proizvod\/pinot-crni-cmrecnjak-tamna-cokolada-hedona-artisan\/#primaryimage\"},\"image\":{\"@id\":\"https:\/\/adria-klik.com\/proizvod\/pinot-crni-cmrecnjak-tamna-cokolada-hedona-artisan\/#primaryimage\"},\"thumbnailUrl\":\"https:\/\/adria-klik.com\/wp-content\/uploads\/2024\/08\/Hedona-Artisan-Tamna-cokolada-Pinot-Crni-Cmrecnjak-Premium-wine-Gift-Box-Darovni-Adria-Klik-Croatia-Taste-delivery-dostava-Zagreb-Hrvatska-EU-Glovo-Wolt-Bolt-Food-online.jpg\",\"datePublished\":\"2024-08-04T09:30:18+00:00\",\"dateModified\":\"2024-08-04T09:37:16+00:00\",\"description\":\"Pinot Crni Cmre\u010dnjak & Tamna \u010dokolada Hedona Artisan Naru\u010di odmah Adria Klik sigurnu dostavu poklon paketa gift box online\",\"breadcrumb\":{\"@id\":\"https:\/\/adria-klik.com\/proizvod\/pinot-crni-cmrecnjak-tamna-cokolada-hedona-artisan\/#breadcrumb\"},\"inLanguage\":\"en-US\",\"potentialAction\":[{\"@type\":\"ReadAction\",\"target\":[\"https:\/\/adria-klik.com\/proizvod\/pinot-crni-cmrecnjak-tamna-cokolada-hedona-artisan\/\"]}]},{\"@type\":\"ImageObject\",\"inLanguage\":\"en-US\",\"@id\":\"https:\/\/adria-klik.com\/proizvod\/pinot-crni-cmrecnjak-tamna-cokolada-hedona-artisan\/#primaryimage\",\"url\":\"https:\/\/adria-klik.com\/wp-content\/uploads\/2024\/08\/Hedona-Artisan-Tamna-cokolada-Pinot-Crni-Cmrecnjak-Premium-wine-Gift-Box-Darovni-Adria-Klik-Croatia-Taste-delivery-dostava-Zagreb-Hrvatska-EU-Glovo-Wolt-Bolt-Food-online.jpg\",\"contentUrl\":\"https:\/\/adria-klik.com\/wp-content\/uploads\/2024\/08\/Hedona-Artisan-Tamna-cokolada-Pinot-Crni-Cmrecnjak-Premium-wine-Gift-Box-Darovni-Adria-Klik-Croatia-Taste-delivery-dostava-Zagreb-Hrvatska-EU-Glovo-Wolt-Bolt-Food-online.jpg\",\"width\":1500,\"height\":1500,\"caption\":\"| Adria-Klik Supply webshop trgovina dostava namirnica, vina, craft piva i delicija Superbrza dostava Zagreb Wolt Glovo Bolt-Food i Hrvatska i EU DPD GLS - vinska logistika #kupujmohrvatsko Naru\u00c3\u201e\u00c2\u008di dostavu Adria Klik dostava Namirnica, Vina, Craft piva, Delicija, Organsko, Eko, Bio, ekskluzivan izbor domacih vinara! Unikati pokloni Bontonic Canna Mariniana, CBD CBG Croatia Organic HEMP industrijska konoplja Cannabiotics Cannabiotics CroCanna Devetka Free Spirit Me\u00c3\u201e\u00e2\u20ac\u02dcimurje Greenall's Original Johhnie Walker Karlova\u00c3\u201e\u00c2\u008dko Kostelac rakije LAB Split pivovara Lepi De\u00c3\u201e\u00c2\u008dki Li\u00c3\u201e\u00c2\u008danka Pivovara Nova Runda Nova Runda OPG Marevi\u00c3\u201e\u00e2\u20ac\u00a1 Palihni\u00c3\u201e\u00e2\u20ac\u00a1 Pelje\u00c3\u2026\u00c2\u00a1ki Vrhovi - PZ Janjina Pelje\u00c3\u2026\u00c2\u00a1ki Vrhovi - PZ Janjina Ravalico Saperlot Saperlot Brewery StartCBD Tvornica leda Velebitska Degenija Vislander Vislander Vislander Vislander Volimljuto Zlatarna \u00c3\u2026\u00c2\u00a0iroka 2Storije aDorable aDorable Adria Darovni Poklon Paketi Argeta Argeta Azrri Azrri Bel-Cro Bel-Cro Benediktinke Sv. Marije Zadar Benediktinke Sv. Marije Zadar Benediktinke Zadar Benediktinke Zadar Bobi Snacks Buzdovan Buzdovan cchellenic Cmre\u00c3\u201e\u00c2\u008dnjak Cmre\u00c3\u201e\u00c2\u008dnjak Coca-Cola Coca-Cola Hrvatska Cockta Cogito Coffee Cogito Coffee \u00c3\u201e\u00c2\u0090akova\u00c3\u201e\u00c2\u008dka Vina \u00c3\u201e\u00c2\u0090akovo vina ekoEna ekoEna Elda Fentimans Feravino Ferrero Franck Gordon's Grad-Export Gray Goose Gray Goose Greenalls Greenalls Gin Greenalls Gin Original British Heineken Hrvatska Jagermeister Jagermeister Jaguni\u00c3\u201e\u00e2\u20ac\u00a1 Vina Jamnica Jamnica Jana Jana Josi\u00c3\u201e\u00e2\u20ac\u00a1 vinarija Kinder Konoplja.shop Kra\u00c3\u2026\u00c2\u00a1 Kutjevo Kutjevo Labud Latus Mljekara Istra Latus Mljekara Istra Lay's Lay's Chips Maraska Merci Storck Mljekara Latus Mljekara Latus Istra Na\u00c3\u2026\u00c2\u00a1 Okus Na\u00c3\u2026\u00c2\u00a1 Okus Nescafe OPG Cari\u00c3\u201e\u00e2\u20ac\u00a1 Papak Ilok Pavlomir Pavlomir Vinska Ku\u00c3\u201e\u00e2\u20ac\u00a1a Pivovara Medvedgrad Pringles \/ Kellogg's Red Bull \u00c3\u2026\u00c2\u00a0ibenska Pivovara \u00c3\u2026\u00c2\u00a0ibenska Pivovara (5) SMID SMID Taman Artisan Chocolates Thomas Henry Tuc Krekeri Valenta Family Wines Vina Grgurevi\u00c3\u201e\u00e2\u20ac\u00a1 Vina Grgurevi\u00c3\u201e\u00e2\u20ac\u00a1 Vinarija Benkovac Vinarija Mik\u00c3\u2026\u00c2\u00a1a Vislander Vina i Rakije Vizba Valandovo Vizba Valandovo Makedonija\"},{\"@type\":\"BreadcrumbList\",\"@id\":\"https:\/\/adria-klik.com\/proizvod\/pinot-crni-cmrecnjak-tamna-cokolada-hedona-artisan\/#breadcrumb\",\"itemListElement\":[{\"@type\":\"ListItem\",\"position\":1,\"name\":\"Po\u010detna stranica\",\"item\":\"https:\/\/adria-klik.com\/en\/\"},{\"@type\":\"ListItem\",\"position\":2,\"name\":\"Shop\",\"item\":\"https:\/\/adria-klik.com\/shop\/\"},{\"@type\":\"ListItem\",\"position\":3,\"name\":\"Pinot Crni Cmre\u010dnjak &#038; Tamna \u010dokolada Hedona Artisan\"}]},{\"@type\":\"WebSite\",\"@id\":\"https:\/\/adria-klik.com\/#website\",\"url\":\"https:\/\/adria-klik.com\/\",\"name\":\"Adria-Klik.com\",\"description\":\"Unikatni poklon paketi, Vina, Craft pivo &amp; Delicije - webshop\",\"publisher\":{\"@id\":\"https:\/\/adria-klik.com\/#organization\"},\"potentialAction\":[{\"@type\":\"SearchAction\",\"target\":{\"@type\":\"EntryPoint\",\"urlTemplate\":\"https:\/\/adria-klik.com\/?s={search_term_string}\"},\"query-input\":{\"@type\":\"PropertyValueSpecification\",\"valueRequired\":true,\"valueName\":\"search_term_string\"}}],\"inLanguage\":\"en-US\"},{\"@type\":\"Organization\",\"@id\":\"https:\/\/adria-klik.com\/#organization\",\"name\":\"Adria-Klik.com\",\"alternateName\":\"AK\",\"url\":\"https:\/\/adria-klik.com\/\",\"logo\":{\"@type\":\"ImageObject\",\"inLanguage\":\"en-US\",\"@id\":\"https:\/\/adria-klik.com\/#\/schema\/logo\/image\/\",\"url\":\"https:\/\/adria-klik.com\/wp-content\/uploads\/2025\/12\/Adria-Klik_com-logo-namirnice-vina-craft-pivo-delikatese-delicije-artisan-cokolada.jpg\",\"contentUrl\":\"https:\/\/adria-klik.com\/wp-content\/uploads\/2025\/12\/Adria-Klik_com-logo-namirnice-vina-craft-pivo-delikatese-delicije-artisan-cokolada.jpg\",\"width\":500,\"height\":500,\"caption\":\"Adria-Klik.com\"},\"image\":{\"@id\":\"https:\/\/adria-klik.com\/#\/schema\/logo\/image\/\"},\"sameAs\":[\"https:\/\/www.facebook.com\/profile.php?id=100064209425136\",\"https:\/\/www.instagram.com\/adriaklik\/\",\"https:\/\/www.youtube.com\/user\/PlavacmaliZagreb\"]}]}<\/script>\n<!-- \/ Yoast SEO plugin. -->","yoast_head_json":{"title":"Pinot Crni Cmre\u010dnjak & Tamna \u010dokolada Hedona Artisan - Adria-Klik.com","description":"Pinot Crni Cmre\u010dnjak & Tamna \u010dokolada Hedona Artisan Naru\u010di odmah Adria Klik sigurnu dostavu poklon paketa gift box online","robots":{"index":"index","follow":"follow","max-snippet":"max-snippet:-1","max-image-preview":"max-image-preview:large","max-video-preview":"max-video-preview:-1"},"canonical":"https:\/\/adria-klik.com\/proizvod\/pinot-crni-cmrecnjak-tamna-cokolada-hedona-artisan\/","og_locale":"en_US","og_type":"article","og_title":"M&M Merci & Mu\u0161kat- Evergreen Darovni Paket! Naru\u010di odmah Adria Klik brzu dostavu! Dostava Odmah zna\u010di odmah!","og_description":"M&M Merci & Mu\u0161kat- Evergreen Darovni Paket! Naru\u010di odmah Adria Klik brzu dostavu! Dostava Odmah zna\u010di odmah!","og_url":"https:\/\/adria-klik.com\/proizvod\/pinot-crni-cmrecnjak-tamna-cokolada-hedona-artisan\/","og_site_name":"Adria-Klik.com","article_publisher":"https:\/\/www.facebook.com\/profile.php?id=100064209425136","article_modified_time":"2024-08-04T09:37:16+00:00","og_image":[{"width":1500,"height":1500,"url":"https:\/\/adria-klik.com\/wp-content\/uploads\/2021\/01\/MM-Muscat-i-Merci-Gift-Box-Darovni-Adria-Klik-Croatia-Taste-of-Premium-Fast-delivery-Najbrza-dostava-Zagreb-Hrvatska-EU-Glovo-Wolt.jpg","type":"image\/jpeg"}],"twitter_card":"summary_large_image","twitter_title":"M&M Merci & Mu\u0161kat- Evergreen Darovni Paket! Naru\u010di odmah Adria Klik brzu dostavu! Dostava Odmah zna\u010di odmah!","twitter_description":"M&M Merci & Mu\u0161kat- Evergreen Darovni Paket! Naru\u010di odmah Adria Klik brzu dostavu! Dostava Odmah zna\u010di odmah!","twitter_image":"https:\/\/adria-klik.com\/wp-content\/uploads\/2021\/01\/MM-Muscat-i-Merci-Gift-Box-Darovni-Adria-Klik-Croatia-Taste-of-Premium-Fast-delivery-Najbrza-dostava-Zagreb-Hrvatska-EU-Glovo-Wolt.jpg","twitter_misc":{"Est. reading time":"1 minute"},"schema":{"@context":"https:\/\/schema.org","@graph":[{"@type":"WebPage","@id":"https:\/\/adria-klik.com\/proizvod\/pinot-crni-cmrecnjak-tamna-cokolada-hedona-artisan\/","url":"https:\/\/adria-klik.com\/proizvod\/pinot-crni-cmrecnjak-tamna-cokolada-hedona-artisan\/","name":"Pinot Crni Cmre\u010dnjak & Tamna \u010dokolada Hedona Artisan - Adria-Klik.com","isPartOf":{"@id":"https:\/\/adria-klik.com\/#website"},"primaryImageOfPage":{"@id":"https:\/\/adria-klik.com\/proizvod\/pinot-crni-cmrecnjak-tamna-cokolada-hedona-artisan\/#primaryimage"},"image":{"@id":"https:\/\/adria-klik.com\/proizvod\/pinot-crni-cmrecnjak-tamna-cokolada-hedona-artisan\/#primaryimage"},"thumbnailUrl":"https:\/\/adria-klik.com\/wp-content\/uploads\/2024\/08\/Hedona-Artisan-Tamna-cokolada-Pinot-Crni-Cmrecnjak-Premium-wine-Gift-Box-Darovni-Adria-Klik-Croatia-Taste-delivery-dostava-Zagreb-Hrvatska-EU-Glovo-Wolt-Bolt-Food-online.jpg","datePublished":"2024-08-04T09:30:18+00:00","dateModified":"2024-08-04T09:37:16+00:00","description":"Pinot Crni Cmre\u010dnjak & Tamna \u010dokolada Hedona Artisan Naru\u010di odmah Adria Klik sigurnu dostavu poklon paketa gift box online","breadcrumb":{"@id":"https:\/\/adria-klik.com\/proizvod\/pinot-crni-cmrecnjak-tamna-cokolada-hedona-artisan\/#breadcrumb"},"inLanguage":"en-US","potentialAction":[{"@type":"ReadAction","target":["https:\/\/adria-klik.com\/proizvod\/pinot-crni-cmrecnjak-tamna-cokolada-hedona-artisan\/"]}]},{"@type":"ImageObject","inLanguage":"en-US","@id":"https:\/\/adria-klik.com\/proizvod\/pinot-crni-cmrecnjak-tamna-cokolada-hedona-artisan\/#primaryimage","url":"https:\/\/adria-klik.com\/wp-content\/uploads\/2024\/08\/Hedona-Artisan-Tamna-cokolada-Pinot-Crni-Cmrecnjak-Premium-wine-Gift-Box-Darovni-Adria-Klik-Croatia-Taste-delivery-dostava-Zagreb-Hrvatska-EU-Glovo-Wolt-Bolt-Food-online.jpg","contentUrl":"https:\/\/adria-klik.com\/wp-content\/uploads\/2024\/08\/Hedona-Artisan-Tamna-cokolada-Pinot-Crni-Cmrecnjak-Premium-wine-Gift-Box-Darovni-Adria-Klik-Croatia-Taste-delivery-dostava-Zagreb-Hrvatska-EU-Glovo-Wolt-Bolt-Food-online.jpg","width":1500,"height":1500,"caption":"| Adria-Klik Supply webshop trgovina dostava namirnica, vina, craft piva i delicija Superbrza dostava Zagreb Wolt Glovo Bolt-Food i Hrvatska i EU DPD GLS - vinska logistika #kupujmohrvatsko Naru\u00c3\u201e\u00c2\u008di dostavu Adria Klik dostava Namirnica, Vina, Craft piva, Delicija, Organsko, Eko, Bio, ekskluzivan izbor domacih vinara! Unikati pokloni Bontonic Canna Mariniana, CBD CBG Croatia Organic HEMP industrijska konoplja Cannabiotics Cannabiotics CroCanna Devetka Free Spirit Me\u00c3\u201e\u00e2\u20ac\u02dcimurje Greenall's Original Johhnie Walker Karlova\u00c3\u201e\u00c2\u008dko Kostelac rakije LAB Split pivovara Lepi De\u00c3\u201e\u00c2\u008dki Li\u00c3\u201e\u00c2\u008danka Pivovara Nova Runda Nova Runda OPG Marevi\u00c3\u201e\u00e2\u20ac\u00a1 Palihni\u00c3\u201e\u00e2\u20ac\u00a1 Pelje\u00c3\u2026\u00c2\u00a1ki Vrhovi - PZ Janjina Pelje\u00c3\u2026\u00c2\u00a1ki Vrhovi - PZ Janjina Ravalico Saperlot Saperlot Brewery StartCBD Tvornica leda Velebitska Degenija Vislander Vislander Vislander Vislander Volimljuto Zlatarna \u00c3\u2026\u00c2\u00a0iroka 2Storije aDorable aDorable Adria Darovni Poklon Paketi Argeta Argeta Azrri Azrri Bel-Cro Bel-Cro Benediktinke Sv. Marije Zadar Benediktinke Sv. Marije Zadar Benediktinke Zadar Benediktinke Zadar Bobi Snacks Buzdovan Buzdovan cchellenic Cmre\u00c3\u201e\u00c2\u008dnjak Cmre\u00c3\u201e\u00c2\u008dnjak Coca-Cola Coca-Cola Hrvatska Cockta Cogito Coffee Cogito Coffee \u00c3\u201e\u00c2\u0090akova\u00c3\u201e\u00c2\u008dka Vina \u00c3\u201e\u00c2\u0090akovo vina ekoEna ekoEna Elda Fentimans Feravino Ferrero Franck Gordon's Grad-Export Gray Goose Gray Goose Greenalls Greenalls Gin Greenalls Gin Original British Heineken Hrvatska Jagermeister Jagermeister Jaguni\u00c3\u201e\u00e2\u20ac\u00a1 Vina Jamnica Jamnica Jana Jana Josi\u00c3\u201e\u00e2\u20ac\u00a1 vinarija Kinder Konoplja.shop Kra\u00c3\u2026\u00c2\u00a1 Kutjevo Kutjevo Labud Latus Mljekara Istra Latus Mljekara Istra Lay's Lay's Chips Maraska Merci Storck Mljekara Latus Mljekara Latus Istra Na\u00c3\u2026\u00c2\u00a1 Okus Na\u00c3\u2026\u00c2\u00a1 Okus Nescafe OPG Cari\u00c3\u201e\u00e2\u20ac\u00a1 Papak Ilok Pavlomir Pavlomir Vinska Ku\u00c3\u201e\u00e2\u20ac\u00a1a Pivovara Medvedgrad Pringles \/ Kellogg's Red Bull \u00c3\u2026\u00c2\u00a0ibenska Pivovara \u00c3\u2026\u00c2\u00a0ibenska Pivovara (5) SMID SMID Taman Artisan Chocolates Thomas Henry Tuc Krekeri Valenta Family Wines Vina Grgurevi\u00c3\u201e\u00e2\u20ac\u00a1 Vina Grgurevi\u00c3\u201e\u00e2\u20ac\u00a1 Vinarija Benkovac Vinarija Mik\u00c3\u2026\u00c2\u00a1a Vislander Vina i Rakije Vizba Valandovo Vizba Valandovo Makedonija"},{"@type":"BreadcrumbList","@id":"https:\/\/adria-klik.com\/proizvod\/pinot-crni-cmrecnjak-tamna-cokolada-hedona-artisan\/#breadcrumb","itemListElement":[{"@type":"ListItem","position":1,"name":"Po\u010detna stranica","item":"https:\/\/adria-klik.com\/en\/"},{"@type":"ListItem","position":2,"name":"Shop","item":"https:\/\/adria-klik.com\/shop\/"},{"@type":"ListItem","position":3,"name":"Pinot Crni Cmre\u010dnjak &#038; Tamna \u010dokolada Hedona Artisan"}]},{"@type":"WebSite","@id":"https:\/\/adria-klik.com\/#website","url":"https:\/\/adria-klik.com\/","name":"Adria-Klik.com","description":"Unikatni poklon paketi, Vina, Craft pivo &amp; Delicije - webshop","publisher":{"@id":"https:\/\/adria-klik.com\/#organization"},"potentialAction":[{"@type":"SearchAction","target":{"@type":"EntryPoint","urlTemplate":"https:\/\/adria-klik.com\/?s={search_term_string}"},"query-input":{"@type":"PropertyValueSpecification","valueRequired":true,"valueName":"search_term_string"}}],"inLanguage":"en-US"},{"@type":"Organization","@id":"https:\/\/adria-klik.com\/#organization","name":"Adria-Klik.com","alternateName":"AK","url":"https:\/\/adria-klik.com\/","logo":{"@type":"ImageObject","inLanguage":"en-US","@id":"https:\/\/adria-klik.com\/#\/schema\/logo\/image\/","url":"https:\/\/adria-klik.com\/wp-content\/uploads\/2025\/12\/Adria-Klik_com-logo-namirnice-vina-craft-pivo-delikatese-delicije-artisan-cokolada.jpg","contentUrl":"https:\/\/adria-klik.com\/wp-content\/uploads\/2025\/12\/Adria-Klik_com-logo-namirnice-vina-craft-pivo-delikatese-delicije-artisan-cokolada.jpg","width":500,"height":500,"caption":"Adria-Klik.com"},"image":{"@id":"https:\/\/adria-klik.com\/#\/schema\/logo\/image\/"},"sameAs":["https:\/\/www.facebook.com\/profile.php?id=100064209425136","https:\/\/www.instagram.com\/adriaklik\/","https:\/\/www.youtube.com\/user\/PlavacmaliZagreb"]}]}},"jetpack_sharing_enabled":true,"jetpack-related-posts":[],"_links":{"self":[{"href":"https:\/\/adria-klik.com\/en\/wp-json\/wp\/v2\/product\/17498","targetHints":{"allow":["GET"]}}],"collection":[{"href":"https:\/\/adria-klik.com\/en\/wp-json\/wp\/v2\/product"}],"about":[{"href":"https:\/\/adria-klik.com\/en\/wp-json\/wp\/v2\/types\/product"}],"replies":[{"embeddable":true,"href":"https:\/\/adria-klik.com\/en\/wp-json\/wp\/v2\/comments?post=17498"}],"wp:featuredmedia":[{"embeddable":true,"href":"https:\/\/adria-klik.com\/en\/wp-json\/wp\/v2\/media\/17499"}],"wp:attachment":[{"href":"https:\/\/adria-klik.com\/en\/wp-json\/wp\/v2\/media?parent=17498"}],"wp:term":[{"taxonomy":"product_brand","embeddable":true,"href":"https:\/\/adria-klik.com\/en\/wp-json\/wp\/v2\/product_brand?post=17498"},{"taxonomy":"product_cat","embeddable":true,"href":"https:\/\/adria-klik.com\/en\/wp-json\/wp\/v2\/product_cat?post=17498"},{"taxonomy":"product_tag","embeddable":true,"href":"https:\/\/adria-klik.com\/en\/wp-json\/wp\/v2\/product_tag?post=17498"},{"taxonomy":"berocket_brand","embeddable":true,"href":"https:\/\/adria-klik.com\/en\/wp-json\/wp\/v2\/berocket_brand?post=17498"}],"curies":[{"name":"wp","href":"https:\/\/api.w.org\/{rel}","templated":true}]}}