{"id":17527,"date":"2024-08-08T00:37:51","date_gmt":"2024-08-07T22:37:51","guid":{"rendered":"https:\/\/adria-klik.com\/?post_type=product&#038;p=17527"},"modified":"2025-12-06T01:43:37","modified_gmt":"2025-12-06T00:43:37","slug":"novo-strukani-pelin-pelinkovac-antique-limuncini","status":"publish","type":"product","link":"https:\/\/adria-klik.com\/en\/proizvod\/novo-strukani-pelin-pelinkovac-antique-limuncini\/","title":{"rendered":"NOVO! &#8220;\u0160trukani Pelin&#8221; Pelinkovac Antique + Limuncini"},"content":{"rendered":"<ul>\n<li><span class=\"sc-cPiKLX gifmXy\" dir=\"auto\" lang=\"hr\"><strong>Unikatni premium poklon paket!<\/strong> <\/span><\/li>\n<li><strong><span class=\"sc-cPiKLX gifmXy\" dir=\"auto\" lang=\"hr\">&#8221; \u0160TRUKANI PELIN&#8221; ANTIQUE PELINKOVAC 0,7l I LIMUNCINI OPG HAPPY CITRUS ORGANIC 100 g.<\/span><\/strong><\/li>\n<li><span class=\"sc-cPiKLX gifmXy\" dir=\"auto\" lang=\"hr\">Crna mat kutija s prozorom i dekoracijom<\/span><\/li>\n<li><span class=\"sc-AHaJN eYogQn\" dir=\"auto\" lang=\"hr\">ANTIQUE PELINKOVAC najstariji je i najpoznatiji Badelov premium biljni liker, ali i jedno od najintrigantnijih hrvatskih pi\u0107a<\/span><\/li>\n<li class=\"sc-hDbpAC DqDrG\">\n<div class=\"sc-hDbpAC DqDrG\"><span class=\"sc-AHaJN eYogQn\" dir=\"auto\" lang=\"hr\"> Proizvod datira iz davne 1862. godine kada je i osnovana tvrtka Badel 1862. Osmislio ga je Franjo Pokorny, trgovac i utemeljitelj tvrtke Badel 1862.<\/span><\/div>\n<\/li>\n<li class=\"sc-hDbpAC DqDrG\">\n<div class=\"sc-hDbpAC DqDrG\"><span class=\"sc-AHaJN eYogQn\" dir=\"auto\" lang=\"hr\"> U to vrijeme, Antique se prodavao isklju\u010divo u ljekarnama pod preporukom \u201e\u017eeluda\u010dno okrepljuju\u0107e sredstvo\u201c.<\/span><\/div>\n<\/li>\n<li class=\"sc-hDbpAC DqDrG\">\n<div class=\"sc-hDbpAC DqDrG\"><span class=\"sc-AHaJN eYogQn\" dir=\"auto\" lang=\"hr\">Bio je toliko tra\u017een da je Franjo Pokorny postao dobavlja\u010d ovog fantasti\u010dnog likera \u010dak za be\u010dki i francuski dvor, a prema zapisima ve\u0107 se u to doba izvozio i u Ameriku<\/span><\/div>\n<\/li>\n<li class=\"sc-hDbpAC DqDrG\">\n<div class=\"sc-hDbpAC DqDrG\"><span class=\"sc-AHaJN eYogQn\" dir=\"auto\" lang=\"hr\"> Receptura prema kojoj je proizveden Badel Antique Pelinkovac najstarija je i dobro \u010duvana receptura u arhivi Badela 1862, u njenom sastavu nalazi se nezaobilazan pelin, a originalna boca u kakvoj se proizvod prodaje i danas \u010duva se u Muzeju grada Zagreba.<\/span><\/div>\n<\/li>\n<\/ul>\n","protected":false},"excerpt":{"rendered":"<ul>\n<li><span class=\"sc-cPiKLX gifmXy\" dir=\"auto\" lang=\"hr\"><strong>Unikatni premium poklon paket!<\/strong> <\/span><\/li>\n<li><strong><span class=\"sc-cPiKLX gifmXy\" dir=\"auto\" lang=\"hr\">&#8221; \u0160TRUKANI PELIN&#8221; ANTIQUE PELINKOVAC 0,7l I LIMUNCINI OPG HAPPY CITRUS ORGANIC 100 g.<\/span><\/strong><\/li>\n<li><span class=\"sc-cPiKLX gifmXy\" dir=\"auto\" lang=\"hr\">Crna mat kutija s prozorom i dekoracijom<\/span><\/li>\n<li><span class=\"sc-AHaJN eYogQn\" dir=\"auto\" lang=\"hr\">ANTIQUE PELINKOVAC najstariji je i najpoznatiji Badelov premium biljni liker, ali i jedno od najintrigantnijih hrvatskih pi\u0107a<\/span><\/li>\n<li>Naru\u010di dostavu unikatnih poklon paketa<\/li>\n<\/ul>\n","protected":false},"featured_media":17528,"comment_status":"open","ping_status":"closed","template":"","meta":{"_acf_changed":false},"product_brand":[],"product_cat":[985,1175,1176,1174,1159,619,376,1825,560],"product_tag":[2109,1335,1332,1111,2237,1172,2253,2252,2103],"berocket_brand":[2246],"class_list":{"0":"post-17527","1":"product","2":"type-product","3":"status-publish","4":"has-post-thumbnail","6":"product_cat-darovni-paketi","7":"product_cat-dostava","8":"product_cat-europa","9":"product_cat-hrvatska","10":"product_cat-nasa-preporuka","11":"product_cat-okusi_adriu","12":"product_cat-premium-proizvodi","13":"product_cat-uncategorized","14":"product_cat-zagreb","15":"product_tag-badel-antique","16":"product_tag-dostava-rakija-i-likera","17":"product_tag-hrvatski-pelinkovac","18":"product_tag-poklon-paket","19":"product_tag-poslovni-pokloni","20":"product_tag-premium-proizvod","21":"product_tag-rodendan-poklon","22":"product_tag-strukani-pelin","23":"product_tag-tradicionalni-hrvatski-liker","24":"berocket_brand-opg-happy-citrus","26":"first","27":"instock","28":"sale","29":"featured","30":"shipping-taxable","31":"purchasable","32":"product-type-simple"},"acf":[],"yoast_head":"<!-- This site is optimized with the Yoast SEO plugin v26.9 - https:\/\/yoast.com\/product\/yoast-seo-wordpress\/ -->\n<title>NOVO! &quot;\u0160trukani Pelin&quot; Pelinkovac Antique + Limuncini - Adria-Klik.com<\/title>\n<meta name=\"description\" content=\"Unikatni premium poklon paket!&quot; \u0160TRUKANI PELIN&quot; ANTIQUE PELINKOVAC 0,7l I LIMUNCINI OPG HAPPY CITRUS ORGANIC 100 g.Crna mat kutija s prozorom i dekoracijom\" \/>\n<meta name=\"robots\" content=\"index, follow, max-snippet:-1, max-image-preview:large, max-video-preview:-1\" \/>\n<link rel=\"canonical\" href=\"https:\/\/adria-klik.com\/proizvod\/novo-strukani-pelin-pelinkovac-antique-limuncini\/\" \/>\n<meta property=\"og:locale\" content=\"en_US\" \/>\n<meta property=\"og:type\" content=\"article\" \/>\n<meta property=\"og:title\" content=\"Pelinkovac 0,7l Maraska Zadar Pelinkovac Zadar Maraska sa svojim orginalnim na\u010dinom proizvodnje - Naru\u010di dostavu Maraska proizvoda\" \/>\n<meta property=\"og:description\" content=\"Pelinkovac 0,7l Maraska Zadar Pelinkovac Zadar Maraska sa svojim orginalnim na\u010dinom proizvodnje - Naru\u010di dostavu Maraska proizvoda\" \/>\n<meta property=\"og:url\" content=\"https:\/\/adria-klik.com\/proizvod\/novo-strukani-pelin-pelinkovac-antique-limuncini\/\" \/>\n<meta property=\"og:site_name\" content=\"Adria-Klik.com\" \/>\n<meta property=\"article:publisher\" content=\"https:\/\/www.facebook.com\/profile.php?id=100064209425136\" \/>\n<meta property=\"article:modified_time\" content=\"2025-12-06T00:43:37+00:00\" \/>\n<meta property=\"og:image\" content=\"https:\/\/adria-klik.com\/wp-content\/uploads\/2021\/05\/hrvatski-pelinkovac-biljni-liker-velebitske-rakije-degenja-svecenicke-rakije-kupipovoljno-adria-klik-brza-dostava-zagreb-internet-ducan-shop-Fastest-delivery-in-zagreb-groceries-supermaket-hrvatska.jpg\" \/>\n\t<meta property=\"og:image:width\" content=\"1500\" \/>\n\t<meta property=\"og:image:height\" content=\"1500\" \/>\n\t<meta property=\"og:image:type\" content=\"image\/jpeg\" \/>\n<meta name=\"twitter:card\" content=\"summary_large_image\" \/>\n<meta name=\"twitter:title\" content=\"HrvatPelinkovac 0,7l Maraska Zadar Pelinkovac Zadar Maraska sa svojim orginalnim na\u010dinom proizvodnje - Naru\u010di dostavu Maraska proizvoda\" \/>\n<meta name=\"twitter:description\" content=\"Pelinkovac 0,7l Maraska Zadar Pelinkovac Zadar Maraska sa svojim orginalnim na\u010dinom proizvodnje - Naru\u010di dostavu Maraska proizvoda\" \/>\n<meta name=\"twitter:image\" content=\"https:\/\/adria-klik.com\/wp-content\/uploads\/2021\/05\/hrvatski-pelinkovac-biljni-liker-velebitske-rakije-degenja-svecenicke-rakije-kupipovoljno-adria-klik-brza-dostava-zagreb-internet-ducan-shop-Fastest-delivery-in-zagreb-groceries-supermaket-hrvatska.jpg\" \/>\n<meta name=\"twitter:label1\" content=\"Est. reading time\" \/>\n\t<meta name=\"twitter:data1\" content=\"2 minutes\" \/>\n<script type=\"application\/ld+json\" class=\"yoast-schema-graph\">{\"@context\":\"https:\/\/schema.org\",\"@graph\":[{\"@type\":\"WebPage\",\"@id\":\"https:\/\/adria-klik.com\/proizvod\/novo-strukani-pelin-pelinkovac-antique-limuncini\/\",\"url\":\"https:\/\/adria-klik.com\/proizvod\/novo-strukani-pelin-pelinkovac-antique-limuncini\/\",\"name\":\"NOVO! \\\"\u0160trukani Pelin\\\" Pelinkovac Antique + Limuncini - Adria-Klik.com\",\"isPartOf\":{\"@id\":\"https:\/\/adria-klik.com\/#website\"},\"primaryImageOfPage\":{\"@id\":\"https:\/\/adria-klik.com\/proizvod\/novo-strukani-pelin-pelinkovac-antique-limuncini\/#primaryimage\"},\"image\":{\"@id\":\"https:\/\/adria-klik.com\/proizvod\/novo-strukani-pelin-pelinkovac-antique-limuncini\/#primaryimage\"},\"thumbnailUrl\":\"https:\/\/adria-klik.com\/wp-content\/uploads\/2024\/08\/Strukani-Pelinkovac-Antique-07lLimuncini-happy-citrus-poklon-pakat-premium-unikat-box-Adria-Klik-Taste-of-Premium-Croatia-Fast-delivery-EU-DPP-GLS-Wolt-Glovo-Bolt-Food-dostava-pokona.jpg\",\"datePublished\":\"2024-08-07T22:37:51+00:00\",\"dateModified\":\"2025-12-06T00:43:37+00:00\",\"description\":\"Unikatni premium poklon paket!\\\" \u0160TRUKANI PELIN\\\" ANTIQUE PELINKOVAC 0,7l I LIMUNCINI OPG HAPPY CITRUS ORGANIC 100 g.Crna mat kutija s prozorom i dekoracijom\",\"breadcrumb\":{\"@id\":\"https:\/\/adria-klik.com\/proizvod\/novo-strukani-pelin-pelinkovac-antique-limuncini\/#breadcrumb\"},\"inLanguage\":\"en-US\",\"potentialAction\":[{\"@type\":\"ReadAction\",\"target\":[\"https:\/\/adria-klik.com\/proizvod\/novo-strukani-pelin-pelinkovac-antique-limuncini\/\"]}]},{\"@type\":\"ImageObject\",\"inLanguage\":\"en-US\",\"@id\":\"https:\/\/adria-klik.com\/proizvod\/novo-strukani-pelin-pelinkovac-antique-limuncini\/#primaryimage\",\"url\":\"https:\/\/adria-klik.com\/wp-content\/uploads\/2024\/08\/Strukani-Pelinkovac-Antique-07lLimuncini-happy-citrus-poklon-pakat-premium-unikat-box-Adria-Klik-Taste-of-Premium-Croatia-Fast-delivery-EU-DPP-GLS-Wolt-Glovo-Bolt-Food-dostava-pokona.jpg\",\"contentUrl\":\"https:\/\/adria-klik.com\/wp-content\/uploads\/2024\/08\/Strukani-Pelinkovac-Antique-07lLimuncini-happy-citrus-poklon-pakat-premium-unikat-box-Adria-Klik-Taste-of-Premium-Croatia-Fast-delivery-EU-DPP-GLS-Wolt-Glovo-Bolt-Food-dostava-pokona.jpg\",\"width\":1500,\"height\":1500,\"caption\":\"| Adria-Klik Supply webshop trgovina dostava namirnica, vina, craft piva i delicija Superbrza dostava Zagreb Wolt Glovo Bolt-Food i Hrvatska i EU DPD GLS - vinska logistika #kupujmohrvatsko Naru\u00c3\u201e\u00c2\u008di dostavu Adria Klik dostava Namirnica, Vina, Craft piva, Delicija, Organsko, Eko, Bio, ekskluzivan izbor domacih vinara! Unikati pokloni Bontonic Canna Mariniana, CBD CBG Croatia Organic HEMP industrijska konoplja Cannabiotics Cannabiotics CroCanna Devetka Free Spirit Me\u00c3\u201e\u00e2\u20ac\u02dcimurje Greenall's Original Johhnie Walker Karlova\u00c3\u201e\u00c2\u008dko Kostelac rakije LAB Split pivovara Lepi De\u00c3\u201e\u00c2\u008dki Li\u00c3\u201e\u00c2\u008danka Pivovara Nova Runda Nova Runda OPG Marevi\u00c3\u201e\u00e2\u20ac\u00a1 Palihni\u00c3\u201e\u00e2\u20ac\u00a1 Pelje\u00c3\u2026\u00c2\u00a1ki Vrhovi - PZ Janjina Pelje\u00c3\u2026\u00c2\u00a1ki Vrhovi - PZ Janjina Ravalico Saperlot Saperlot Brewery StartCBD Tvornica leda Velebitska Degenija Vislander Vislander Vislander Vislander Volimljuto Zlatarna \u00c3\u2026\u00c2\u00a0iroka 2Storije aDorable aDorable Adria Darovni Poklon Paketi Argeta Argeta Azrri Azrri Bel-Cro Bel-Cro Benediktinke Sv. Marije Zadar Benediktinke Sv. Marije Zadar Benediktinke Zadar Benediktinke Zadar Bobi Snacks Buzdovan Buzdovan cchellenic Cmre\u00c3\u201e\u00c2\u008dnjak Cmre\u00c3\u201e\u00c2\u008dnjak Coca-Cola Coca-Cola Hrvatska Cockta Cogito Coffee Cogito Coffee \u00c3\u201e\u00c2\u0090akova\u00c3\u201e\u00c2\u008dka Vina \u00c3\u201e\u00c2\u0090akovo vina ekoEna ekoEna Elda Fentimans Feravino Ferrero Franck Gordon's Grad-Export Gray Goose Gray Goose Greenalls Greenalls Gin Greenalls Gin Original British Heineken Hrvatska Jagermeister Jagermeister Jaguni\u00c3\u201e\u00e2\u20ac\u00a1 Vina Jamnica Jamnica Jana Jana Josi\u00c3\u201e\u00e2\u20ac\u00a1 vinarija Kinder Konoplja.shop Kra\u00c3\u2026\u00c2\u00a1 Kutjevo Kutjevo Labud Latus Mljekara Istra Latus Mljekara Istra Lay's Lay's Chips Maraska Merci Storck Mljekara Latus Mljekara Latus Istra Na\u00c3\u2026\u00c2\u00a1 Okus Na\u00c3\u2026\u00c2\u00a1 Okus Nescafe OPG Cari\u00c3\u201e\u00e2\u20ac\u00a1 Papak Ilok Pavlomir Pavlomir Vinska Ku\u00c3\u201e\u00e2\u20ac\u00a1a Pivovara Medvedgrad Pringles \/ Kellogg's Red Bull \u00c3\u2026\u00c2\u00a0ibenska Pivovara \u00c3\u2026\u00c2\u00a0ibenska Pivovara (5) SMID SMID Taman Artisan Chocolates Thomas Henry Tuc Krekeri Valenta Family Wines Vina Grgurevi\u00c3\u201e\u00e2\u20ac\u00a1 Vina Grgurevi\u00c3\u201e\u00e2\u20ac\u00a1 Vinarija Benkovac Vinarija Mik\u00c3\u2026\u00c2\u00a1a Vislander Vina i Rakije Vizba Valandovo Vizba Valandovo Makedonija\"},{\"@type\":\"BreadcrumbList\",\"@id\":\"https:\/\/adria-klik.com\/proizvod\/novo-strukani-pelin-pelinkovac-antique-limuncini\/#breadcrumb\",\"itemListElement\":[{\"@type\":\"ListItem\",\"position\":1,\"name\":\"Po\u010detna stranica\",\"item\":\"https:\/\/adria-klik.com\/en\/\"},{\"@type\":\"ListItem\",\"position\":2,\"name\":\"Shop\",\"item\":\"https:\/\/adria-klik.com\/shop\/\"},{\"@type\":\"ListItem\",\"position\":3,\"name\":\"NOVO! &#8220;\u0160trukani Pelin&#8221; Pelinkovac Antique + Limuncini\"}]},{\"@type\":\"WebSite\",\"@id\":\"https:\/\/adria-klik.com\/#website\",\"url\":\"https:\/\/adria-klik.com\/\",\"name\":\"Adria-Klik.com\",\"description\":\"Unikatni poklon paketi, Vina, Craft pivo &amp; Delicije - webshop\",\"publisher\":{\"@id\":\"https:\/\/adria-klik.com\/#organization\"},\"potentialAction\":[{\"@type\":\"SearchAction\",\"target\":{\"@type\":\"EntryPoint\",\"urlTemplate\":\"https:\/\/adria-klik.com\/?s={search_term_string}\"},\"query-input\":{\"@type\":\"PropertyValueSpecification\",\"valueRequired\":true,\"valueName\":\"search_term_string\"}}],\"inLanguage\":\"en-US\"},{\"@type\":\"Organization\",\"@id\":\"https:\/\/adria-klik.com\/#organization\",\"name\":\"Adria-Klik.com\",\"alternateName\":\"AK\",\"url\":\"https:\/\/adria-klik.com\/\",\"logo\":{\"@type\":\"ImageObject\",\"inLanguage\":\"en-US\",\"@id\":\"https:\/\/adria-klik.com\/#\/schema\/logo\/image\/\",\"url\":\"https:\/\/adria-klik.com\/wp-content\/uploads\/2025\/12\/Adria-Klik_com-logo-namirnice-vina-craft-pivo-delikatese-delicije-artisan-cokolada.jpg\",\"contentUrl\":\"https:\/\/adria-klik.com\/wp-content\/uploads\/2025\/12\/Adria-Klik_com-logo-namirnice-vina-craft-pivo-delikatese-delicije-artisan-cokolada.jpg\",\"width\":500,\"height\":500,\"caption\":\"Adria-Klik.com\"},\"image\":{\"@id\":\"https:\/\/adria-klik.com\/#\/schema\/logo\/image\/\"},\"sameAs\":[\"https:\/\/www.facebook.com\/profile.php?id=100064209425136\",\"https:\/\/www.instagram.com\/adriaklik\/\",\"https:\/\/www.youtube.com\/user\/PlavacmaliZagreb\"]}]}<\/script>\n<!-- \/ Yoast SEO plugin. -->","yoast_head_json":{"title":"NOVO! \"\u0160trukani Pelin\" Pelinkovac Antique + Limuncini - Adria-Klik.com","description":"Unikatni premium poklon paket!\" \u0160TRUKANI PELIN\" ANTIQUE PELINKOVAC 0,7l I LIMUNCINI OPG HAPPY CITRUS ORGANIC 100 g.Crna mat kutija s prozorom i dekoracijom","robots":{"index":"index","follow":"follow","max-snippet":"max-snippet:-1","max-image-preview":"max-image-preview:large","max-video-preview":"max-video-preview:-1"},"canonical":"https:\/\/adria-klik.com\/proizvod\/novo-strukani-pelin-pelinkovac-antique-limuncini\/","og_locale":"en_US","og_type":"article","og_title":"Pelinkovac 0,7l Maraska Zadar Pelinkovac Zadar Maraska sa svojim orginalnim na\u010dinom proizvodnje - Naru\u010di dostavu Maraska proizvoda","og_description":"Pelinkovac 0,7l Maraska Zadar Pelinkovac Zadar Maraska sa svojim orginalnim na\u010dinom proizvodnje - Naru\u010di dostavu Maraska proizvoda","og_url":"https:\/\/adria-klik.com\/proizvod\/novo-strukani-pelin-pelinkovac-antique-limuncini\/","og_site_name":"Adria-Klik.com","article_publisher":"https:\/\/www.facebook.com\/profile.php?id=100064209425136","article_modified_time":"2025-12-06T00:43:37+00:00","og_image":[{"width":1500,"height":1500,"url":"https:\/\/adria-klik.com\/wp-content\/uploads\/2021\/05\/hrvatski-pelinkovac-biljni-liker-velebitske-rakije-degenja-svecenicke-rakije-kupipovoljno-adria-klik-brza-dostava-zagreb-internet-ducan-shop-Fastest-delivery-in-zagreb-groceries-supermaket-hrvatska.jpg","type":"image\/jpeg"}],"twitter_card":"summary_large_image","twitter_title":"HrvatPelinkovac 0,7l Maraska Zadar Pelinkovac Zadar Maraska sa svojim orginalnim na\u010dinom proizvodnje - Naru\u010di dostavu Maraska proizvoda","twitter_description":"Pelinkovac 0,7l Maraska Zadar Pelinkovac Zadar Maraska sa svojim orginalnim na\u010dinom proizvodnje - Naru\u010di dostavu Maraska proizvoda","twitter_image":"https:\/\/adria-klik.com\/wp-content\/uploads\/2021\/05\/hrvatski-pelinkovac-biljni-liker-velebitske-rakije-degenja-svecenicke-rakije-kupipovoljno-adria-klik-brza-dostava-zagreb-internet-ducan-shop-Fastest-delivery-in-zagreb-groceries-supermaket-hrvatska.jpg","twitter_misc":{"Est. reading time":"2 minutes"},"schema":{"@context":"https:\/\/schema.org","@graph":[{"@type":"WebPage","@id":"https:\/\/adria-klik.com\/proizvod\/novo-strukani-pelin-pelinkovac-antique-limuncini\/","url":"https:\/\/adria-klik.com\/proizvod\/novo-strukani-pelin-pelinkovac-antique-limuncini\/","name":"NOVO! \"\u0160trukani Pelin\" Pelinkovac Antique + Limuncini - Adria-Klik.com","isPartOf":{"@id":"https:\/\/adria-klik.com\/#website"},"primaryImageOfPage":{"@id":"https:\/\/adria-klik.com\/proizvod\/novo-strukani-pelin-pelinkovac-antique-limuncini\/#primaryimage"},"image":{"@id":"https:\/\/adria-klik.com\/proizvod\/novo-strukani-pelin-pelinkovac-antique-limuncini\/#primaryimage"},"thumbnailUrl":"https:\/\/adria-klik.com\/wp-content\/uploads\/2024\/08\/Strukani-Pelinkovac-Antique-07lLimuncini-happy-citrus-poklon-pakat-premium-unikat-box-Adria-Klik-Taste-of-Premium-Croatia-Fast-delivery-EU-DPP-GLS-Wolt-Glovo-Bolt-Food-dostava-pokona.jpg","datePublished":"2024-08-07T22:37:51+00:00","dateModified":"2025-12-06T00:43:37+00:00","description":"Unikatni premium poklon paket!\" \u0160TRUKANI PELIN\" ANTIQUE PELINKOVAC 0,7l I LIMUNCINI OPG HAPPY CITRUS ORGANIC 100 g.Crna mat kutija s prozorom i dekoracijom","breadcrumb":{"@id":"https:\/\/adria-klik.com\/proizvod\/novo-strukani-pelin-pelinkovac-antique-limuncini\/#breadcrumb"},"inLanguage":"en-US","potentialAction":[{"@type":"ReadAction","target":["https:\/\/adria-klik.com\/proizvod\/novo-strukani-pelin-pelinkovac-antique-limuncini\/"]}]},{"@type":"ImageObject","inLanguage":"en-US","@id":"https:\/\/adria-klik.com\/proizvod\/novo-strukani-pelin-pelinkovac-antique-limuncini\/#primaryimage","url":"https:\/\/adria-klik.com\/wp-content\/uploads\/2024\/08\/Strukani-Pelinkovac-Antique-07lLimuncini-happy-citrus-poklon-pakat-premium-unikat-box-Adria-Klik-Taste-of-Premium-Croatia-Fast-delivery-EU-DPP-GLS-Wolt-Glovo-Bolt-Food-dostava-pokona.jpg","contentUrl":"https:\/\/adria-klik.com\/wp-content\/uploads\/2024\/08\/Strukani-Pelinkovac-Antique-07lLimuncini-happy-citrus-poklon-pakat-premium-unikat-box-Adria-Klik-Taste-of-Premium-Croatia-Fast-delivery-EU-DPP-GLS-Wolt-Glovo-Bolt-Food-dostava-pokona.jpg","width":1500,"height":1500,"caption":"| Adria-Klik Supply webshop trgovina dostava namirnica, vina, craft piva i delicija Superbrza dostava Zagreb Wolt Glovo Bolt-Food i Hrvatska i EU DPD GLS - vinska logistika #kupujmohrvatsko Naru\u00c3\u201e\u00c2\u008di dostavu Adria Klik dostava Namirnica, Vina, Craft piva, Delicija, Organsko, Eko, Bio, ekskluzivan izbor domacih vinara! Unikati pokloni Bontonic Canna Mariniana, CBD CBG Croatia Organic HEMP industrijska konoplja Cannabiotics Cannabiotics CroCanna Devetka Free Spirit Me\u00c3\u201e\u00e2\u20ac\u02dcimurje Greenall's Original Johhnie Walker Karlova\u00c3\u201e\u00c2\u008dko Kostelac rakije LAB Split pivovara Lepi De\u00c3\u201e\u00c2\u008dki Li\u00c3\u201e\u00c2\u008danka Pivovara Nova Runda Nova Runda OPG Marevi\u00c3\u201e\u00e2\u20ac\u00a1 Palihni\u00c3\u201e\u00e2\u20ac\u00a1 Pelje\u00c3\u2026\u00c2\u00a1ki Vrhovi - PZ Janjina Pelje\u00c3\u2026\u00c2\u00a1ki Vrhovi - PZ Janjina Ravalico Saperlot Saperlot Brewery StartCBD Tvornica leda Velebitska Degenija Vislander Vislander Vislander Vislander Volimljuto Zlatarna \u00c3\u2026\u00c2\u00a0iroka 2Storije aDorable aDorable Adria Darovni Poklon Paketi Argeta Argeta Azrri Azrri Bel-Cro Bel-Cro Benediktinke Sv. Marije Zadar Benediktinke Sv. Marije Zadar Benediktinke Zadar Benediktinke Zadar Bobi Snacks Buzdovan Buzdovan cchellenic Cmre\u00c3\u201e\u00c2\u008dnjak Cmre\u00c3\u201e\u00c2\u008dnjak Coca-Cola Coca-Cola Hrvatska Cockta Cogito Coffee Cogito Coffee \u00c3\u201e\u00c2\u0090akova\u00c3\u201e\u00c2\u008dka Vina \u00c3\u201e\u00c2\u0090akovo vina ekoEna ekoEna Elda Fentimans Feravino Ferrero Franck Gordon's Grad-Export Gray Goose Gray Goose Greenalls Greenalls Gin Greenalls Gin Original British Heineken Hrvatska Jagermeister Jagermeister Jaguni\u00c3\u201e\u00e2\u20ac\u00a1 Vina Jamnica Jamnica Jana Jana Josi\u00c3\u201e\u00e2\u20ac\u00a1 vinarija Kinder Konoplja.shop Kra\u00c3\u2026\u00c2\u00a1 Kutjevo Kutjevo Labud Latus Mljekara Istra Latus Mljekara Istra Lay's Lay's Chips Maraska Merci Storck Mljekara Latus Mljekara Latus Istra Na\u00c3\u2026\u00c2\u00a1 Okus Na\u00c3\u2026\u00c2\u00a1 Okus Nescafe OPG Cari\u00c3\u201e\u00e2\u20ac\u00a1 Papak Ilok Pavlomir Pavlomir Vinska Ku\u00c3\u201e\u00e2\u20ac\u00a1a Pivovara Medvedgrad Pringles \/ Kellogg's Red Bull \u00c3\u2026\u00c2\u00a0ibenska Pivovara \u00c3\u2026\u00c2\u00a0ibenska Pivovara (5) SMID SMID Taman Artisan Chocolates Thomas Henry Tuc Krekeri Valenta Family Wines Vina Grgurevi\u00c3\u201e\u00e2\u20ac\u00a1 Vina Grgurevi\u00c3\u201e\u00e2\u20ac\u00a1 Vinarija Benkovac Vinarija Mik\u00c3\u2026\u00c2\u00a1a Vislander Vina i Rakije Vizba Valandovo Vizba Valandovo Makedonija"},{"@type":"BreadcrumbList","@id":"https:\/\/adria-klik.com\/proizvod\/novo-strukani-pelin-pelinkovac-antique-limuncini\/#breadcrumb","itemListElement":[{"@type":"ListItem","position":1,"name":"Po\u010detna stranica","item":"https:\/\/adria-klik.com\/en\/"},{"@type":"ListItem","position":2,"name":"Shop","item":"https:\/\/adria-klik.com\/shop\/"},{"@type":"ListItem","position":3,"name":"NOVO! &#8220;\u0160trukani Pelin&#8221; Pelinkovac Antique + Limuncini"}]},{"@type":"WebSite","@id":"https:\/\/adria-klik.com\/#website","url":"https:\/\/adria-klik.com\/","name":"Adria-Klik.com","description":"Unikatni poklon paketi, Vina, Craft pivo &amp; Delicije - webshop","publisher":{"@id":"https:\/\/adria-klik.com\/#organization"},"potentialAction":[{"@type":"SearchAction","target":{"@type":"EntryPoint","urlTemplate":"https:\/\/adria-klik.com\/?s={search_term_string}"},"query-input":{"@type":"PropertyValueSpecification","valueRequired":true,"valueName":"search_term_string"}}],"inLanguage":"en-US"},{"@type":"Organization","@id":"https:\/\/adria-klik.com\/#organization","name":"Adria-Klik.com","alternateName":"AK","url":"https:\/\/adria-klik.com\/","logo":{"@type":"ImageObject","inLanguage":"en-US","@id":"https:\/\/adria-klik.com\/#\/schema\/logo\/image\/","url":"https:\/\/adria-klik.com\/wp-content\/uploads\/2025\/12\/Adria-Klik_com-logo-namirnice-vina-craft-pivo-delikatese-delicije-artisan-cokolada.jpg","contentUrl":"https:\/\/adria-klik.com\/wp-content\/uploads\/2025\/12\/Adria-Klik_com-logo-namirnice-vina-craft-pivo-delikatese-delicije-artisan-cokolada.jpg","width":500,"height":500,"caption":"Adria-Klik.com"},"image":{"@id":"https:\/\/adria-klik.com\/#\/schema\/logo\/image\/"},"sameAs":["https:\/\/www.facebook.com\/profile.php?id=100064209425136","https:\/\/www.instagram.com\/adriaklik\/","https:\/\/www.youtube.com\/user\/PlavacmaliZagreb"]}]}},"jetpack_sharing_enabled":true,"jetpack-related-posts":[],"_links":{"self":[{"href":"https:\/\/adria-klik.com\/en\/wp-json\/wp\/v2\/product\/17527","targetHints":{"allow":["GET"]}}],"collection":[{"href":"https:\/\/adria-klik.com\/en\/wp-json\/wp\/v2\/product"}],"about":[{"href":"https:\/\/adria-klik.com\/en\/wp-json\/wp\/v2\/types\/product"}],"replies":[{"embeddable":true,"href":"https:\/\/adria-klik.com\/en\/wp-json\/wp\/v2\/comments?post=17527"}],"wp:featuredmedia":[{"embeddable":true,"href":"https:\/\/adria-klik.com\/en\/wp-json\/wp\/v2\/media\/17528"}],"wp:attachment":[{"href":"https:\/\/adria-klik.com\/en\/wp-json\/wp\/v2\/media?parent=17527"}],"wp:term":[{"taxonomy":"product_brand","embeddable":true,"href":"https:\/\/adria-klik.com\/en\/wp-json\/wp\/v2\/product_brand?post=17527"},{"taxonomy":"product_cat","embeddable":true,"href":"https:\/\/adria-klik.com\/en\/wp-json\/wp\/v2\/product_cat?post=17527"},{"taxonomy":"product_tag","embeddable":true,"href":"https:\/\/adria-klik.com\/en\/wp-json\/wp\/v2\/product_tag?post=17527"},{"taxonomy":"berocket_brand","embeddable":true,"href":"https:\/\/adria-klik.com\/en\/wp-json\/wp\/v2\/berocket_brand?post=17527"}],"curies":[{"name":"wp","href":"https:\/\/api.w.org\/{rel}","templated":true}]}}