{"id":17535,"date":"2024-08-08T00:47:15","date_gmt":"2024-08-07T22:47:15","guid":{"rendered":"https:\/\/adria-klik.com\/?post_type=product&#038;p=17535"},"modified":"2025-11-10T15:58:35","modified_gmt":"2025-11-10T14:58:35","slug":"rose-poluslatki-josic-hedona-drazeje-sa-srcem-i-s-ukrasnom-trakicom","status":"publish","type":"product","link":"https:\/\/adria-klik.com\/en\/proizvod\/rose-poluslatki-josic-hedona-drazeje-sa-srcem-i-s-ukrasnom-trakicom\/","title":{"rendered":"Rose Poluslatki Josi\u0107 &#038; Hedona Dra\u017eeje sa Srcem i s ukrasnom trakicom"},"content":{"rendered":"<ul>\n<li class=\"cb_FormRow_RightCol_r1b7\"><span class=\"sc-cPiKLX gifmXy\" dir=\"auto\" lang=\"hr\">Slatki poklon paket od Srca Srcu<\/span><\/li>\n<li class=\"cb_FormRow_RightCol_r1b7\"><span class=\"sc-cPiKLX gifmXy\" dir=\"auto\" lang=\"hr\">Rose Josi\u0107 etiketa Srca, Hedona Dra\u017eeje 80 g sa Srcem i s ukrasnom trakicom Hedona Artisan Chocolates &#8211; Hand made &#8211; Ru\u010dno ra\u0111eno &amp;<\/span><\/li>\n<li class=\"cb_FormRow_RightCol_r1b7\"><span class=\"sc-cPiKLX gifmXy\" dir=\"auto\" lang=\"hr\"> Crna mat kutija s prozorom i dekoracijom, punilo i 9 x Srca ukrasi<\/span><\/li>\n<li class=\"cb_FormRow_RightCol_r1b7\"><span class=\"sc-cPiKLX gifmXy\" dir=\"auto\" lang=\"hr\"> \u010cokoladirani lje\u0161njaci u bijeloj \u010dokoladi i \u010dokoladirani bademi u mlije\u010dnoj \u010dokoladi. Hedona, gr\u010dka bo\u017eica zadovoljstva, u\u017eitka i radosti<\/span><\/li>\n<li class=\"cb_FormRow_RightCol_r1b7\"><span class=\"sc-cPiKLX gifmXy\" dir=\"auto\" lang=\"hr\"> Vino dobiveno od sorte Pinot crni, nje\u017ene je ru\u017ei\u010daste boje, rasko\u0161nih vo\u0107nih aroma, mekano i skladno<\/span><\/li>\n<li class=\"cb_FormRow_RightCol_r1b7\"><span class=\"sc-cPiKLX gifmXy\" dir=\"auto\" lang=\"hr\">Ovom tipu vina zbog njegove organoletike naginje nje\u017eniji spol pa ga nazivaju i vino za dame, jer se u njemu odlikuju sve osobine nje\u017enijeg spola. <\/span><\/li>\n<li class=\"cb_FormRow_RightCol_r1b7\"><span class=\"sc-cPiKLX gifmXy\" dir=\"auto\" lang=\"hr\">#kupujmohrvatsko #Hedona #wineandchocolate #Artisanchocolates #Josi\u0107rose #Poluslatki #Poklonpaket<br \/>\n<\/span><\/li>\n<\/ul>\n<p>&nbsp;<\/p>\n","protected":false},"excerpt":{"rendered":"<ul>\n<li class=\"cb_FormRow_RightCol_r1b7\"><span class=\"sc-cPiKLX gifmXy\" dir=\"auto\" lang=\"hr\">Slatki poklon paket od Srca Srcu<\/span><\/li>\n<li class=\"cb_FormRow_RightCol_r1b7\"><span class=\"sc-cPiKLX gifmXy\" dir=\"auto\" lang=\"hr\">Rose Josi\u0107 etiketa Srca, Hedona Dra\u017eeje 80 g sa Srcem i s ukrasnom trakicom Hedona Artisan Chocolates &#8211; Hand made &#8211; Ru\u010dno ra\u0111eno &amp;<\/span><\/li>\n<li class=\"cb_FormRow_RightCol_r1b7\"><span class=\"sc-cPiKLX gifmXy\" dir=\"auto\" lang=\"hr\"> Crna mat kutija s prozorom i dekoracijom, punilo i 9 x Srca ukrasi<\/span><\/li>\n<li class=\"cb_FormRow_RightCol_r1b7\"><span class=\"sc-cPiKLX gifmXy\" dir=\"auto\" lang=\"hr\"> \u010cokoladirani lje\u0161njaci u bijeloj \u010dokoladi i \u010dokoladirani bademi u mlije\u010dnoj \u010dokoladi. Hedona, gr\u010dka bo\u017eica zadovoljstva, u\u017eitka i radosti<\/span><\/li>\n<li class=\"cb_FormRow_RightCol_r1b7\"><span class=\"sc-cPiKLX gifmXy\" dir=\"auto\" lang=\"hr\"> Vino dobiveno od sorte Pinot crni, nje\u017ene je ru\u017ei\u010daste boje, rasko\u0161nih vo\u0107nih aroma, mekano i skladno<\/span><\/li>\n<li class=\"cb_FormRow_RightCol_r1b7\"><span class=\"sc-cPiKLX gifmXy\" dir=\"auto\" lang=\"hr\">Ovom tipu vina zbog njegove organoletike naginje nje\u017eniji spol pa ga nazivaju i vino za dame, jer se u njemu odlikuju sve osobine nje\u017enijeg spola. <\/span><\/li>\n<li class=\"cb_FormRow_RightCol_r1b7\"><span class=\"sc-cPiKLX gifmXy\" dir=\"auto\" lang=\"hr\">#kupujmohrvatsko #Hedona #wineandchocolate #Artisanchocolates #Josi\u0107rose #Poluslatki #Poklonpaket<\/span><\/li>\n<li>Naru\u010di dostavu darova<\/li>\n<\/ul>\n","protected":false},"featured_media":17536,"comment_status":"open","ping_status":"closed","template":"","meta":{"_acf_changed":false},"product_brand":[],"product_cat":[985,1175,1176,1174,1159,469,619,376,560],"product_tag":[2255,1215,2254,1111,1214,2256],"berocket_brand":[2212,1212],"class_list":{"0":"post-17535","1":"product","2":"type-product","3":"status-publish","4":"has-post-thumbnail","6":"product_cat-darovni-paketi","7":"product_cat-dostava","8":"product_cat-europa","9":"product_cat-hrvatska","10":"product_cat-nasa-preporuka","11":"product_cat-nema-kategorije","12":"product_cat-okusi_adriu","13":"product_cat-premium-proizvodi","14":"product_cat-zagreb","15":"product_tag-artisan-choocolates","16":"product_tag-crni-pinot","17":"product_tag-hedona","18":"product_tag-poklon-paket","19":"product_tag-rose-josic","20":"product_tag-srca","21":"berocket_brand-hedona-craft-artisan","22":"berocket_brand-josic-vinarija","24":"first","25":"instock","26":"featured","27":"shipping-taxable","28":"purchasable","29":"product-type-simple"},"acf":[],"yoast_head":"<!-- This site is optimized with the Yoast SEO plugin v26.9 - https:\/\/yoast.com\/product\/yoast-seo-wordpress\/ -->\n<title>Rose Poluslatki Josi\u0107 &amp; Hedona Dra\u017eeje sa Srcem i s ukrasnom trakicom - Adria-Klik.com<\/title>\n<meta name=\"description\" content=\"Rose Poluslatki Josi\u0107 &amp; Hedona Dra\u017eeje sa Srcem i s ukrasnom trakicom Slatki poklon paket od Srca Srcu Naru\u010di dostavu originalnih poklona\" \/>\n<meta name=\"robots\" content=\"index, follow, max-snippet:-1, max-image-preview:large, max-video-preview:-1\" \/>\n<link rel=\"canonical\" href=\"https:\/\/adria-klik.com\/proizvod\/rose-poluslatki-josic-hedona-drazeje-sa-srcem-i-s-ukrasnom-trakicom\/\" \/>\n<meta property=\"og:locale\" content=\"en_US\" \/>\n<meta property=\"og:type\" content=\"article\" \/>\n<meta property=\"og:title\" content=\"Rose 0,75l Josi\u0107 Adria Klik Najbr\u017ea dostava Namirnica, Vina, Craft piva, Delicija, Organsko, Eko, Bio, ekskluzivan izbor doma\u0107ih vinara!\" \/>\n<meta property=\"og:description\" content=\"Rose 0,75l Josi\u0107 Adria Klik Najbr\u017ea dostava Namirnica, Vina, Craft piva, Delicija, Organsko, Eko, Bio, ekskluzivan izbor doma\u0107ih vinara!\" \/>\n<meta property=\"og:url\" content=\"https:\/\/adria-klik.com\/proizvod\/rose-poluslatki-josic-hedona-drazeje-sa-srcem-i-s-ukrasnom-trakicom\/\" \/>\n<meta property=\"og:site_name\" content=\"Adria-Klik.com\" \/>\n<meta property=\"article:publisher\" content=\"https:\/\/www.facebook.com\/profile.php?id=100064209425136\" \/>\n<meta property=\"article:modified_time\" content=\"2025-11-10T14:58:35+00:00\" \/>\n<meta property=\"og:image\" content=\"https:\/\/adria-klik.com\/wp-content\/uploads\/2021\/03\/Josic-rose_berba-2020-premium_075l_Adria-Klik-Supply_Kupipovoljno_brza_dostava_hladno_pice_ducan_webshop_Croatia-Wein-Wine-delivery-Europe-EU-DPD-1.jpg\" \/>\n\t<meta property=\"og:image:width\" content=\"1500\" \/>\n\t<meta property=\"og:image:height\" content=\"1500\" \/>\n\t<meta property=\"og:image:type\" content=\"image\/jpeg\" \/>\n<meta name=\"twitter:card\" content=\"summary_large_image\" \/>\n<meta name=\"twitter:title\" content=\"Rose 0,75l Josi\u0107 Adria Klik Najbr\u017ea dostava Namirnica, Vina, Craft piva, Delicija, Organsko, Eko, Bio, ekskluzivan izbor doma\u0107ih vinara!\" \/>\n<meta name=\"twitter:description\" content=\"Rose 0,75l Josi\u0107 Adria Klik Najbr\u017ea dostava Namirnica, Vina, Craft piva, Delicija, Organsko, Eko, Bio, ekskluzivan izbor doma\u0107ih vinara!\" \/>\n<meta name=\"twitter:image\" content=\"https:\/\/adria-klik.com\/wp-content\/uploads\/2021\/03\/Josic-rose_berba-2020-premium_075l_Adria-Klik-Supply_Kupipovoljno_brza_dostava_hladno_pice_ducan_webshop_Croatia-Wein-Wine-delivery-Europe-EU-DPD-1.jpg\" \/>\n<meta name=\"twitter:label1\" content=\"Est. reading time\" \/>\n\t<meta name=\"twitter:data1\" content=\"1 minute\" \/>\n<script type=\"application\/ld+json\" class=\"yoast-schema-graph\">{\"@context\":\"https:\/\/schema.org\",\"@graph\":[{\"@type\":\"WebPage\",\"@id\":\"https:\/\/adria-klik.com\/proizvod\/rose-poluslatki-josic-hedona-drazeje-sa-srcem-i-s-ukrasnom-trakicom\/\",\"url\":\"https:\/\/adria-klik.com\/proizvod\/rose-poluslatki-josic-hedona-drazeje-sa-srcem-i-s-ukrasnom-trakicom\/\",\"name\":\"Rose Poluslatki Josi\u0107 & Hedona Dra\u017eeje sa Srcem i s ukrasnom trakicom - Adria-Klik.com\",\"isPartOf\":{\"@id\":\"https:\/\/adria-klik.com\/#website\"},\"primaryImageOfPage\":{\"@id\":\"https:\/\/adria-klik.com\/proizvod\/rose-poluslatki-josic-hedona-drazeje-sa-srcem-i-s-ukrasnom-trakicom\/#primaryimage\"},\"image\":{\"@id\":\"https:\/\/adria-klik.com\/proizvod\/rose-poluslatki-josic-hedona-drazeje-sa-srcem-i-s-ukrasnom-trakicom\/#primaryimage\"},\"thumbnailUrl\":\"https:\/\/adria-klik.com\/wp-content\/uploads\/2024\/08\/Josic-RoseHedona-hand-made-cokoladirani-srca-badem-ljesnjak-Gift-Box-Darovni-Adria-Klik-Croatia-Taste-of-Premium-delivery-dostava-Zagreb-Hrvatska-EU-Glovo-Wolt-Bolt-Food-online.jpg\",\"datePublished\":\"2024-08-07T22:47:15+00:00\",\"dateModified\":\"2025-11-10T14:58:35+00:00\",\"description\":\"Rose Poluslatki Josi\u0107 & Hedona Dra\u017eeje sa Srcem i s ukrasnom trakicom Slatki poklon paket od Srca Srcu Naru\u010di dostavu originalnih poklona\",\"breadcrumb\":{\"@id\":\"https:\/\/adria-klik.com\/proizvod\/rose-poluslatki-josic-hedona-drazeje-sa-srcem-i-s-ukrasnom-trakicom\/#breadcrumb\"},\"inLanguage\":\"en-US\",\"potentialAction\":[{\"@type\":\"ReadAction\",\"target\":[\"https:\/\/adria-klik.com\/proizvod\/rose-poluslatki-josic-hedona-drazeje-sa-srcem-i-s-ukrasnom-trakicom\/\"]}]},{\"@type\":\"ImageObject\",\"inLanguage\":\"en-US\",\"@id\":\"https:\/\/adria-klik.com\/proizvod\/rose-poluslatki-josic-hedona-drazeje-sa-srcem-i-s-ukrasnom-trakicom\/#primaryimage\",\"url\":\"https:\/\/adria-klik.com\/wp-content\/uploads\/2024\/08\/Josic-RoseHedona-hand-made-cokoladirani-srca-badem-ljesnjak-Gift-Box-Darovni-Adria-Klik-Croatia-Taste-of-Premium-delivery-dostava-Zagreb-Hrvatska-EU-Glovo-Wolt-Bolt-Food-online.jpg\",\"contentUrl\":\"https:\/\/adria-klik.com\/wp-content\/uploads\/2024\/08\/Josic-RoseHedona-hand-made-cokoladirani-srca-badem-ljesnjak-Gift-Box-Darovni-Adria-Klik-Croatia-Taste-of-Premium-delivery-dostava-Zagreb-Hrvatska-EU-Glovo-Wolt-Bolt-Food-online.jpg\",\"width\":1500,\"height\":1500,\"caption\":\"| Adria-Klik Supply webshop trgovina dostava namirnica, vina, craft piva i delicija Superbrza dostava Zagreb Wolt Glovo Bolt-Food i Hrvatska i EU DPD GLS - vinska logistika #kupujmohrvatsko Naru\u00c3\u201e\u00c2\u008di dostavu Adria Klik dostava Namirnica, Vina, Craft piva, Delicija, Organsko, Eko, Bio, ekskluzivan izbor domacih vinara! Unikati pokloni Bontonic Canna Mariniana, CBD CBG Croatia Organic HEMP industrijska konoplja Cannabiotics Cannabiotics CroCanna Devetka Free Spirit Me\u00c3\u201e\u00e2\u20ac\u02dcimurje Greenall's Original Johhnie Walker Karlova\u00c3\u201e\u00c2\u008dko Kostelac rakije LAB Split pivovara Lepi De\u00c3\u201e\u00c2\u008dki Li\u00c3\u201e\u00c2\u008danka Pivovara Nova Runda Nova Runda OPG Marevi\u00c3\u201e\u00e2\u20ac\u00a1 Palihni\u00c3\u201e\u00e2\u20ac\u00a1 Pelje\u00c3\u2026\u00c2\u00a1ki Vrhovi - PZ Janjina Pelje\u00c3\u2026\u00c2\u00a1ki Vrhovi - PZ Janjina Ravalico Saperlot Saperlot Brewery StartCBD Tvornica leda Velebitska Degenija Vislander Vislander Vislander Vislander Volimljuto Zlatarna \u00c3\u2026\u00c2\u00a0iroka 2Storije aDorable aDorable Adria Darovni Poklon Paketi Argeta Argeta Azrri Azrri Bel-Cro Bel-Cro Benediktinke Sv. Marije Zadar Benediktinke Sv. Marije Zadar Benediktinke Zadar Benediktinke Zadar Bobi Snacks Buzdovan Buzdovan cchellenic Cmre\u00c3\u201e\u00c2\u008dnjak Cmre\u00c3\u201e\u00c2\u008dnjak Coca-Cola Coca-Cola Hrvatska Cockta Cogito Coffee Cogito Coffee \u00c3\u201e\u00c2\u0090akova\u00c3\u201e\u00c2\u008dka Vina \u00c3\u201e\u00c2\u0090akovo vina ekoEna ekoEna Elda Fentimans Feravino Ferrero Franck Gordon's Grad-Export Gray Goose Gray Goose Greenalls Greenalls Gin Greenalls Gin Original British Heineken Hrvatska Jagermeister Jagermeister Jaguni\u00c3\u201e\u00e2\u20ac\u00a1 Vina Jamnica Jamnica Jana Jana Josi\u00c3\u201e\u00e2\u20ac\u00a1 vinarija Kinder Konoplja.shop Kra\u00c3\u2026\u00c2\u00a1 Kutjevo Kutjevo Labud Latus Mljekara Istra Latus Mljekara Istra Lay's Lay's Chips Maraska Merci Storck Mljekara Latus Mljekara Latus Istra Na\u00c3\u2026\u00c2\u00a1 Okus Na\u00c3\u2026\u00c2\u00a1 Okus Nescafe OPG Cari\u00c3\u201e\u00e2\u20ac\u00a1 Papak Ilok Pavlomir Pavlomir Vinska Ku\u00c3\u201e\u00e2\u20ac\u00a1a Pivovara Medvedgrad Pringles \/ Kellogg's Red Bull \u00c3\u2026\u00c2\u00a0ibenska Pivovara \u00c3\u2026\u00c2\u00a0ibenska Pivovara (5) SMID SMID Taman Artisan Chocolates Thomas Henry Tuc Krekeri Valenta Family Wines Vina Grgurevi\u00c3\u201e\u00e2\u20ac\u00a1 Vina Grgurevi\u00c3\u201e\u00e2\u20ac\u00a1 Vinarija Benkovac Vinarija Mik\u00c3\u2026\u00c2\u00a1a Vislander Vina i Rakije Vizba Valandovo Vizba Valandovo Makedonija\"},{\"@type\":\"BreadcrumbList\",\"@id\":\"https:\/\/adria-klik.com\/proizvod\/rose-poluslatki-josic-hedona-drazeje-sa-srcem-i-s-ukrasnom-trakicom\/#breadcrumb\",\"itemListElement\":[{\"@type\":\"ListItem\",\"position\":1,\"name\":\"Po\u010detna stranica\",\"item\":\"https:\/\/adria-klik.com\/en\/\"},{\"@type\":\"ListItem\",\"position\":2,\"name\":\"Shop\",\"item\":\"https:\/\/adria-klik.com\/shop\/\"},{\"@type\":\"ListItem\",\"position\":3,\"name\":\"Rose Poluslatki Josi\u0107 &#038; Hedona Dra\u017eeje sa Srcem i s ukrasnom trakicom\"}]},{\"@type\":\"WebSite\",\"@id\":\"https:\/\/adria-klik.com\/#website\",\"url\":\"https:\/\/adria-klik.com\/\",\"name\":\"Adria-Klik.com\",\"description\":\"Unikatni poklon paketi, Vina, Craft pivo &amp; Delicije - webshop\",\"publisher\":{\"@id\":\"https:\/\/adria-klik.com\/#organization\"},\"potentialAction\":[{\"@type\":\"SearchAction\",\"target\":{\"@type\":\"EntryPoint\",\"urlTemplate\":\"https:\/\/adria-klik.com\/?s={search_term_string}\"},\"query-input\":{\"@type\":\"PropertyValueSpecification\",\"valueRequired\":true,\"valueName\":\"search_term_string\"}}],\"inLanguage\":\"en-US\"},{\"@type\":\"Organization\",\"@id\":\"https:\/\/adria-klik.com\/#organization\",\"name\":\"Adria-Klik.com\",\"alternateName\":\"AK\",\"url\":\"https:\/\/adria-klik.com\/\",\"logo\":{\"@type\":\"ImageObject\",\"inLanguage\":\"en-US\",\"@id\":\"https:\/\/adria-klik.com\/#\/schema\/logo\/image\/\",\"url\":\"https:\/\/adria-klik.com\/wp-content\/uploads\/2025\/12\/Adria-Klik_com-logo-namirnice-vina-craft-pivo-delikatese-delicije-artisan-cokolada.jpg\",\"contentUrl\":\"https:\/\/adria-klik.com\/wp-content\/uploads\/2025\/12\/Adria-Klik_com-logo-namirnice-vina-craft-pivo-delikatese-delicije-artisan-cokolada.jpg\",\"width\":500,\"height\":500,\"caption\":\"Adria-Klik.com\"},\"image\":{\"@id\":\"https:\/\/adria-klik.com\/#\/schema\/logo\/image\/\"},\"sameAs\":[\"https:\/\/www.facebook.com\/profile.php?id=100064209425136\",\"https:\/\/www.instagram.com\/adriaklik\/\",\"https:\/\/www.youtube.com\/user\/PlavacmaliZagreb\"]}]}<\/script>\n<!-- \/ Yoast SEO plugin. -->","yoast_head_json":{"title":"Rose Poluslatki Josi\u0107 & Hedona Dra\u017eeje sa Srcem i s ukrasnom trakicom - Adria-Klik.com","description":"Rose Poluslatki Josi\u0107 & Hedona Dra\u017eeje sa Srcem i s ukrasnom trakicom Slatki poklon paket od Srca Srcu Naru\u010di dostavu originalnih poklona","robots":{"index":"index","follow":"follow","max-snippet":"max-snippet:-1","max-image-preview":"max-image-preview:large","max-video-preview":"max-video-preview:-1"},"canonical":"https:\/\/adria-klik.com\/proizvod\/rose-poluslatki-josic-hedona-drazeje-sa-srcem-i-s-ukrasnom-trakicom\/","og_locale":"en_US","og_type":"article","og_title":"Rose 0,75l Josi\u0107 Adria Klik Najbr\u017ea dostava Namirnica, Vina, Craft piva, Delicija, Organsko, Eko, Bio, ekskluzivan izbor doma\u0107ih vinara!","og_description":"Rose 0,75l Josi\u0107 Adria Klik Najbr\u017ea dostava Namirnica, Vina, Craft piva, Delicija, Organsko, Eko, Bio, ekskluzivan izbor doma\u0107ih vinara!","og_url":"https:\/\/adria-klik.com\/proizvod\/rose-poluslatki-josic-hedona-drazeje-sa-srcem-i-s-ukrasnom-trakicom\/","og_site_name":"Adria-Klik.com","article_publisher":"https:\/\/www.facebook.com\/profile.php?id=100064209425136","article_modified_time":"2025-11-10T14:58:35+00:00","og_image":[{"width":1500,"height":1500,"url":"https:\/\/adria-klik.com\/wp-content\/uploads\/2021\/03\/Josic-rose_berba-2020-premium_075l_Adria-Klik-Supply_Kupipovoljno_brza_dostava_hladno_pice_ducan_webshop_Croatia-Wein-Wine-delivery-Europe-EU-DPD-1.jpg","type":"image\/jpeg"}],"twitter_card":"summary_large_image","twitter_title":"Rose 0,75l Josi\u0107 Adria Klik Najbr\u017ea dostava Namirnica, Vina, Craft piva, Delicija, Organsko, Eko, Bio, ekskluzivan izbor doma\u0107ih vinara!","twitter_description":"Rose 0,75l Josi\u0107 Adria Klik Najbr\u017ea dostava Namirnica, Vina, Craft piva, Delicija, Organsko, Eko, Bio, ekskluzivan izbor doma\u0107ih vinara!","twitter_image":"https:\/\/adria-klik.com\/wp-content\/uploads\/2021\/03\/Josic-rose_berba-2020-premium_075l_Adria-Klik-Supply_Kupipovoljno_brza_dostava_hladno_pice_ducan_webshop_Croatia-Wein-Wine-delivery-Europe-EU-DPD-1.jpg","twitter_misc":{"Est. reading time":"1 minute"},"schema":{"@context":"https:\/\/schema.org","@graph":[{"@type":"WebPage","@id":"https:\/\/adria-klik.com\/proizvod\/rose-poluslatki-josic-hedona-drazeje-sa-srcem-i-s-ukrasnom-trakicom\/","url":"https:\/\/adria-klik.com\/proizvod\/rose-poluslatki-josic-hedona-drazeje-sa-srcem-i-s-ukrasnom-trakicom\/","name":"Rose Poluslatki Josi\u0107 & Hedona Dra\u017eeje sa Srcem i s ukrasnom trakicom - Adria-Klik.com","isPartOf":{"@id":"https:\/\/adria-klik.com\/#website"},"primaryImageOfPage":{"@id":"https:\/\/adria-klik.com\/proizvod\/rose-poluslatki-josic-hedona-drazeje-sa-srcem-i-s-ukrasnom-trakicom\/#primaryimage"},"image":{"@id":"https:\/\/adria-klik.com\/proizvod\/rose-poluslatki-josic-hedona-drazeje-sa-srcem-i-s-ukrasnom-trakicom\/#primaryimage"},"thumbnailUrl":"https:\/\/adria-klik.com\/wp-content\/uploads\/2024\/08\/Josic-RoseHedona-hand-made-cokoladirani-srca-badem-ljesnjak-Gift-Box-Darovni-Adria-Klik-Croatia-Taste-of-Premium-delivery-dostava-Zagreb-Hrvatska-EU-Glovo-Wolt-Bolt-Food-online.jpg","datePublished":"2024-08-07T22:47:15+00:00","dateModified":"2025-11-10T14:58:35+00:00","description":"Rose Poluslatki Josi\u0107 & Hedona Dra\u017eeje sa Srcem i s ukrasnom trakicom Slatki poklon paket od Srca Srcu Naru\u010di dostavu originalnih poklona","breadcrumb":{"@id":"https:\/\/adria-klik.com\/proizvod\/rose-poluslatki-josic-hedona-drazeje-sa-srcem-i-s-ukrasnom-trakicom\/#breadcrumb"},"inLanguage":"en-US","potentialAction":[{"@type":"ReadAction","target":["https:\/\/adria-klik.com\/proizvod\/rose-poluslatki-josic-hedona-drazeje-sa-srcem-i-s-ukrasnom-trakicom\/"]}]},{"@type":"ImageObject","inLanguage":"en-US","@id":"https:\/\/adria-klik.com\/proizvod\/rose-poluslatki-josic-hedona-drazeje-sa-srcem-i-s-ukrasnom-trakicom\/#primaryimage","url":"https:\/\/adria-klik.com\/wp-content\/uploads\/2024\/08\/Josic-RoseHedona-hand-made-cokoladirani-srca-badem-ljesnjak-Gift-Box-Darovni-Adria-Klik-Croatia-Taste-of-Premium-delivery-dostava-Zagreb-Hrvatska-EU-Glovo-Wolt-Bolt-Food-online.jpg","contentUrl":"https:\/\/adria-klik.com\/wp-content\/uploads\/2024\/08\/Josic-RoseHedona-hand-made-cokoladirani-srca-badem-ljesnjak-Gift-Box-Darovni-Adria-Klik-Croatia-Taste-of-Premium-delivery-dostava-Zagreb-Hrvatska-EU-Glovo-Wolt-Bolt-Food-online.jpg","width":1500,"height":1500,"caption":"| Adria-Klik Supply webshop trgovina dostava namirnica, vina, craft piva i delicija Superbrza dostava Zagreb Wolt Glovo Bolt-Food i Hrvatska i EU DPD GLS - vinska logistika #kupujmohrvatsko Naru\u00c3\u201e\u00c2\u008di dostavu Adria Klik dostava Namirnica, Vina, Craft piva, Delicija, Organsko, Eko, Bio, ekskluzivan izbor domacih vinara! Unikati pokloni Bontonic Canna Mariniana, CBD CBG Croatia Organic HEMP industrijska konoplja Cannabiotics Cannabiotics CroCanna Devetka Free Spirit Me\u00c3\u201e\u00e2\u20ac\u02dcimurje Greenall's Original Johhnie Walker Karlova\u00c3\u201e\u00c2\u008dko Kostelac rakije LAB Split pivovara Lepi De\u00c3\u201e\u00c2\u008dki Li\u00c3\u201e\u00c2\u008danka Pivovara Nova Runda Nova Runda OPG Marevi\u00c3\u201e\u00e2\u20ac\u00a1 Palihni\u00c3\u201e\u00e2\u20ac\u00a1 Pelje\u00c3\u2026\u00c2\u00a1ki Vrhovi - PZ Janjina Pelje\u00c3\u2026\u00c2\u00a1ki Vrhovi - PZ Janjina Ravalico Saperlot Saperlot Brewery StartCBD Tvornica leda Velebitska Degenija Vislander Vislander Vislander Vislander Volimljuto Zlatarna \u00c3\u2026\u00c2\u00a0iroka 2Storije aDorable aDorable Adria Darovni Poklon Paketi Argeta Argeta Azrri Azrri Bel-Cro Bel-Cro Benediktinke Sv. Marije Zadar Benediktinke Sv. Marije Zadar Benediktinke Zadar Benediktinke Zadar Bobi Snacks Buzdovan Buzdovan cchellenic Cmre\u00c3\u201e\u00c2\u008dnjak Cmre\u00c3\u201e\u00c2\u008dnjak Coca-Cola Coca-Cola Hrvatska Cockta Cogito Coffee Cogito Coffee \u00c3\u201e\u00c2\u0090akova\u00c3\u201e\u00c2\u008dka Vina \u00c3\u201e\u00c2\u0090akovo vina ekoEna ekoEna Elda Fentimans Feravino Ferrero Franck Gordon's Grad-Export Gray Goose Gray Goose Greenalls Greenalls Gin Greenalls Gin Original British Heineken Hrvatska Jagermeister Jagermeister Jaguni\u00c3\u201e\u00e2\u20ac\u00a1 Vina Jamnica Jamnica Jana Jana Josi\u00c3\u201e\u00e2\u20ac\u00a1 vinarija Kinder Konoplja.shop Kra\u00c3\u2026\u00c2\u00a1 Kutjevo Kutjevo Labud Latus Mljekara Istra Latus Mljekara Istra Lay's Lay's Chips Maraska Merci Storck Mljekara Latus Mljekara Latus Istra Na\u00c3\u2026\u00c2\u00a1 Okus Na\u00c3\u2026\u00c2\u00a1 Okus Nescafe OPG Cari\u00c3\u201e\u00e2\u20ac\u00a1 Papak Ilok Pavlomir Pavlomir Vinska Ku\u00c3\u201e\u00e2\u20ac\u00a1a Pivovara Medvedgrad Pringles \/ Kellogg's Red Bull \u00c3\u2026\u00c2\u00a0ibenska Pivovara \u00c3\u2026\u00c2\u00a0ibenska Pivovara (5) SMID SMID Taman Artisan Chocolates Thomas Henry Tuc Krekeri Valenta Family Wines Vina Grgurevi\u00c3\u201e\u00e2\u20ac\u00a1 Vina Grgurevi\u00c3\u201e\u00e2\u20ac\u00a1 Vinarija Benkovac Vinarija Mik\u00c3\u2026\u00c2\u00a1a Vislander Vina i Rakije Vizba Valandovo Vizba Valandovo Makedonija"},{"@type":"BreadcrumbList","@id":"https:\/\/adria-klik.com\/proizvod\/rose-poluslatki-josic-hedona-drazeje-sa-srcem-i-s-ukrasnom-trakicom\/#breadcrumb","itemListElement":[{"@type":"ListItem","position":1,"name":"Po\u010detna stranica","item":"https:\/\/adria-klik.com\/en\/"},{"@type":"ListItem","position":2,"name":"Shop","item":"https:\/\/adria-klik.com\/shop\/"},{"@type":"ListItem","position":3,"name":"Rose Poluslatki Josi\u0107 &#038; Hedona Dra\u017eeje sa Srcem i s ukrasnom trakicom"}]},{"@type":"WebSite","@id":"https:\/\/adria-klik.com\/#website","url":"https:\/\/adria-klik.com\/","name":"Adria-Klik.com","description":"Unikatni poklon paketi, Vina, Craft pivo &amp; Delicije - webshop","publisher":{"@id":"https:\/\/adria-klik.com\/#organization"},"potentialAction":[{"@type":"SearchAction","target":{"@type":"EntryPoint","urlTemplate":"https:\/\/adria-klik.com\/?s={search_term_string}"},"query-input":{"@type":"PropertyValueSpecification","valueRequired":true,"valueName":"search_term_string"}}],"inLanguage":"en-US"},{"@type":"Organization","@id":"https:\/\/adria-klik.com\/#organization","name":"Adria-Klik.com","alternateName":"AK","url":"https:\/\/adria-klik.com\/","logo":{"@type":"ImageObject","inLanguage":"en-US","@id":"https:\/\/adria-klik.com\/#\/schema\/logo\/image\/","url":"https:\/\/adria-klik.com\/wp-content\/uploads\/2025\/12\/Adria-Klik_com-logo-namirnice-vina-craft-pivo-delikatese-delicije-artisan-cokolada.jpg","contentUrl":"https:\/\/adria-klik.com\/wp-content\/uploads\/2025\/12\/Adria-Klik_com-logo-namirnice-vina-craft-pivo-delikatese-delicije-artisan-cokolada.jpg","width":500,"height":500,"caption":"Adria-Klik.com"},"image":{"@id":"https:\/\/adria-klik.com\/#\/schema\/logo\/image\/"},"sameAs":["https:\/\/www.facebook.com\/profile.php?id=100064209425136","https:\/\/www.instagram.com\/adriaklik\/","https:\/\/www.youtube.com\/user\/PlavacmaliZagreb"]}]}},"jetpack_sharing_enabled":true,"jetpack-related-posts":[],"_links":{"self":[{"href":"https:\/\/adria-klik.com\/en\/wp-json\/wp\/v2\/product\/17535","targetHints":{"allow":["GET"]}}],"collection":[{"href":"https:\/\/adria-klik.com\/en\/wp-json\/wp\/v2\/product"}],"about":[{"href":"https:\/\/adria-klik.com\/en\/wp-json\/wp\/v2\/types\/product"}],"replies":[{"embeddable":true,"href":"https:\/\/adria-klik.com\/en\/wp-json\/wp\/v2\/comments?post=17535"}],"wp:featuredmedia":[{"embeddable":true,"href":"https:\/\/adria-klik.com\/en\/wp-json\/wp\/v2\/media\/17536"}],"wp:attachment":[{"href":"https:\/\/adria-klik.com\/en\/wp-json\/wp\/v2\/media?parent=17535"}],"wp:term":[{"taxonomy":"product_brand","embeddable":true,"href":"https:\/\/adria-klik.com\/en\/wp-json\/wp\/v2\/product_brand?post=17535"},{"taxonomy":"product_cat","embeddable":true,"href":"https:\/\/adria-klik.com\/en\/wp-json\/wp\/v2\/product_cat?post=17535"},{"taxonomy":"product_tag","embeddable":true,"href":"https:\/\/adria-klik.com\/en\/wp-json\/wp\/v2\/product_tag?post=17535"},{"taxonomy":"berocket_brand","embeddable":true,"href":"https:\/\/adria-klik.com\/en\/wp-json\/wp\/v2\/berocket_brand?post=17535"}],"curies":[{"name":"wp","href":"https:\/\/api.w.org\/{rel}","templated":true}]}}