{"id":17572,"date":"2024-12-05T20:13:45","date_gmt":"2024-12-05T19:13:45","guid":{"rendered":"https:\/\/adria-klik.com\/?post_type=product&#038;p=17572"},"modified":"2024-12-05T20:15:40","modified_gmt":"2024-12-05T19:15:40","slug":"dalmatinski-peceni-slani-bademi-100-g-opg-skaric-mario","status":"publish","type":"product","link":"https:\/\/adria-klik.com\/en\/proizvod\/dalmatinski-peceni-slani-bademi-100-g-opg-skaric-mario\/","title":{"rendered":"Dalmatinski Pe\u010deni Slani Bademi 100 g OPG \u0160kari\u0107 Mario"},"content":{"rendered":"<div class=\"cb_FormRow_RightCol_r1b7\">\n<ul>\n<li class=\"sc-cJlyTo BUlOb\"><span class=\"sc-kpDqfm sc-iCNmCL hcDcFN\" dir=\"auto\">OPG \u0160kari\u0107 Mario bavi se ekolo\u0161kim uzgojem i preradom doma\u0107ih badema &#8211; mendula s podru\u010dja Vodi\u010dkog zale\u0111a<\/span><\/li>\n<li class=\"sc-cJlyTo BUlOb\"><span class=\"sc-kpDqfm sc-iCNmCL hcDcFN\" dir=\"auto\">\u010cista Velika, Dalmacija<\/span><\/li>\n<li>Hrvatski proizvod<\/li>\n<li class=\"sc-cJlyTo BUlOb\"><span class=\"sc-kpDqfm sc-iCNmCL hcDcFN\" dir=\"auto\"> #kupujmohrvatsko<\/span><\/li>\n<li>Naru\u010di dostavu online<\/li>\n<\/ul>\n<\/div>\n","protected":false},"excerpt":{"rendered":"<ul>\n<li class=\"sc-cJlyTo BUlOb\"><span class=\"sc-kpDqfm sc-iCNmCL hcDcFN\" dir=\"auto\">OPG \u0160kari\u0107 Mario bavi se ekolo\u0161kim uzgojem i preradom doma\u0107ih badema &#8211; mendula s podru\u010dja Vodi\u010dkog zale\u0111a<\/span><\/li>\n<li class=\"sc-cJlyTo BUlOb\"><span class=\"sc-kpDqfm sc-iCNmCL hcDcFN\" dir=\"auto\">\u010cista Velika, Dalmacija<\/span><\/li>\n<li>Hrvatski proizvod<\/li>\n<li class=\"sc-cJlyTo BUlOb\"><span class=\"sc-kpDqfm sc-iCNmCL hcDcFN\" dir=\"auto\"> #kupujmohrvatsko<\/span><\/li>\n<\/ul>\n","protected":false},"featured_media":17573,"comment_status":"open","ping_status":"closed","template":"","meta":{"_acf_changed":false},"product_brand":[],"product_cat":[395,1175,1176,370,1174,397,1159,619,376,398,560],"product_tag":[2259,2260,2258,2263],"berocket_brand":[2257],"class_list":{"0":"post-17572","1":"product","2":"type-product","3":"status-publish","4":"has-post-thumbnail","6":"product_cat-cips-i-grickalice","7":"product_cat-dostava","8":"product_cat-europa","9":"product_cat-hrana","10":"product_cat-hrvatska","11":"product_cat-konzervirano-i-gotova-jela","12":"product_cat-nasa-preporuka","13":"product_cat-okusi_adriu","14":"product_cat-premium-proizvodi","15":"product_cat-uobicajena-kosarica","16":"product_cat-zagreb","17":"product_tag-dalmatinski-bademi-mendule","18":"product_tag-ekoloski-uzgoj","19":"product_tag-opg-skaric-mario","20":"product_tag-peceni-slani-bademi","21":"berocket_brand-opg-skaric-mario","23":"first","24":"instock","25":"shipping-taxable","26":"purchasable","27":"product-type-simple"},"acf":[],"yoast_head":"<!-- This site is optimized with the Yoast SEO plugin v26.9 - https:\/\/yoast.com\/product\/yoast-seo-wordpress\/ -->\n<title>Dalmatinski Pe\u010deni Slani Bademi 100 g OPG \u0160kari\u0107 Mario - Adria-Klik.com<\/title>\n<meta name=\"description\" content=\"OPG \u0160kari\u0107 Mario bavi se ekolo\u0161kim uzgojem i preradom doma\u0107ih badema - mendula s podru\u010dja Vodi\u010dkog zale\u0111a\u010cista Velika, Dalmacija - NAru\u010di dostavu online\" \/>\n<meta name=\"robots\" content=\"index, follow, max-snippet:-1, max-image-preview:large, max-video-preview:-1\" \/>\n<link rel=\"canonical\" href=\"https:\/\/adria-klik.com\/proizvod\/dalmatinski-peceni-slani-bademi-100-g-opg-skaric-mario\/\" \/>\n<meta property=\"og:locale\" content=\"en_US\" \/>\n<meta property=\"og:type\" content=\"article\" \/>\n<meta property=\"og:title\" content=\"OPG \u0160kari\u0107 Mario ekolo\u0161ki uzgoj i prerada doma\u0107ih badema\" \/>\n<meta property=\"og:description\" content=\"OPG \u0160kari\u0107 Mario bavi se ekolo\u0161kim uzgojem i preradom doma\u0107ih badema - mendula s podru\u010dja Vodi\u010dkog zale\u0111a\u010cista Velika, Dalmacija - NAru\u010di dostavu online\" \/>\n<meta property=\"og:url\" content=\"https:\/\/adria-klik.com\/proizvod\/dalmatinski-peceni-slani-bademi-100-g-opg-skaric-mario\/\" \/>\n<meta property=\"og:site_name\" content=\"Adria-Klik.com\" \/>\n<meta property=\"article:publisher\" content=\"https:\/\/www.facebook.com\/profile.php?id=100064209425136\" \/>\n<meta property=\"article:modified_time\" content=\"2024-12-05T19:15:40+00:00\" \/>\n<meta property=\"og:image\" content=\"https:\/\/adria-klik.com\/wp-content\/uploads\/2024\/12\/Dalmatinski-Bademi-u-Tamnoj-cokoladi-OPG-Skaric-Mario-EKO-Hrvatska-Adria-Klik-webshop-ducan-brza-dostava-Zagreb-fast-delivery-store-market-wolt-bolt-DPD-GLS-UPS.jpeg\" \/>\n\t<meta property=\"og:image:width\" content=\"1500\" \/>\n\t<meta property=\"og:image:height\" content=\"1500\" \/>\n\t<meta property=\"og:image:type\" content=\"image\/jpeg\" \/>\n<meta name=\"twitter:card\" content=\"summary_large_image\" \/>\n<meta name=\"twitter:label1\" content=\"Est. reading time\" \/>\n\t<meta name=\"twitter:data1\" content=\"1 minute\" \/>\n<script type=\"application\/ld+json\" class=\"yoast-schema-graph\">{\"@context\":\"https:\/\/schema.org\",\"@graph\":[{\"@type\":\"WebPage\",\"@id\":\"https:\/\/adria-klik.com\/proizvod\/dalmatinski-peceni-slani-bademi-100-g-opg-skaric-mario\/\",\"url\":\"https:\/\/adria-klik.com\/proizvod\/dalmatinski-peceni-slani-bademi-100-g-opg-skaric-mario\/\",\"name\":\"Dalmatinski Pe\u010deni Slani Bademi 100 g OPG \u0160kari\u0107 Mario - Adria-Klik.com\",\"isPartOf\":{\"@id\":\"https:\/\/adria-klik.com\/#website\"},\"primaryImageOfPage\":{\"@id\":\"https:\/\/adria-klik.com\/proizvod\/dalmatinski-peceni-slani-bademi-100-g-opg-skaric-mario\/#primaryimage\"},\"image\":{\"@id\":\"https:\/\/adria-klik.com\/proizvod\/dalmatinski-peceni-slani-bademi-100-g-opg-skaric-mario\/#primaryimage\"},\"thumbnailUrl\":\"https:\/\/adria-klik.com\/wp-content\/uploads\/2024\/12\/Peceni-Slani-Dalmatinski-Bademi-u-OPG-Skaric-Mario-EKO-Hrvatska-Adria-Klik-webshop-ducan-brza-dostava-Zagreb-fast-delivery-store.jpeg\",\"datePublished\":\"2024-12-05T19:13:45+00:00\",\"dateModified\":\"2024-12-05T19:15:40+00:00\",\"description\":\"OPG \u0160kari\u0107 Mario bavi se ekolo\u0161kim uzgojem i preradom doma\u0107ih badema - mendula s podru\u010dja Vodi\u010dkog zale\u0111a\u010cista Velika, Dalmacija - NAru\u010di dostavu online\",\"breadcrumb\":{\"@id\":\"https:\/\/adria-klik.com\/proizvod\/dalmatinski-peceni-slani-bademi-100-g-opg-skaric-mario\/#breadcrumb\"},\"inLanguage\":\"en-US\",\"potentialAction\":[{\"@type\":\"ReadAction\",\"target\":[\"https:\/\/adria-klik.com\/proizvod\/dalmatinski-peceni-slani-bademi-100-g-opg-skaric-mario\/\"]}]},{\"@type\":\"ImageObject\",\"inLanguage\":\"en-US\",\"@id\":\"https:\/\/adria-klik.com\/proizvod\/dalmatinski-peceni-slani-bademi-100-g-opg-skaric-mario\/#primaryimage\",\"url\":\"https:\/\/adria-klik.com\/wp-content\/uploads\/2024\/12\/Peceni-Slani-Dalmatinski-Bademi-u-OPG-Skaric-Mario-EKO-Hrvatska-Adria-Klik-webshop-ducan-brza-dostava-Zagreb-fast-delivery-store.jpeg\",\"contentUrl\":\"https:\/\/adria-klik.com\/wp-content\/uploads\/2024\/12\/Peceni-Slani-Dalmatinski-Bademi-u-OPG-Skaric-Mario-EKO-Hrvatska-Adria-Klik-webshop-ducan-brza-dostava-Zagreb-fast-delivery-store.jpeg\",\"width\":1500,\"height\":1500,\"caption\":\"Pe\u010deni slani s mediteranskim za\u010dinima Dalmatinski bademi ! Naru\u010di dostavu doma\u0107ih Badema OPG \u0160kari\u0107 Mario bavi se ekolo\u0161kim uzgojem i preradom doma\u0107ih badema sa podru\u010dja Vodi\u010dkog zale\u0111a (\u010cista Velika). U ponudi imaju \u010distu jezgru, usoljene, u\u0161e\u0107erene i bademe u bijeloj i tamnoj \u010dokoladi. Badem pripada grupi ora\u0161astog vo\u0107a, vrlo je hranjiv i energetski bogat, te sadr\u017ei vitamine, bjelan\u010devine, ugljikohidrate, kvalitetne masno\u0107e, mineralne i aromati\u010dne tvari. Badem je najlu\u017enatiji ora\u0161asti plod a namirnice sa lu\u017enatim svojstvima blagotvorne su za ljudski organizam. naru\u010di dostavu i #kupujmohrvatsko | Adria-Klik Supply superparket superbrza dostava namirnica, vina i delicija doma\u0107ih proizvoda\"},{\"@type\":\"BreadcrumbList\",\"@id\":\"https:\/\/adria-klik.com\/proizvod\/dalmatinski-peceni-slani-bademi-100-g-opg-skaric-mario\/#breadcrumb\",\"itemListElement\":[{\"@type\":\"ListItem\",\"position\":1,\"name\":\"Po\u010detna stranica\",\"item\":\"https:\/\/adria-klik.com\/en\/\"},{\"@type\":\"ListItem\",\"position\":2,\"name\":\"Shop\",\"item\":\"https:\/\/adria-klik.com\/shop\/\"},{\"@type\":\"ListItem\",\"position\":3,\"name\":\"Dalmatinski Pe\u010deni Slani Bademi 100 g OPG \u0160kari\u0107 Mario\"}]},{\"@type\":\"WebSite\",\"@id\":\"https:\/\/adria-klik.com\/#website\",\"url\":\"https:\/\/adria-klik.com\/\",\"name\":\"Adria-Klik.com\",\"description\":\"Unikatni poklon paketi, Vina, Craft pivo &amp; Delicije - webshop\",\"publisher\":{\"@id\":\"https:\/\/adria-klik.com\/#organization\"},\"potentialAction\":[{\"@type\":\"SearchAction\",\"target\":{\"@type\":\"EntryPoint\",\"urlTemplate\":\"https:\/\/adria-klik.com\/?s={search_term_string}\"},\"query-input\":{\"@type\":\"PropertyValueSpecification\",\"valueRequired\":true,\"valueName\":\"search_term_string\"}}],\"inLanguage\":\"en-US\"},{\"@type\":\"Organization\",\"@id\":\"https:\/\/adria-klik.com\/#organization\",\"name\":\"Adria-Klik.com\",\"alternateName\":\"AK\",\"url\":\"https:\/\/adria-klik.com\/\",\"logo\":{\"@type\":\"ImageObject\",\"inLanguage\":\"en-US\",\"@id\":\"https:\/\/adria-klik.com\/#\/schema\/logo\/image\/\",\"url\":\"https:\/\/adria-klik.com\/wp-content\/uploads\/2025\/12\/Adria-Klik_com-logo-namirnice-vina-craft-pivo-delikatese-delicije-artisan-cokolada.jpg\",\"contentUrl\":\"https:\/\/adria-klik.com\/wp-content\/uploads\/2025\/12\/Adria-Klik_com-logo-namirnice-vina-craft-pivo-delikatese-delicije-artisan-cokolada.jpg\",\"width\":500,\"height\":500,\"caption\":\"Adria-Klik.com\"},\"image\":{\"@id\":\"https:\/\/adria-klik.com\/#\/schema\/logo\/image\/\"},\"sameAs\":[\"https:\/\/www.facebook.com\/profile.php?id=100064209425136\",\"https:\/\/www.instagram.com\/adriaklik\/\",\"https:\/\/www.youtube.com\/user\/PlavacmaliZagreb\"]}]}<\/script>\n<!-- \/ Yoast SEO plugin. -->","yoast_head_json":{"title":"Dalmatinski Pe\u010deni Slani Bademi 100 g OPG \u0160kari\u0107 Mario - Adria-Klik.com","description":"OPG \u0160kari\u0107 Mario bavi se ekolo\u0161kim uzgojem i preradom doma\u0107ih badema - mendula s podru\u010dja Vodi\u010dkog zale\u0111a\u010cista Velika, Dalmacija - NAru\u010di dostavu online","robots":{"index":"index","follow":"follow","max-snippet":"max-snippet:-1","max-image-preview":"max-image-preview:large","max-video-preview":"max-video-preview:-1"},"canonical":"https:\/\/adria-klik.com\/proizvod\/dalmatinski-peceni-slani-bademi-100-g-opg-skaric-mario\/","og_locale":"en_US","og_type":"article","og_title":"OPG \u0160kari\u0107 Mario ekolo\u0161ki uzgoj i prerada doma\u0107ih badema","og_description":"OPG \u0160kari\u0107 Mario bavi se ekolo\u0161kim uzgojem i preradom doma\u0107ih badema - mendula s podru\u010dja Vodi\u010dkog zale\u0111a\u010cista Velika, Dalmacija - NAru\u010di dostavu online","og_url":"https:\/\/adria-klik.com\/proizvod\/dalmatinski-peceni-slani-bademi-100-g-opg-skaric-mario\/","og_site_name":"Adria-Klik.com","article_publisher":"https:\/\/www.facebook.com\/profile.php?id=100064209425136","article_modified_time":"2024-12-05T19:15:40+00:00","og_image":[{"width":1500,"height":1500,"url":"https:\/\/adria-klik.com\/wp-content\/uploads\/2024\/12\/Dalmatinski-Bademi-u-Tamnoj-cokoladi-OPG-Skaric-Mario-EKO-Hrvatska-Adria-Klik-webshop-ducan-brza-dostava-Zagreb-fast-delivery-store-market-wolt-bolt-DPD-GLS-UPS.jpeg","type":"image\/jpeg"}],"twitter_card":"summary_large_image","twitter_misc":{"Est. reading time":"1 minute"},"schema":{"@context":"https:\/\/schema.org","@graph":[{"@type":"WebPage","@id":"https:\/\/adria-klik.com\/proizvod\/dalmatinski-peceni-slani-bademi-100-g-opg-skaric-mario\/","url":"https:\/\/adria-klik.com\/proizvod\/dalmatinski-peceni-slani-bademi-100-g-opg-skaric-mario\/","name":"Dalmatinski Pe\u010deni Slani Bademi 100 g OPG \u0160kari\u0107 Mario - Adria-Klik.com","isPartOf":{"@id":"https:\/\/adria-klik.com\/#website"},"primaryImageOfPage":{"@id":"https:\/\/adria-klik.com\/proizvod\/dalmatinski-peceni-slani-bademi-100-g-opg-skaric-mario\/#primaryimage"},"image":{"@id":"https:\/\/adria-klik.com\/proizvod\/dalmatinski-peceni-slani-bademi-100-g-opg-skaric-mario\/#primaryimage"},"thumbnailUrl":"https:\/\/adria-klik.com\/wp-content\/uploads\/2024\/12\/Peceni-Slani-Dalmatinski-Bademi-u-OPG-Skaric-Mario-EKO-Hrvatska-Adria-Klik-webshop-ducan-brza-dostava-Zagreb-fast-delivery-store.jpeg","datePublished":"2024-12-05T19:13:45+00:00","dateModified":"2024-12-05T19:15:40+00:00","description":"OPG \u0160kari\u0107 Mario bavi se ekolo\u0161kim uzgojem i preradom doma\u0107ih badema - mendula s podru\u010dja Vodi\u010dkog zale\u0111a\u010cista Velika, Dalmacija - NAru\u010di dostavu online","breadcrumb":{"@id":"https:\/\/adria-klik.com\/proizvod\/dalmatinski-peceni-slani-bademi-100-g-opg-skaric-mario\/#breadcrumb"},"inLanguage":"en-US","potentialAction":[{"@type":"ReadAction","target":["https:\/\/adria-klik.com\/proizvod\/dalmatinski-peceni-slani-bademi-100-g-opg-skaric-mario\/"]}]},{"@type":"ImageObject","inLanguage":"en-US","@id":"https:\/\/adria-klik.com\/proizvod\/dalmatinski-peceni-slani-bademi-100-g-opg-skaric-mario\/#primaryimage","url":"https:\/\/adria-klik.com\/wp-content\/uploads\/2024\/12\/Peceni-Slani-Dalmatinski-Bademi-u-OPG-Skaric-Mario-EKO-Hrvatska-Adria-Klik-webshop-ducan-brza-dostava-Zagreb-fast-delivery-store.jpeg","contentUrl":"https:\/\/adria-klik.com\/wp-content\/uploads\/2024\/12\/Peceni-Slani-Dalmatinski-Bademi-u-OPG-Skaric-Mario-EKO-Hrvatska-Adria-Klik-webshop-ducan-brza-dostava-Zagreb-fast-delivery-store.jpeg","width":1500,"height":1500,"caption":"Pe\u010deni slani s mediteranskim za\u010dinima Dalmatinski bademi ! Naru\u010di dostavu doma\u0107ih Badema OPG \u0160kari\u0107 Mario bavi se ekolo\u0161kim uzgojem i preradom doma\u0107ih badema sa podru\u010dja Vodi\u010dkog zale\u0111a (\u010cista Velika). U ponudi imaju \u010distu jezgru, usoljene, u\u0161e\u0107erene i bademe u bijeloj i tamnoj \u010dokoladi. Badem pripada grupi ora\u0161astog vo\u0107a, vrlo je hranjiv i energetski bogat, te sadr\u017ei vitamine, bjelan\u010devine, ugljikohidrate, kvalitetne masno\u0107e, mineralne i aromati\u010dne tvari. Badem je najlu\u017enatiji ora\u0161asti plod a namirnice sa lu\u017enatim svojstvima blagotvorne su za ljudski organizam. naru\u010di dostavu i #kupujmohrvatsko | Adria-Klik Supply superparket superbrza dostava namirnica, vina i delicija doma\u0107ih proizvoda"},{"@type":"BreadcrumbList","@id":"https:\/\/adria-klik.com\/proizvod\/dalmatinski-peceni-slani-bademi-100-g-opg-skaric-mario\/#breadcrumb","itemListElement":[{"@type":"ListItem","position":1,"name":"Po\u010detna stranica","item":"https:\/\/adria-klik.com\/en\/"},{"@type":"ListItem","position":2,"name":"Shop","item":"https:\/\/adria-klik.com\/shop\/"},{"@type":"ListItem","position":3,"name":"Dalmatinski Pe\u010deni Slani Bademi 100 g OPG \u0160kari\u0107 Mario"}]},{"@type":"WebSite","@id":"https:\/\/adria-klik.com\/#website","url":"https:\/\/adria-klik.com\/","name":"Adria-Klik.com","description":"Unikatni poklon paketi, Vina, Craft pivo &amp; Delicije - webshop","publisher":{"@id":"https:\/\/adria-klik.com\/#organization"},"potentialAction":[{"@type":"SearchAction","target":{"@type":"EntryPoint","urlTemplate":"https:\/\/adria-klik.com\/?s={search_term_string}"},"query-input":{"@type":"PropertyValueSpecification","valueRequired":true,"valueName":"search_term_string"}}],"inLanguage":"en-US"},{"@type":"Organization","@id":"https:\/\/adria-klik.com\/#organization","name":"Adria-Klik.com","alternateName":"AK","url":"https:\/\/adria-klik.com\/","logo":{"@type":"ImageObject","inLanguage":"en-US","@id":"https:\/\/adria-klik.com\/#\/schema\/logo\/image\/","url":"https:\/\/adria-klik.com\/wp-content\/uploads\/2025\/12\/Adria-Klik_com-logo-namirnice-vina-craft-pivo-delikatese-delicije-artisan-cokolada.jpg","contentUrl":"https:\/\/adria-klik.com\/wp-content\/uploads\/2025\/12\/Adria-Klik_com-logo-namirnice-vina-craft-pivo-delikatese-delicije-artisan-cokolada.jpg","width":500,"height":500,"caption":"Adria-Klik.com"},"image":{"@id":"https:\/\/adria-klik.com\/#\/schema\/logo\/image\/"},"sameAs":["https:\/\/www.facebook.com\/profile.php?id=100064209425136","https:\/\/www.instagram.com\/adriaklik\/","https:\/\/www.youtube.com\/user\/PlavacmaliZagreb"]}]}},"jetpack_sharing_enabled":true,"jetpack-related-posts":[],"_links":{"self":[{"href":"https:\/\/adria-klik.com\/en\/wp-json\/wp\/v2\/product\/17572","targetHints":{"allow":["GET"]}}],"collection":[{"href":"https:\/\/adria-klik.com\/en\/wp-json\/wp\/v2\/product"}],"about":[{"href":"https:\/\/adria-klik.com\/en\/wp-json\/wp\/v2\/types\/product"}],"replies":[{"embeddable":true,"href":"https:\/\/adria-klik.com\/en\/wp-json\/wp\/v2\/comments?post=17572"}],"wp:featuredmedia":[{"embeddable":true,"href":"https:\/\/adria-klik.com\/en\/wp-json\/wp\/v2\/media\/17573"}],"wp:attachment":[{"href":"https:\/\/adria-klik.com\/en\/wp-json\/wp\/v2\/media?parent=17572"}],"wp:term":[{"taxonomy":"product_brand","embeddable":true,"href":"https:\/\/adria-klik.com\/en\/wp-json\/wp\/v2\/product_brand?post=17572"},{"taxonomy":"product_cat","embeddable":true,"href":"https:\/\/adria-klik.com\/en\/wp-json\/wp\/v2\/product_cat?post=17572"},{"taxonomy":"product_tag","embeddable":true,"href":"https:\/\/adria-klik.com\/en\/wp-json\/wp\/v2\/product_tag?post=17572"},{"taxonomy":"berocket_brand","embeddable":true,"href":"https:\/\/adria-klik.com\/en\/wp-json\/wp\/v2\/berocket_brand?post=17572"}],"curies":[{"name":"wp","href":"https:\/\/api.w.org\/{rel}","templated":true}]}}