{"id":17583,"date":"2024-12-05T20:28:35","date_gmt":"2024-12-05T19:28:35","guid":{"rendered":"https:\/\/adria-klik.com\/?post_type=product&#038;p=17583"},"modified":"2024-12-05T23:06:44","modified_gmt":"2024-12-05T22:06:44","slug":"plavac-mali-drniski-prsut-dalmatinac","status":"publish","type":"product","link":"https:\/\/adria-klik.com\/en\/proizvod\/plavac-mali-drniski-prsut-dalmatinac\/","title":{"rendered":"Plavac mali &#8211; Drni\u0161ki Pr\u0161ut &#8211; Dalmatinac"},"content":{"rendered":"<ul>\n<li>Unikatni Vrhunski autohtoni poklon paket <strong>Hrvatska tradicija &#8211; poslovni poklon Plavac mali Dalmatinac\u00a0 &#8211; Plavac mali 0,75l OPG Grgurevi\u0107, Premium Drni\u0161ki Pr\u0161ut BEL-CRO, Pa\u0161ki sir Dalmattinac 200g Pa\u0161ka sirana i Mat Crna kutija s prozorom\u00a0<\/strong><\/li>\n<li>Najpotentnija autohtona sorta <strong>Plavac mali\u00a0<\/strong><\/li>\n<li>Plavac mali je kvalitetno crno suho vino proizvedeno od gro\u017e\u0111a sorte Plavac mali<\/li>\n<li>Otok <strong>Pelje\u0161ac<\/strong><\/li>\n<li><strong>Plavac Mali Pelje\u0161ac <\/strong>0,75l <strong>Grgurevi\u0107 \u2013 <\/strong>Vinarija <strong>\u2013 Pelje\u0161ac Janjina Krive njive<\/strong><\/li>\n<li><span class=\"sc-iWOQzb iiHBKb\" dir=\"auto\" lang=\"hr\"> Pa\u0161ka sirana Premium sir <strong>Dalmatinac 200 g.<\/strong> na popisu <strong>najboljih<\/strong> sireva na svijetu prema ameri\u010dkom \u010dasopisu <strong>Culture Cheese magazine. <\/strong><\/span><\/li>\n<li><span class=\"sc-iWOQzb iiHBKb\" dir=\"auto\" lang=\"hr\">Dalmatinac je mije\u0161ani sir od ov\u010djeg i kravljeg mlijeka. <\/span><\/li>\n<li>Premium <strong>Drni\u0161ki Pr\u0161ut<\/strong> BEL CRO 200g<\/li>\n<li><span class=\"sc-iWOQzb iiHBKb\" dir=\"auto\" lang=\"hr\">Mat Crna poklon kutija s prozorom i dekoracijom<\/span><\/li>\n<\/ul>\n<p>&nbsp;<\/p>\n<ul>\n<li>Plavac mali je kvalitetno crno suho vino proizvedeno od gro\u017e\u0111a sorte Plavac mali<\/li>\n<li>Autohtona sorta Plavac mali potomak <strong>Zinfandel<\/strong> <strong>Primitivo<\/strong> <strong>Crljenak<\/strong><\/li>\n<li>Vino je tamno rubin boje sa raznim nijansama modrog refleksa koji varira od godine do godine<br \/>\ntj. od specifi\u010dnih klimatolo\u0161kih uvjeta koji svake godine pogoduju stvaranju jednog novog, posebnog i druga\u010dijeg vina<\/li>\n<li>Mirisom odaje prepoznatljive sortne arome \u0161umskog bobi\u010dastog vo\u0107a,svje\u017eine i razigranosti autohtonih kvasaca koji su u\u010dinili ovo vino prepoznatljivim proizvodom<\/li>\n<li>Okus slijedi o\u010dekivanja mirisa, sa umjereno doziranim gro\u017e\u0111anim taninima kojima se uravnote\u017euje svje\u017eina kiselina te stvara prepoznatljiv okus koji samo Pelje\u0161ac mo\u017ee ponuditi<\/li>\n<li>.Berba: krajem rujna<\/li>\n<li>Vinifikacija: maceracija 8 dana, fermentacija u inoks bacvama<\/li>\n<li>Dozrijevanje: 8 mj. u <strong>ba\u010dvi<\/strong>, 2 mj. u boci<\/li>\n<li>Potencijal starenja: 4-6 god. uz primjerene uvjete cuvanja<\/li>\n<li>Serviranje: 18 \u00b0C<\/li>\n<li>Sorni sastav: Plavac mali 100%<\/li>\n<li>VINA <strong>GRGUREVIC<\/strong><\/li>\n<li>Janjina, Pelje\u0161ac<\/li>\n<li>Naru\u010di dostavu Plavac mali vina<\/li>\n<\/ul>\n<div id=\"comp-ih26ixv5\" class=\"_1Q9if _3bcaz\" data-testid=\"richTextElement\" data-angle=\"0\" data-angle-style-location=\"style\" data-screen-in-hide=\"done\">\n<p class=\"font_8\"><strong>Pa\u0161ka sirana je najstarija sirana na otoku Pagu.<\/strong><\/p>\n<p class=\"font_8\">S nama je po\u010dela pri\u010da o\u00a0PA\u0160KOM SIRU, najpoznatijem i najnagra\u0111ivanijem hrvatskom siru.<span class=\"wixGuard\">\u200b<\/span><\/p>\n<p class=\"font_8\">Mi smo prvi plasirali Pa\u0161ki sir na tr\u017ei\u0161te, prvi mu dali etiketu, prvi ga poslali na natjecanja i dobili medalje za njega\u2026<\/p>\n<p class=\"font_8\">Prvi smo stvorili od Pa\u0161kog sira brand za kojeg se danas zna ne samo u Hrvatskoj nego i u cijelom svijetu.<\/p>\n<p class=\"font_8\"><span class=\"wixGuard\">\u200b<\/span>Pa\u0161ku siranu mo\u017eemo slobodno nazvati\u00a0&#8220;majkom pa\u0161koga sira&#8221;\u00a0jer jedina ima vi\u0161e od 70 godina tradicije proizvodnje pa\u0161kog sira.<span class=\"wixGuard\">\u200b<\/span><\/p>\n<p class=\"font_8\">A kako je zapo\u010dela pri\u010da o pa\u0161kom siru i Pa\u0161koj sirani?<\/p>\n<p class=\"font_8\">Daleke 1946. godine osnovana je kao poljoprivredna zadruga, odnosno mala sirana koja je imala i mati\u010dno stado ovaca.<\/p>\n<p class=\"font_8\">Kroz svoju povijest je prolazila kroz razli\u010dite organizacijske oblike do 1992. kada nastaje dioni\u010dko dru\u0161tvo.<\/p>\n<p class=\"font_8\">Od male zadruge danas je to moderna tvrtka, izvoznica u zemlje EU i SAD.<\/p>\n<p class=\"font_8\">Pa\u0161ka sirana se bavi proizvodnjom sireva od ov\u010djeg i kravljeg mlijeka te proizvodnjom ov\u010djeg mlijeka i mesa. Godine 2008. izgra\u0111en je novi pogon za preradu mlijeka i proizvodnju mlije\u010dnih proizvoda, djelomi\u010dno financiran iz pretpristupnih fondova EU i agencije SAPARD.<\/p>\n<p class=\"font_8\">Novi pogon u potpunosti udovoljava europskim standardima i u njemu rade novi i najmoderniji ure\u0111aji za proizvodnju sireva.<\/p>\n<p class=\"font_8\">Pa\u0161ka sirana je dobitnica brojnih me\u0111unarodnih i doma\u0107ih priznanja; najve\u0107i je proizvo\u0111a\u010d ov\u010djeg mlijeka za 2009., 2010., 2011. i 2012. godinu.<\/p>\n<p class=\"font_8\">Misija Pa\u0161ke sirane je:\u00a0Sigurnost i zadovoljstvo potro\u0161a\u010da prije svega.<\/p>\n<\/div>\n","protected":false},"excerpt":{"rendered":"<ul>\n<li>Unikatni Vrhunski autohtoni poklon paket <strong>Hrvatska tradicija &#8211; poslovni poklon Plavac mali Dalmatinac\u00a0 &#8211; Plavac mali 0,75l OPG Grgurevi\u0107 , Premium Drni\u0161ki Pr\u0161ut 200g Bel Cro, Pa\u0161ki sir Dalmattinac 200g Pa\u0161ka sirana i Mat Crna kutija s prozorom\u00a0<\/strong><\/li>\n<li>Najpotentnija autohtona sorta <strong>Plavac mali\u00a0<\/strong><\/li>\n<li>Plavac mali je kvalitetno crno suho vino proizvedeno od gro\u017e\u0111a sorte Plavac mali<\/li>\n<li>Otok <strong>Pelje\u0161ac<\/strong><\/li>\n<li><strong>Plavac Mali Pelje\u0161ac <\/strong>0,75l <strong>Grgurevi\u0107 \u2013 <\/strong>Vinarija <strong>\u2013 Pelje\u0161ac Janjina Krive njive<\/strong><\/li>\n<li><span class=\"sc-iWOQzb iiHBKb\" dir=\"auto\" lang=\"hr\"> Pa\u0161ka sirana Premium sir <strong>Dalmatinac 200 g.<\/strong> na popisu <strong>najboljih<\/strong> sireva na svijetu prema ameri\u010dkom \u010dasopisu <strong>Culture Cheese magazine. <\/strong><\/span><\/li>\n<li><span class=\"sc-iWOQzb iiHBKb\" dir=\"auto\" lang=\"hr\">Dalmatinac je mije\u0161ani sir od ov\u010djeg i kravljeg mlijeka. <\/span><\/li>\n<li><strong>Premium Drni\u0161ki Pr\u0161ut<\/strong> BEL CRO 200g<\/li>\n<li><span class=\"sc-iWOQzb iiHBKb\" dir=\"auto\" lang=\"hr\"><strong>Mat Crna<\/strong> poklon kutija s prozorom i punujenjem\/dekoracijom<\/span><\/li>\n<\/ul>\n","protected":false},"featured_media":17585,"comment_status":"open","ping_status":"closed","template":"","meta":{"_acf_changed":false},"product_brand":[],"product_cat":[385,421,985,1175,1176,1174,1159,619,376,373,560],"product_tag":[1490,2265,1006,1001,1678,499,1111,1489,1652,1488],"berocket_brand":[532,1485,1696,497],"class_list":{"0":"post-17583","1":"product","2":"type-product","3":"status-publish","4":"has-post-thumbnail","6":"product_cat-adria-paketi","7":"product_cat-crna","8":"product_cat-darovni-paketi","9":"product_cat-dostava","10":"product_cat-europa","11":"product_cat-hrvatska","12":"product_cat-nasa-preporuka","13":"product_cat-okusi_adriu","14":"product_cat-premium-proizvodi","15":"product_cat-vina","16":"product_cat-zagreb","17":"product_tag-crljenak","18":"product_tag-dalmatinac","19":"product_tag-drniski-prsut","20":"product_tag-gift-box-2","21":"product_tag-paska-sirana","22":"product_tag-plavac-mali","23":"product_tag-poklon-paket","24":"product_tag-primitivo","25":"product_tag-vrhunski-autohtoni-poklon-paket-hrvatska-tradicija","26":"product_tag-zinfandel","27":"berocket_brand-bel-cro-2","28":"berocket_brand-palihnic","29":"berocket_brand-paska-sirana","30":"berocket_brand-vina-grgurevic","32":"first","33":"instock","34":"sale","35":"featured","36":"shipping-taxable","37":"purchasable","38":"product-type-simple"},"acf":[],"yoast_head":"<!-- This site is optimized with the Yoast SEO plugin v26.9 - https:\/\/yoast.com\/product\/yoast-seo-wordpress\/ -->\n<title>Plavac mali - Drni\u0161ki Pr\u0161ut - Dalmatinac - Adria-Klik.com<\/title>\n<meta name=\"description\" content=\"Grgurevi\u0107 Plavac mali Dalmatinac Unikatni -Vrhunski autohtoni poklon paket Hrvatska tradicija naru\u010di dostavu Drni\u0161ki pr\u0161ut online\" \/>\n<meta name=\"robots\" content=\"index, follow, max-snippet:-1, max-image-preview:large, max-video-preview:-1\" \/>\n<link rel=\"canonical\" href=\"https:\/\/adria-klik.com\/proizvod\/plavac-mali-drniski-prsut-dalmatinac\/\" \/>\n<meta property=\"og:locale\" content=\"en_US\" \/>\n<meta property=\"og:type\" content=\"article\" \/>\n<meta property=\"og:title\" content=\"Vrhunski autohtoni poklon paket Hrvatska tradicija Gift Box\" \/>\n<meta property=\"og:description\" content=\"Vrhunski autohtoni poklon paket Hrvatska tradicija Grgurevi\u0107 Plavac mali i Drni\u0161ka Bukara-Susak -Vrhunski autohtoni poklon paket Hrvatska tradicija naru\u010di dostavu\" \/>\n<meta property=\"og:url\" content=\"https:\/\/adria-klik.com\/proizvod\/plavac-mali-drniski-prsut-dalmatinac\/\" \/>\n<meta property=\"og:site_name\" content=\"Adria-Klik.com\" \/>\n<meta property=\"article:publisher\" content=\"https:\/\/www.facebook.com\/profile.php?id=100064209425136\" \/>\n<meta property=\"article:modified_time\" content=\"2024-12-05T22:06:44+00:00\" \/>\n<meta property=\"og:image\" content=\"https:\/\/adria-klik.com\/wp-content\/uploads\/2022\/05\/Plavac-Mali-Grgurevic-Bukara-Drniska-Susak-auttohtono-Crljenak-Peljesac-Adria-Klik_Webshop-ducan-eko-croatia-prozvod-wein-kroatien-wine-zinfandel-primitivo-wolt-glovo-bolt-delivery.jpg\" \/>\n\t<meta property=\"og:image:width\" content=\"1500\" \/>\n\t<meta property=\"og:image:height\" content=\"1500\" \/>\n\t<meta property=\"og:image:type\" content=\"image\/jpeg\" \/>\n<meta name=\"twitter:card\" content=\"summary_large_image\" \/>\n<meta name=\"twitter:title\" content=\"Vrhunski autohtoni poklon paket Hrvatska tradicija\" \/>\n<meta name=\"twitter:description\" content=\"Grgurevi\u0107 Plavac mali i Drni\u0161ka Bukara-Susak -Vrhunski autohtoni poklon paket Hrvatska tradicija naru\u010di dostavu\" \/>\n<meta name=\"twitter:image\" content=\"https:\/\/adria-klik.com\/wp-content\/uploads\/2022\/05\/Plavac-Mali-Grgurevic-Bukara-Drniska-Susak-auttohtono-Crljenak-Peljesac-Adria-Klik_Webshop-ducan-eko-croatia-prozvod-wein-kroatien-wine-zinfandel-primitivo-wolt-glovo-bolt-delivery.jpg\" \/>\n<meta name=\"twitter:label1\" content=\"Est. reading time\" \/>\n\t<meta name=\"twitter:data1\" content=\"3 minutes\" \/>\n<script type=\"application\/ld+json\" class=\"yoast-schema-graph\">{\"@context\":\"https:\/\/schema.org\",\"@graph\":[{\"@type\":\"WebPage\",\"@id\":\"https:\/\/adria-klik.com\/proizvod\/plavac-mali-drniski-prsut-dalmatinac\/\",\"url\":\"https:\/\/adria-klik.com\/proizvod\/plavac-mali-drniski-prsut-dalmatinac\/\",\"name\":\"Plavac mali - Drni\u0161ki Pr\u0161ut - Dalmatinac - Adria-Klik.com\",\"isPartOf\":{\"@id\":\"https:\/\/adria-klik.com\/#website\"},\"primaryImageOfPage\":{\"@id\":\"https:\/\/adria-klik.com\/proizvod\/plavac-mali-drniski-prsut-dalmatinac\/#primaryimage\"},\"image\":{\"@id\":\"https:\/\/adria-klik.com\/proizvod\/plavac-mali-drniski-prsut-dalmatinac\/#primaryimage\"},\"thumbnailUrl\":\"https:\/\/adria-klik.com\/wp-content\/uploads\/2024\/12\/Plavac-mali-Drniski-prsut-Paska-sirana-sir-Dalmatinac-unikatni-poklon-NOVO-poslovni-gift-Box-Fast-delivery-dostava-RH-EU-Wolt-Bolt-Glovo-DPD-GLS.jpg\",\"datePublished\":\"2024-12-05T19:28:35+00:00\",\"dateModified\":\"2024-12-05T22:06:44+00:00\",\"description\":\"Grgurevi\u0107 Plavac mali Dalmatinac Unikatni -Vrhunski autohtoni poklon paket Hrvatska tradicija naru\u010di dostavu Drni\u0161ki pr\u0161ut online\",\"breadcrumb\":{\"@id\":\"https:\/\/adria-klik.com\/proizvod\/plavac-mali-drniski-prsut-dalmatinac\/#breadcrumb\"},\"inLanguage\":\"en-US\",\"potentialAction\":[{\"@type\":\"ReadAction\",\"target\":[\"https:\/\/adria-klik.com\/proizvod\/plavac-mali-drniski-prsut-dalmatinac\/\"]}]},{\"@type\":\"ImageObject\",\"inLanguage\":\"en-US\",\"@id\":\"https:\/\/adria-klik.com\/proizvod\/plavac-mali-drniski-prsut-dalmatinac\/#primaryimage\",\"url\":\"https:\/\/adria-klik.com\/wp-content\/uploads\/2024\/12\/Plavac-mali-Drniski-prsut-Paska-sirana-sir-Dalmatinac-unikatni-poklon-NOVO-poslovni-gift-Box-Fast-delivery-dostava-RH-EU-Wolt-Bolt-Glovo-DPD-GLS.jpg\",\"contentUrl\":\"https:\/\/adria-klik.com\/wp-content\/uploads\/2024\/12\/Plavac-mali-Drniski-prsut-Paska-sirana-sir-Dalmatinac-unikatni-poklon-NOVO-poslovni-gift-Box-Fast-delivery-dostava-RH-EU-Wolt-Bolt-Glovo-DPD-GLS.jpg\",\"width\":1500,\"height\":1500,\"caption\":\"Poklon paketi unikat! Autohtoni pokloni! Gift box! Poslovni pokloni. Custom made poklon kutije !| Adria-Klik Supply webshop trgovina dostava namirnica, vina, craft piva i delicija Superbrza dostava Zagreb Wolt Glovo Bolt-Food i Hrvatska i EU DPD GLS - vinska logistika #kupujmohrvatsko Naru\u00c3\u201e\u00c2\u008di dostavu Frankfurt International Trophy - GOLD MEDAL winner - LIKER TERANINO Royal Luxury \u2013 Royal Luxury TERANINO prirodan je liker, potpuno ru\u010dno proizveden. Teranino je proizveden od crnog vina, likera od kupine, te uz dodatak macerata aromati\u010dnog i za\u010dinskog bilja, u kojem dominiraju cimet i klin\u010di\u0107. Dobiveni liker profinjenog je i ugla\u0111enog okusa. Zbog sna\u017eno izra\u017eenih aroma izvrsno prija kao samostalno pi\u0107e ili kao dodatak koktelima. Servira se ledeno ohla\u0111en u ledeno ohla\u0111enim \u010da\u0161ama.\"},{\"@type\":\"BreadcrumbList\",\"@id\":\"https:\/\/adria-klik.com\/proizvod\/plavac-mali-drniski-prsut-dalmatinac\/#breadcrumb\",\"itemListElement\":[{\"@type\":\"ListItem\",\"position\":1,\"name\":\"Po\u010detna stranica\",\"item\":\"https:\/\/adria-klik.com\/en\/\"},{\"@type\":\"ListItem\",\"position\":2,\"name\":\"Shop\",\"item\":\"https:\/\/adria-klik.com\/shop\/\"},{\"@type\":\"ListItem\",\"position\":3,\"name\":\"Plavac mali &#8211; Drni\u0161ki Pr\u0161ut &#8211; Dalmatinac\"}]},{\"@type\":\"WebSite\",\"@id\":\"https:\/\/adria-klik.com\/#website\",\"url\":\"https:\/\/adria-klik.com\/\",\"name\":\"Adria-Klik.com\",\"description\":\"Unikatni poklon paketi, Vina, Craft pivo &amp; Delicije - webshop\",\"publisher\":{\"@id\":\"https:\/\/adria-klik.com\/#organization\"},\"potentialAction\":[{\"@type\":\"SearchAction\",\"target\":{\"@type\":\"EntryPoint\",\"urlTemplate\":\"https:\/\/adria-klik.com\/?s={search_term_string}\"},\"query-input\":{\"@type\":\"PropertyValueSpecification\",\"valueRequired\":true,\"valueName\":\"search_term_string\"}}],\"inLanguage\":\"en-US\"},{\"@type\":\"Organization\",\"@id\":\"https:\/\/adria-klik.com\/#organization\",\"name\":\"Adria-Klik.com\",\"alternateName\":\"AK\",\"url\":\"https:\/\/adria-klik.com\/\",\"logo\":{\"@type\":\"ImageObject\",\"inLanguage\":\"en-US\",\"@id\":\"https:\/\/adria-klik.com\/#\/schema\/logo\/image\/\",\"url\":\"https:\/\/adria-klik.com\/wp-content\/uploads\/2025\/12\/Adria-Klik_com-logo-namirnice-vina-craft-pivo-delikatese-delicije-artisan-cokolada.jpg\",\"contentUrl\":\"https:\/\/adria-klik.com\/wp-content\/uploads\/2025\/12\/Adria-Klik_com-logo-namirnice-vina-craft-pivo-delikatese-delicije-artisan-cokolada.jpg\",\"width\":500,\"height\":500,\"caption\":\"Adria-Klik.com\"},\"image\":{\"@id\":\"https:\/\/adria-klik.com\/#\/schema\/logo\/image\/\"},\"sameAs\":[\"https:\/\/www.facebook.com\/profile.php?id=100064209425136\",\"https:\/\/www.instagram.com\/adriaklik\/\",\"https:\/\/www.youtube.com\/user\/PlavacmaliZagreb\"]}]}<\/script>\n<!-- \/ Yoast SEO plugin. -->","yoast_head_json":{"title":"Plavac mali - Drni\u0161ki Pr\u0161ut - Dalmatinac - Adria-Klik.com","description":"Grgurevi\u0107 Plavac mali Dalmatinac Unikatni -Vrhunski autohtoni poklon paket Hrvatska tradicija naru\u010di dostavu Drni\u0161ki pr\u0161ut online","robots":{"index":"index","follow":"follow","max-snippet":"max-snippet:-1","max-image-preview":"max-image-preview:large","max-video-preview":"max-video-preview:-1"},"canonical":"https:\/\/adria-klik.com\/proizvod\/plavac-mali-drniski-prsut-dalmatinac\/","og_locale":"en_US","og_type":"article","og_title":"Vrhunski autohtoni poklon paket Hrvatska tradicija Gift Box","og_description":"Vrhunski autohtoni poklon paket Hrvatska tradicija Grgurevi\u0107 Plavac mali i Drni\u0161ka Bukara-Susak -Vrhunski autohtoni poklon paket Hrvatska tradicija naru\u010di dostavu","og_url":"https:\/\/adria-klik.com\/proizvod\/plavac-mali-drniski-prsut-dalmatinac\/","og_site_name":"Adria-Klik.com","article_publisher":"https:\/\/www.facebook.com\/profile.php?id=100064209425136","article_modified_time":"2024-12-05T22:06:44+00:00","og_image":[{"width":1500,"height":1500,"url":"https:\/\/adria-klik.com\/wp-content\/uploads\/2022\/05\/Plavac-Mali-Grgurevic-Bukara-Drniska-Susak-auttohtono-Crljenak-Peljesac-Adria-Klik_Webshop-ducan-eko-croatia-prozvod-wein-kroatien-wine-zinfandel-primitivo-wolt-glovo-bolt-delivery.jpg","type":"image\/jpeg"}],"twitter_card":"summary_large_image","twitter_title":"Vrhunski autohtoni poklon paket Hrvatska tradicija","twitter_description":"Grgurevi\u0107 Plavac mali i Drni\u0161ka Bukara-Susak -Vrhunski autohtoni poklon paket Hrvatska tradicija naru\u010di dostavu","twitter_image":"https:\/\/adria-klik.com\/wp-content\/uploads\/2022\/05\/Plavac-Mali-Grgurevic-Bukara-Drniska-Susak-auttohtono-Crljenak-Peljesac-Adria-Klik_Webshop-ducan-eko-croatia-prozvod-wein-kroatien-wine-zinfandel-primitivo-wolt-glovo-bolt-delivery.jpg","twitter_misc":{"Est. reading time":"3 minutes"},"schema":{"@context":"https:\/\/schema.org","@graph":[{"@type":"WebPage","@id":"https:\/\/adria-klik.com\/proizvod\/plavac-mali-drniski-prsut-dalmatinac\/","url":"https:\/\/adria-klik.com\/proizvod\/plavac-mali-drniski-prsut-dalmatinac\/","name":"Plavac mali - Drni\u0161ki Pr\u0161ut - Dalmatinac - Adria-Klik.com","isPartOf":{"@id":"https:\/\/adria-klik.com\/#website"},"primaryImageOfPage":{"@id":"https:\/\/adria-klik.com\/proizvod\/plavac-mali-drniski-prsut-dalmatinac\/#primaryimage"},"image":{"@id":"https:\/\/adria-klik.com\/proizvod\/plavac-mali-drniski-prsut-dalmatinac\/#primaryimage"},"thumbnailUrl":"https:\/\/adria-klik.com\/wp-content\/uploads\/2024\/12\/Plavac-mali-Drniski-prsut-Paska-sirana-sir-Dalmatinac-unikatni-poklon-NOVO-poslovni-gift-Box-Fast-delivery-dostava-RH-EU-Wolt-Bolt-Glovo-DPD-GLS.jpg","datePublished":"2024-12-05T19:28:35+00:00","dateModified":"2024-12-05T22:06:44+00:00","description":"Grgurevi\u0107 Plavac mali Dalmatinac Unikatni -Vrhunski autohtoni poklon paket Hrvatska tradicija naru\u010di dostavu Drni\u0161ki pr\u0161ut online","breadcrumb":{"@id":"https:\/\/adria-klik.com\/proizvod\/plavac-mali-drniski-prsut-dalmatinac\/#breadcrumb"},"inLanguage":"en-US","potentialAction":[{"@type":"ReadAction","target":["https:\/\/adria-klik.com\/proizvod\/plavac-mali-drniski-prsut-dalmatinac\/"]}]},{"@type":"ImageObject","inLanguage":"en-US","@id":"https:\/\/adria-klik.com\/proizvod\/plavac-mali-drniski-prsut-dalmatinac\/#primaryimage","url":"https:\/\/adria-klik.com\/wp-content\/uploads\/2024\/12\/Plavac-mali-Drniski-prsut-Paska-sirana-sir-Dalmatinac-unikatni-poklon-NOVO-poslovni-gift-Box-Fast-delivery-dostava-RH-EU-Wolt-Bolt-Glovo-DPD-GLS.jpg","contentUrl":"https:\/\/adria-klik.com\/wp-content\/uploads\/2024\/12\/Plavac-mali-Drniski-prsut-Paska-sirana-sir-Dalmatinac-unikatni-poklon-NOVO-poslovni-gift-Box-Fast-delivery-dostava-RH-EU-Wolt-Bolt-Glovo-DPD-GLS.jpg","width":1500,"height":1500,"caption":"Poklon paketi unikat! Autohtoni pokloni! Gift box! Poslovni pokloni. Custom made poklon kutije !| Adria-Klik Supply webshop trgovina dostava namirnica, vina, craft piva i delicija Superbrza dostava Zagreb Wolt Glovo Bolt-Food i Hrvatska i EU DPD GLS - vinska logistika #kupujmohrvatsko Naru\u00c3\u201e\u00c2\u008di dostavu Frankfurt International Trophy - GOLD MEDAL winner - LIKER TERANINO Royal Luxury \u2013 Royal Luxury TERANINO prirodan je liker, potpuno ru\u010dno proizveden. Teranino je proizveden od crnog vina, likera od kupine, te uz dodatak macerata aromati\u010dnog i za\u010dinskog bilja, u kojem dominiraju cimet i klin\u010di\u0107. Dobiveni liker profinjenog je i ugla\u0111enog okusa. Zbog sna\u017eno izra\u017eenih aroma izvrsno prija kao samostalno pi\u0107e ili kao dodatak koktelima. Servira se ledeno ohla\u0111en u ledeno ohla\u0111enim \u010da\u0161ama."},{"@type":"BreadcrumbList","@id":"https:\/\/adria-klik.com\/proizvod\/plavac-mali-drniski-prsut-dalmatinac\/#breadcrumb","itemListElement":[{"@type":"ListItem","position":1,"name":"Po\u010detna stranica","item":"https:\/\/adria-klik.com\/en\/"},{"@type":"ListItem","position":2,"name":"Shop","item":"https:\/\/adria-klik.com\/shop\/"},{"@type":"ListItem","position":3,"name":"Plavac mali &#8211; Drni\u0161ki Pr\u0161ut &#8211; Dalmatinac"}]},{"@type":"WebSite","@id":"https:\/\/adria-klik.com\/#website","url":"https:\/\/adria-klik.com\/","name":"Adria-Klik.com","description":"Unikatni poklon paketi, Vina, Craft pivo &amp; Delicije - webshop","publisher":{"@id":"https:\/\/adria-klik.com\/#organization"},"potentialAction":[{"@type":"SearchAction","target":{"@type":"EntryPoint","urlTemplate":"https:\/\/adria-klik.com\/?s={search_term_string}"},"query-input":{"@type":"PropertyValueSpecification","valueRequired":true,"valueName":"search_term_string"}}],"inLanguage":"en-US"},{"@type":"Organization","@id":"https:\/\/adria-klik.com\/#organization","name":"Adria-Klik.com","alternateName":"AK","url":"https:\/\/adria-klik.com\/","logo":{"@type":"ImageObject","inLanguage":"en-US","@id":"https:\/\/adria-klik.com\/#\/schema\/logo\/image\/","url":"https:\/\/adria-klik.com\/wp-content\/uploads\/2025\/12\/Adria-Klik_com-logo-namirnice-vina-craft-pivo-delikatese-delicije-artisan-cokolada.jpg","contentUrl":"https:\/\/adria-klik.com\/wp-content\/uploads\/2025\/12\/Adria-Klik_com-logo-namirnice-vina-craft-pivo-delikatese-delicije-artisan-cokolada.jpg","width":500,"height":500,"caption":"Adria-Klik.com"},"image":{"@id":"https:\/\/adria-klik.com\/#\/schema\/logo\/image\/"},"sameAs":["https:\/\/www.facebook.com\/profile.php?id=100064209425136","https:\/\/www.instagram.com\/adriaklik\/","https:\/\/www.youtube.com\/user\/PlavacmaliZagreb"]}]}},"jetpack_sharing_enabled":true,"jetpack-related-posts":[],"_links":{"self":[{"href":"https:\/\/adria-klik.com\/en\/wp-json\/wp\/v2\/product\/17583","targetHints":{"allow":["GET"]}}],"collection":[{"href":"https:\/\/adria-klik.com\/en\/wp-json\/wp\/v2\/product"}],"about":[{"href":"https:\/\/adria-klik.com\/en\/wp-json\/wp\/v2\/types\/product"}],"replies":[{"embeddable":true,"href":"https:\/\/adria-klik.com\/en\/wp-json\/wp\/v2\/comments?post=17583"}],"wp:featuredmedia":[{"embeddable":true,"href":"https:\/\/adria-klik.com\/en\/wp-json\/wp\/v2\/media\/17585"}],"wp:attachment":[{"href":"https:\/\/adria-klik.com\/en\/wp-json\/wp\/v2\/media?parent=17583"}],"wp:term":[{"taxonomy":"product_brand","embeddable":true,"href":"https:\/\/adria-klik.com\/en\/wp-json\/wp\/v2\/product_brand?post=17583"},{"taxonomy":"product_cat","embeddable":true,"href":"https:\/\/adria-klik.com\/en\/wp-json\/wp\/v2\/product_cat?post=17583"},{"taxonomy":"product_tag","embeddable":true,"href":"https:\/\/adria-klik.com\/en\/wp-json\/wp\/v2\/product_tag?post=17583"},{"taxonomy":"berocket_brand","embeddable":true,"href":"https:\/\/adria-klik.com\/en\/wp-json\/wp\/v2\/berocket_brand?post=17583"}],"curies":[{"name":"wp","href":"https:\/\/api.w.org\/{rel}","templated":true}]}}