{"id":17587,"date":"2024-12-07T01:38:45","date_gmt":"2024-12-07T00:38:45","guid":{"rendered":"https:\/\/adria-klik.com\/?post_type=product&#038;p=17587"},"modified":"2024-12-07T01:40:21","modified_gmt":"2024-12-07T00:40:21","slug":"istarska-kobasica-trajna-bez-nitrita-200g-histris","status":"publish","type":"product","link":"https:\/\/adria-klik.com\/en\/proizvod\/istarska-kobasica-trajna-bez-nitrita-200g-histris\/","title":{"rendered":"Istarska Kobasica Trajna &#8211; Bez Nitrita 200g Histris"},"content":{"rendered":"<div class=\"cb_FormRow_RightCol_r1b7\">\n<ul>\n<li class=\"sc-cJlyTo BUlOb\"><span class=\"sc-kpDqfm sc-iCNmCL hcDcFN\" dir=\"auto\">Spravljena \/ proizvedena od pomno odabranog mesa zrelijih doma\u0107ih svinja<\/span><\/li>\n<li class=\"sc-cJlyTo BUlOb\"><span class=\"sc-kpDqfm sc-iCNmCL hcDcFN\" dir=\"auto\"><strong>Histris<\/strong> <strong>istarska<\/strong> <strong>kobasica<\/strong> (<strong>trajna<\/strong>) uravnote\u017eenog je omjera mesa i masti te mediteranskih za\u010dina s<strong> dodatkom istarske malvazije<\/strong> u kojoj je diskretno prokuhan <strong>\u010de\u0161njak<\/strong> i <strong>lovorov<\/strong> <strong>list<\/strong><\/span><\/li>\n<li class=\"sc-cJlyTo BUlOb\"><span class=\"sc-kpDqfm sc-iCNmCL hcDcFN\" dir=\"auto\">Istarska kobasica prirodnog je okusa i mirisa, elegantne konzistencije s da\u0161kom slatko\u0107e, uz vrlo kontrolirano doziranje soli<\/span><\/li>\n<li><strong>Histris<\/strong> <strong>Delicije<\/strong> Istra<\/li>\n<li>BEZ NITRITA \u2013 NITRITE FREE\n<div class=\"gmail_default\"><strong>International Taste Award:<\/strong>\u00a0Izvrstan proizvod autenti\u010dnog i prirodnog okusa te mirisa, elegantne konzistencije, s da\u0161kom slatko\u0107e dobro izbalansiranih nota arome mesa uz vrlo kontrolirano doziranje soli i lokalnih za\u010dina. Tekstura je elasti\u010dna, kompaktna i impresivna za trajni suhomesnati proizvod pa bojom i oblikom vrlo privla\u010di, a okus u ustima je odli\u010dan!<\/div>\n<div><\/div>\n<div>BEZ NITRITA \u2013 NITRITE FREE<\/div>\n<p>Vrsta mesa: svinjska lopatica i le\u0111no \u010dvrsto masno tkivo<\/p>\n<p>Za\u010dini: \u010de\u0161njak, istarska malvazija, sol, papar<\/p>\n<p><strong>Histris<\/strong> je istarski brand izrastao iz tradicije i majstorskog umije\u0107a u obradi mesa i spravljanju mesnih delicija doma\u0107ih ljudi. Priprema mesa i proizvodnja mesnih proizvoda odvija se u Svetom Petru u \u0160umi, u proizvodnom pogonu opremljenom vrhunskom tehnologijom \u010dime se osigurava potpuna kontrola procesa.<\/li>\n<\/ul>\n<div class=\"vc_col-sm-6 wpb_column vc_column_container\">\n<div class=\"vc_column-inner\">\n<div class=\"wpb_wrapper\">\n<div class=\"wpb_text_column\">\n<div class=\"wpb_wrapper\">\n<p>Podneblje, najkvalitetnije meso, tehnika izrade i iskustvo od izuzetne su va\u017enosti, ali ono \u0161to zaista razlikuje je na\u0161a ljubav prema lstri i tradiciji \u2013 nezamjenjiv sastojak koji \u010dini Histrisove suhomesnate proizvode jedinstvenima. Stoga ne \u010dudi da su upravo Histrisovi proizvodi nagra\u0111eni zvjezdicama Superior Taste Award \u2013 presti\u017enom nagradom koju dodjeljuje Me\u0111unarodni institut za okuse hrane i pi\u0107a sa sjedi\u0161tem u Bruxellesu. Priznanje ozna\u010dava proizvode potvr\u0111ene kvalitete i izvanrednog okusa.<\/p>\n<p>Autohtona linija Histris delicija obuhva\u0107a suhomesnate proizvode pripremljene po tradicionalnoj istarskoj recepturi uz dodatak jednostavnih sastojaka; najkvalitetnijeg doma\u0107eg mesa, soli, lovorova lista i papra. Uz tradicionalne istarske proizvode svoju prepoznatljivost Histris mo\u017ee zahvaliti specifi\u010dnim kobasicama i salamama od divlja\u010di, jelena i divlje svinje, izvrsnim alternativama klasi\u010dnim kobasicama i salamama.<\/p>\n<p>Histris proizvodi su ponosni nositelji oznake Meso hrvatskih farmi, Znak u neobveznom sustavu ozna\u010davanja koje provodi Hrvatska agencija za poljoprivredu i hranu (HAPIH) s ciljem jasnog i nedvosmislenog informiranja potro\u0161a\u010da o podrijetlu i utvr\u0111enoj kvaliteti mesnih proizvoda u Republici Hrvatskoj.\u00a0Tako\u0111er, svi proizvodi su bez glutena, bez soje i bez laktoze.<\/p>\n<\/div>\n<\/div>\n<\/div>\n<\/div>\n<\/div>\n<\/div>\n","protected":false},"excerpt":{"rendered":"<ul>\n<li class=\"sc-cJlyTo BUlOb\"><span class=\"sc-kpDqfm sc-iCNmCL hcDcFN\" dir=\"auto\">Spravljena \/ proizvedena od pomno odabranog mesa zrelijih doma\u0107ih svinja<\/span><\/li>\n<li class=\"sc-cJlyTo BUlOb\"><span class=\"sc-kpDqfm sc-iCNmCL hcDcFN\" dir=\"auto\"><strong>Histris<\/strong> <strong>istarska<\/strong> <strong>kobasica<\/strong> (<strong>trajna<\/strong>) uravnote\u017eenog je omjera mesa i masti te mediteranskih za\u010dina s<strong> dodatkom istarske malvazije<\/strong> u kojoj je diskretno prokuhan <strong>\u010de\u0161njak<\/strong> i <strong>lovorov<\/strong> <strong>list<\/strong><\/span><\/li>\n<li class=\"sc-cJlyTo BUlOb\"><span class=\"sc-kpDqfm sc-iCNmCL hcDcFN\" dir=\"auto\">Istarska kobasica prirodnog je okusa i mirisa, elegantne konzistencije s da\u0161kom slatko\u0107e, uz vrlo kontrolirano doziranje soli<\/span><\/li>\n<li><strong>Histris<\/strong> <strong>Delicije<\/strong> Istra<\/li>\n<li>BEZ NITRITA \u2013 NITRITE FREE<\/li>\n<\/ul>\n","protected":false},"featured_media":17588,"comment_status":"open","ping_status":"closed","template":"","meta":{"_acf_changed":false},"product_brand":[],"product_cat":[1175,1176,370,1174,388,1159,619,376,560],"product_tag":[2269,2267,2270,2268],"berocket_brand":[2266],"class_list":{"0":"post-17587","1":"product","2":"type-product","3":"status-publish","4":"has-post-thumbnail","6":"product_cat-dostava","7":"product_cat-europa","8":"product_cat-hrana","9":"product_cat-hrvatska","10":"product_cat-meso-riba-delikates","11":"product_cat-nasa-preporuka","12":"product_cat-okusi_adriu","13":"product_cat-premium-proizvodi","14":"product_cat-zagreb","15":"product_tag-bez-nitrita-nitrite-free","16":"product_tag-histris-delicije-istra","17":"product_tag-istarska-kobasica","18":"product_tag-istarska-malvazija","19":"berocket_brand-histris-delicije","21":"first","22":"instock","23":"shipping-taxable","24":"purchasable","25":"product-type-simple"},"acf":[],"yoast_head":"<!-- This site is optimized with the Yoast SEO plugin v26.9 - https:\/\/yoast.com\/product\/yoast-seo-wordpress\/ -->\n<title>Istarska Kobasica Trajna - Bez Nitrita 200g Histris - Adria-Klik.com<\/title>\n<meta name=\"description\" content=\"Histris Delicije IstraBEZ NITRITA \u2013 NITRITE FREE -Istarska Kobasica Trajna - Bez Nitrita 200g Histris Naru\u010di dostavu online brzo i sigurno\" \/>\n<meta name=\"robots\" content=\"index, follow, max-snippet:-1, max-image-preview:large, max-video-preview:-1\" \/>\n<link rel=\"canonical\" href=\"https:\/\/adria-klik.com\/proizvod\/istarska-kobasica-trajna-bez-nitrita-200g-histris\/\" \/>\n<meta property=\"og:locale\" content=\"en_US\" \/>\n<meta property=\"og:type\" content=\"article\" \/>\n<meta property=\"og:title\" content=\"Histris Delicije IstraBEZ NITRITA \u2013 NITRITE FREE -Istarska Kobasica Trajna - Bez Nitrita 200g Histris Naru\u010di dostavu online brzo i sigurno\" \/>\n<meta property=\"og:description\" content=\"Histris Delicije IstraBEZ NITRITA \u2013 NITRITE FREE -Istarska Kobasica Trajna - Bez Nitrita 200g Histris Naru\u010di dostavu online brzo i sigurno\" \/>\n<meta property=\"og:url\" content=\"https:\/\/adria-klik.com\/proizvod\/istarska-kobasica-trajna-bez-nitrita-200g-histris\/\" \/>\n<meta property=\"og:site_name\" content=\"Adria-Klik.com\" \/>\n<meta property=\"article:publisher\" content=\"https:\/\/www.facebook.com\/profile.php?id=100064209425136\" \/>\n<meta property=\"article:modified_time\" content=\"2024-12-07T00:40:21+00:00\" \/>\n<meta property=\"og:image\" content=\"https:\/\/adria-klik.com\/wp-content\/uploads\/2024\/12\/Istarska-trajna-kobasica-bez-nitrita-Histris_200g-Istrian_ox_Adria_Klik_shop_croatia_delivery_fast.jpg\" \/>\n\t<meta property=\"og:image:width\" content=\"1500\" \/>\n\t<meta property=\"og:image:height\" content=\"1500\" \/>\n\t<meta property=\"og:image:type\" content=\"image\/jpeg\" \/>\n<meta name=\"twitter:card\" content=\"summary_large_image\" \/>\n<meta name=\"twitter:label1\" content=\"Est. reading time\" \/>\n\t<meta name=\"twitter:data1\" content=\"3 minutes\" \/>\n<script type=\"application\/ld+json\" class=\"yoast-schema-graph\">{\"@context\":\"https:\/\/schema.org\",\"@graph\":[{\"@type\":\"WebPage\",\"@id\":\"https:\/\/adria-klik.com\/proizvod\/istarska-kobasica-trajna-bez-nitrita-200g-histris\/\",\"url\":\"https:\/\/adria-klik.com\/proizvod\/istarska-kobasica-trajna-bez-nitrita-200g-histris\/\",\"name\":\"Istarska Kobasica Trajna - Bez Nitrita 200g Histris - Adria-Klik.com\",\"isPartOf\":{\"@id\":\"https:\/\/adria-klik.com\/#website\"},\"primaryImageOfPage\":{\"@id\":\"https:\/\/adria-klik.com\/proizvod\/istarska-kobasica-trajna-bez-nitrita-200g-histris\/#primaryimage\"},\"image\":{\"@id\":\"https:\/\/adria-klik.com\/proizvod\/istarska-kobasica-trajna-bez-nitrita-200g-histris\/#primaryimage\"},\"thumbnailUrl\":\"https:\/\/adria-klik.com\/wp-content\/uploads\/2024\/12\/Istarska-trajna-kobasica-bez-nitrita-Histris_200g-Istrian_ox_Adria_Klik_shop_croatia_delivery_fast.jpg\",\"datePublished\":\"2024-12-07T00:38:45+00:00\",\"dateModified\":\"2024-12-07T00:40:21+00:00\",\"description\":\"Histris Delicije IstraBEZ NITRITA \u2013 NITRITE FREE -Istarska Kobasica Trajna - Bez Nitrita 200g Histris Naru\u010di dostavu online brzo i sigurno\",\"breadcrumb\":{\"@id\":\"https:\/\/adria-klik.com\/proizvod\/istarska-kobasica-trajna-bez-nitrita-200g-histris\/#breadcrumb\"},\"inLanguage\":\"en-US\",\"potentialAction\":[{\"@type\":\"ReadAction\",\"target\":[\"https:\/\/adria-klik.com\/proizvod\/istarska-kobasica-trajna-bez-nitrita-200g-histris\/\"]}]},{\"@type\":\"ImageObject\",\"inLanguage\":\"en-US\",\"@id\":\"https:\/\/adria-klik.com\/proizvod\/istarska-kobasica-trajna-bez-nitrita-200g-histris\/#primaryimage\",\"url\":\"https:\/\/adria-klik.com\/wp-content\/uploads\/2024\/12\/Istarska-trajna-kobasica-bez-nitrita-Histris_200g-Istrian_ox_Adria_Klik_shop_croatia_delivery_fast.jpg\",\"contentUrl\":\"https:\/\/adria-klik.com\/wp-content\/uploads\/2024\/12\/Istarska-trajna-kobasica-bez-nitrita-Histris_200g-Istrian_ox_Adria_Klik_shop_croatia_delivery_fast.jpg\",\"width\":1500,\"height\":1500,\"caption\":\"Adria Klik Fast Delivery Zagreb, Croatia &amp; EU!\"},{\"@type\":\"BreadcrumbList\",\"@id\":\"https:\/\/adria-klik.com\/proizvod\/istarska-kobasica-trajna-bez-nitrita-200g-histris\/#breadcrumb\",\"itemListElement\":[{\"@type\":\"ListItem\",\"position\":1,\"name\":\"Po\u010detna stranica\",\"item\":\"https:\/\/adria-klik.com\/en\/\"},{\"@type\":\"ListItem\",\"position\":2,\"name\":\"Shop\",\"item\":\"https:\/\/adria-klik.com\/shop\/\"},{\"@type\":\"ListItem\",\"position\":3,\"name\":\"Istarska Kobasica Trajna &#8211; Bez Nitrita 200g Histris\"}]},{\"@type\":\"WebSite\",\"@id\":\"https:\/\/adria-klik.com\/#website\",\"url\":\"https:\/\/adria-klik.com\/\",\"name\":\"Adria-Klik.com\",\"description\":\"Unikatni poklon paketi, Vina, Craft pivo &amp; Delicije - webshop\",\"publisher\":{\"@id\":\"https:\/\/adria-klik.com\/#organization\"},\"potentialAction\":[{\"@type\":\"SearchAction\",\"target\":{\"@type\":\"EntryPoint\",\"urlTemplate\":\"https:\/\/adria-klik.com\/?s={search_term_string}\"},\"query-input\":{\"@type\":\"PropertyValueSpecification\",\"valueRequired\":true,\"valueName\":\"search_term_string\"}}],\"inLanguage\":\"en-US\"},{\"@type\":\"Organization\",\"@id\":\"https:\/\/adria-klik.com\/#organization\",\"name\":\"Adria-Klik.com\",\"alternateName\":\"AK\",\"url\":\"https:\/\/adria-klik.com\/\",\"logo\":{\"@type\":\"ImageObject\",\"inLanguage\":\"en-US\",\"@id\":\"https:\/\/adria-klik.com\/#\/schema\/logo\/image\/\",\"url\":\"https:\/\/adria-klik.com\/wp-content\/uploads\/2025\/12\/Adria-Klik_com-logo-namirnice-vina-craft-pivo-delikatese-delicije-artisan-cokolada.jpg\",\"contentUrl\":\"https:\/\/adria-klik.com\/wp-content\/uploads\/2025\/12\/Adria-Klik_com-logo-namirnice-vina-craft-pivo-delikatese-delicije-artisan-cokolada.jpg\",\"width\":500,\"height\":500,\"caption\":\"Adria-Klik.com\"},\"image\":{\"@id\":\"https:\/\/adria-klik.com\/#\/schema\/logo\/image\/\"},\"sameAs\":[\"https:\/\/www.facebook.com\/profile.php?id=100064209425136\",\"https:\/\/www.instagram.com\/adriaklik\/\",\"https:\/\/www.youtube.com\/user\/PlavacmaliZagreb\"]}]}<\/script>\n<!-- \/ Yoast SEO plugin. -->","yoast_head_json":{"title":"Istarska Kobasica Trajna - Bez Nitrita 200g Histris - Adria-Klik.com","description":"Histris Delicije IstraBEZ NITRITA \u2013 NITRITE FREE -Istarska Kobasica Trajna - Bez Nitrita 200g Histris Naru\u010di dostavu online brzo i sigurno","robots":{"index":"index","follow":"follow","max-snippet":"max-snippet:-1","max-image-preview":"max-image-preview:large","max-video-preview":"max-video-preview:-1"},"canonical":"https:\/\/adria-klik.com\/proizvod\/istarska-kobasica-trajna-bez-nitrita-200g-histris\/","og_locale":"en_US","og_type":"article","og_title":"Histris Delicije IstraBEZ NITRITA \u2013 NITRITE FREE -Istarska Kobasica Trajna - Bez Nitrita 200g Histris Naru\u010di dostavu online brzo i sigurno","og_description":"Histris Delicije IstraBEZ NITRITA \u2013 NITRITE FREE -Istarska Kobasica Trajna - Bez Nitrita 200g Histris Naru\u010di dostavu online brzo i sigurno","og_url":"https:\/\/adria-klik.com\/proizvod\/istarska-kobasica-trajna-bez-nitrita-200g-histris\/","og_site_name":"Adria-Klik.com","article_publisher":"https:\/\/www.facebook.com\/profile.php?id=100064209425136","article_modified_time":"2024-12-07T00:40:21+00:00","og_image":[{"width":1500,"height":1500,"url":"https:\/\/adria-klik.com\/wp-content\/uploads\/2024\/12\/Istarska-trajna-kobasica-bez-nitrita-Histris_200g-Istrian_ox_Adria_Klik_shop_croatia_delivery_fast.jpg","type":"image\/jpeg"}],"twitter_card":"summary_large_image","twitter_misc":{"Est. reading time":"3 minutes"},"schema":{"@context":"https:\/\/schema.org","@graph":[{"@type":"WebPage","@id":"https:\/\/adria-klik.com\/proizvod\/istarska-kobasica-trajna-bez-nitrita-200g-histris\/","url":"https:\/\/adria-klik.com\/proizvod\/istarska-kobasica-trajna-bez-nitrita-200g-histris\/","name":"Istarska Kobasica Trajna - Bez Nitrita 200g Histris - Adria-Klik.com","isPartOf":{"@id":"https:\/\/adria-klik.com\/#website"},"primaryImageOfPage":{"@id":"https:\/\/adria-klik.com\/proizvod\/istarska-kobasica-trajna-bez-nitrita-200g-histris\/#primaryimage"},"image":{"@id":"https:\/\/adria-klik.com\/proizvod\/istarska-kobasica-trajna-bez-nitrita-200g-histris\/#primaryimage"},"thumbnailUrl":"https:\/\/adria-klik.com\/wp-content\/uploads\/2024\/12\/Istarska-trajna-kobasica-bez-nitrita-Histris_200g-Istrian_ox_Adria_Klik_shop_croatia_delivery_fast.jpg","datePublished":"2024-12-07T00:38:45+00:00","dateModified":"2024-12-07T00:40:21+00:00","description":"Histris Delicije IstraBEZ NITRITA \u2013 NITRITE FREE -Istarska Kobasica Trajna - Bez Nitrita 200g Histris Naru\u010di dostavu online brzo i sigurno","breadcrumb":{"@id":"https:\/\/adria-klik.com\/proizvod\/istarska-kobasica-trajna-bez-nitrita-200g-histris\/#breadcrumb"},"inLanguage":"en-US","potentialAction":[{"@type":"ReadAction","target":["https:\/\/adria-klik.com\/proizvod\/istarska-kobasica-trajna-bez-nitrita-200g-histris\/"]}]},{"@type":"ImageObject","inLanguage":"en-US","@id":"https:\/\/adria-klik.com\/proizvod\/istarska-kobasica-trajna-bez-nitrita-200g-histris\/#primaryimage","url":"https:\/\/adria-klik.com\/wp-content\/uploads\/2024\/12\/Istarska-trajna-kobasica-bez-nitrita-Histris_200g-Istrian_ox_Adria_Klik_shop_croatia_delivery_fast.jpg","contentUrl":"https:\/\/adria-klik.com\/wp-content\/uploads\/2024\/12\/Istarska-trajna-kobasica-bez-nitrita-Histris_200g-Istrian_ox_Adria_Klik_shop_croatia_delivery_fast.jpg","width":1500,"height":1500,"caption":"Adria Klik Fast Delivery Zagreb, Croatia &amp; EU!"},{"@type":"BreadcrumbList","@id":"https:\/\/adria-klik.com\/proizvod\/istarska-kobasica-trajna-bez-nitrita-200g-histris\/#breadcrumb","itemListElement":[{"@type":"ListItem","position":1,"name":"Po\u010detna stranica","item":"https:\/\/adria-klik.com\/en\/"},{"@type":"ListItem","position":2,"name":"Shop","item":"https:\/\/adria-klik.com\/shop\/"},{"@type":"ListItem","position":3,"name":"Istarska Kobasica Trajna &#8211; Bez Nitrita 200g Histris"}]},{"@type":"WebSite","@id":"https:\/\/adria-klik.com\/#website","url":"https:\/\/adria-klik.com\/","name":"Adria-Klik.com","description":"Unikatni poklon paketi, Vina, Craft pivo &amp; Delicije - webshop","publisher":{"@id":"https:\/\/adria-klik.com\/#organization"},"potentialAction":[{"@type":"SearchAction","target":{"@type":"EntryPoint","urlTemplate":"https:\/\/adria-klik.com\/?s={search_term_string}"},"query-input":{"@type":"PropertyValueSpecification","valueRequired":true,"valueName":"search_term_string"}}],"inLanguage":"en-US"},{"@type":"Organization","@id":"https:\/\/adria-klik.com\/#organization","name":"Adria-Klik.com","alternateName":"AK","url":"https:\/\/adria-klik.com\/","logo":{"@type":"ImageObject","inLanguage":"en-US","@id":"https:\/\/adria-klik.com\/#\/schema\/logo\/image\/","url":"https:\/\/adria-klik.com\/wp-content\/uploads\/2025\/12\/Adria-Klik_com-logo-namirnice-vina-craft-pivo-delikatese-delicije-artisan-cokolada.jpg","contentUrl":"https:\/\/adria-klik.com\/wp-content\/uploads\/2025\/12\/Adria-Klik_com-logo-namirnice-vina-craft-pivo-delikatese-delicije-artisan-cokolada.jpg","width":500,"height":500,"caption":"Adria-Klik.com"},"image":{"@id":"https:\/\/adria-klik.com\/#\/schema\/logo\/image\/"},"sameAs":["https:\/\/www.facebook.com\/profile.php?id=100064209425136","https:\/\/www.instagram.com\/adriaklik\/","https:\/\/www.youtube.com\/user\/PlavacmaliZagreb"]}]}},"jetpack_sharing_enabled":true,"jetpack-related-posts":[],"_links":{"self":[{"href":"https:\/\/adria-klik.com\/en\/wp-json\/wp\/v2\/product\/17587","targetHints":{"allow":["GET"]}}],"collection":[{"href":"https:\/\/adria-klik.com\/en\/wp-json\/wp\/v2\/product"}],"about":[{"href":"https:\/\/adria-klik.com\/en\/wp-json\/wp\/v2\/types\/product"}],"replies":[{"embeddable":true,"href":"https:\/\/adria-klik.com\/en\/wp-json\/wp\/v2\/comments?post=17587"}],"wp:featuredmedia":[{"embeddable":true,"href":"https:\/\/adria-klik.com\/en\/wp-json\/wp\/v2\/media\/17588"}],"wp:attachment":[{"href":"https:\/\/adria-klik.com\/en\/wp-json\/wp\/v2\/media?parent=17587"}],"wp:term":[{"taxonomy":"product_brand","embeddable":true,"href":"https:\/\/adria-klik.com\/en\/wp-json\/wp\/v2\/product_brand?post=17587"},{"taxonomy":"product_cat","embeddable":true,"href":"https:\/\/adria-klik.com\/en\/wp-json\/wp\/v2\/product_cat?post=17587"},{"taxonomy":"product_tag","embeddable":true,"href":"https:\/\/adria-klik.com\/en\/wp-json\/wp\/v2\/product_tag?post=17587"},{"taxonomy":"berocket_brand","embeddable":true,"href":"https:\/\/adria-klik.com\/en\/wp-json\/wp\/v2\/berocket_brand?post=17587"}],"curies":[{"name":"wp","href":"https:\/\/api.w.org\/{rel}","templated":true}]}}