{"id":17594,"date":"2024-12-07T16:30:12","date_gmt":"2024-12-07T15:30:12","guid":{"rendered":"https:\/\/adria-klik.com\/?post_type=product&#038;p=17594"},"modified":"2024-12-07T16:37:06","modified_gmt":"2024-12-07T15:37:06","slug":"boskarin-istarska-kobasica-trajna-bez-nitrita-200g-histris","status":"publish","type":"product","link":"https:\/\/adria-klik.com\/en\/proizvod\/boskarin-istarska-kobasica-trajna-bez-nitrita-200g-histris\/","title":{"rendered":"Bo\u0161karin- Istarska Kobasica Trajna &#8211; Bez Nitrita 200g Histris"},"content":{"rendered":"<section class=\"wpb-content-wrapper\"><div class=\"cb_FormRow_RightCol_r1b7\">\n<div class=\"w-post-elm post_content\">\n<section class=\"l-section wpb_row height_custom\">\n<div class=\"l-section-h i-cf\">\n<div class=\"g-cols vc_row via_flex valign_top type_default stacking_default\">\n<div class=\"vc_col-sm-12 wpb_column vc_column_container\">\n<div class=\"vc_column-inner\">\n<div class=\"wpb_wrapper\">\n<div class=\"wpb_text_column\">\n<div class=\"wpb_wrapper\">\n<ul>\n<li><span class=\"sc-kpDqfm sc-iCNmCL hcDcFN\" dir=\"auto\">Pripravljena je od <strong>najkvalitetnijeg<\/strong> mesa <strong>istarskog<\/strong> <strong>bo\u0161karina<\/strong> s dodatkom doma\u0107eg svinjskog mesa i za\u010dina<\/span><\/li>\n<li><span class=\"sc-kpDqfm sc-iCNmCL hcDcFN\" dir=\"auto\"> U ustima ostavlja okus zrelog mesa <strong>govedine<\/strong> i <strong>slatko\u0107e<\/strong><\/span><\/li>\n<li><span class=\"sc-kpDqfm sc-iCNmCL hcDcFN\" dir=\"auto\"><strong>Bo\u0161karin<\/strong> je <strong>autohtono<\/strong> <strong>istarsko<\/strong> <strong>govedo<\/strong>, <strong>simbol Istre<\/strong> i istarskog na\u010dina \u017eivot<\/span><\/li>\n<li><span class=\"sc-kpDqfm sc-iCNmCL hcDcFN\" dir=\"auto\">Dose\u017ee masu i do 1300 kilograma<\/span><\/li>\n<li><span class=\"sc-kpDqfm sc-iCNmCL hcDcFN\" dir=\"auto\">U pro\u0161losti je svako istarsko doma\u0107instvo u \u0161tali imalo barem grlo ili dva<\/span><\/li>\n<li><span class=\"sc-kpDqfm sc-iCNmCL hcDcFN\" dir=\"auto\"> Naj\u010de\u0161\u0107e se koristio u poljoprivredi za oranje polja i druge fizi\u010dki zahtjevne radnje te kao hrana te\u017eaka<\/span><\/li>\n<li><span class=\"sc-kpDqfm sc-iCNmCL hcDcFN\" dir=\"auto\">Danas se meso bo\u0161karina smatra pravom <strong>gurmanskom<\/strong> <strong>delicijom<\/strong> u Istri \u2013 s notom ekskluzivnosti.<\/span><\/li>\n<\/ul>\n<p><strong>BEZ NITRITA \u2013 NITRITE FREE<\/strong><\/p>\n<div class=\"w-post-elm post_content\">\n<section class=\"l-section wpb_row height_custom\">\n<div class=\"l-section-h i-cf\">\n<div class=\"g-cols vc_row via_flex valign_top type_default stacking_default\">\n<div class=\"vc_col-sm-12 wpb_column vc_column_container\">\n<div class=\"vc_column-inner\">\n<div class=\"wpb_wrapper\">\n<div class=\"wpb_text_column\">\n<div class=\"wpb_wrapper\">\n<p>Vrsta mesa: meso <strong>bo\u0161karina<\/strong>, svinjska lopatica, \u010dvrsto masno tkivo<\/p>\n<p>Za\u010dini: cimet, sol, papar<\/p>\n<p>Karakteristike: meso autohtonog istarskog goveda<\/p>\n<\/div>\n<\/div>\n<\/div>\n<\/div>\n<\/div>\n<\/div>\n<\/div>\n<\/section>\n<\/div>\n<div class=\"w-post-elm product_field attributes display_table\">\n<div class=\"woocommerce-product-attributes-item--attribute_pa_cuvanje\"><span class=\"w-post-elm-before\">\u010cuvanje <\/span><span class=\"woocommerce-product-attributes-item__value\">do 8\u00b0C<\/span><\/div>\n<div class=\"woocommerce-product-attributes-item--attribute_pa_karakteristike\"><span class=\"w-post-elm-before\">Karakteristike<\/span><span class=\"woocommerce-product-attributes-item__value\">bez glutena, bez laktoze, bez soje<\/span><\/div>\n<div class=\"woocommerce-product-attributes-item--attribute_pa_vrijeme-zrenja\"><span class=\"w-post-elm-before\">Vrijeme zrenja <\/span><span class=\"woocommerce-product-attributes-item__value\">25 dana<\/span><\/div>\n<\/div>\n<\/div>\n<\/div>\n<\/div>\n<\/div>\n<\/div>\n<\/div>\n<\/div>\n<\/section>\n<\/div>\n<p><strong>Histris<\/strong> je istarski brand izrastao iz tradicije i majstorskog umije\u0107a u obradi mesa i spravljanju mesnih delicija doma\u0107ih ljudi. Priprema mesa i proizvodnja mesnih proizvoda odvija se u Svetom Petru u \u0160umi, u proizvodnom pogonu opremljenom vrhunskom tehnologijom \u010dime se osigurava potpuna kontrola procesa.<\/p>\n<div class=\"vc_col-sm-6 wpb_column vc_column_container\">\n<div class=\"vc_column-inner\">\n<div class=\"wpb_wrapper\">\n<div class=\"wpb_text_column\">\n<div class=\"wpb_wrapper\">\n<p>Podneblje, najkvalitetnije meso, tehnika izrade i iskustvo od izuzetne su va\u017enosti, ali ono \u0161to zaista razlikuje je na\u0161a ljubav prema lstri i tradiciji \u2013 nezamjenjiv sastojak koji \u010dini Histrisove suhomesnate proizvode jedinstvenima. Stoga ne \u010dudi da su upravo Histrisovi proizvodi nagra\u0111eni zvjezdicama Superior Taste Award \u2013 presti\u017enom nagradom koju dodjeljuje Me\u0111unarodni institut za okuse hrane i pi\u0107a sa sjedi\u0161tem u Bruxellesu. Priznanje ozna\u010dava proizvode potvr\u0111ene kvalitete i izvanrednog okusa.<\/p>\n<p>Autohtona linija Histris delicija obuhva\u0107a suhomesnate proizvode pripremljene po tradicionalnoj istarskoj recepturi uz dodatak jednostavnih sastojaka; najkvalitetnijeg doma\u0107eg mesa, soli, lovorova lista i papra. Uz tradicionalne istarske proizvode svoju prepoznatljivost Histris mo\u017ee zahvaliti specifi\u010dnim kobasicama i salamama od divlja\u010di, jelena i divlje svinje, izvrsnim alternativama klasi\u010dnim kobasicama i salamama.<\/p>\n<p>Histris proizvodi su ponosni nositelji oznake Meso hrvatskih farmi, Znak u neobveznom sustavu ozna\u010davanja koje provodi Hrvatska agencija za poljoprivredu i hranu (HAPIH) s ciljem jasnog i nedvosmislenog informiranja potro\u0161a\u010da o podrijetlu i utvr\u0111enoj kvaliteti mesnih proizvoda u Republici Hrvatskoj.\u00a0Tako\u0111er, svi proizvodi su bez glutena, bez soje i bez laktoze.<\/p>\n<\/div>\n<\/div>\n<\/div>\n<\/div>\n<\/div>\n<\/div>\n<\/section>","protected":false},"excerpt":{"rendered":"<ul>\n<li><span class=\"sc-kpDqfm sc-iCNmCL hcDcFN\" dir=\"auto\">Pripravljena je od <strong>najkvalitetnijeg<\/strong> mesa <strong>istarskog<\/strong> <strong>bo\u0161karina<\/strong> s dodatkom doma\u0107eg svinjskog mesa i za\u010dina<\/span><\/li>\n<li><span class=\"sc-kpDqfm sc-iCNmCL hcDcFN\" dir=\"auto\"> U ustima ostavlja okus zrelog mesa <strong>govedine<\/strong> i <strong>slatko\u0107e<\/strong><\/span><\/li>\n<li><span class=\"sc-kpDqfm sc-iCNmCL hcDcFN\" dir=\"auto\"><strong>Bo\u0161karin<\/strong> je <strong>autohtono<\/strong> <strong>istarsko<\/strong> <strong>govedo<\/strong>, <strong>simbol Istre<\/strong> i istarskog na\u010dina \u017eivot<\/span><\/li>\n<li><span class=\"sc-kpDqfm sc-iCNmCL hcDcFN\" dir=\"auto\">Dose\u017ee masu i do 1300 kilograma<\/span><\/li>\n<li><span class=\"sc-kpDqfm sc-iCNmCL hcDcFN\" dir=\"auto\">U pro\u0161losti je svako istarsko doma\u0107instvo u \u0161tali imalo barem grlo ili dva<\/span><\/li>\n<li><span class=\"sc-kpDqfm sc-iCNmCL hcDcFN\" dir=\"auto\"> Naj\u010de\u0161\u0107e se koristio u poljoprivredi za oranje polja i druge fizi\u010dki zahtjevne radnje te kao hrana te\u017eaka<\/span><\/li>\n<li><span class=\"sc-kpDqfm sc-iCNmCL hcDcFN\" dir=\"auto\">Danas se meso bo\u0161karina smatra pravom <strong>gurmanskom<\/strong> <strong>delicijom<\/strong> u Istri \u2013 s notom ekskluzivnosti.<\/span>\n<div class=\"sc-cJlyTo BUlOb\"><span class=\"sc-kpDqfm sc-iCNmCL hcDcFN\" dir=\"auto\">\u00a0<\/span><\/div>\n<\/li>\n<\/ul>\n","protected":false},"featured_media":17595,"comment_status":"open","ping_status":"closed","template":"","meta":{"_acf_changed":false},"product_brand":[],"product_cat":[1175,1176,370,1174,388,1159,619,376,560],"product_tag":[2269,524,2267,2270,2268,1648],"berocket_brand":[2266],"class_list":{"0":"post-17594","1":"product","2":"type-product","3":"status-publish","4":"has-post-thumbnail","6":"product_cat-dostava","7":"product_cat-europa","8":"product_cat-hrana","9":"product_cat-hrvatska","10":"product_cat-meso-riba-delikates","11":"product_cat-nasa-preporuka","12":"product_cat-okusi_adriu","13":"product_cat-premium-proizvodi","14":"product_cat-zagreb","15":"product_tag-bez-nitrita-nitrite-free","16":"product_tag-boskarin","17":"product_tag-histris-delicije-istra","18":"product_tag-istarska-kobasica","19":"product_tag-istarska-malvazija","20":"product_tag-istarsko-govedo","21":"berocket_brand-histris-delicije","23":"first","24":"instock","25":"shipping-taxable","26":"purchasable","27":"product-type-simple"},"acf":[],"yoast_head":"<!-- This site is optimized with the Yoast SEO plugin v26.9 - https:\/\/yoast.com\/product\/yoast-seo-wordpress\/ -->\n<title>Bo\u0161karin- Istarska Kobasica Trajna - Bez Nitrita 200g Histris - Adria-Klik.com<\/title>\n<meta name=\"description\" content=\"Bo\u0161karin- Istarska Kobasica Trajna - Bez Nitrita 200g Histris Bo\u0161karin je autohtono istarsko govedo, simbol Istre i istarskog na\u010dina \u017eivot Naru\u010di dostavu\" \/>\n<meta name=\"robots\" content=\"index, follow, max-snippet:-1, max-image-preview:large, max-video-preview:-1\" \/>\n<link rel=\"canonical\" href=\"https:\/\/adria-klik.com\/proizvod\/boskarin-istarska-kobasica-trajna-bez-nitrita-200g-histris\/\" \/>\n<meta property=\"og:locale\" content=\"en_US\" \/>\n<meta property=\"og:type\" content=\"article\" \/>\n<meta property=\"og:title\" content=\"Histris Delicije IstraBEZ NITRITA \u2013 NITRITE FREE -Istarska Kobasica Trajna - Bez Nitrita 200g Histris Naru\u010di dostavu online brzo i sigurno\" \/>\n<meta property=\"og:description\" content=\"Histris Delicije IstraBEZ NITRITA \u2013 NITRITE FREE -Istarska Kobasica Trajna - Bez Nitrita 200g Histris Naru\u010di dostavu online brzo i sigurno\" \/>\n<meta property=\"og:url\" content=\"https:\/\/adria-klik.com\/proizvod\/boskarin-istarska-kobasica-trajna-bez-nitrita-200g-histris\/\" \/>\n<meta property=\"og:site_name\" content=\"Adria-Klik.com\" \/>\n<meta property=\"article:publisher\" content=\"https:\/\/www.facebook.com\/profile.php?id=100064209425136\" \/>\n<meta property=\"article:modified_time\" content=\"2024-12-07T15:37:06+00:00\" \/>\n<meta property=\"og:image\" content=\"https:\/\/adria-klik.com\/wp-content\/uploads\/2024\/12\/Istarska-trajna-kobasica-bez-nitrita-Histris_200g-Istrian_ox_Adria_Klik_shop_croatia_delivery_fast.jpg\" \/>\n\t<meta property=\"og:image:width\" content=\"1500\" \/>\n\t<meta property=\"og:image:height\" content=\"1500\" \/>\n\t<meta property=\"og:image:type\" content=\"image\/jpeg\" \/>\n<meta name=\"twitter:card\" content=\"summary_large_image\" \/>\n<meta name=\"twitter:label1\" content=\"Est. reading time\" \/>\n\t<meta name=\"twitter:data1\" content=\"3 minutes\" \/>\n<script type=\"application\/ld+json\" class=\"yoast-schema-graph\">{\"@context\":\"https:\/\/schema.org\",\"@graph\":[{\"@type\":\"WebPage\",\"@id\":\"https:\/\/adria-klik.com\/proizvod\/boskarin-istarska-kobasica-trajna-bez-nitrita-200g-histris\/\",\"url\":\"https:\/\/adria-klik.com\/proizvod\/boskarin-istarska-kobasica-trajna-bez-nitrita-200g-histris\/\",\"name\":\"Bo\u0161karin- Istarska Kobasica Trajna - Bez Nitrita 200g Histris - Adria-Klik.com\",\"isPartOf\":{\"@id\":\"https:\/\/adria-klik.com\/#website\"},\"primaryImageOfPage\":{\"@id\":\"https:\/\/adria-klik.com\/proizvod\/boskarin-istarska-kobasica-trajna-bez-nitrita-200g-histris\/#primaryimage\"},\"image\":{\"@id\":\"https:\/\/adria-klik.com\/proizvod\/boskarin-istarska-kobasica-trajna-bez-nitrita-200g-histris\/#primaryimage\"},\"thumbnailUrl\":\"https:\/\/adria-klik.com\/wp-content\/uploads\/2024\/12\/Boskarin-Istarsko-autohtono-govedo-Istarska-trajna-kobasica-bez-nitrita-Histris_200g-Istrian_ox_Adria_Klik_shop_croatia_delivery_fast-GLOVO-BOLT-WOLT.jpg\",\"datePublished\":\"2024-12-07T15:30:12+00:00\",\"dateModified\":\"2024-12-07T15:37:06+00:00\",\"description\":\"Bo\u0161karin- Istarska Kobasica Trajna - Bez Nitrita 200g Histris Bo\u0161karin je autohtono istarsko govedo, simbol Istre i istarskog na\u010dina \u017eivot Naru\u010di dostavu\",\"breadcrumb\":{\"@id\":\"https:\/\/adria-klik.com\/proizvod\/boskarin-istarska-kobasica-trajna-bez-nitrita-200g-histris\/#breadcrumb\"},\"inLanguage\":\"en-US\",\"potentialAction\":[{\"@type\":\"ReadAction\",\"target\":[\"https:\/\/adria-klik.com\/proizvod\/boskarin-istarska-kobasica-trajna-bez-nitrita-200g-histris\/\"]}]},{\"@type\":\"ImageObject\",\"inLanguage\":\"en-US\",\"@id\":\"https:\/\/adria-klik.com\/proizvod\/boskarin-istarska-kobasica-trajna-bez-nitrita-200g-histris\/#primaryimage\",\"url\":\"https:\/\/adria-klik.com\/wp-content\/uploads\/2024\/12\/Boskarin-Istarsko-autohtono-govedo-Istarska-trajna-kobasica-bez-nitrita-Histris_200g-Istrian_ox_Adria_Klik_shop_croatia_delivery_fast-GLOVO-BOLT-WOLT.jpg\",\"contentUrl\":\"https:\/\/adria-klik.com\/wp-content\/uploads\/2024\/12\/Boskarin-Istarsko-autohtono-govedo-Istarska-trajna-kobasica-bez-nitrita-Histris_200g-Istrian_ox_Adria_Klik_shop_croatia_delivery_fast-GLOVO-BOLT-WOLT.jpg\",\"width\":1500,\"height\":1500,\"caption\":\"Tartufi Truffles - Trajna istarska kobasica \u2013 bez nitrita naru\u010di dostavu Histris proizvoda - Adria Klik Fast Delivery Zagreb, Croatia &amp; EU! Histris je istarski brand izrastao iz tradicije i majstorskog umije\u0107a u obradi mesa i spravljanju mesnih delicija doma\u0107ih ljudi. Priprema mesa i proizvodnja mesnih proizvoda odvija se u Svetom Petru u \u0160umi, u proizvodnom pogonu opremljenom vrhunskom tehnologijom \u010dime se osigurava potpuna kontrola procesa.\"},{\"@type\":\"BreadcrumbList\",\"@id\":\"https:\/\/adria-klik.com\/proizvod\/boskarin-istarska-kobasica-trajna-bez-nitrita-200g-histris\/#breadcrumb\",\"itemListElement\":[{\"@type\":\"ListItem\",\"position\":1,\"name\":\"Po\u010detna stranica\",\"item\":\"https:\/\/adria-klik.com\/en\/\"},{\"@type\":\"ListItem\",\"position\":2,\"name\":\"Shop\",\"item\":\"https:\/\/adria-klik.com\/shop\/\"},{\"@type\":\"ListItem\",\"position\":3,\"name\":\"Bo\u0161karin- Istarska Kobasica Trajna &#8211; Bez Nitrita 200g Histris\"}]},{\"@type\":\"WebSite\",\"@id\":\"https:\/\/adria-klik.com\/#website\",\"url\":\"https:\/\/adria-klik.com\/\",\"name\":\"Adria-Klik.com\",\"description\":\"Unikatni poklon paketi, Vina, Craft pivo &amp; Delicije - webshop\",\"publisher\":{\"@id\":\"https:\/\/adria-klik.com\/#organization\"},\"potentialAction\":[{\"@type\":\"SearchAction\",\"target\":{\"@type\":\"EntryPoint\",\"urlTemplate\":\"https:\/\/adria-klik.com\/?s={search_term_string}\"},\"query-input\":{\"@type\":\"PropertyValueSpecification\",\"valueRequired\":true,\"valueName\":\"search_term_string\"}}],\"inLanguage\":\"en-US\"},{\"@type\":\"Organization\",\"@id\":\"https:\/\/adria-klik.com\/#organization\",\"name\":\"Adria-Klik.com\",\"alternateName\":\"AK\",\"url\":\"https:\/\/adria-klik.com\/\",\"logo\":{\"@type\":\"ImageObject\",\"inLanguage\":\"en-US\",\"@id\":\"https:\/\/adria-klik.com\/#\/schema\/logo\/image\/\",\"url\":\"https:\/\/adria-klik.com\/wp-content\/uploads\/2025\/12\/Adria-Klik_com-logo-namirnice-vina-craft-pivo-delikatese-delicije-artisan-cokolada.jpg\",\"contentUrl\":\"https:\/\/adria-klik.com\/wp-content\/uploads\/2025\/12\/Adria-Klik_com-logo-namirnice-vina-craft-pivo-delikatese-delicije-artisan-cokolada.jpg\",\"width\":500,\"height\":500,\"caption\":\"Adria-Klik.com\"},\"image\":{\"@id\":\"https:\/\/adria-klik.com\/#\/schema\/logo\/image\/\"},\"sameAs\":[\"https:\/\/www.facebook.com\/profile.php?id=100064209425136\",\"https:\/\/www.instagram.com\/adriaklik\/\",\"https:\/\/www.youtube.com\/user\/PlavacmaliZagreb\"]}]}<\/script>\n<!-- \/ Yoast SEO plugin. -->","yoast_head_json":{"title":"Bo\u0161karin- Istarska Kobasica Trajna - Bez Nitrita 200g Histris - Adria-Klik.com","description":"Bo\u0161karin- Istarska Kobasica Trajna - Bez Nitrita 200g Histris Bo\u0161karin je autohtono istarsko govedo, simbol Istre i istarskog na\u010dina \u017eivot Naru\u010di dostavu","robots":{"index":"index","follow":"follow","max-snippet":"max-snippet:-1","max-image-preview":"max-image-preview:large","max-video-preview":"max-video-preview:-1"},"canonical":"https:\/\/adria-klik.com\/proizvod\/boskarin-istarska-kobasica-trajna-bez-nitrita-200g-histris\/","og_locale":"en_US","og_type":"article","og_title":"Histris Delicije IstraBEZ NITRITA \u2013 NITRITE FREE -Istarska Kobasica Trajna - Bez Nitrita 200g Histris Naru\u010di dostavu online brzo i sigurno","og_description":"Histris Delicije IstraBEZ NITRITA \u2013 NITRITE FREE -Istarska Kobasica Trajna - Bez Nitrita 200g Histris Naru\u010di dostavu online brzo i sigurno","og_url":"https:\/\/adria-klik.com\/proizvod\/boskarin-istarska-kobasica-trajna-bez-nitrita-200g-histris\/","og_site_name":"Adria-Klik.com","article_publisher":"https:\/\/www.facebook.com\/profile.php?id=100064209425136","article_modified_time":"2024-12-07T15:37:06+00:00","og_image":[{"width":1500,"height":1500,"url":"https:\/\/adria-klik.com\/wp-content\/uploads\/2024\/12\/Istarska-trajna-kobasica-bez-nitrita-Histris_200g-Istrian_ox_Adria_Klik_shop_croatia_delivery_fast.jpg","type":"image\/jpeg"}],"twitter_card":"summary_large_image","twitter_misc":{"Est. reading time":"3 minutes"},"schema":{"@context":"https:\/\/schema.org","@graph":[{"@type":"WebPage","@id":"https:\/\/adria-klik.com\/proizvod\/boskarin-istarska-kobasica-trajna-bez-nitrita-200g-histris\/","url":"https:\/\/adria-klik.com\/proizvod\/boskarin-istarska-kobasica-trajna-bez-nitrita-200g-histris\/","name":"Bo\u0161karin- Istarska Kobasica Trajna - Bez Nitrita 200g Histris - Adria-Klik.com","isPartOf":{"@id":"https:\/\/adria-klik.com\/#website"},"primaryImageOfPage":{"@id":"https:\/\/adria-klik.com\/proizvod\/boskarin-istarska-kobasica-trajna-bez-nitrita-200g-histris\/#primaryimage"},"image":{"@id":"https:\/\/adria-klik.com\/proizvod\/boskarin-istarska-kobasica-trajna-bez-nitrita-200g-histris\/#primaryimage"},"thumbnailUrl":"https:\/\/adria-klik.com\/wp-content\/uploads\/2024\/12\/Boskarin-Istarsko-autohtono-govedo-Istarska-trajna-kobasica-bez-nitrita-Histris_200g-Istrian_ox_Adria_Klik_shop_croatia_delivery_fast-GLOVO-BOLT-WOLT.jpg","datePublished":"2024-12-07T15:30:12+00:00","dateModified":"2024-12-07T15:37:06+00:00","description":"Bo\u0161karin- Istarska Kobasica Trajna - Bez Nitrita 200g Histris Bo\u0161karin je autohtono istarsko govedo, simbol Istre i istarskog na\u010dina \u017eivot Naru\u010di dostavu","breadcrumb":{"@id":"https:\/\/adria-klik.com\/proizvod\/boskarin-istarska-kobasica-trajna-bez-nitrita-200g-histris\/#breadcrumb"},"inLanguage":"en-US","potentialAction":[{"@type":"ReadAction","target":["https:\/\/adria-klik.com\/proizvod\/boskarin-istarska-kobasica-trajna-bez-nitrita-200g-histris\/"]}]},{"@type":"ImageObject","inLanguage":"en-US","@id":"https:\/\/adria-klik.com\/proizvod\/boskarin-istarska-kobasica-trajna-bez-nitrita-200g-histris\/#primaryimage","url":"https:\/\/adria-klik.com\/wp-content\/uploads\/2024\/12\/Boskarin-Istarsko-autohtono-govedo-Istarska-trajna-kobasica-bez-nitrita-Histris_200g-Istrian_ox_Adria_Klik_shop_croatia_delivery_fast-GLOVO-BOLT-WOLT.jpg","contentUrl":"https:\/\/adria-klik.com\/wp-content\/uploads\/2024\/12\/Boskarin-Istarsko-autohtono-govedo-Istarska-trajna-kobasica-bez-nitrita-Histris_200g-Istrian_ox_Adria_Klik_shop_croatia_delivery_fast-GLOVO-BOLT-WOLT.jpg","width":1500,"height":1500,"caption":"Tartufi Truffles - Trajna istarska kobasica \u2013 bez nitrita naru\u010di dostavu Histris proizvoda - Adria Klik Fast Delivery Zagreb, Croatia &amp; EU! Histris je istarski brand izrastao iz tradicije i majstorskog umije\u0107a u obradi mesa i spravljanju mesnih delicija doma\u0107ih ljudi. Priprema mesa i proizvodnja mesnih proizvoda odvija se u Svetom Petru u \u0160umi, u proizvodnom pogonu opremljenom vrhunskom tehnologijom \u010dime se osigurava potpuna kontrola procesa."},{"@type":"BreadcrumbList","@id":"https:\/\/adria-klik.com\/proizvod\/boskarin-istarska-kobasica-trajna-bez-nitrita-200g-histris\/#breadcrumb","itemListElement":[{"@type":"ListItem","position":1,"name":"Po\u010detna stranica","item":"https:\/\/adria-klik.com\/en\/"},{"@type":"ListItem","position":2,"name":"Shop","item":"https:\/\/adria-klik.com\/shop\/"},{"@type":"ListItem","position":3,"name":"Bo\u0161karin- Istarska Kobasica Trajna &#8211; Bez Nitrita 200g Histris"}]},{"@type":"WebSite","@id":"https:\/\/adria-klik.com\/#website","url":"https:\/\/adria-klik.com\/","name":"Adria-Klik.com","description":"Unikatni poklon paketi, Vina, Craft pivo &amp; Delicije - webshop","publisher":{"@id":"https:\/\/adria-klik.com\/#organization"},"potentialAction":[{"@type":"SearchAction","target":{"@type":"EntryPoint","urlTemplate":"https:\/\/adria-klik.com\/?s={search_term_string}"},"query-input":{"@type":"PropertyValueSpecification","valueRequired":true,"valueName":"search_term_string"}}],"inLanguage":"en-US"},{"@type":"Organization","@id":"https:\/\/adria-klik.com\/#organization","name":"Adria-Klik.com","alternateName":"AK","url":"https:\/\/adria-klik.com\/","logo":{"@type":"ImageObject","inLanguage":"en-US","@id":"https:\/\/adria-klik.com\/#\/schema\/logo\/image\/","url":"https:\/\/adria-klik.com\/wp-content\/uploads\/2025\/12\/Adria-Klik_com-logo-namirnice-vina-craft-pivo-delikatese-delicije-artisan-cokolada.jpg","contentUrl":"https:\/\/adria-klik.com\/wp-content\/uploads\/2025\/12\/Adria-Klik_com-logo-namirnice-vina-craft-pivo-delikatese-delicije-artisan-cokolada.jpg","width":500,"height":500,"caption":"Adria-Klik.com"},"image":{"@id":"https:\/\/adria-klik.com\/#\/schema\/logo\/image\/"},"sameAs":["https:\/\/www.facebook.com\/profile.php?id=100064209425136","https:\/\/www.instagram.com\/adriaklik\/","https:\/\/www.youtube.com\/user\/PlavacmaliZagreb"]}]}},"jetpack_sharing_enabled":true,"jetpack-related-posts":[],"_links":{"self":[{"href":"https:\/\/adria-klik.com\/en\/wp-json\/wp\/v2\/product\/17594","targetHints":{"allow":["GET"]}}],"collection":[{"href":"https:\/\/adria-klik.com\/en\/wp-json\/wp\/v2\/product"}],"about":[{"href":"https:\/\/adria-klik.com\/en\/wp-json\/wp\/v2\/types\/product"}],"replies":[{"embeddable":true,"href":"https:\/\/adria-klik.com\/en\/wp-json\/wp\/v2\/comments?post=17594"}],"wp:featuredmedia":[{"embeddable":true,"href":"https:\/\/adria-klik.com\/en\/wp-json\/wp\/v2\/media\/17595"}],"wp:attachment":[{"href":"https:\/\/adria-klik.com\/en\/wp-json\/wp\/v2\/media?parent=17594"}],"wp:term":[{"taxonomy":"product_brand","embeddable":true,"href":"https:\/\/adria-klik.com\/en\/wp-json\/wp\/v2\/product_brand?post=17594"},{"taxonomy":"product_cat","embeddable":true,"href":"https:\/\/adria-klik.com\/en\/wp-json\/wp\/v2\/product_cat?post=17594"},{"taxonomy":"product_tag","embeddable":true,"href":"https:\/\/adria-klik.com\/en\/wp-json\/wp\/v2\/product_tag?post=17594"},{"taxonomy":"berocket_brand","embeddable":true,"href":"https:\/\/adria-klik.com\/en\/wp-json\/wp\/v2\/berocket_brand?post=17594"}],"curies":[{"name":"wp","href":"https:\/\/api.w.org\/{rel}","templated":true}]}}