{"id":17619,"date":"2024-12-08T01:28:21","date_gmt":"2024-12-08T00:28:21","guid":{"rendered":"https:\/\/adria-klik.com\/?post_type=product&#038;p=17619"},"modified":"2024-12-09T02:06:29","modified_gmt":"2024-12-09T01:06:29","slug":"100-extra-djevicansko-maslinovo-ulje-keramicka-boca-05-l-opg-skaric-mario","status":"publish","type":"product","link":"https:\/\/adria-klik.com\/en\/proizvod\/100-extra-djevicansko-maslinovo-ulje-keramicka-boca-05-l-opg-skaric-mario\/","title":{"rendered":"100% Extra Djevi\u010dansko Maslinovo Ulje -Kerami\u010dka boca 0,5 l OPG \u0160kari\u0107 Mario"},"content":{"rendered":"<div class=\"cb_FormRow_RightCol_r1b7\">\n<div class=\"cb_FormRow_RightCol_r1b7\">\n<ul>\n<li class=\"sc-cJlyTo BUlOb\"><span class=\"sc-kpDqfm sc-iCNmCL hcDcFN\" dir=\"auto\"><strong>100% Ekstra djevi\u010dansko maslinovo ulje u pomno pakiranoj kerami\u010dkoj boci 500 ml<\/strong><\/span><\/li>\n<li class=\"sc-cJlyTo BUlOb\"><span class=\"sc-kpDqfm sc-iCNmCL hcDcFN\" dir=\"auto\"> OPG \u0160kari\u0107 Mario, \u010cista Velika, Dalmacija &#8211; Adria-Klik Eksluzivno<\/span><\/li>\n<li class=\"sc-cJlyTo BUlOb\"><span class=\"sc-kpDqfm sc-iCNmCL hcDcFN\" dir=\"auto\">OPG \u0160kari\u0107 Mario bavi se ekolo\u0161kim uzgojem i preradom doma\u0107ih badema &#8211; mendula s podru\u010dja Vodi\u010dkog zale\u0111a<\/span><\/li>\n<li class=\"sc-cJlyTo BUlOb\"><span class=\"sc-kpDqfm sc-iCNmCL hcDcFN\" dir=\"auto\">\u010cista Velika, Dalmacija<\/span><\/li>\n<li class=\"sc-cJlyTo BUlOb\">Hrvatski proizvod<\/li>\n<li class=\"sc-cJlyTo BUlOb\"><span class=\"sc-kpDqfm sc-iCNmCL hcDcFN\" dir=\"auto\"> #kupujmohrvatsko<\/span><\/li>\n<li class=\"sc-cJlyTo BUlOb\">Naru\u010di dostavu online<\/li>\n<\/ul>\n<\/div>\n<\/div>\n","protected":false},"excerpt":{"rendered":"<ul>\n<li class=\"sc-cJlyTo BUlOb\"><span class=\"sc-kpDqfm sc-iCNmCL hcDcFN\" dir=\"auto\"><strong>100% Ekstra djevi\u010dansko maslinovo ulje u pomno pakiranoj kerami\u010dkoj boci 500 ml<\/strong><\/span><\/li>\n<li class=\"sc-cJlyTo BUlOb\"><span class=\"sc-kpDqfm sc-iCNmCL hcDcFN\" dir=\"auto\"> OPG \u0160kari\u0107 Mario, \u010cista Velika, Dalmacija &#8211; Adria-Klik Eksluzivno<\/span><\/li>\n<li class=\"sc-cJlyTo BUlOb\"><span class=\"sc-kpDqfm sc-iCNmCL hcDcFN\" dir=\"auto\">OPG \u0160kari\u0107 Mario bavi se ekolo\u0161kim uzgojem i preradom doma\u0107ih badema &#8211; mendula s podru\u010dja Vodi\u010dkog zale\u0111a<\/span><\/li>\n<li class=\"sc-cJlyTo BUlOb\"><span class=\"sc-kpDqfm sc-iCNmCL hcDcFN\" dir=\"auto\">\u010cista Velika, Dalmacija<\/span><\/li>\n<li class=\"sc-cJlyTo BUlOb\">Hrvatski proizvod<\/li>\n<li class=\"sc-cJlyTo BUlOb\"><span class=\"sc-kpDqfm sc-iCNmCL hcDcFN\" dir=\"auto\"> #kupujmohrvatsko<\/span><\/li>\n<li class=\"sc-cJlyTo BUlOb\">Naru\u010di dostavu online<\/li>\n<li class=\"sc-cJlyTo BUlOb\"><\/li>\n<\/ul>\n","protected":false},"featured_media":17620,"comment_status":"open","ping_status":"closed","template":"","meta":{"_acf_changed":false},"product_brand":[],"product_cat":[1175,1176,370,1174,1159,619,376,396,398,560],"product_tag":[2282,607,2260,2283,2284,2258],"berocket_brand":[2257],"class_list":{"0":"post-17619","1":"product","2":"type-product","3":"status-publish","4":"has-post-thumbnail","6":"product_cat-dostava","7":"product_cat-europa","8":"product_cat-hrana","9":"product_cat-hrvatska","10":"product_cat-nasa-preporuka","11":"product_cat-okusi_adriu","12":"product_cat-premium-proizvodi","13":"product_cat-ulje-ocat-zacini","14":"product_cat-uobicajena-kosarica","15":"product_cat-zagreb","16":"product_tag-100-extra-djevicansko-maslinovo-ulje","17":"product_tag-dostava","18":"product_tag-ekoloski-uzgoj","19":"product_tag-keramicka-boca","20":"product_tag-online-kupnja","21":"product_tag-opg-skaric-mario","22":"berocket_brand-opg-skaric-mario","24":"first","25":"instock","26":"featured","27":"shipping-taxable","28":"purchasable","29":"product-type-simple"},"acf":[],"yoast_head":"<!-- This site is optimized with the Yoast SEO plugin v26.9 - https:\/\/yoast.com\/product\/yoast-seo-wordpress\/ -->\n<title>100% Extra Djevi\u010dansko Maslinovo Ulje -Kerami\u010dka boca 0,5 l OPG \u0160kari\u0107 Mario - Adria-Klik.com<\/title>\n<meta name=\"description\" content=\"100% Extra Djevi\u010dansko Maslinovo Ulje -Kerami\u010dka boca 0,5 l OPG \u0160kari\u0107 Mario \u010cista Velika, Dalmacija - Naru\u010di dostavu online\" \/>\n<meta name=\"robots\" content=\"index, follow, max-snippet:-1, max-image-preview:large, max-video-preview:-1\" \/>\n<link rel=\"canonical\" href=\"https:\/\/adria-klik.com\/proizvod\/100-extra-djevicansko-maslinovo-ulje-keramicka-boca-05-l-opg-skaric-mario\/\" \/>\n<meta property=\"og:locale\" content=\"en_US\" \/>\n<meta property=\"og:type\" content=\"article\" \/>\n<meta property=\"og:title\" content=\"OPG \u0160kari\u0107 Mario ekolo\u0161ki uzgoj i prerada doma\u0107ih badema 100% Extra Djevi\u010dansko Maslinovo Ulje -Kerami\u010dka boca 0,5 l OPG \u0160kari\u0107 Mario\" \/>\n<meta property=\"og:description\" content=\"100% Extra Djevi\u010dansko Maslinovo Ulje -Kerami\u010dka boca 0,5 l OPG \u0160kari\u0107 Mario\" \/>\n<meta property=\"og:url\" content=\"https:\/\/adria-klik.com\/proizvod\/100-extra-djevicansko-maslinovo-ulje-keramicka-boca-05-l-opg-skaric-mario\/\" \/>\n<meta property=\"og:site_name\" content=\"Adria-Klik.com\" \/>\n<meta property=\"article:publisher\" content=\"https:\/\/www.facebook.com\/profile.php?id=100064209425136\" \/>\n<meta property=\"article:modified_time\" content=\"2024-12-09T01:06:29+00:00\" \/>\n<meta property=\"og:image\" content=\"https:\/\/adria-klik.com\/wp-content\/uploads\/2024\/12\/OPG-SKARIC-EKO-Organic-Olive-Oil-Organsko-Maslinovo-Ulje-500ml_Adria-Klik_Webshop-ducan_organic-eko-croatia.jpg\" \/>\n\t<meta property=\"og:image:width\" content=\"1500\" \/>\n\t<meta property=\"og:image:height\" content=\"1500\" \/>\n\t<meta property=\"og:image:type\" content=\"image\/jpeg\" \/>\n<meta name=\"twitter:card\" content=\"summary_large_image\" \/>\n<meta name=\"twitter:label1\" content=\"Est. reading time\" \/>\n\t<meta name=\"twitter:data1\" content=\"1 minute\" \/>\n<script type=\"application\/ld+json\" class=\"yoast-schema-graph\">{\"@context\":\"https:\/\/schema.org\",\"@graph\":[{\"@type\":\"WebPage\",\"@id\":\"https:\/\/adria-klik.com\/proizvod\/100-extra-djevicansko-maslinovo-ulje-keramicka-boca-05-l-opg-skaric-mario\/\",\"url\":\"https:\/\/adria-klik.com\/proizvod\/100-extra-djevicansko-maslinovo-ulje-keramicka-boca-05-l-opg-skaric-mario\/\",\"name\":\"100% Extra Djevi\u010dansko Maslinovo Ulje -Kerami\u010dka boca 0,5 l OPG \u0160kari\u0107 Mario - Adria-Klik.com\",\"isPartOf\":{\"@id\":\"https:\/\/adria-klik.com\/#website\"},\"primaryImageOfPage\":{\"@id\":\"https:\/\/adria-klik.com\/proizvod\/100-extra-djevicansko-maslinovo-ulje-keramicka-boca-05-l-opg-skaric-mario\/#primaryimage\"},\"image\":{\"@id\":\"https:\/\/adria-klik.com\/proizvod\/100-extra-djevicansko-maslinovo-ulje-keramicka-boca-05-l-opg-skaric-mario\/#primaryimage\"},\"thumbnailUrl\":\"https:\/\/adria-klik.com\/wp-content\/uploads\/2024\/12\/OPG-SKARIC-EKO-Organic-Olive-Oil-Organsko-Maslinovo-Ulje-500ml_Adria-Klik_Webshop-ducan_organic-eko-croatia.jpg\",\"datePublished\":\"2024-12-08T00:28:21+00:00\",\"dateModified\":\"2024-12-09T01:06:29+00:00\",\"description\":\"100% Extra Djevi\u010dansko Maslinovo Ulje -Kerami\u010dka boca 0,5 l OPG \u0160kari\u0107 Mario \u010cista Velika, Dalmacija - Naru\u010di dostavu online\",\"breadcrumb\":{\"@id\":\"https:\/\/adria-klik.com\/proizvod\/100-extra-djevicansko-maslinovo-ulje-keramicka-boca-05-l-opg-skaric-mario\/#breadcrumb\"},\"inLanguage\":\"en-US\",\"potentialAction\":[{\"@type\":\"ReadAction\",\"target\":[\"https:\/\/adria-klik.com\/proizvod\/100-extra-djevicansko-maslinovo-ulje-keramicka-boca-05-l-opg-skaric-mario\/\"]}]},{\"@type\":\"ImageObject\",\"inLanguage\":\"en-US\",\"@id\":\"https:\/\/adria-klik.com\/proizvod\/100-extra-djevicansko-maslinovo-ulje-keramicka-boca-05-l-opg-skaric-mario\/#primaryimage\",\"url\":\"https:\/\/adria-klik.com\/wp-content\/uploads\/2024\/12\/OPG-SKARIC-EKO-Organic-Olive-Oil-Organsko-Maslinovo-Ulje-500ml_Adria-Klik_Webshop-ducan_organic-eko-croatia.jpg\",\"contentUrl\":\"https:\/\/adria-klik.com\/wp-content\/uploads\/2024\/12\/OPG-SKARIC-EKO-Organic-Olive-Oil-Organsko-Maslinovo-Ulje-500ml_Adria-Klik_Webshop-ducan_organic-eko-croatia.jpg\",\"width\":1500,\"height\":1500,\"caption\":\"DRAZEN_PAJTLAR\"},{\"@type\":\"BreadcrumbList\",\"@id\":\"https:\/\/adria-klik.com\/proizvod\/100-extra-djevicansko-maslinovo-ulje-keramicka-boca-05-l-opg-skaric-mario\/#breadcrumb\",\"itemListElement\":[{\"@type\":\"ListItem\",\"position\":1,\"name\":\"Po\u010detna stranica\",\"item\":\"https:\/\/adria-klik.com\/en\/\"},{\"@type\":\"ListItem\",\"position\":2,\"name\":\"Shop\",\"item\":\"https:\/\/adria-klik.com\/shop\/\"},{\"@type\":\"ListItem\",\"position\":3,\"name\":\"100% Extra Djevi\u010dansko Maslinovo Ulje -Kerami\u010dka boca 0,5 l OPG \u0160kari\u0107 Mario\"}]},{\"@type\":\"WebSite\",\"@id\":\"https:\/\/adria-klik.com\/#website\",\"url\":\"https:\/\/adria-klik.com\/\",\"name\":\"Adria-Klik.com\",\"description\":\"Unikatni poklon paketi, Vina, Craft pivo &amp; Delicije - webshop\",\"publisher\":{\"@id\":\"https:\/\/adria-klik.com\/#organization\"},\"potentialAction\":[{\"@type\":\"SearchAction\",\"target\":{\"@type\":\"EntryPoint\",\"urlTemplate\":\"https:\/\/adria-klik.com\/?s={search_term_string}\"},\"query-input\":{\"@type\":\"PropertyValueSpecification\",\"valueRequired\":true,\"valueName\":\"search_term_string\"}}],\"inLanguage\":\"en-US\"},{\"@type\":\"Organization\",\"@id\":\"https:\/\/adria-klik.com\/#organization\",\"name\":\"Adria-Klik.com\",\"alternateName\":\"AK\",\"url\":\"https:\/\/adria-klik.com\/\",\"logo\":{\"@type\":\"ImageObject\",\"inLanguage\":\"en-US\",\"@id\":\"https:\/\/adria-klik.com\/#\/schema\/logo\/image\/\",\"url\":\"https:\/\/adria-klik.com\/wp-content\/uploads\/2025\/12\/Adria-Klik_com-logo-namirnice-vina-craft-pivo-delikatese-delicije-artisan-cokolada.jpg\",\"contentUrl\":\"https:\/\/adria-klik.com\/wp-content\/uploads\/2025\/12\/Adria-Klik_com-logo-namirnice-vina-craft-pivo-delikatese-delicije-artisan-cokolada.jpg\",\"width\":500,\"height\":500,\"caption\":\"Adria-Klik.com\"},\"image\":{\"@id\":\"https:\/\/adria-klik.com\/#\/schema\/logo\/image\/\"},\"sameAs\":[\"https:\/\/www.facebook.com\/profile.php?id=100064209425136\",\"https:\/\/www.instagram.com\/adriaklik\/\",\"https:\/\/www.youtube.com\/user\/PlavacmaliZagreb\"]}]}<\/script>\n<!-- \/ Yoast SEO plugin. -->","yoast_head_json":{"title":"100% Extra Djevi\u010dansko Maslinovo Ulje -Kerami\u010dka boca 0,5 l OPG \u0160kari\u0107 Mario - Adria-Klik.com","description":"100% Extra Djevi\u010dansko Maslinovo Ulje -Kerami\u010dka boca 0,5 l OPG \u0160kari\u0107 Mario \u010cista Velika, Dalmacija - Naru\u010di dostavu online","robots":{"index":"index","follow":"follow","max-snippet":"max-snippet:-1","max-image-preview":"max-image-preview:large","max-video-preview":"max-video-preview:-1"},"canonical":"https:\/\/adria-klik.com\/proizvod\/100-extra-djevicansko-maslinovo-ulje-keramicka-boca-05-l-opg-skaric-mario\/","og_locale":"en_US","og_type":"article","og_title":"OPG \u0160kari\u0107 Mario ekolo\u0161ki uzgoj i prerada doma\u0107ih badema 100% Extra Djevi\u010dansko Maslinovo Ulje -Kerami\u010dka boca 0,5 l OPG \u0160kari\u0107 Mario","og_description":"100% Extra Djevi\u010dansko Maslinovo Ulje -Kerami\u010dka boca 0,5 l OPG \u0160kari\u0107 Mario","og_url":"https:\/\/adria-klik.com\/proizvod\/100-extra-djevicansko-maslinovo-ulje-keramicka-boca-05-l-opg-skaric-mario\/","og_site_name":"Adria-Klik.com","article_publisher":"https:\/\/www.facebook.com\/profile.php?id=100064209425136","article_modified_time":"2024-12-09T01:06:29+00:00","og_image":[{"width":1500,"height":1500,"url":"https:\/\/adria-klik.com\/wp-content\/uploads\/2024\/12\/OPG-SKARIC-EKO-Organic-Olive-Oil-Organsko-Maslinovo-Ulje-500ml_Adria-Klik_Webshop-ducan_organic-eko-croatia.jpg","type":"image\/jpeg"}],"twitter_card":"summary_large_image","twitter_misc":{"Est. reading time":"1 minute"},"schema":{"@context":"https:\/\/schema.org","@graph":[{"@type":"WebPage","@id":"https:\/\/adria-klik.com\/proizvod\/100-extra-djevicansko-maslinovo-ulje-keramicka-boca-05-l-opg-skaric-mario\/","url":"https:\/\/adria-klik.com\/proizvod\/100-extra-djevicansko-maslinovo-ulje-keramicka-boca-05-l-opg-skaric-mario\/","name":"100% Extra Djevi\u010dansko Maslinovo Ulje -Kerami\u010dka boca 0,5 l OPG \u0160kari\u0107 Mario - Adria-Klik.com","isPartOf":{"@id":"https:\/\/adria-klik.com\/#website"},"primaryImageOfPage":{"@id":"https:\/\/adria-klik.com\/proizvod\/100-extra-djevicansko-maslinovo-ulje-keramicka-boca-05-l-opg-skaric-mario\/#primaryimage"},"image":{"@id":"https:\/\/adria-klik.com\/proizvod\/100-extra-djevicansko-maslinovo-ulje-keramicka-boca-05-l-opg-skaric-mario\/#primaryimage"},"thumbnailUrl":"https:\/\/adria-klik.com\/wp-content\/uploads\/2024\/12\/OPG-SKARIC-EKO-Organic-Olive-Oil-Organsko-Maslinovo-Ulje-500ml_Adria-Klik_Webshop-ducan_organic-eko-croatia.jpg","datePublished":"2024-12-08T00:28:21+00:00","dateModified":"2024-12-09T01:06:29+00:00","description":"100% Extra Djevi\u010dansko Maslinovo Ulje -Kerami\u010dka boca 0,5 l OPG \u0160kari\u0107 Mario \u010cista Velika, Dalmacija - Naru\u010di dostavu online","breadcrumb":{"@id":"https:\/\/adria-klik.com\/proizvod\/100-extra-djevicansko-maslinovo-ulje-keramicka-boca-05-l-opg-skaric-mario\/#breadcrumb"},"inLanguage":"en-US","potentialAction":[{"@type":"ReadAction","target":["https:\/\/adria-klik.com\/proizvod\/100-extra-djevicansko-maslinovo-ulje-keramicka-boca-05-l-opg-skaric-mario\/"]}]},{"@type":"ImageObject","inLanguage":"en-US","@id":"https:\/\/adria-klik.com\/proizvod\/100-extra-djevicansko-maslinovo-ulje-keramicka-boca-05-l-opg-skaric-mario\/#primaryimage","url":"https:\/\/adria-klik.com\/wp-content\/uploads\/2024\/12\/OPG-SKARIC-EKO-Organic-Olive-Oil-Organsko-Maslinovo-Ulje-500ml_Adria-Klik_Webshop-ducan_organic-eko-croatia.jpg","contentUrl":"https:\/\/adria-klik.com\/wp-content\/uploads\/2024\/12\/OPG-SKARIC-EKO-Organic-Olive-Oil-Organsko-Maslinovo-Ulje-500ml_Adria-Klik_Webshop-ducan_organic-eko-croatia.jpg","width":1500,"height":1500,"caption":"DRAZEN_PAJTLAR"},{"@type":"BreadcrumbList","@id":"https:\/\/adria-klik.com\/proizvod\/100-extra-djevicansko-maslinovo-ulje-keramicka-boca-05-l-opg-skaric-mario\/#breadcrumb","itemListElement":[{"@type":"ListItem","position":1,"name":"Po\u010detna stranica","item":"https:\/\/adria-klik.com\/en\/"},{"@type":"ListItem","position":2,"name":"Shop","item":"https:\/\/adria-klik.com\/shop\/"},{"@type":"ListItem","position":3,"name":"100% Extra Djevi\u010dansko Maslinovo Ulje -Kerami\u010dka boca 0,5 l OPG \u0160kari\u0107 Mario"}]},{"@type":"WebSite","@id":"https:\/\/adria-klik.com\/#website","url":"https:\/\/adria-klik.com\/","name":"Adria-Klik.com","description":"Unikatni poklon paketi, Vina, Craft pivo &amp; Delicije - webshop","publisher":{"@id":"https:\/\/adria-klik.com\/#organization"},"potentialAction":[{"@type":"SearchAction","target":{"@type":"EntryPoint","urlTemplate":"https:\/\/adria-klik.com\/?s={search_term_string}"},"query-input":{"@type":"PropertyValueSpecification","valueRequired":true,"valueName":"search_term_string"}}],"inLanguage":"en-US"},{"@type":"Organization","@id":"https:\/\/adria-klik.com\/#organization","name":"Adria-Klik.com","alternateName":"AK","url":"https:\/\/adria-klik.com\/","logo":{"@type":"ImageObject","inLanguage":"en-US","@id":"https:\/\/adria-klik.com\/#\/schema\/logo\/image\/","url":"https:\/\/adria-klik.com\/wp-content\/uploads\/2025\/12\/Adria-Klik_com-logo-namirnice-vina-craft-pivo-delikatese-delicije-artisan-cokolada.jpg","contentUrl":"https:\/\/adria-klik.com\/wp-content\/uploads\/2025\/12\/Adria-Klik_com-logo-namirnice-vina-craft-pivo-delikatese-delicije-artisan-cokolada.jpg","width":500,"height":500,"caption":"Adria-Klik.com"},"image":{"@id":"https:\/\/adria-klik.com\/#\/schema\/logo\/image\/"},"sameAs":["https:\/\/www.facebook.com\/profile.php?id=100064209425136","https:\/\/www.instagram.com\/adriaklik\/","https:\/\/www.youtube.com\/user\/PlavacmaliZagreb"]}]}},"jetpack_sharing_enabled":true,"jetpack-related-posts":[],"_links":{"self":[{"href":"https:\/\/adria-klik.com\/en\/wp-json\/wp\/v2\/product\/17619","targetHints":{"allow":["GET"]}}],"collection":[{"href":"https:\/\/adria-klik.com\/en\/wp-json\/wp\/v2\/product"}],"about":[{"href":"https:\/\/adria-klik.com\/en\/wp-json\/wp\/v2\/types\/product"}],"replies":[{"embeddable":true,"href":"https:\/\/adria-klik.com\/en\/wp-json\/wp\/v2\/comments?post=17619"}],"wp:featuredmedia":[{"embeddable":true,"href":"https:\/\/adria-klik.com\/en\/wp-json\/wp\/v2\/media\/17620"}],"wp:attachment":[{"href":"https:\/\/adria-klik.com\/en\/wp-json\/wp\/v2\/media?parent=17619"}],"wp:term":[{"taxonomy":"product_brand","embeddable":true,"href":"https:\/\/adria-klik.com\/en\/wp-json\/wp\/v2\/product_brand?post=17619"},{"taxonomy":"product_cat","embeddable":true,"href":"https:\/\/adria-klik.com\/en\/wp-json\/wp\/v2\/product_cat?post=17619"},{"taxonomy":"product_tag","embeddable":true,"href":"https:\/\/adria-klik.com\/en\/wp-json\/wp\/v2\/product_tag?post=17619"},{"taxonomy":"berocket_brand","embeddable":true,"href":"https:\/\/adria-klik.com\/en\/wp-json\/wp\/v2\/berocket_brand?post=17619"}],"curies":[{"name":"wp","href":"https:\/\/api.w.org\/{rel}","templated":true}]}}