{"id":17628,"date":"2024-12-08T10:41:57","date_gmt":"2024-12-08T09:41:57","guid":{"rendered":"https:\/\/adria-klik.com\/?post_type=product&#038;p=17628"},"modified":"2024-12-08T10:46:16","modified_gmt":"2024-12-08T09:46:16","slug":"porin-brut-vrhunski-075l-katunar-estate-winery","status":"publish","type":"product","link":"https:\/\/adria-klik.com\/en\/proizvod\/porin-brut-vrhunski-075l-katunar-estate-winery\/","title":{"rendered":"Porin Brut Vrhunski 0,75l Katunar Estate Winery"},"content":{"rendered":"<div class=\"cb_FormRow_LeftCol_ll21\">\n<div class=\"cb_FormRow_LabelContainer_l1tz\"><\/div>\n<\/div>\n<div class=\"cb_FormRow_RightCol_r1b7\">\n<ul>\n<li class=\"sc-cJlyTo BUlOb\"><span class=\"sc-kpDqfm sc-iCNmCL hcDcFN\" dir=\"auto\"><strong>Vrhunski<\/strong> <strong>Brut<\/strong> <strong>Prirodni<\/strong> Pjenu\u0161ac <strong>PORIN<\/strong> spravljen metodom drugog vrenja u tanku, \u0161to mu daje svje\u017einu i pitkost<\/span><\/li>\n<li class=\"sc-cJlyTo BUlOb\"><span class=\"sc-kpDqfm sc-iCNmCL hcDcFN\" dir=\"auto\"> Vino od kojeg je napravljen garantira <strong>bogatstvo<\/strong> <strong>aroma<\/strong> i bogat zavr\u0161etak<\/span><\/li>\n<li class=\"sc-cJlyTo BUlOb\"><span class=\"sc-kpDqfm sc-iCNmCL hcDcFN\" dir=\"auto\"> Lijep odnos alkohola i kiselina, \u010dini ga ugodnim pi\u0107em za aperitiv ili uz lagani koktel ugriz<\/span><\/li>\n<li class=\"sc-cJlyTo BUlOb\"><span class=\"sc-kpDqfm sc-iCNmCL hcDcFN\" dir=\"auto\">Diskretni miris kvasaca skladno \u0107e zaokru\u017eiti ispijeni gutljaj<\/span><\/li>\n<li class=\"sc-cJlyTo BUlOb\"><span class=\"sc-kpDqfm sc-iCNmCL hcDcFN\" dir=\"auto\"> Preporu\u010damo ga poslu\u017eiti rashla\u0111enog na 6\u2070 C u elgantnoj \u010da\u0161i. <\/span><\/li>\n<li class=\"sc-cJlyTo BUlOb\"><strong><span class=\"sc-kpDqfm sc-iCNmCL hcDcFN\" dir=\"auto\">Hrvatski Proizvod. Katunar Estate Winery<\/span><\/strong><\/li>\n<li class=\"sc-cJlyTo BUlOb\"><strong><span class=\"sc-kpDqfm sc-iCNmCL hcDcFN\" dir=\"auto\"> ZOI Hrvatsko primorje<\/span><\/strong><\/li>\n<\/ul>\n<\/div>\n<p>KATUNAR ESTATE WINERY nastavak je obiteljske tradicije vinogradarstva i vinarstva.<\/p>\n<p>Gruntovni zapisi, kao i jedna od starijih oto\u010dnih vinskih arhiva govori o stoljetnoj vinarskoj tradiciji obitelji Katunar, koja je procvat do\u017eivjela 90 ih godina pro\u0161log stolje\u0107a.<\/p>\n<p>Kao i cjelokupna vinarska proizvodnja ovog podru\u010dja do kraja 80-ih godina, i proizvodnja vina obitelji Katunar bila je usmjerena lokalnu zadru\u017enu vinariju \u2013 jer je zadrugarstvo do 1990. bilo jedini mogu\u0107i na\u010din poslovanja.<\/p>\n<p>U devedesetima Katunar vinarija u op\u0107em procvatu vinarstva ula\u017ee u nove tehnologije \u2013 spaja oto\u010dki tradicionalni na\u010din vinogradarstva sa novim praksama u vinarstvu \u2013 me\u0111u prvima uvodi kontroliranu hladnu fermentraciju, nabavlja nove barike od slavonskog hrasta i jedina u Hrvatskoj savladava proizvodnju pjenu\u0161aca po Charmat (tankovskoj) metodi.<\/p>\n<p>Nakon proizvodnje jedinog Hrvatskog biser-vina vinarija se okre\u0107e ka sadnji novih nasada vinove loze na staroj vinorodnoj poziciji Supele pokraj Ba\u0161ke na otoku Krku.<br \/>\nESTATE WINERY svoju proizvodnju bazira na vlastitom gro\u017e\u0111u, budu\u0107i da obitelj Katunar posjeduje preko 200.000 tisu\u0107a trsova vinove loze. I to na dva lokaliteta: Vrbni\u010dko polje i Ba\u0161\u0107anska kotlina.<br \/>\nNa rubu vrbni\u010dkog polja posjeduje vinariju u kojoj se radi prerada gro\u017e\u0111a kao i proizvodnja i odle\u017eavanje te buteljiranje vina.<\/p>\n<p>Iako za Hrvatske prilike i kao oto\u010dna vinarija ima znatne povr\u0161ine i kapacitete, u svjetskim mjerilima ESTATE WINERY spada u manje boutique vinarije, i u tim okvirima uspje\u0161no \u0161iri prisutnost na izvoznim tr\u017ei\u0161tima.<\/p>\n<p>Daljnje pobolj\u0161anje kvalitete i napredovanje ESTATE WINERY nastoji posti\u0107i okretanjem vlastitoj kontroliranoj proizvodnji gro\u017eda po ekolo\u0161kim standardima na tipi\u010dnim lokacijama, okretanjem autohtonim sortama vinove loze i tradicionalnom vinogradarstvu.<\/p>\n","protected":false},"excerpt":{"rendered":"<ul>\n<li class=\"sc-cJlyTo BUlOb\"><span class=\"sc-kpDqfm sc-iCNmCL hcDcFN\" dir=\"auto\"><strong>Vrhunski<\/strong> <strong>Brut<\/strong> <strong>Prirodni<\/strong> Pjenu\u0161ac <strong>PORIN<\/strong> spravljen metodom drugog vrenja u tanku, \u0161to mu daje svje\u017einu i pitkost<\/span><\/li>\n<li class=\"sc-cJlyTo BUlOb\"><span class=\"sc-kpDqfm sc-iCNmCL hcDcFN\" dir=\"auto\"> Vino od kojeg je napravljen garantira <strong>bogatstvo<\/strong> <strong>aroma<\/strong> i bogat zavr\u0161etak<\/span><\/li>\n<li class=\"sc-cJlyTo BUlOb\"><span class=\"sc-kpDqfm sc-iCNmCL hcDcFN\" dir=\"auto\"> Lijep odnos alkohola i kiselina, \u010dini ga ugodnim pi\u0107em za aperitiv ili uz lagani koktel ugriz<\/span><\/li>\n<li class=\"sc-cJlyTo BUlOb\"><span class=\"sc-kpDqfm sc-iCNmCL hcDcFN\" dir=\"auto\">Diskretni miris kvasaca skladno \u0107e zaokru\u017eiti ispijeni gutljaj<\/span><\/li>\n<li class=\"sc-cJlyTo BUlOb\"><span class=\"sc-kpDqfm sc-iCNmCL hcDcFN\" dir=\"auto\"> Preporu\u010damo ga poslu\u017eiti rashla\u0111enog na 6\u2070 C u elgantnoj \u010da\u0161i. <\/span><\/li>\n<li class=\"sc-cJlyTo BUlOb\"><strong><span class=\"sc-kpDqfm sc-iCNmCL hcDcFN\" dir=\"auto\">Hrvatski Proizvod. Katunar Estate Winery<\/span><\/strong><\/li>\n<li class=\"sc-cJlyTo BUlOb\"><strong><span class=\"sc-kpDqfm sc-iCNmCL hcDcFN\" dir=\"auto\"> ZOI Hrvatsko primorje<\/span><\/strong><\/li>\n<li><\/li>\n<\/ul>\n","protected":false},"featured_media":17629,"comment_status":"open","ping_status":"closed","template":"","meta":{"_acf_changed":false},"product_brand":[],"product_cat":[383,422,1175,1176,1174,1159,619,846,376,373,560],"product_tag":[1397,2132,2122,2130,2288,2286,2287,2289],"berocket_brand":[2119],"class_list":{"0":"post-17628","1":"product","2":"type-product","3":"status-publish","4":"has-post-thumbnail","6":"product_cat-akcije","7":"product_cat-bijela","8":"product_cat-dostava","9":"product_cat-europa","10":"product_cat-hrvatska","11":"product_cat-nasa-preporuka","12":"product_cat-okusi_adriu","13":"product_cat-pjenusci-vina","14":"product_cat-premium-proizvodi","15":"product_cat-vina","16":"product_cat-zagreb","17":"product_tag-autohtona-sorta","18":"product_tag-katunar-estate-winery","19":"product_tag-otok-krk","20":"product_tag-petillant","21":"product_tag-pjenusac-katunar","22":"product_tag-porin","23":"product_tag-vrhunski-brut","24":"product_tag-zoi-hrvatsko-primorje","25":"berocket_brand-katunar-estate-winery","27":"first","28":"instock","29":"sale","30":"featured","31":"shipping-taxable","32":"purchasable","33":"product-type-simple"},"acf":[],"yoast_head":"<!-- This site is optimized with the Yoast SEO plugin v26.9 - https:\/\/yoast.com\/product\/yoast-seo-wordpress\/ -->\n<title>Porin Brut Vrhunski 0,75l Katunar Estate Winery - Adria-Klik.com<\/title>\n<meta name=\"description\" content=\"PORINPorin Brut Vrhunski 0,75l Katunar Estate Winery Hrvatski Proizvod. Katunar Estate WineryZOI Hrvatsko primorje naru\u010di dotavu pjenu\u0161ca\" \/>\n<meta name=\"robots\" content=\"index, follow, max-snippet:-1, max-image-preview:large, max-video-preview:-1\" \/>\n<link rel=\"canonical\" href=\"https:\/\/adria-klik.com\/proizvod\/porin-brut-vrhunski-075l-katunar-estate-winery\/\" \/>\n<meta property=\"og:locale\" content=\"en_US\" \/>\n<meta property=\"og:type\" content=\"article\" \/>\n<meta property=\"og:title\" content=\"PORIN VRHUNSKI BRUT 0,75l Katunar Estate Winery\" \/>\n<meta property=\"og:description\" content=\"PORINPorin Brut Vrhunski 0,75l Katunar Estate Winery Hrvatski Proizvod. Katunar Estate WineryZOI Hrvatsko primorje naru\u010di dotavu pjenu\u0161ca\" \/>\n<meta property=\"og:url\" content=\"https:\/\/adria-klik.com\/proizvod\/porin-brut-vrhunski-075l-katunar-estate-winery\/\" \/>\n<meta property=\"og:site_name\" content=\"Adria-Klik.com\" \/>\n<meta property=\"article:publisher\" content=\"https:\/\/www.facebook.com\/profile.php?id=100064209425136\" \/>\n<meta property=\"article:modified_time\" content=\"2024-12-08T09:46:16+00:00\" \/>\n<meta property=\"og:image\" content=\"https:\/\/adria-klik.com\/wp-content\/uploads\/2024\/12\/PORIN-Vrhunsko-psjenusavo-vino-Katunar-estate-Zlahtina-pjenusac-Croatia-Sparkling-wine-NOVO-NEW-075l-Adria-Klik_Webshop-otocki-hrvatski-proizvod-wein-kroatien-wine-wolt-glovo-bolt-EU-delivery-fatstest.jpg\" \/>\n\t<meta property=\"og:image:width\" content=\"1500\" \/>\n\t<meta property=\"og:image:height\" content=\"1500\" \/>\n\t<meta property=\"og:image:type\" content=\"image\/jpeg\" \/>\n<meta name=\"twitter:card\" content=\"summary_large_image\" \/>\n<meta name=\"twitter:title\" content=\"Biser mora 0,75l Katunar Estate Winery\" \/>\n<meta name=\"twitter:description\" content=\"Biser mora Prirodno i prvo je hrvatsko biser vino!Talijani ga zovu \u201efrizzante\u201c,Njemci \u201eperlwein\u201c a Fracuzi \u201epetillant\u201c Naru\u010di dosatvu Katunar\" \/>\n<meta name=\"twitter:image\" content=\"https:\/\/adria-klik.com\/wp-content\/uploads\/2023\/10\/Biser-mora-Katunar-estate-Zlahtina-pjenusac-075l-Adria-Klik_Webshop-otocki-hrvatski-proizvod-wein-kroatien-wine-wolt-glovo-bolt-EU-delivery-fatstest.jpg\" \/>\n<meta name=\"twitter:label1\" content=\"Est. reading time\" \/>\n\t<meta name=\"twitter:data1\" content=\"2 minutes\" \/>\n<script type=\"application\/ld+json\" class=\"yoast-schema-graph\">{\"@context\":\"https:\/\/schema.org\",\"@graph\":[{\"@type\":\"WebPage\",\"@id\":\"https:\/\/adria-klik.com\/proizvod\/porin-brut-vrhunski-075l-katunar-estate-winery\/\",\"url\":\"https:\/\/adria-klik.com\/proizvod\/porin-brut-vrhunski-075l-katunar-estate-winery\/\",\"name\":\"Porin Brut Vrhunski 0,75l Katunar Estate Winery - Adria-Klik.com\",\"isPartOf\":{\"@id\":\"https:\/\/adria-klik.com\/#website\"},\"primaryImageOfPage\":{\"@id\":\"https:\/\/adria-klik.com\/proizvod\/porin-brut-vrhunski-075l-katunar-estate-winery\/#primaryimage\"},\"image\":{\"@id\":\"https:\/\/adria-klik.com\/proizvod\/porin-brut-vrhunski-075l-katunar-estate-winery\/#primaryimage\"},\"thumbnailUrl\":\"https:\/\/adria-klik.com\/wp-content\/uploads\/2024\/12\/PORIN-Vrhunsko-psjenusavo-vino-Katunar-estate-Zlahtina-pjenusac-Croatia-Sparkling-wine-NOVO-NEW-075l-Adria-Klik_Webshop-otocki-hrvatski-proizvod-wein-kroatien-wine-wolt-glovo-bolt-EU-delivery-fatstest.jpg\",\"datePublished\":\"2024-12-08T09:41:57+00:00\",\"dateModified\":\"2024-12-08T09:46:16+00:00\",\"description\":\"PORINPorin Brut Vrhunski 0,75l Katunar Estate Winery Hrvatski Proizvod. Katunar Estate WineryZOI Hrvatsko primorje naru\u010di dotavu pjenu\u0161ca\",\"breadcrumb\":{\"@id\":\"https:\/\/adria-klik.com\/proizvod\/porin-brut-vrhunski-075l-katunar-estate-winery\/#breadcrumb\"},\"inLanguage\":\"en-US\",\"potentialAction\":[{\"@type\":\"ReadAction\",\"target\":[\"https:\/\/adria-klik.com\/proizvod\/porin-brut-vrhunski-075l-katunar-estate-winery\/\"]}]},{\"@type\":\"ImageObject\",\"inLanguage\":\"en-US\",\"@id\":\"https:\/\/adria-klik.com\/proizvod\/porin-brut-vrhunski-075l-katunar-estate-winery\/#primaryimage\",\"url\":\"https:\/\/adria-klik.com\/wp-content\/uploads\/2024\/12\/PORIN-Vrhunsko-psjenusavo-vino-Katunar-estate-Zlahtina-pjenusac-Croatia-Sparkling-wine-NOVO-NEW-075l-Adria-Klik_Webshop-otocki-hrvatski-proizvod-wein-kroatien-wine-wolt-glovo-bolt-EU-delivery-fatstest.jpg\",\"contentUrl\":\"https:\/\/adria-klik.com\/wp-content\/uploads\/2024\/12\/PORIN-Vrhunsko-psjenusavo-vino-Katunar-estate-Zlahtina-pjenusac-Croatia-Sparkling-wine-NOVO-NEW-075l-Adria-Klik_Webshop-otocki-hrvatski-proizvod-wein-kroatien-wine-wolt-glovo-bolt-EU-delivery-fatstest.jpg\",\"width\":1500,\"height\":1500,\"caption\":\"PORIN Katunar Estate Winery Poklon paketi unikat! Autohtoni pokloni! Gift box! Poslovni pokloni. Custom made poklon kutije !| Adria-Klik Supply webshop trgovina dostava namirnica, vina, craft piva i delicija Superbrza dostava Zagreb Wolt Glovo Bolt-Food i Hrvatska i EU DPD GLS - vinska logistika #kupujmohrvatsko Naru\u00c3\u201e\u00c2\u008di dostavu Frankfurt International Trophy - GOLD MEDAL winner - LIKER TERANINO Royal Luxury \u2013 Royal Luxury TERANINO prirodan je liker, potpuno ru\u010dno proizveden. Teranino je proizveden od crnog vina, likera od kupine, te uz dodatak macerata aromati\u010dnog i za\u010dinskog bilja, u kojem dominiraju cimet i klin\u010di\u0107. Dobiveni liker profinjenog je i ugla\u0111enog okusa. Zbog sna\u017eno izra\u017eenih aroma izvrsno prija kao samostalno pi\u0107e ili kao dodatak koktelima. Servira se ledeno ohla\u0111en u ledeno ohla\u0111enim \u010da\u0161ama.\"},{\"@type\":\"BreadcrumbList\",\"@id\":\"https:\/\/adria-klik.com\/proizvod\/porin-brut-vrhunski-075l-katunar-estate-winery\/#breadcrumb\",\"itemListElement\":[{\"@type\":\"ListItem\",\"position\":1,\"name\":\"Po\u010detna stranica\",\"item\":\"https:\/\/adria-klik.com\/en\/\"},{\"@type\":\"ListItem\",\"position\":2,\"name\":\"Shop\",\"item\":\"https:\/\/adria-klik.com\/shop\/\"},{\"@type\":\"ListItem\",\"position\":3,\"name\":\"Porin Brut Vrhunski 0,75l Katunar Estate Winery\"}]},{\"@type\":\"WebSite\",\"@id\":\"https:\/\/adria-klik.com\/#website\",\"url\":\"https:\/\/adria-klik.com\/\",\"name\":\"Adria-Klik.com\",\"description\":\"Unikatni poklon paketi, Vina, Craft pivo &amp; Delicije - webshop\",\"publisher\":{\"@id\":\"https:\/\/adria-klik.com\/#organization\"},\"potentialAction\":[{\"@type\":\"SearchAction\",\"target\":{\"@type\":\"EntryPoint\",\"urlTemplate\":\"https:\/\/adria-klik.com\/?s={search_term_string}\"},\"query-input\":{\"@type\":\"PropertyValueSpecification\",\"valueRequired\":true,\"valueName\":\"search_term_string\"}}],\"inLanguage\":\"en-US\"},{\"@type\":\"Organization\",\"@id\":\"https:\/\/adria-klik.com\/#organization\",\"name\":\"Adria-Klik.com\",\"alternateName\":\"AK\",\"url\":\"https:\/\/adria-klik.com\/\",\"logo\":{\"@type\":\"ImageObject\",\"inLanguage\":\"en-US\",\"@id\":\"https:\/\/adria-klik.com\/#\/schema\/logo\/image\/\",\"url\":\"https:\/\/adria-klik.com\/wp-content\/uploads\/2025\/12\/Adria-Klik_com-logo-namirnice-vina-craft-pivo-delikatese-delicije-artisan-cokolada.jpg\",\"contentUrl\":\"https:\/\/adria-klik.com\/wp-content\/uploads\/2025\/12\/Adria-Klik_com-logo-namirnice-vina-craft-pivo-delikatese-delicije-artisan-cokolada.jpg\",\"width\":500,\"height\":500,\"caption\":\"Adria-Klik.com\"},\"image\":{\"@id\":\"https:\/\/adria-klik.com\/#\/schema\/logo\/image\/\"},\"sameAs\":[\"https:\/\/www.facebook.com\/profile.php?id=100064209425136\",\"https:\/\/www.instagram.com\/adriaklik\/\",\"https:\/\/www.youtube.com\/user\/PlavacmaliZagreb\"]}]}<\/script>\n<!-- \/ Yoast SEO plugin. -->","yoast_head_json":{"title":"Porin Brut Vrhunski 0,75l Katunar Estate Winery - Adria-Klik.com","description":"PORINPorin Brut Vrhunski 0,75l Katunar Estate Winery Hrvatski Proizvod. Katunar Estate WineryZOI Hrvatsko primorje naru\u010di dotavu pjenu\u0161ca","robots":{"index":"index","follow":"follow","max-snippet":"max-snippet:-1","max-image-preview":"max-image-preview:large","max-video-preview":"max-video-preview:-1"},"canonical":"https:\/\/adria-klik.com\/proizvod\/porin-brut-vrhunski-075l-katunar-estate-winery\/","og_locale":"en_US","og_type":"article","og_title":"PORIN VRHUNSKI BRUT 0,75l Katunar Estate Winery","og_description":"PORINPorin Brut Vrhunski 0,75l Katunar Estate Winery Hrvatski Proizvod. Katunar Estate WineryZOI Hrvatsko primorje naru\u010di dotavu pjenu\u0161ca","og_url":"https:\/\/adria-klik.com\/proizvod\/porin-brut-vrhunski-075l-katunar-estate-winery\/","og_site_name":"Adria-Klik.com","article_publisher":"https:\/\/www.facebook.com\/profile.php?id=100064209425136","article_modified_time":"2024-12-08T09:46:16+00:00","og_image":[{"width":1500,"height":1500,"url":"https:\/\/adria-klik.com\/wp-content\/uploads\/2024\/12\/PORIN-Vrhunsko-psjenusavo-vino-Katunar-estate-Zlahtina-pjenusac-Croatia-Sparkling-wine-NOVO-NEW-075l-Adria-Klik_Webshop-otocki-hrvatski-proizvod-wein-kroatien-wine-wolt-glovo-bolt-EU-delivery-fatstest.jpg","type":"image\/jpeg"}],"twitter_card":"summary_large_image","twitter_title":"Biser mora 0,75l Katunar Estate Winery","twitter_description":"Biser mora Prirodno i prvo je hrvatsko biser vino!Talijani ga zovu \u201efrizzante\u201c,Njemci \u201eperlwein\u201c a Fracuzi \u201epetillant\u201c Naru\u010di dosatvu Katunar","twitter_image":"https:\/\/adria-klik.com\/wp-content\/uploads\/2023\/10\/Biser-mora-Katunar-estate-Zlahtina-pjenusac-075l-Adria-Klik_Webshop-otocki-hrvatski-proizvod-wein-kroatien-wine-wolt-glovo-bolt-EU-delivery-fatstest.jpg","twitter_misc":{"Est. reading time":"2 minutes"},"schema":{"@context":"https:\/\/schema.org","@graph":[{"@type":"WebPage","@id":"https:\/\/adria-klik.com\/proizvod\/porin-brut-vrhunski-075l-katunar-estate-winery\/","url":"https:\/\/adria-klik.com\/proizvod\/porin-brut-vrhunski-075l-katunar-estate-winery\/","name":"Porin Brut Vrhunski 0,75l Katunar Estate Winery - Adria-Klik.com","isPartOf":{"@id":"https:\/\/adria-klik.com\/#website"},"primaryImageOfPage":{"@id":"https:\/\/adria-klik.com\/proizvod\/porin-brut-vrhunski-075l-katunar-estate-winery\/#primaryimage"},"image":{"@id":"https:\/\/adria-klik.com\/proizvod\/porin-brut-vrhunski-075l-katunar-estate-winery\/#primaryimage"},"thumbnailUrl":"https:\/\/adria-klik.com\/wp-content\/uploads\/2024\/12\/PORIN-Vrhunsko-psjenusavo-vino-Katunar-estate-Zlahtina-pjenusac-Croatia-Sparkling-wine-NOVO-NEW-075l-Adria-Klik_Webshop-otocki-hrvatski-proizvod-wein-kroatien-wine-wolt-glovo-bolt-EU-delivery-fatstest.jpg","datePublished":"2024-12-08T09:41:57+00:00","dateModified":"2024-12-08T09:46:16+00:00","description":"PORINPorin Brut Vrhunski 0,75l Katunar Estate Winery Hrvatski Proizvod. Katunar Estate WineryZOI Hrvatsko primorje naru\u010di dotavu pjenu\u0161ca","breadcrumb":{"@id":"https:\/\/adria-klik.com\/proizvod\/porin-brut-vrhunski-075l-katunar-estate-winery\/#breadcrumb"},"inLanguage":"en-US","potentialAction":[{"@type":"ReadAction","target":["https:\/\/adria-klik.com\/proizvod\/porin-brut-vrhunski-075l-katunar-estate-winery\/"]}]},{"@type":"ImageObject","inLanguage":"en-US","@id":"https:\/\/adria-klik.com\/proizvod\/porin-brut-vrhunski-075l-katunar-estate-winery\/#primaryimage","url":"https:\/\/adria-klik.com\/wp-content\/uploads\/2024\/12\/PORIN-Vrhunsko-psjenusavo-vino-Katunar-estate-Zlahtina-pjenusac-Croatia-Sparkling-wine-NOVO-NEW-075l-Adria-Klik_Webshop-otocki-hrvatski-proizvod-wein-kroatien-wine-wolt-glovo-bolt-EU-delivery-fatstest.jpg","contentUrl":"https:\/\/adria-klik.com\/wp-content\/uploads\/2024\/12\/PORIN-Vrhunsko-psjenusavo-vino-Katunar-estate-Zlahtina-pjenusac-Croatia-Sparkling-wine-NOVO-NEW-075l-Adria-Klik_Webshop-otocki-hrvatski-proizvod-wein-kroatien-wine-wolt-glovo-bolt-EU-delivery-fatstest.jpg","width":1500,"height":1500,"caption":"PORIN Katunar Estate Winery Poklon paketi unikat! Autohtoni pokloni! Gift box! Poslovni pokloni. Custom made poklon kutije !| Adria-Klik Supply webshop trgovina dostava namirnica, vina, craft piva i delicija Superbrza dostava Zagreb Wolt Glovo Bolt-Food i Hrvatska i EU DPD GLS - vinska logistika #kupujmohrvatsko Naru\u00c3\u201e\u00c2\u008di dostavu Frankfurt International Trophy - GOLD MEDAL winner - LIKER TERANINO Royal Luxury \u2013 Royal Luxury TERANINO prirodan je liker, potpuno ru\u010dno proizveden. Teranino je proizveden od crnog vina, likera od kupine, te uz dodatak macerata aromati\u010dnog i za\u010dinskog bilja, u kojem dominiraju cimet i klin\u010di\u0107. Dobiveni liker profinjenog je i ugla\u0111enog okusa. Zbog sna\u017eno izra\u017eenih aroma izvrsno prija kao samostalno pi\u0107e ili kao dodatak koktelima. Servira se ledeno ohla\u0111en u ledeno ohla\u0111enim \u010da\u0161ama."},{"@type":"BreadcrumbList","@id":"https:\/\/adria-klik.com\/proizvod\/porin-brut-vrhunski-075l-katunar-estate-winery\/#breadcrumb","itemListElement":[{"@type":"ListItem","position":1,"name":"Po\u010detna stranica","item":"https:\/\/adria-klik.com\/en\/"},{"@type":"ListItem","position":2,"name":"Shop","item":"https:\/\/adria-klik.com\/shop\/"},{"@type":"ListItem","position":3,"name":"Porin Brut Vrhunski 0,75l Katunar Estate Winery"}]},{"@type":"WebSite","@id":"https:\/\/adria-klik.com\/#website","url":"https:\/\/adria-klik.com\/","name":"Adria-Klik.com","description":"Unikatni poklon paketi, Vina, Craft pivo &amp; Delicije - webshop","publisher":{"@id":"https:\/\/adria-klik.com\/#organization"},"potentialAction":[{"@type":"SearchAction","target":{"@type":"EntryPoint","urlTemplate":"https:\/\/adria-klik.com\/?s={search_term_string}"},"query-input":{"@type":"PropertyValueSpecification","valueRequired":true,"valueName":"search_term_string"}}],"inLanguage":"en-US"},{"@type":"Organization","@id":"https:\/\/adria-klik.com\/#organization","name":"Adria-Klik.com","alternateName":"AK","url":"https:\/\/adria-klik.com\/","logo":{"@type":"ImageObject","inLanguage":"en-US","@id":"https:\/\/adria-klik.com\/#\/schema\/logo\/image\/","url":"https:\/\/adria-klik.com\/wp-content\/uploads\/2025\/12\/Adria-Klik_com-logo-namirnice-vina-craft-pivo-delikatese-delicije-artisan-cokolada.jpg","contentUrl":"https:\/\/adria-klik.com\/wp-content\/uploads\/2025\/12\/Adria-Klik_com-logo-namirnice-vina-craft-pivo-delikatese-delicije-artisan-cokolada.jpg","width":500,"height":500,"caption":"Adria-Klik.com"},"image":{"@id":"https:\/\/adria-klik.com\/#\/schema\/logo\/image\/"},"sameAs":["https:\/\/www.facebook.com\/profile.php?id=100064209425136","https:\/\/www.instagram.com\/adriaklik\/","https:\/\/www.youtube.com\/user\/PlavacmaliZagreb"]}]}},"jetpack_sharing_enabled":true,"jetpack-related-posts":[],"_links":{"self":[{"href":"https:\/\/adria-klik.com\/en\/wp-json\/wp\/v2\/product\/17628","targetHints":{"allow":["GET"]}}],"collection":[{"href":"https:\/\/adria-klik.com\/en\/wp-json\/wp\/v2\/product"}],"about":[{"href":"https:\/\/adria-klik.com\/en\/wp-json\/wp\/v2\/types\/product"}],"replies":[{"embeddable":true,"href":"https:\/\/adria-klik.com\/en\/wp-json\/wp\/v2\/comments?post=17628"}],"wp:featuredmedia":[{"embeddable":true,"href":"https:\/\/adria-klik.com\/en\/wp-json\/wp\/v2\/media\/17629"}],"wp:attachment":[{"href":"https:\/\/adria-klik.com\/en\/wp-json\/wp\/v2\/media?parent=17628"}],"wp:term":[{"taxonomy":"product_brand","embeddable":true,"href":"https:\/\/adria-klik.com\/en\/wp-json\/wp\/v2\/product_brand?post=17628"},{"taxonomy":"product_cat","embeddable":true,"href":"https:\/\/adria-klik.com\/en\/wp-json\/wp\/v2\/product_cat?post=17628"},{"taxonomy":"product_tag","embeddable":true,"href":"https:\/\/adria-klik.com\/en\/wp-json\/wp\/v2\/product_tag?post=17628"},{"taxonomy":"berocket_brand","embeddable":true,"href":"https:\/\/adria-klik.com\/en\/wp-json\/wp\/v2\/berocket_brand?post=17628"}],"curies":[{"name":"wp","href":"https:\/\/api.w.org\/{rel}","templated":true}]}}