{"id":17635,"date":"2024-12-09T00:41:35","date_gmt":"2024-12-08T23:41:35","guid":{"rendered":"https:\/\/adria-klik.com\/?post_type=product&#038;p=17635"},"modified":"2024-12-09T00:54:50","modified_gmt":"2024-12-08T23:54:50","slug":"chardonnay-de-gotho-vrhunski-brut-075l-kutjevo","status":"publish","type":"product","link":"https:\/\/adria-klik.com\/en\/proizvod\/chardonnay-de-gotho-vrhunski-brut-075l-kutjevo\/","title":{"rendered":"Chardonnay de Gotho Vrhunski Brut 0,75l Kutjevo"},"content":{"rendered":"<div class=\"MenuItem__content___BHqdW\" data-test-id=\"MenuItemContent\">\n<div data-v-4668648e=\"\">\n<div class=\"cb_FormRow_RightCol_r1b7\">\n<ul>\n<li class=\"sc-cJlyTo BUlOb\"><span class=\"sc-kpDqfm sc-iCNmCL hcDcFN\" dir=\"auto\"><strong>Chardonnay de Gotho Vrhunski Brut<\/strong> izvanredno je uravnote\u017een pjenu\u0161ac, proizveden od sorte Chardonnay prema tradicionalnoj metodi koja odra\u017eava stoljetnu vje\u0161tinu i predanost stvaranju vrhunskih vina<\/span><\/li>\n<li class=\"sc-cJlyTo BUlOb\"><span class=\"sc-kpDqfm sc-iCNmCL hcDcFN\" dir=\"auto\"> Kutjeva\u010dki podrum, osnovan 1232. godine od strane cistercita, nositelj je ove bogate vinske tradicije koja se prenosi kroz svaku \u010da\u0161u ovog pjenu\u0161ca<\/span><\/li>\n<li class=\"sc-cJlyTo BUlOb\"><strong><span class=\"sc-kpDqfm sc-iCNmCL hcDcFN\" dir=\"auto\"> Nagrada &#8211; Glass of Bubbly 2023 &#8211; Zlato (Gastronomic)<\/span><\/strong><\/li>\n<li class=\"sc-cJlyTo BUlOb\">Novi proizvod vinarije Kutjevo<\/li>\n<li class=\"sc-cJlyTo BUlOb\">Naru\u010di sigurnu online dostavu<\/li>\n<\/ul>\n<\/div>\n<div class=\"cb_FormRow_LeftCol_ll21\"><\/div>\n<\/div>\n<div data-v-4668648e=\"\"><\/div>\n<\/div>\n","protected":false},"excerpt":{"rendered":"<ul>\n<li class=\"sc-cJlyTo BUlOb\"><span class=\"sc-kpDqfm sc-iCNmCL hcDcFN\" dir=\"auto\"><strong>Chardonnay de Gotho Vrhunski Brut<\/strong> izvanredno je uravnote\u017een pjenu\u0161ac, proizveden od sorte Chardonnay prema tradicionalnoj metodi koja odra\u017eava stoljetnu vje\u0161tinu i predanost stvaranju vrhunskih vina<\/span><\/li>\n<li class=\"sc-cJlyTo BUlOb\"><span class=\"sc-kpDqfm sc-iCNmCL hcDcFN\" dir=\"auto\"> Kutjeva\u010dki podrum, osnovan 1232. godine od strane cistercita, nositelj je ove bogate vinske tradicije koja se prenosi kroz svaku \u010da\u0161u ovog pjenu\u0161ca<\/span><\/li>\n<li class=\"sc-cJlyTo BUlOb\"><strong><span class=\"sc-kpDqfm sc-iCNmCL hcDcFN\" dir=\"auto\"> Nagrada &#8211; Glass of Bubbly 2023 &#8211; Zlato (Gastronomic)<\/span><\/strong><\/li>\n<li class=\"sc-cJlyTo BUlOb\">Novi proizvod vinarije <strong>Kutjevo<\/strong><\/li>\n<li class=\"sc-cJlyTo BUlOb\"><strong>Naru\u010di<\/strong> <strong>sigurnu online<\/strong> <strong>dostavu<\/strong><\/li>\n<li><\/li>\n<\/ul>\n","protected":false},"featured_media":17636,"comment_status":"open","ping_status":"closed","template":"","meta":{"_acf_changed":false},"product_brand":[],"product_cat":[422,1175,1176,1174,1159,619,846,376,373,560],"product_tag":[2291,1353,2294,1352,1295,2293],"berocket_brand":[487],"class_list":{"0":"post-17635","1":"product","2":"type-product","3":"status-publish","4":"has-post-thumbnail","6":"product_cat-bijela","7":"product_cat-dostava","8":"product_cat-europa","9":"product_cat-hrvatska","10":"product_cat-nasa-preporuka","11":"product_cat-okusi_adriu","12":"product_cat-pjenusci-vina","13":"product_cat-premium-proizvodi","14":"product_cat-vina","15":"product_cat-zagreb","16":"product_tag-de-gotho-brut-vrhunski","17":"product_tag-kutjevo-vina","18":"product_tag-pjenusac-premium-kutjevo","19":"product_tag-prirodni-pjenusac","20":"product_tag-superbza-dostava","21":"product_tag-vrhunski-pjenusac","22":"berocket_brand-kutjevo-2","24":"first","25":"instock","26":"featured","27":"shipping-taxable","28":"purchasable","29":"product-type-simple"},"acf":[],"yoast_head":"<!-- This site is optimized with the Yoast SEO plugin v26.9 - https:\/\/yoast.com\/product\/yoast-seo-wordpress\/ -->\n<title>Chardonnay de Gotho Vrhunski Brut 0,75l Kutjevo - Adria-Klik.com<\/title>\n<meta name=\"description\" content=\"Chardonnay de Gotho Vrhunski Brut izvanredno je uravnote\u017een pjenu\u0161ac, proizveden od sorte Chardonnay prema tradicionalnoj metodi - NAru\u010di online\" \/>\n<meta name=\"robots\" content=\"index, follow, max-snippet:-1, max-image-preview:large, max-video-preview:-1\" \/>\n<link rel=\"canonical\" href=\"https:\/\/adria-klik.com\/proizvod\/chardonnay-de-gotho-vrhunski-brut-075l-kutjevo\/\" \/>\n<meta property=\"og:locale\" content=\"en_US\" \/>\n<meta property=\"og:type\" content=\"article\" \/>\n<meta property=\"og:title\" content=\"Chardonnay de Gotho Vrhunski Brut 0,75l Kutjevo\" \/>\n<meta property=\"og:description\" content=\"Chardonnay de Gotho Vrhunski Brut izvanredno je uravnote\u017een pjenu\u0161ac, proizveden od sorte Chardonnay prema tradicionalnoj metodi - NAru\u010di online\" \/>\n<meta property=\"og:url\" content=\"https:\/\/adria-klik.com\/proizvod\/chardonnay-de-gotho-vrhunski-brut-075l-kutjevo\/\" \/>\n<meta property=\"og:site_name\" content=\"Adria-Klik.com\" \/>\n<meta property=\"article:publisher\" content=\"https:\/\/www.facebook.com\/profile.php?id=100064209425136\" \/>\n<meta property=\"article:modified_time\" content=\"2024-12-08T23:54:50+00:00\" \/>\n<meta property=\"og:image\" content=\"https:\/\/adria-klik.com\/wp-content\/uploads\/2024\/12\/Chardonnay-de-Gotho-Brut-NOVO-pjenusac-PREMIUM-075l_KUTJEVO-Adria-Klik-vina-brza-dostava-ducan_webshop_Croatia-DPD-GLS-wolt-glovo-bolt-food-Zagreb-EU.jpg\" \/>\n\t<meta property=\"og:image:width\" content=\"1500\" \/>\n\t<meta property=\"og:image:height\" content=\"1500\" \/>\n\t<meta property=\"og:image:type\" content=\"image\/jpeg\" \/>\n<meta name=\"twitter:card\" content=\"summary_large_image\" \/>\n<meta name=\"twitter:title\" content=\"Maximo Brut Vrhunski 0,75l Kutjevo Adria Klik Superbrza dostava Kutjevo vina, \u0110akovo vina po promotivnim cijenama uz besplatnu dostavu\" \/>\n<meta name=\"twitter:description\" content=\"Maximo Brut Vrhunski 0,75l Kutjevo Adria Klik Superbrza dostava Kutjevo vina, \u0110akovo vina po promotivnim cijenama uz besplatnu dostavu\" \/>\n<meta name=\"twitter:image\" content=\"https:\/\/adria-klik.com\/wp-content\/uploads\/2021\/05\/maximo-brut-pjenusac-cremant-grasevina-075l_Adria-Klik-Kutjevo-vina-ostava-075-l-Supply_Kupi-povoljno_brza_dostava_hladno_pice_ducan_webshop_Croatia-wolt-glovo-bolt-food-pauza.jpg\" \/>\n<meta name=\"twitter:label1\" content=\"Est. reading time\" \/>\n\t<meta name=\"twitter:data1\" content=\"1 minute\" \/>\n<script type=\"application\/ld+json\" class=\"yoast-schema-graph\">{\"@context\":\"https:\/\/schema.org\",\"@graph\":[{\"@type\":\"WebPage\",\"@id\":\"https:\/\/adria-klik.com\/proizvod\/chardonnay-de-gotho-vrhunski-brut-075l-kutjevo\/\",\"url\":\"https:\/\/adria-klik.com\/proizvod\/chardonnay-de-gotho-vrhunski-brut-075l-kutjevo\/\",\"name\":\"Chardonnay de Gotho Vrhunski Brut 0,75l Kutjevo - Adria-Klik.com\",\"isPartOf\":{\"@id\":\"https:\/\/adria-klik.com\/#website\"},\"primaryImageOfPage\":{\"@id\":\"https:\/\/adria-klik.com\/proizvod\/chardonnay-de-gotho-vrhunski-brut-075l-kutjevo\/#primaryimage\"},\"image\":{\"@id\":\"https:\/\/adria-klik.com\/proizvod\/chardonnay-de-gotho-vrhunski-brut-075l-kutjevo\/#primaryimage\"},\"thumbnailUrl\":\"https:\/\/adria-klik.com\/wp-content\/uploads\/2024\/12\/Chardonnay-de-Gotho-Brut-NOVO-pjenusac-PREMIUM-075l_KUTJEVO-Adria-Klik-vina-brza-dostava-ducan_webshop_Croatia-DPD-GLS-wolt-glovo-bolt-food-Zagreb-EU.jpg\",\"datePublished\":\"2024-12-08T23:41:35+00:00\",\"dateModified\":\"2024-12-08T23:54:50+00:00\",\"description\":\"Chardonnay de Gotho Vrhunski Brut izvanredno je uravnote\u017een pjenu\u0161ac, proizveden od sorte Chardonnay prema tradicionalnoj metodi - NAru\u010di online\",\"breadcrumb\":{\"@id\":\"https:\/\/adria-klik.com\/proizvod\/chardonnay-de-gotho-vrhunski-brut-075l-kutjevo\/#breadcrumb\"},\"inLanguage\":\"en-US\",\"potentialAction\":[{\"@type\":\"ReadAction\",\"target\":[\"https:\/\/adria-klik.com\/proizvod\/chardonnay-de-gotho-vrhunski-brut-075l-kutjevo\/\"]}]},{\"@type\":\"ImageObject\",\"inLanguage\":\"en-US\",\"@id\":\"https:\/\/adria-klik.com\/proizvod\/chardonnay-de-gotho-vrhunski-brut-075l-kutjevo\/#primaryimage\",\"url\":\"https:\/\/adria-klik.com\/wp-content\/uploads\/2024\/12\/Chardonnay-de-Gotho-Brut-NOVO-pjenusac-PREMIUM-075l_KUTJEVO-Adria-Klik-vina-brza-dostava-ducan_webshop_Croatia-DPD-GLS-wolt-glovo-bolt-food-Zagreb-EU.jpg\",\"contentUrl\":\"https:\/\/adria-klik.com\/wp-content\/uploads\/2024\/12\/Chardonnay-de-Gotho-Brut-NOVO-pjenusac-PREMIUM-075l_KUTJEVO-Adria-Klik-vina-brza-dostava-ducan_webshop_Croatia-DPD-GLS-wolt-glovo-bolt-food-Zagreb-EU.jpg\",\"width\":1500,\"height\":1500,\"caption\":\"NOVO! Ros\u00e9 Premium Brut Kutjevo naru\u010di dostavu! Pjenu\u0161ac Ros\u00e9 Premium Brut proizveden je klasi\u010dnom metodom od sorte crnog pinota. Vino je predivne ru\u017ei\u010daste boje, a nosom o\u010darava zavodljivim aromama crvenog bobi\u010dastog vo\u0107a, medu kojima dominiraju jagoda, malina i tre\u0161nja. Ovaj pjenu\u0161ac nudi ugodan i puni zavr\u0161etak, savr\u0161en za bogate gastro delicije i u\u017eivanje. #kupujmohrvatsko | Adria-Klik Supply superparket superbrza dostava namirnica, vina i delicija doma\u0107ih proizvoda\"},{\"@type\":\"BreadcrumbList\",\"@id\":\"https:\/\/adria-klik.com\/proizvod\/chardonnay-de-gotho-vrhunski-brut-075l-kutjevo\/#breadcrumb\",\"itemListElement\":[{\"@type\":\"ListItem\",\"position\":1,\"name\":\"Po\u010detna stranica\",\"item\":\"https:\/\/adria-klik.com\/en\/\"},{\"@type\":\"ListItem\",\"position\":2,\"name\":\"Shop\",\"item\":\"https:\/\/adria-klik.com\/shop\/\"},{\"@type\":\"ListItem\",\"position\":3,\"name\":\"Chardonnay de Gotho Vrhunski Brut 0,75l Kutjevo\"}]},{\"@type\":\"WebSite\",\"@id\":\"https:\/\/adria-klik.com\/#website\",\"url\":\"https:\/\/adria-klik.com\/\",\"name\":\"Adria-Klik.com\",\"description\":\"Unikatni poklon paketi, Vina, Craft pivo &amp; Delicije - webshop\",\"publisher\":{\"@id\":\"https:\/\/adria-klik.com\/#organization\"},\"potentialAction\":[{\"@type\":\"SearchAction\",\"target\":{\"@type\":\"EntryPoint\",\"urlTemplate\":\"https:\/\/adria-klik.com\/?s={search_term_string}\"},\"query-input\":{\"@type\":\"PropertyValueSpecification\",\"valueRequired\":true,\"valueName\":\"search_term_string\"}}],\"inLanguage\":\"en-US\"},{\"@type\":\"Organization\",\"@id\":\"https:\/\/adria-klik.com\/#organization\",\"name\":\"Adria-Klik.com\",\"alternateName\":\"AK\",\"url\":\"https:\/\/adria-klik.com\/\",\"logo\":{\"@type\":\"ImageObject\",\"inLanguage\":\"en-US\",\"@id\":\"https:\/\/adria-klik.com\/#\/schema\/logo\/image\/\",\"url\":\"https:\/\/adria-klik.com\/wp-content\/uploads\/2025\/12\/Adria-Klik_com-logo-namirnice-vina-craft-pivo-delikatese-delicije-artisan-cokolada.jpg\",\"contentUrl\":\"https:\/\/adria-klik.com\/wp-content\/uploads\/2025\/12\/Adria-Klik_com-logo-namirnice-vina-craft-pivo-delikatese-delicije-artisan-cokolada.jpg\",\"width\":500,\"height\":500,\"caption\":\"Adria-Klik.com\"},\"image\":{\"@id\":\"https:\/\/adria-klik.com\/#\/schema\/logo\/image\/\"},\"sameAs\":[\"https:\/\/www.facebook.com\/profile.php?id=100064209425136\",\"https:\/\/www.instagram.com\/adriaklik\/\",\"https:\/\/www.youtube.com\/user\/PlavacmaliZagreb\"]}]}<\/script>\n<!-- \/ Yoast SEO plugin. -->","yoast_head_json":{"title":"Chardonnay de Gotho Vrhunski Brut 0,75l Kutjevo - Adria-Klik.com","description":"Chardonnay de Gotho Vrhunski Brut izvanredno je uravnote\u017een pjenu\u0161ac, proizveden od sorte Chardonnay prema tradicionalnoj metodi - NAru\u010di online","robots":{"index":"index","follow":"follow","max-snippet":"max-snippet:-1","max-image-preview":"max-image-preview:large","max-video-preview":"max-video-preview:-1"},"canonical":"https:\/\/adria-klik.com\/proizvod\/chardonnay-de-gotho-vrhunski-brut-075l-kutjevo\/","og_locale":"en_US","og_type":"article","og_title":"Chardonnay de Gotho Vrhunski Brut 0,75l Kutjevo","og_description":"Chardonnay de Gotho Vrhunski Brut izvanredno je uravnote\u017een pjenu\u0161ac, proizveden od sorte Chardonnay prema tradicionalnoj metodi - NAru\u010di online","og_url":"https:\/\/adria-klik.com\/proizvod\/chardonnay-de-gotho-vrhunski-brut-075l-kutjevo\/","og_site_name":"Adria-Klik.com","article_publisher":"https:\/\/www.facebook.com\/profile.php?id=100064209425136","article_modified_time":"2024-12-08T23:54:50+00:00","og_image":[{"width":1500,"height":1500,"url":"https:\/\/adria-klik.com\/wp-content\/uploads\/2024\/12\/Chardonnay-de-Gotho-Brut-NOVO-pjenusac-PREMIUM-075l_KUTJEVO-Adria-Klik-vina-brza-dostava-ducan_webshop_Croatia-DPD-GLS-wolt-glovo-bolt-food-Zagreb-EU.jpg","type":"image\/jpeg"}],"twitter_card":"summary_large_image","twitter_title":"Maximo Brut Vrhunski 0,75l Kutjevo Adria Klik Superbrza dostava Kutjevo vina, \u0110akovo vina po promotivnim cijenama uz besplatnu dostavu","twitter_description":"Maximo Brut Vrhunski 0,75l Kutjevo Adria Klik Superbrza dostava Kutjevo vina, \u0110akovo vina po promotivnim cijenama uz besplatnu dostavu","twitter_image":"https:\/\/adria-klik.com\/wp-content\/uploads\/2021\/05\/maximo-brut-pjenusac-cremant-grasevina-075l_Adria-Klik-Kutjevo-vina-ostava-075-l-Supply_Kupi-povoljno_brza_dostava_hladno_pice_ducan_webshop_Croatia-wolt-glovo-bolt-food-pauza.jpg","twitter_misc":{"Est. reading time":"1 minute"},"schema":{"@context":"https:\/\/schema.org","@graph":[{"@type":"WebPage","@id":"https:\/\/adria-klik.com\/proizvod\/chardonnay-de-gotho-vrhunski-brut-075l-kutjevo\/","url":"https:\/\/adria-klik.com\/proizvod\/chardonnay-de-gotho-vrhunski-brut-075l-kutjevo\/","name":"Chardonnay de Gotho Vrhunski Brut 0,75l Kutjevo - Adria-Klik.com","isPartOf":{"@id":"https:\/\/adria-klik.com\/#website"},"primaryImageOfPage":{"@id":"https:\/\/adria-klik.com\/proizvod\/chardonnay-de-gotho-vrhunski-brut-075l-kutjevo\/#primaryimage"},"image":{"@id":"https:\/\/adria-klik.com\/proizvod\/chardonnay-de-gotho-vrhunski-brut-075l-kutjevo\/#primaryimage"},"thumbnailUrl":"https:\/\/adria-klik.com\/wp-content\/uploads\/2024\/12\/Chardonnay-de-Gotho-Brut-NOVO-pjenusac-PREMIUM-075l_KUTJEVO-Adria-Klik-vina-brza-dostava-ducan_webshop_Croatia-DPD-GLS-wolt-glovo-bolt-food-Zagreb-EU.jpg","datePublished":"2024-12-08T23:41:35+00:00","dateModified":"2024-12-08T23:54:50+00:00","description":"Chardonnay de Gotho Vrhunski Brut izvanredno je uravnote\u017een pjenu\u0161ac, proizveden od sorte Chardonnay prema tradicionalnoj metodi - NAru\u010di online","breadcrumb":{"@id":"https:\/\/adria-klik.com\/proizvod\/chardonnay-de-gotho-vrhunski-brut-075l-kutjevo\/#breadcrumb"},"inLanguage":"en-US","potentialAction":[{"@type":"ReadAction","target":["https:\/\/adria-klik.com\/proizvod\/chardonnay-de-gotho-vrhunski-brut-075l-kutjevo\/"]}]},{"@type":"ImageObject","inLanguage":"en-US","@id":"https:\/\/adria-klik.com\/proizvod\/chardonnay-de-gotho-vrhunski-brut-075l-kutjevo\/#primaryimage","url":"https:\/\/adria-klik.com\/wp-content\/uploads\/2024\/12\/Chardonnay-de-Gotho-Brut-NOVO-pjenusac-PREMIUM-075l_KUTJEVO-Adria-Klik-vina-brza-dostava-ducan_webshop_Croatia-DPD-GLS-wolt-glovo-bolt-food-Zagreb-EU.jpg","contentUrl":"https:\/\/adria-klik.com\/wp-content\/uploads\/2024\/12\/Chardonnay-de-Gotho-Brut-NOVO-pjenusac-PREMIUM-075l_KUTJEVO-Adria-Klik-vina-brza-dostava-ducan_webshop_Croatia-DPD-GLS-wolt-glovo-bolt-food-Zagreb-EU.jpg","width":1500,"height":1500,"caption":"NOVO! Ros\u00e9 Premium Brut Kutjevo naru\u010di dostavu! Pjenu\u0161ac Ros\u00e9 Premium Brut proizveden je klasi\u010dnom metodom od sorte crnog pinota. Vino je predivne ru\u017ei\u010daste boje, a nosom o\u010darava zavodljivim aromama crvenog bobi\u010dastog vo\u0107a, medu kojima dominiraju jagoda, malina i tre\u0161nja. Ovaj pjenu\u0161ac nudi ugodan i puni zavr\u0161etak, savr\u0161en za bogate gastro delicije i u\u017eivanje. #kupujmohrvatsko | Adria-Klik Supply superparket superbrza dostava namirnica, vina i delicija doma\u0107ih proizvoda"},{"@type":"BreadcrumbList","@id":"https:\/\/adria-klik.com\/proizvod\/chardonnay-de-gotho-vrhunski-brut-075l-kutjevo\/#breadcrumb","itemListElement":[{"@type":"ListItem","position":1,"name":"Po\u010detna stranica","item":"https:\/\/adria-klik.com\/en\/"},{"@type":"ListItem","position":2,"name":"Shop","item":"https:\/\/adria-klik.com\/shop\/"},{"@type":"ListItem","position":3,"name":"Chardonnay de Gotho Vrhunski Brut 0,75l Kutjevo"}]},{"@type":"WebSite","@id":"https:\/\/adria-klik.com\/#website","url":"https:\/\/adria-klik.com\/","name":"Adria-Klik.com","description":"Unikatni poklon paketi, Vina, Craft pivo &amp; Delicije - webshop","publisher":{"@id":"https:\/\/adria-klik.com\/#organization"},"potentialAction":[{"@type":"SearchAction","target":{"@type":"EntryPoint","urlTemplate":"https:\/\/adria-klik.com\/?s={search_term_string}"},"query-input":{"@type":"PropertyValueSpecification","valueRequired":true,"valueName":"search_term_string"}}],"inLanguage":"en-US"},{"@type":"Organization","@id":"https:\/\/adria-klik.com\/#organization","name":"Adria-Klik.com","alternateName":"AK","url":"https:\/\/adria-klik.com\/","logo":{"@type":"ImageObject","inLanguage":"en-US","@id":"https:\/\/adria-klik.com\/#\/schema\/logo\/image\/","url":"https:\/\/adria-klik.com\/wp-content\/uploads\/2025\/12\/Adria-Klik_com-logo-namirnice-vina-craft-pivo-delikatese-delicije-artisan-cokolada.jpg","contentUrl":"https:\/\/adria-klik.com\/wp-content\/uploads\/2025\/12\/Adria-Klik_com-logo-namirnice-vina-craft-pivo-delikatese-delicije-artisan-cokolada.jpg","width":500,"height":500,"caption":"Adria-Klik.com"},"image":{"@id":"https:\/\/adria-klik.com\/#\/schema\/logo\/image\/"},"sameAs":["https:\/\/www.facebook.com\/profile.php?id=100064209425136","https:\/\/www.instagram.com\/adriaklik\/","https:\/\/www.youtube.com\/user\/PlavacmaliZagreb"]}]}},"jetpack_sharing_enabled":true,"jetpack-related-posts":[],"_links":{"self":[{"href":"https:\/\/adria-klik.com\/en\/wp-json\/wp\/v2\/product\/17635","targetHints":{"allow":["GET"]}}],"collection":[{"href":"https:\/\/adria-klik.com\/en\/wp-json\/wp\/v2\/product"}],"about":[{"href":"https:\/\/adria-klik.com\/en\/wp-json\/wp\/v2\/types\/product"}],"replies":[{"embeddable":true,"href":"https:\/\/adria-klik.com\/en\/wp-json\/wp\/v2\/comments?post=17635"}],"wp:featuredmedia":[{"embeddable":true,"href":"https:\/\/adria-klik.com\/en\/wp-json\/wp\/v2\/media\/17636"}],"wp:attachment":[{"href":"https:\/\/adria-klik.com\/en\/wp-json\/wp\/v2\/media?parent=17635"}],"wp:term":[{"taxonomy":"product_brand","embeddable":true,"href":"https:\/\/adria-klik.com\/en\/wp-json\/wp\/v2\/product_brand?post=17635"},{"taxonomy":"product_cat","embeddable":true,"href":"https:\/\/adria-klik.com\/en\/wp-json\/wp\/v2\/product_cat?post=17635"},{"taxonomy":"product_tag","embeddable":true,"href":"https:\/\/adria-klik.com\/en\/wp-json\/wp\/v2\/product_tag?post=17635"},{"taxonomy":"berocket_brand","embeddable":true,"href":"https:\/\/adria-klik.com\/en\/wp-json\/wp\/v2\/berocket_brand?post=17635"}],"curies":[{"name":"wp","href":"https:\/\/api.w.org\/{rel}","templated":true}]}}