{"id":17743,"date":"2025-06-13T14:47:35","date_gmt":"2025-06-13T12:47:35","guid":{"rendered":"https:\/\/adria-klik.com\/?post_type=product&#038;p=17743"},"modified":"2025-06-13T15:37:23","modified_gmt":"2025-06-13T13:37:23","slug":"brighi-brut-pjenusac-i-dubrovacke-peruzine-nausnice-zlatarna-krizek-since-1935","status":"publish","type":"product","link":"https:\/\/adria-klik.com\/en\/proizvod\/brighi-brut-pjenusac-i-dubrovacke-peruzine-nausnice-zlatarna-krizek-since-1935\/","title":{"rendered":"Brighi Brut Pjenu\u0161ac i Dubrova\u010dke Peru\u017eine Nau\u0161nice-Zlatarna Kri\u017eek since 1935."},"content":{"rendered":"<div class=\"cb_FormRow_RightCol_7dc\">\n<div class=\"sc-hEKqXB beCIct\">\n<ul>\n<li class=\"sc-jGONNV iGJTGl\" dir=\"auto\">Unikatan i Univerzalan poklon paket<\/li>\n<li class=\"sc-jGONNV iGJTGl\" dir=\"auto\">Predivan pjenu\u0161ac iz Istre <strong>Brighi<\/strong> Brut 0,75l <strong>Ravalico<\/strong> i <strong>Nau\u0161nice<\/strong> Dubrova\u010dke Peru\u017eine &#8211; nakit hrvatske narodne ba\u0161tine <strong>Zlatarna<\/strong> <strong>Kri\u017eek<\/strong><\/li>\n<li class=\"sc-jGONNV iGJTGl\" dir=\"auto\">Najatraktivniji dio kolekcije <strong>Dubrova\u010dkog<\/strong> nakita<\/li>\n<li class=\"sc-jGONNV iGJTGl\" dir=\"auto\"><strong>Zlatarna Kri\u017eek<\/strong> pozla\u0107eno srebro 925\/1000<\/li>\n<li class=\"sc-jGONNV iGJTGl\" dir=\"auto\">Model D34, bijela <strong>pozlata<\/strong><\/li>\n<li class=\"sc-jGONNV iGJTGl\" dir=\"auto\">Uklju\u010deno u cijenu: <strong>Ukrasna kutija<\/strong> Zlatarna <strong>Kri\u017eek<\/strong>, 2 x silikonski <strong>\u010depi\u0107i<\/strong> i <strong>Certifikat<\/strong> autenti\u010dnosti nakita,<br \/>\nCrna mat kutija s prozorom i dekoracijom<\/li>\n<li class=\"sc-jGONNV iGJTGl\" dir=\"auto\">#ZlatarnaKri\u017eek #Ravalico #Istra #Peru\u017eine<\/li>\n<\/ul>\n<\/div>\n<\/div>\n","protected":false},"excerpt":{"rendered":"<ul>\n<li class=\"sc-jGONNV iGJTGl\" dir=\"auto\">Unikatan i Univerzalan poklon paket<\/li>\n<li class=\"sc-jGONNV iGJTGl\" dir=\"auto\">Predivan pjenu\u0161ac iz Istre <strong>Brighi<\/strong> Brut 0,75l <strong>Ravalico<\/strong> i Nau\u0161nice Dubrova\u010dke Peru\u017eine &#8211; nakit hrvatske narodne ba\u0161tine<\/li>\n<li class=\"sc-jGONNV iGJTGl\" dir=\"auto\">Najatraktivniji dio kolekcije Dubrova\u010dkog nakita<\/li>\n<li class=\"sc-jGONNV iGJTGl\" dir=\"auto\"><strong>Zlatarna Kri\u017eek p<\/strong>ozla\u0107eno srebro 925\/1000<\/li>\n<li class=\"sc-jGONNV iGJTGl\" dir=\"auto\">Model D34, bijela pozlata<\/li>\n<li class=\"sc-jGONNV iGJTGl\" dir=\"auto\">Uklju\u010deno u cijenu: Ukrasna kutija <strong>Zlatarna Kri\u017eek,<\/strong> 2 x silikonski <strong>\u010depi\u0107i<\/strong> i <strong>Certifikat<\/strong> autenti\u010dnosti nakita,<br \/>\n<strong>Crna mat kutija<\/strong> s prozorom i dekoracijom<\/li>\n<li class=\"sc-jGONNV iGJTGl\" dir=\"auto\">#ZlatarnaKri\u017eek #Ravalico #Istra #Peru\u017eine<\/li>\n<li class=\"sc-jGONNV iGJTGl\" dir=\"auto\"><strong>Superbrza<\/strong> direkt <strong>dostava<\/strong> odmah<\/li>\n<\/ul>\n<div dir=\"auto\"><\/div>\n","protected":false},"featured_media":17744,"comment_status":"open","ping_status":"closed","template":"","meta":{"_acf_changed":false},"product_brand":[],"product_cat":[383,985,1175,1176,1174,1159,619,376,560],"product_tag":[1668,2331,1111,2332,2334,2333],"berocket_brand":[1618,2330],"class_list":{"0":"post-17743","1":"product","2":"type-product","3":"status-publish","4":"has-post-thumbnail","6":"product_cat-akcije","7":"product_cat-darovni-paketi","8":"product_cat-dostava","9":"product_cat-europa","10":"product_cat-hrvatska","11":"product_cat-nasa-preporuka","12":"product_cat-okusi_adriu","13":"product_cat-premium-proizvodi","14":"product_cat-zagreb","15":"product_tag-naruci-dostavu","16":"product_tag-nausnice-dubrovacke-peruzine","17":"product_tag-poklon-paket","18":"product_tag-ravalico-istra","19":"product_tag-sigurna-dostava","20":"product_tag-zlatarna-krizek-since-1935","21":"berocket_brand-ravalico","22":"berocket_brand-zlatarna-krizek","24":"first","25":"instock","26":"sale","27":"featured","28":"shipping-taxable","29":"purchasable","30":"product-type-simple"},"acf":[],"yoast_head":"<!-- This site is optimized with the Yoast SEO plugin v26.9 - https:\/\/yoast.com\/product\/yoast-seo-wordpress\/ -->\n<title>Brighi Brut Pjenu\u0161ac i Dubrova\u010dke Peru\u017eine Nau\u0161nice-Zlatarna Kri\u017eek since 1935. - Adria-Klik.com<\/title>\n<meta name=\"description\" content=\"Unikatan i Univerzalan poklon Pjenu\u0161ac iz Istre Brighi Brut 0,75l Ravalico i Nau\u0161nice Dubrova\u010dke Peru\u017eine - nakit hrvatske narodne ba\u0161tine Zlatarna Kri\u017eek\" \/>\n<meta name=\"robots\" content=\"index, follow, max-snippet:-1, max-image-preview:large, max-video-preview:-1\" \/>\n<link rel=\"canonical\" href=\"https:\/\/adria-klik.com\/proizvod\/brighi-brut-pjenusac-i-dubrovacke-peruzine-nausnice-zlatarna-krizek-since-1935\/\" \/>\n<meta property=\"og:locale\" content=\"en_US\" \/>\n<meta property=\"og:type\" content=\"article\" \/>\n<meta property=\"og:title\" content=\"Unikatan i Univerzalan poklon paketPredivan pjenu\u0161ac iz Istre Brighi Brut 0,75l Ravalico i Nau\u0161nice Dubrova\u010dke Peru\u017eine - nakit hrvatske narodne ba\u0161tine Zlatarna Kri\u017eek\" \/>\n<meta property=\"og:description\" content=\"Unikatan i Univerzalan poklon paketPredivan pjenu\u0161ac iz Istre Brighi Brut 0,75l Ravalico i Nau\u0161nice Dubrova\u010dke Peru\u017eine - nakit hrvatske narodne ba\u0161tine Zlatarna Kri\u017eek\" \/>\n<meta property=\"og:url\" content=\"https:\/\/adria-klik.com\/proizvod\/brighi-brut-pjenusac-i-dubrovacke-peruzine-nausnice-zlatarna-krizek-since-1935\/\" \/>\n<meta property=\"og:site_name\" content=\"Adria-Klik.com\" \/>\n<meta property=\"article:publisher\" content=\"https:\/\/www.facebook.com\/profile.php?id=100064209425136\" \/>\n<meta property=\"article:modified_time\" content=\"2025-06-13T13:37:23+00:00\" \/>\n<meta property=\"og:image\" content=\"https:\/\/adria-klik.com\/wp-content\/uploads\/2025\/06\/Poklon-paket-Brighi-brut-pjenusac-istra-malvazija-Poklon-paket-gift-box-Dubrovacke-peruzine-Tradicionalni-nakit-Zlatarne-Krizek-Adria-Klik-Brza-dostava-webshop-online-Wolt.jpg\" \/>\n\t<meta property=\"og:image:width\" content=\"1500\" \/>\n\t<meta property=\"og:image:height\" content=\"1500\" \/>\n\t<meta property=\"og:image:type\" content=\"image\/jpeg\" \/>\n<meta name=\"twitter:card\" content=\"summary_large_image\" \/>\n<meta name=\"twitter:label1\" content=\"Est. reading time\" \/>\n\t<meta name=\"twitter:data1\" content=\"1 minute\" \/>\n<script type=\"application\/ld+json\" class=\"yoast-schema-graph\">{\"@context\":\"https:\/\/schema.org\",\"@graph\":[{\"@type\":\"WebPage\",\"@id\":\"https:\/\/adria-klik.com\/proizvod\/brighi-brut-pjenusac-i-dubrovacke-peruzine-nausnice-zlatarna-krizek-since-1935\/\",\"url\":\"https:\/\/adria-klik.com\/proizvod\/brighi-brut-pjenusac-i-dubrovacke-peruzine-nausnice-zlatarna-krizek-since-1935\/\",\"name\":\"Brighi Brut Pjenu\u0161ac i Dubrova\u010dke Peru\u017eine Nau\u0161nice-Zlatarna Kri\u017eek since 1935. - Adria-Klik.com\",\"isPartOf\":{\"@id\":\"https:\/\/adria-klik.com\/#website\"},\"primaryImageOfPage\":{\"@id\":\"https:\/\/adria-klik.com\/proizvod\/brighi-brut-pjenusac-i-dubrovacke-peruzine-nausnice-zlatarna-krizek-since-1935\/#primaryimage\"},\"image\":{\"@id\":\"https:\/\/adria-klik.com\/proizvod\/brighi-brut-pjenusac-i-dubrovacke-peruzine-nausnice-zlatarna-krizek-since-1935\/#primaryimage\"},\"thumbnailUrl\":\"https:\/\/adria-klik.com\/wp-content\/uploads\/2025\/06\/Poklon-paket-Brighi-brut-pjenusac-istra-malvazija-Poklon-paket-gift-box-Dubrovacke-peruzine-Tradicionalni-nakit-Zlatarne-Krizek-Adria-Klik-Brza-dostava-webshop-online-Wolt.jpg\",\"datePublished\":\"2025-06-13T12:47:35+00:00\",\"dateModified\":\"2025-06-13T13:37:23+00:00\",\"description\":\"Unikatan i Univerzalan poklon Pjenu\u0161ac iz Istre Brighi Brut 0,75l Ravalico i Nau\u0161nice Dubrova\u010dke Peru\u017eine - nakit hrvatske narodne ba\u0161tine Zlatarna Kri\u017eek\",\"breadcrumb\":{\"@id\":\"https:\/\/adria-klik.com\/proizvod\/brighi-brut-pjenusac-i-dubrovacke-peruzine-nausnice-zlatarna-krizek-since-1935\/#breadcrumb\"},\"inLanguage\":\"en-US\",\"potentialAction\":[{\"@type\":\"ReadAction\",\"target\":[\"https:\/\/adria-klik.com\/proizvod\/brighi-brut-pjenusac-i-dubrovacke-peruzine-nausnice-zlatarna-krizek-since-1935\/\"]}]},{\"@type\":\"ImageObject\",\"inLanguage\":\"en-US\",\"@id\":\"https:\/\/adria-klik.com\/proizvod\/brighi-brut-pjenusac-i-dubrovacke-peruzine-nausnice-zlatarna-krizek-since-1935\/#primaryimage\",\"url\":\"https:\/\/adria-klik.com\/wp-content\/uploads\/2025\/06\/Poklon-paket-Brighi-brut-pjenusac-istra-malvazija-Poklon-paket-gift-box-Dubrovacke-peruzine-Tradicionalni-nakit-Zlatarne-Krizek-Adria-Klik-Brza-dostava-webshop-online-Wolt.jpg\",\"contentUrl\":\"https:\/\/adria-klik.com\/wp-content\/uploads\/2025\/06\/Poklon-paket-Brighi-brut-pjenusac-istra-malvazija-Poklon-paket-gift-box-Dubrovacke-peruzine-Tradicionalni-nakit-Zlatarne-Krizek-Adria-Klik-Brza-dostava-webshop-online-Wolt.jpg\",\"width\":1500,\"height\":1500,\"caption\":\"Unikatan i Univerzalan poklon paket Predivan pjenu\u0161ac iz Istre Brighi Brut 0,75l Ravalico i Nau\u0161nice Dubrova\u010dke Peru\u017eine - nakit hrvatske narodne ba\u0161tine Zlatarna Kri\u017eek\"},{\"@type\":\"BreadcrumbList\",\"@id\":\"https:\/\/adria-klik.com\/proizvod\/brighi-brut-pjenusac-i-dubrovacke-peruzine-nausnice-zlatarna-krizek-since-1935\/#breadcrumb\",\"itemListElement\":[{\"@type\":\"ListItem\",\"position\":1,\"name\":\"Po\u010detna stranica\",\"item\":\"https:\/\/adria-klik.com\/en\/\"},{\"@type\":\"ListItem\",\"position\":2,\"name\":\"Shop\",\"item\":\"https:\/\/adria-klik.com\/shop\/\"},{\"@type\":\"ListItem\",\"position\":3,\"name\":\"Brighi Brut Pjenu\u0161ac i Dubrova\u010dke Peru\u017eine Nau\u0161nice-Zlatarna Kri\u017eek since 1935.\"}]},{\"@type\":\"WebSite\",\"@id\":\"https:\/\/adria-klik.com\/#website\",\"url\":\"https:\/\/adria-klik.com\/\",\"name\":\"Adria-Klik.com\",\"description\":\"Unikatni poklon paketi, Vina, Craft pivo &amp; Delicije - webshop\",\"publisher\":{\"@id\":\"https:\/\/adria-klik.com\/#organization\"},\"potentialAction\":[{\"@type\":\"SearchAction\",\"target\":{\"@type\":\"EntryPoint\",\"urlTemplate\":\"https:\/\/adria-klik.com\/?s={search_term_string}\"},\"query-input\":{\"@type\":\"PropertyValueSpecification\",\"valueRequired\":true,\"valueName\":\"search_term_string\"}}],\"inLanguage\":\"en-US\"},{\"@type\":\"Organization\",\"@id\":\"https:\/\/adria-klik.com\/#organization\",\"name\":\"Adria-Klik.com\",\"alternateName\":\"AK\",\"url\":\"https:\/\/adria-klik.com\/\",\"logo\":{\"@type\":\"ImageObject\",\"inLanguage\":\"en-US\",\"@id\":\"https:\/\/adria-klik.com\/#\/schema\/logo\/image\/\",\"url\":\"https:\/\/adria-klik.com\/wp-content\/uploads\/2025\/12\/Adria-Klik_com-logo-namirnice-vina-craft-pivo-delikatese-delicije-artisan-cokolada.jpg\",\"contentUrl\":\"https:\/\/adria-klik.com\/wp-content\/uploads\/2025\/12\/Adria-Klik_com-logo-namirnice-vina-craft-pivo-delikatese-delicije-artisan-cokolada.jpg\",\"width\":500,\"height\":500,\"caption\":\"Adria-Klik.com\"},\"image\":{\"@id\":\"https:\/\/adria-klik.com\/#\/schema\/logo\/image\/\"},\"sameAs\":[\"https:\/\/www.facebook.com\/profile.php?id=100064209425136\",\"https:\/\/www.instagram.com\/adriaklik\/\",\"https:\/\/www.youtube.com\/user\/PlavacmaliZagreb\"]}]}<\/script>\n<!-- \/ Yoast SEO plugin. -->","yoast_head_json":{"title":"Brighi Brut Pjenu\u0161ac i Dubrova\u010dke Peru\u017eine Nau\u0161nice-Zlatarna Kri\u017eek since 1935. - Adria-Klik.com","description":"Unikatan i Univerzalan poklon Pjenu\u0161ac iz Istre Brighi Brut 0,75l Ravalico i Nau\u0161nice Dubrova\u010dke Peru\u017eine - nakit hrvatske narodne ba\u0161tine Zlatarna Kri\u017eek","robots":{"index":"index","follow":"follow","max-snippet":"max-snippet:-1","max-image-preview":"max-image-preview:large","max-video-preview":"max-video-preview:-1"},"canonical":"https:\/\/adria-klik.com\/proizvod\/brighi-brut-pjenusac-i-dubrovacke-peruzine-nausnice-zlatarna-krizek-since-1935\/","og_locale":"en_US","og_type":"article","og_title":"Unikatan i Univerzalan poklon paketPredivan pjenu\u0161ac iz Istre Brighi Brut 0,75l Ravalico i Nau\u0161nice Dubrova\u010dke Peru\u017eine - nakit hrvatske narodne ba\u0161tine Zlatarna Kri\u017eek","og_description":"Unikatan i Univerzalan poklon paketPredivan pjenu\u0161ac iz Istre Brighi Brut 0,75l Ravalico i Nau\u0161nice Dubrova\u010dke Peru\u017eine - nakit hrvatske narodne ba\u0161tine Zlatarna Kri\u017eek","og_url":"https:\/\/adria-klik.com\/proizvod\/brighi-brut-pjenusac-i-dubrovacke-peruzine-nausnice-zlatarna-krizek-since-1935\/","og_site_name":"Adria-Klik.com","article_publisher":"https:\/\/www.facebook.com\/profile.php?id=100064209425136","article_modified_time":"2025-06-13T13:37:23+00:00","og_image":[{"width":1500,"height":1500,"url":"https:\/\/adria-klik.com\/wp-content\/uploads\/2025\/06\/Poklon-paket-Brighi-brut-pjenusac-istra-malvazija-Poklon-paket-gift-box-Dubrovacke-peruzine-Tradicionalni-nakit-Zlatarne-Krizek-Adria-Klik-Brza-dostava-webshop-online-Wolt.jpg","type":"image\/jpeg"}],"twitter_card":"summary_large_image","twitter_misc":{"Est. reading time":"1 minute"},"schema":{"@context":"https:\/\/schema.org","@graph":[{"@type":"WebPage","@id":"https:\/\/adria-klik.com\/proizvod\/brighi-brut-pjenusac-i-dubrovacke-peruzine-nausnice-zlatarna-krizek-since-1935\/","url":"https:\/\/adria-klik.com\/proizvod\/brighi-brut-pjenusac-i-dubrovacke-peruzine-nausnice-zlatarna-krizek-since-1935\/","name":"Brighi Brut Pjenu\u0161ac i Dubrova\u010dke Peru\u017eine Nau\u0161nice-Zlatarna Kri\u017eek since 1935. - Adria-Klik.com","isPartOf":{"@id":"https:\/\/adria-klik.com\/#website"},"primaryImageOfPage":{"@id":"https:\/\/adria-klik.com\/proizvod\/brighi-brut-pjenusac-i-dubrovacke-peruzine-nausnice-zlatarna-krizek-since-1935\/#primaryimage"},"image":{"@id":"https:\/\/adria-klik.com\/proizvod\/brighi-brut-pjenusac-i-dubrovacke-peruzine-nausnice-zlatarna-krizek-since-1935\/#primaryimage"},"thumbnailUrl":"https:\/\/adria-klik.com\/wp-content\/uploads\/2025\/06\/Poklon-paket-Brighi-brut-pjenusac-istra-malvazija-Poklon-paket-gift-box-Dubrovacke-peruzine-Tradicionalni-nakit-Zlatarne-Krizek-Adria-Klik-Brza-dostava-webshop-online-Wolt.jpg","datePublished":"2025-06-13T12:47:35+00:00","dateModified":"2025-06-13T13:37:23+00:00","description":"Unikatan i Univerzalan poklon Pjenu\u0161ac iz Istre Brighi Brut 0,75l Ravalico i Nau\u0161nice Dubrova\u010dke Peru\u017eine - nakit hrvatske narodne ba\u0161tine Zlatarna Kri\u017eek","breadcrumb":{"@id":"https:\/\/adria-klik.com\/proizvod\/brighi-brut-pjenusac-i-dubrovacke-peruzine-nausnice-zlatarna-krizek-since-1935\/#breadcrumb"},"inLanguage":"en-US","potentialAction":[{"@type":"ReadAction","target":["https:\/\/adria-klik.com\/proizvod\/brighi-brut-pjenusac-i-dubrovacke-peruzine-nausnice-zlatarna-krizek-since-1935\/"]}]},{"@type":"ImageObject","inLanguage":"en-US","@id":"https:\/\/adria-klik.com\/proizvod\/brighi-brut-pjenusac-i-dubrovacke-peruzine-nausnice-zlatarna-krizek-since-1935\/#primaryimage","url":"https:\/\/adria-klik.com\/wp-content\/uploads\/2025\/06\/Poklon-paket-Brighi-brut-pjenusac-istra-malvazija-Poklon-paket-gift-box-Dubrovacke-peruzine-Tradicionalni-nakit-Zlatarne-Krizek-Adria-Klik-Brza-dostava-webshop-online-Wolt.jpg","contentUrl":"https:\/\/adria-klik.com\/wp-content\/uploads\/2025\/06\/Poklon-paket-Brighi-brut-pjenusac-istra-malvazija-Poklon-paket-gift-box-Dubrovacke-peruzine-Tradicionalni-nakit-Zlatarne-Krizek-Adria-Klik-Brza-dostava-webshop-online-Wolt.jpg","width":1500,"height":1500,"caption":"Unikatan i Univerzalan poklon paket Predivan pjenu\u0161ac iz Istre Brighi Brut 0,75l Ravalico i Nau\u0161nice Dubrova\u010dke Peru\u017eine - nakit hrvatske narodne ba\u0161tine Zlatarna Kri\u017eek"},{"@type":"BreadcrumbList","@id":"https:\/\/adria-klik.com\/proizvod\/brighi-brut-pjenusac-i-dubrovacke-peruzine-nausnice-zlatarna-krizek-since-1935\/#breadcrumb","itemListElement":[{"@type":"ListItem","position":1,"name":"Po\u010detna stranica","item":"https:\/\/adria-klik.com\/en\/"},{"@type":"ListItem","position":2,"name":"Shop","item":"https:\/\/adria-klik.com\/shop\/"},{"@type":"ListItem","position":3,"name":"Brighi Brut Pjenu\u0161ac i Dubrova\u010dke Peru\u017eine Nau\u0161nice-Zlatarna Kri\u017eek since 1935."}]},{"@type":"WebSite","@id":"https:\/\/adria-klik.com\/#website","url":"https:\/\/adria-klik.com\/","name":"Adria-Klik.com","description":"Unikatni poklon paketi, Vina, Craft pivo &amp; Delicije - webshop","publisher":{"@id":"https:\/\/adria-klik.com\/#organization"},"potentialAction":[{"@type":"SearchAction","target":{"@type":"EntryPoint","urlTemplate":"https:\/\/adria-klik.com\/?s={search_term_string}"},"query-input":{"@type":"PropertyValueSpecification","valueRequired":true,"valueName":"search_term_string"}}],"inLanguage":"en-US"},{"@type":"Organization","@id":"https:\/\/adria-klik.com\/#organization","name":"Adria-Klik.com","alternateName":"AK","url":"https:\/\/adria-klik.com\/","logo":{"@type":"ImageObject","inLanguage":"en-US","@id":"https:\/\/adria-klik.com\/#\/schema\/logo\/image\/","url":"https:\/\/adria-klik.com\/wp-content\/uploads\/2025\/12\/Adria-Klik_com-logo-namirnice-vina-craft-pivo-delikatese-delicije-artisan-cokolada.jpg","contentUrl":"https:\/\/adria-klik.com\/wp-content\/uploads\/2025\/12\/Adria-Klik_com-logo-namirnice-vina-craft-pivo-delikatese-delicije-artisan-cokolada.jpg","width":500,"height":500,"caption":"Adria-Klik.com"},"image":{"@id":"https:\/\/adria-klik.com\/#\/schema\/logo\/image\/"},"sameAs":["https:\/\/www.facebook.com\/profile.php?id=100064209425136","https:\/\/www.instagram.com\/adriaklik\/","https:\/\/www.youtube.com\/user\/PlavacmaliZagreb"]}]}},"jetpack_sharing_enabled":true,"jetpack-related-posts":[],"_links":{"self":[{"href":"https:\/\/adria-klik.com\/en\/wp-json\/wp\/v2\/product\/17743","targetHints":{"allow":["GET"]}}],"collection":[{"href":"https:\/\/adria-klik.com\/en\/wp-json\/wp\/v2\/product"}],"about":[{"href":"https:\/\/adria-klik.com\/en\/wp-json\/wp\/v2\/types\/product"}],"replies":[{"embeddable":true,"href":"https:\/\/adria-klik.com\/en\/wp-json\/wp\/v2\/comments?post=17743"}],"wp:featuredmedia":[{"embeddable":true,"href":"https:\/\/adria-klik.com\/en\/wp-json\/wp\/v2\/media\/17744"}],"wp:attachment":[{"href":"https:\/\/adria-klik.com\/en\/wp-json\/wp\/v2\/media?parent=17743"}],"wp:term":[{"taxonomy":"product_brand","embeddable":true,"href":"https:\/\/adria-klik.com\/en\/wp-json\/wp\/v2\/product_brand?post=17743"},{"taxonomy":"product_cat","embeddable":true,"href":"https:\/\/adria-klik.com\/en\/wp-json\/wp\/v2\/product_cat?post=17743"},{"taxonomy":"product_tag","embeddable":true,"href":"https:\/\/adria-klik.com\/en\/wp-json\/wp\/v2\/product_tag?post=17743"},{"taxonomy":"berocket_brand","embeddable":true,"href":"https:\/\/adria-klik.com\/en\/wp-json\/wp\/v2\/berocket_brand?post=17743"}],"curies":[{"name":"wp","href":"https:\/\/api.w.org\/{rel}","templated":true}]}}