{"id":17771,"date":"2025-06-14T13:21:42","date_gmt":"2025-06-14T11:21:42","guid":{"rendered":"https:\/\/adria-klik.com\/?post_type=product&#038;p=17771"},"modified":"2025-10-30T12:16:07","modified_gmt":"2025-10-30T11:16:07","slug":"pavlomir-online-zlahtina-grand-cru-075l-pavlomir","status":"publish","type":"product","link":"https:\/\/adria-klik.com\/en\/proizvod\/pavlomir-online-zlahtina-grand-cru-075l-pavlomir\/","title":{"rendered":"\u017dlahtina Grand Cru 0,75l Pavlomir"},"content":{"rendered":"<div class=\"sc-hEKqXB beCIct\">\n<div class=\"cb_FormRow_RightCol_7dc\">\n<div class=\"sc-hEKqXB beCIct\">\n<ul>\n<li>Na oku je intenzivnije slamnate boje, otvorenog <strong>bogatog<\/strong> <strong>voc\u0301nog<\/strong> <strong>mirisa<\/strong> s notama <strong>citrusa<\/strong> poput <strong>naranc\u030ce<\/strong>, <strong>mandarine<\/strong> i <strong>grejpa<\/strong><\/li>\n<li>Poprac\u0301ene <strong>aromama<\/strong> breskve, jabuke, <strong>cvijeta<\/strong> <strong>akacije<\/strong> te lagane <strong>herbalne<\/strong> crte<\/li>\n<li>Na nepcu djeluje <strong>mekano<\/strong> s ekstraktom zrelih kiselina<\/li>\n<li><strong> Voc\u0301nost<\/strong> se preslikava u retrookusu s notom badema<\/li>\n<li><strong> Okus<\/strong> je trajan s ugodno gorkastim zavr\u0161etkom.<\/li>\n<li>\u017dlahtina Grand Cru &#8211; <strong>Zlatna<\/strong> medalja &#8211; Sabatina (Hrvatska, 2024.)<br \/>\n\u017dlahtina Grand Cru &#8211; <strong>Zlatna<\/strong> medalja &#8211; Concours Mondial de Bruxelles (Belgija, 2024.)<br \/>\n\u017dlahtina Grand Cru &#8211; <strong>Zlatna<\/strong> medalja &#8211; Citt\u00e0 del Vino (Italija, 2024.)<br \/>\n\u017dlahtina Grand Cru &#8211; <strong>zlatna<\/strong> diploma &#8211; Kvarner Wine Trophy (Hrvatska, 2025.)<br \/>\n\u017dlahtina Grand Cru &#8211; <strong>presti\u017eno<\/strong> priznanje &#8211; 1 od 8 \u0161ampiona Vinistra (Hrvatska, 2025.)<\/li>\n<li><strong>Vinodol Vinska ku\u0107a Pavlomir<\/strong><\/li>\n<li><strong>Naru\u010di<\/strong> <strong>sigurnu<\/strong> i brzu <strong>dostavu<\/strong> vina Pavlomir online<\/li>\n<li>\u017dlahtina Grand Cru 0,75l Pavlomir<\/li>\n<\/ul>\n<\/div>\n<\/div>\n<\/div>\n","protected":false},"excerpt":{"rendered":"<ul>\n<li>Na oku je intenzivnije slamnate boje, otvorenog <strong>bogatog<\/strong> <strong>voc\u0301nog<\/strong> <strong>mirisa<\/strong> s notama <strong>citrusa<\/strong> poput <strong>naranc\u030ce<\/strong>, <strong>mandarine<\/strong> i <strong>grejpa<\/strong><\/li>\n<li>Poprac\u0301ene <strong>aromama<\/strong> breskve, jabuke, <strong>cvijeta<\/strong> <strong>akacije<\/strong> te lagane <strong>herbalne<\/strong> crte<\/li>\n<li>Na nepcu djeluje <strong>mekano<\/strong> s ekstraktom zrelih kiselina<\/li>\n<li><strong> Voc\u0301nost<\/strong> se preslikava u retrookusu s notom badema<\/li>\n<li><strong> Okus<\/strong> je trajan s ugodno gorkastim zavr\u0161etkom.<\/li>\n<li>\u017dlahtina Grand Cru &#8211; <strong>Zlatna<\/strong> medalja &#8211; Sabatina (Hrvatska, 2024.)<br \/>\n\u017dlahtina Grand Cru &#8211; <strong>Zlatna<\/strong> medalja &#8211; Concours Mondial de Bruxelles (Belgija, 2024.)<br \/>\n\u017dlahtina Grand Cru &#8211; <strong>Zlatna<\/strong> medalja &#8211; Citt\u00e0 del Vino (Italija, 2024.)<br \/>\n\u017dlahtina Grand Cru &#8211; <strong>zlatna<\/strong> diploma &#8211; Kvarner Wine Trophy (Hrvatska, 2025.)<br \/>\n\u017dlahtina Grand Cru &#8211; <strong>presti\u017eno<\/strong> priznanje &#8211; 1 od 8 \u0161ampiona Vinistra (Hrvatska, 2025.)<\/li>\n<li><strong>Vinodol Vinska ku\u0107a Pavlomir<\/strong><\/li>\n<li><strong>Naru\u010di<\/strong> <strong>sigurnu<\/strong> i brzu <strong>dostavu<\/strong> vina Pavlomir online<\/li>\n<li><\/li>\n<\/ul>\n","protected":false},"featured_media":17774,"comment_status":"open","ping_status":"closed","template":"","meta":{"_acf_changed":false},"product_brand":[],"product_cat":[422,1159,619,373],"product_tag":[871,2338,847,2339,2335,2337],"berocket_brand":[844],"class_list":{"0":"post-17771","1":"product","2":"type-product","3":"status-publish","4":"has-post-thumbnail","6":"product_cat-bijela","7":"product_cat-nasa-preporuka","8":"product_cat-okusi_adriu","9":"product_cat-vina","10":"product_tag-ducan-brza-dostava","11":"product_tag-enoteca","12":"product_tag-pavlomir-vinska-kuca","13":"product_tag-primorje","14":"product_tag-vinodol","15":"product_tag-wineshop","16":"berocket_brand-pavlomir-vinska-kuca","18":"first","19":"instock","20":"featured","21":"shipping-taxable","22":"purchasable","23":"product-type-simple"},"acf":[],"yoast_head":"<!-- This site is optimized with the Yoast SEO plugin v26.9 - https:\/\/yoast.com\/product\/yoast-seo-wordpress\/ -->\n<title>\u017dlahtina Grand Cru 0,75l Pavlomir - Adria-Klik.com<\/title>\n<meta name=\"description\" content=\"Vinodol Vinska ku\u0107a PavlomirNaru\u010di sigurnu i brzu dostavu vina Pavlomir online\u017dlahtina Grand Cru 0,75l Pavlomir Naru\u010di sigurnu dostavu Pavlomir vina online\" \/>\n<meta name=\"robots\" content=\"index, follow, max-snippet:-1, max-image-preview:large, max-video-preview:-1\" \/>\n<link rel=\"canonical\" href=\"https:\/\/adria-klik.com\/proizvod\/pavlomir-online-zlahtina-grand-cru-075l-pavlomir\/\" \/>\n<meta property=\"og:locale\" content=\"en_US\" \/>\n<meta property=\"og:type\" content=\"article\" \/>\n<meta property=\"og:title\" content=\"Cabernet Sauvignon Barrique 225 0,75l Pavlomir\" \/>\n<meta property=\"og:description\" content=\"Kvalitetno vino iznimnog bouquea intenzivne rubin-crvene boje s prijelazom na ljubi\u010dastu. Adria Klik Cabernet Sauvignon Barrique 225 0,75l Pavlomir\" \/>\n<meta property=\"og:url\" content=\"https:\/\/adria-klik.com\/proizvod\/pavlomir-online-zlahtina-grand-cru-075l-pavlomir\/\" \/>\n<meta property=\"og:site_name\" content=\"Adria-Klik.com\" \/>\n<meta property=\"article:publisher\" content=\"https:\/\/www.facebook.com\/profile.php?id=100064209425136\" \/>\n<meta property=\"article:modified_time\" content=\"2025-10-30T11:16:07+00:00\" \/>\n<meta property=\"og:image\" content=\"https:\/\/adria-klik.com\/wp-content\/uploads\/2020\/11\/Cabernet-Sauvignon-075l-Pavlomira-Wein-Kroatien-adria-klik-brza-dostava_supply_store_delivery_zagreb_croatia-internet-ducan-wolt-glovo-bolt-food-pauza.jpg\" \/>\n\t<meta property=\"og:image:width\" content=\"1500\" \/>\n\t<meta property=\"og:image:height\" content=\"1500\" \/>\n\t<meta property=\"og:image:type\" content=\"image\/jpeg\" \/>\n<meta name=\"twitter:card\" content=\"summary_large_image\" \/>\n<meta name=\"twitter:title\" content=\"Pavlomir Kvalitetno vino iznimnog bouquea intenzivne rubin-crvene boje s prijelazom na ljubi\u010dastu. Adria Klik Najbr\u017ea dostava Namirnica, Vina, Craft Piva, Delicija Pavlomir\" \/>\n<meta name=\"twitter:description\" content=\"Kvalitetno vino iznimnog bouquea intenzivne rubin-crvene boje s prijelazom na ljubi\u010dastu. Adria Klik Najbr\u017ea dostava Namirnica, Vina, Craft Piva, Delicija\" \/>\n<meta name=\"twitter:image\" content=\"https:\/\/adria-klik.com\/wp-content\/uploads\/2020\/11\/Cabernet-Sauvignon-075l-Pavlomira-Wein-Kroatien-adria-klik-brza-dostava_supply_store_delivery_zagreb_croatia-internet-ducan-wolt-glovo-bolt-food-pauza.jpg\" \/>\n<meta name=\"twitter:label1\" content=\"Est. reading time\" \/>\n\t<meta name=\"twitter:data1\" content=\"1 minute\" \/>\n<script type=\"application\/ld+json\" class=\"yoast-schema-graph\">{\"@context\":\"https:\/\/schema.org\",\"@graph\":[{\"@type\":\"WebPage\",\"@id\":\"https:\/\/adria-klik.com\/proizvod\/pavlomir-online-zlahtina-grand-cru-075l-pavlomir\/\",\"url\":\"https:\/\/adria-klik.com\/proizvod\/pavlomir-online-zlahtina-grand-cru-075l-pavlomir\/\",\"name\":\"\u017dlahtina Grand Cru 0,75l Pavlomir - Adria-Klik.com\",\"isPartOf\":{\"@id\":\"https:\/\/adria-klik.com\/#website\"},\"primaryImageOfPage\":{\"@id\":\"https:\/\/adria-klik.com\/proizvod\/pavlomir-online-zlahtina-grand-cru-075l-pavlomir\/#primaryimage\"},\"image\":{\"@id\":\"https:\/\/adria-klik.com\/proizvod\/pavlomir-online-zlahtina-grand-cru-075l-pavlomir\/#primaryimage\"},\"thumbnailUrl\":\"https:\/\/adria-klik.com\/wp-content\/uploads\/2025\/06\/Zlahtina-Grand-Cru-Vinodol-05l-Pavlomir-0-75l-Adria-Klik-Brza-dostava-vina-webshop-wein-wine-delivery-online-shop.jpg\",\"datePublished\":\"2025-06-14T11:21:42+00:00\",\"dateModified\":\"2025-10-30T11:16:07+00:00\",\"description\":\"Vinodol Vinska ku\u0107a PavlomirNaru\u010di sigurnu i brzu dostavu vina Pavlomir online\u017dlahtina Grand Cru 0,75l Pavlomir Naru\u010di sigurnu dostavu Pavlomir vina online\",\"breadcrumb\":{\"@id\":\"https:\/\/adria-klik.com\/proizvod\/pavlomir-online-zlahtina-grand-cru-075l-pavlomir\/#breadcrumb\"},\"inLanguage\":\"en-US\",\"potentialAction\":[{\"@type\":\"ReadAction\",\"target\":[\"https:\/\/adria-klik.com\/proizvod\/pavlomir-online-zlahtina-grand-cru-075l-pavlomir\/\"]}]},{\"@type\":\"ImageObject\",\"inLanguage\":\"en-US\",\"@id\":\"https:\/\/adria-klik.com\/proizvod\/pavlomir-online-zlahtina-grand-cru-075l-pavlomir\/#primaryimage\",\"url\":\"https:\/\/adria-klik.com\/wp-content\/uploads\/2025\/06\/Zlahtina-Grand-Cru-Vinodol-05l-Pavlomir-0-75l-Adria-Klik-Brza-dostava-vina-webshop-wein-wine-delivery-online-shop.jpg\",\"contentUrl\":\"https:\/\/adria-klik.com\/wp-content\/uploads\/2025\/06\/Zlahtina-Grand-Cru-Vinodol-05l-Pavlomir-0-75l-Adria-Klik-Brza-dostava-vina-webshop-wein-wine-delivery-online-shop.jpg\",\"width\":1500,\"height\":1500,\"caption\":\"| Adria-Klik Supply webshop trgovina dostava namirnica, vina, craft piva i delicija Superbrza dostava Zagreb Wolt Glovo Bolt-Food i Hrvatska i EU DPD GLS - vinska logistika #kupujmohrvatsko Naru\u00c3\u201e\u00c2\u008di dostavu Adria Klik dostava Namirnica, Vina, Craft piva, Delicija, Organsko, Eko, Bio, ekskluzivan izbor domacih vinara! Unikati pokloni Bontonic Canna Mariniana, CBD CBG Croatia Organic HEMP industrijska konoplja Cannabiotics Cannabiotics CroCanna Devetka Free Spirit Me\u00c3\u201e\u00e2\u20ac\u02dcimurje Greenall's Original Johhnie Walker Karlova\u00c3\u201e\u00c2\u008dko Kostelac rakije LAB Split pivovara Lepi De\u00c3\u201e\u00c2\u008dki Li\u00c3\u201e\u00c2\u008danka Pivovara Nova Runda Nova Runda OPG Marevi\u00c3\u201e\u00e2\u20ac\u00a1 Palihni\u00c3\u201e\u00e2\u20ac\u00a1 Pelje\u00c3\u2026\u00c2\u00a1ki Vrhovi - PZ Janjina Pelje\u00c3\u2026\u00c2\u00a1ki Vrhovi - PZ Janjina Ravalico Saperlot Saperlot Brewery StartCBD Tvornica leda Velebitska Degenija Vislander Vislander Vislander Vislander Volimljuto Zlatarna \u00c3\u2026\u00c2\u00a0iroka 2Storije aDorable aDorable Adria Darovni Poklon Paketi Argeta Argeta Azrri Azrri Bel-Cro Bel-Cro Benediktinke Sv. Marije Zadar Benediktinke Sv. Marije Zadar Benediktinke Zadar Benediktinke Zadar Bobi Snacks Buzdovan Buzdovan cchellenic Cmre\u00c3\u201e\u00c2\u008dnjak Cmre\u00c3\u201e\u00c2\u008dnjak Coca-Cola Coca-Cola Hrvatska Cockta Cogito Coffee Cogito Coffee \u00c3\u201e\u00c2\u0090akova\u00c3\u201e\u00c2\u008dka Vina \u00c3\u201e\u00c2\u0090akovo vina ekoEna ekoEna Elda Fentimans Feravino Ferrero Franck Gordon's Grad-Export Gray Goose Gray Goose Greenalls Greenalls Gin Greenalls Gin Original British Heineken Hrvatska Jagermeister Jagermeister Jaguni\u00c3\u201e\u00e2\u20ac\u00a1 Vina Jamnica Jamnica Jana Jana Josi\u00c3\u201e\u00e2\u20ac\u00a1 vinarija Kinder Konoplja.shop Kra\u00c3\u2026\u00c2\u00a1 Kutjevo Kutjevo Labud Latus Mljekara Istra Latus Mljekara Istra Lay's Lay's Chips Maraska Merci Storck Mljekara Latus Mljekara Latus Istra Na\u00c3\u2026\u00c2\u00a1 Okus Na\u00c3\u2026\u00c2\u00a1 Okus Nescafe OPG Cari\u00c3\u201e\u00e2\u20ac\u00a1 Papak Ilok Pavlomir Pavlomir Vinska Ku\u00c3\u201e\u00e2\u20ac\u00a1a Pivovara Medvedgrad Pringles \/ Kellogg's Red Bull \u00c3\u2026\u00c2\u00a0ibenska Pivovara \u00c3\u2026\u00c2\u00a0ibenska Pivovara (5) SMID SMID Taman Artisan Chocolates Thomas Henry Tuc Krekeri Valenta Family Wines Vina Grgurevi\u00c3\u201e\u00e2\u20ac\u00a1 Vina Grgurevi\u00c3\u201e\u00e2\u20ac\u00a1 Vinarija Benkovac Vinarija Mik\u00c3\u2026\u00c2\u00a1a Vislander Vina i Rakije Vizba Valandovo Vizba Valandovo Makedonija\"},{\"@type\":\"BreadcrumbList\",\"@id\":\"https:\/\/adria-klik.com\/proizvod\/pavlomir-online-zlahtina-grand-cru-075l-pavlomir\/#breadcrumb\",\"itemListElement\":[{\"@type\":\"ListItem\",\"position\":1,\"name\":\"Po\u010detna stranica\",\"item\":\"https:\/\/adria-klik.com\/en\/\"},{\"@type\":\"ListItem\",\"position\":2,\"name\":\"Shop\",\"item\":\"https:\/\/adria-klik.com\/shop\/\"},{\"@type\":\"ListItem\",\"position\":3,\"name\":\"\u017dlahtina Grand Cru 0,75l Pavlomir\"}]},{\"@type\":\"WebSite\",\"@id\":\"https:\/\/adria-klik.com\/#website\",\"url\":\"https:\/\/adria-klik.com\/\",\"name\":\"Adria-Klik.com\",\"description\":\"Unikatni poklon paketi, Vina, Craft pivo &amp; Delicije - webshop\",\"publisher\":{\"@id\":\"https:\/\/adria-klik.com\/#organization\"},\"potentialAction\":[{\"@type\":\"SearchAction\",\"target\":{\"@type\":\"EntryPoint\",\"urlTemplate\":\"https:\/\/adria-klik.com\/?s={search_term_string}\"},\"query-input\":{\"@type\":\"PropertyValueSpecification\",\"valueRequired\":true,\"valueName\":\"search_term_string\"}}],\"inLanguage\":\"en-US\"},{\"@type\":\"Organization\",\"@id\":\"https:\/\/adria-klik.com\/#organization\",\"name\":\"Adria-Klik.com\",\"alternateName\":\"AK\",\"url\":\"https:\/\/adria-klik.com\/\",\"logo\":{\"@type\":\"ImageObject\",\"inLanguage\":\"en-US\",\"@id\":\"https:\/\/adria-klik.com\/#\/schema\/logo\/image\/\",\"url\":\"https:\/\/adria-klik.com\/wp-content\/uploads\/2025\/12\/Adria-Klik_com-logo-namirnice-vina-craft-pivo-delikatese-delicije-artisan-cokolada.jpg\",\"contentUrl\":\"https:\/\/adria-klik.com\/wp-content\/uploads\/2025\/12\/Adria-Klik_com-logo-namirnice-vina-craft-pivo-delikatese-delicije-artisan-cokolada.jpg\",\"width\":500,\"height\":500,\"caption\":\"Adria-Klik.com\"},\"image\":{\"@id\":\"https:\/\/adria-klik.com\/#\/schema\/logo\/image\/\"},\"sameAs\":[\"https:\/\/www.facebook.com\/profile.php?id=100064209425136\",\"https:\/\/www.instagram.com\/adriaklik\/\",\"https:\/\/www.youtube.com\/user\/PlavacmaliZagreb\"]}]}<\/script>\n<!-- \/ Yoast SEO plugin. -->","yoast_head_json":{"title":"\u017dlahtina Grand Cru 0,75l Pavlomir - Adria-Klik.com","description":"Vinodol Vinska ku\u0107a PavlomirNaru\u010di sigurnu i brzu dostavu vina Pavlomir online\u017dlahtina Grand Cru 0,75l Pavlomir Naru\u010di sigurnu dostavu Pavlomir vina online","robots":{"index":"index","follow":"follow","max-snippet":"max-snippet:-1","max-image-preview":"max-image-preview:large","max-video-preview":"max-video-preview:-1"},"canonical":"https:\/\/adria-klik.com\/proizvod\/pavlomir-online-zlahtina-grand-cru-075l-pavlomir\/","og_locale":"en_US","og_type":"article","og_title":"Cabernet Sauvignon Barrique 225 0,75l Pavlomir","og_description":"Kvalitetno vino iznimnog bouquea intenzivne rubin-crvene boje s prijelazom na ljubi\u010dastu. Adria Klik Cabernet Sauvignon Barrique 225 0,75l Pavlomir","og_url":"https:\/\/adria-klik.com\/proizvod\/pavlomir-online-zlahtina-grand-cru-075l-pavlomir\/","og_site_name":"Adria-Klik.com","article_publisher":"https:\/\/www.facebook.com\/profile.php?id=100064209425136","article_modified_time":"2025-10-30T11:16:07+00:00","og_image":[{"width":1500,"height":1500,"url":"https:\/\/adria-klik.com\/wp-content\/uploads\/2020\/11\/Cabernet-Sauvignon-075l-Pavlomira-Wein-Kroatien-adria-klik-brza-dostava_supply_store_delivery_zagreb_croatia-internet-ducan-wolt-glovo-bolt-food-pauza.jpg","type":"image\/jpeg"}],"twitter_card":"summary_large_image","twitter_title":"Pavlomir Kvalitetno vino iznimnog bouquea intenzivne rubin-crvene boje s prijelazom na ljubi\u010dastu. Adria Klik Najbr\u017ea dostava Namirnica, Vina, Craft Piva, Delicija Pavlomir","twitter_description":"Kvalitetno vino iznimnog bouquea intenzivne rubin-crvene boje s prijelazom na ljubi\u010dastu. Adria Klik Najbr\u017ea dostava Namirnica, Vina, Craft Piva, Delicija","twitter_image":"https:\/\/adria-klik.com\/wp-content\/uploads\/2020\/11\/Cabernet-Sauvignon-075l-Pavlomira-Wein-Kroatien-adria-klik-brza-dostava_supply_store_delivery_zagreb_croatia-internet-ducan-wolt-glovo-bolt-food-pauza.jpg","twitter_misc":{"Est. reading time":"1 minute"},"schema":{"@context":"https:\/\/schema.org","@graph":[{"@type":"WebPage","@id":"https:\/\/adria-klik.com\/proizvod\/pavlomir-online-zlahtina-grand-cru-075l-pavlomir\/","url":"https:\/\/adria-klik.com\/proizvod\/pavlomir-online-zlahtina-grand-cru-075l-pavlomir\/","name":"\u017dlahtina Grand Cru 0,75l Pavlomir - Adria-Klik.com","isPartOf":{"@id":"https:\/\/adria-klik.com\/#website"},"primaryImageOfPage":{"@id":"https:\/\/adria-klik.com\/proizvod\/pavlomir-online-zlahtina-grand-cru-075l-pavlomir\/#primaryimage"},"image":{"@id":"https:\/\/adria-klik.com\/proizvod\/pavlomir-online-zlahtina-grand-cru-075l-pavlomir\/#primaryimage"},"thumbnailUrl":"https:\/\/adria-klik.com\/wp-content\/uploads\/2025\/06\/Zlahtina-Grand-Cru-Vinodol-05l-Pavlomir-0-75l-Adria-Klik-Brza-dostava-vina-webshop-wein-wine-delivery-online-shop.jpg","datePublished":"2025-06-14T11:21:42+00:00","dateModified":"2025-10-30T11:16:07+00:00","description":"Vinodol Vinska ku\u0107a PavlomirNaru\u010di sigurnu i brzu dostavu vina Pavlomir online\u017dlahtina Grand Cru 0,75l Pavlomir Naru\u010di sigurnu dostavu Pavlomir vina online","breadcrumb":{"@id":"https:\/\/adria-klik.com\/proizvod\/pavlomir-online-zlahtina-grand-cru-075l-pavlomir\/#breadcrumb"},"inLanguage":"en-US","potentialAction":[{"@type":"ReadAction","target":["https:\/\/adria-klik.com\/proizvod\/pavlomir-online-zlahtina-grand-cru-075l-pavlomir\/"]}]},{"@type":"ImageObject","inLanguage":"en-US","@id":"https:\/\/adria-klik.com\/proizvod\/pavlomir-online-zlahtina-grand-cru-075l-pavlomir\/#primaryimage","url":"https:\/\/adria-klik.com\/wp-content\/uploads\/2025\/06\/Zlahtina-Grand-Cru-Vinodol-05l-Pavlomir-0-75l-Adria-Klik-Brza-dostava-vina-webshop-wein-wine-delivery-online-shop.jpg","contentUrl":"https:\/\/adria-klik.com\/wp-content\/uploads\/2025\/06\/Zlahtina-Grand-Cru-Vinodol-05l-Pavlomir-0-75l-Adria-Klik-Brza-dostava-vina-webshop-wein-wine-delivery-online-shop.jpg","width":1500,"height":1500,"caption":"| Adria-Klik Supply webshop trgovina dostava namirnica, vina, craft piva i delicija Superbrza dostava Zagreb Wolt Glovo Bolt-Food i Hrvatska i EU DPD GLS - vinska logistika #kupujmohrvatsko Naru\u00c3\u201e\u00c2\u008di dostavu Adria Klik dostava Namirnica, Vina, Craft piva, Delicija, Organsko, Eko, Bio, ekskluzivan izbor domacih vinara! Unikati pokloni Bontonic Canna Mariniana, CBD CBG Croatia Organic HEMP industrijska konoplja Cannabiotics Cannabiotics CroCanna Devetka Free Spirit Me\u00c3\u201e\u00e2\u20ac\u02dcimurje Greenall's Original Johhnie Walker Karlova\u00c3\u201e\u00c2\u008dko Kostelac rakije LAB Split pivovara Lepi De\u00c3\u201e\u00c2\u008dki Li\u00c3\u201e\u00c2\u008danka Pivovara Nova Runda Nova Runda OPG Marevi\u00c3\u201e\u00e2\u20ac\u00a1 Palihni\u00c3\u201e\u00e2\u20ac\u00a1 Pelje\u00c3\u2026\u00c2\u00a1ki Vrhovi - PZ Janjina Pelje\u00c3\u2026\u00c2\u00a1ki Vrhovi - PZ Janjina Ravalico Saperlot Saperlot Brewery StartCBD Tvornica leda Velebitska Degenija Vislander Vislander Vislander Vislander Volimljuto Zlatarna \u00c3\u2026\u00c2\u00a0iroka 2Storije aDorable aDorable Adria Darovni Poklon Paketi Argeta Argeta Azrri Azrri Bel-Cro Bel-Cro Benediktinke Sv. Marije Zadar Benediktinke Sv. Marije Zadar Benediktinke Zadar Benediktinke Zadar Bobi Snacks Buzdovan Buzdovan cchellenic Cmre\u00c3\u201e\u00c2\u008dnjak Cmre\u00c3\u201e\u00c2\u008dnjak Coca-Cola Coca-Cola Hrvatska Cockta Cogito Coffee Cogito Coffee \u00c3\u201e\u00c2\u0090akova\u00c3\u201e\u00c2\u008dka Vina \u00c3\u201e\u00c2\u0090akovo vina ekoEna ekoEna Elda Fentimans Feravino Ferrero Franck Gordon's Grad-Export Gray Goose Gray Goose Greenalls Greenalls Gin Greenalls Gin Original British Heineken Hrvatska Jagermeister Jagermeister Jaguni\u00c3\u201e\u00e2\u20ac\u00a1 Vina Jamnica Jamnica Jana Jana Josi\u00c3\u201e\u00e2\u20ac\u00a1 vinarija Kinder Konoplja.shop Kra\u00c3\u2026\u00c2\u00a1 Kutjevo Kutjevo Labud Latus Mljekara Istra Latus Mljekara Istra Lay's Lay's Chips Maraska Merci Storck Mljekara Latus Mljekara Latus Istra Na\u00c3\u2026\u00c2\u00a1 Okus Na\u00c3\u2026\u00c2\u00a1 Okus Nescafe OPG Cari\u00c3\u201e\u00e2\u20ac\u00a1 Papak Ilok Pavlomir Pavlomir Vinska Ku\u00c3\u201e\u00e2\u20ac\u00a1a Pivovara Medvedgrad Pringles \/ Kellogg's Red Bull \u00c3\u2026\u00c2\u00a0ibenska Pivovara \u00c3\u2026\u00c2\u00a0ibenska Pivovara (5) SMID SMID Taman Artisan Chocolates Thomas Henry Tuc Krekeri Valenta Family Wines Vina Grgurevi\u00c3\u201e\u00e2\u20ac\u00a1 Vina Grgurevi\u00c3\u201e\u00e2\u20ac\u00a1 Vinarija Benkovac Vinarija Mik\u00c3\u2026\u00c2\u00a1a Vislander Vina i Rakije Vizba Valandovo Vizba Valandovo Makedonija"},{"@type":"BreadcrumbList","@id":"https:\/\/adria-klik.com\/proizvod\/pavlomir-online-zlahtina-grand-cru-075l-pavlomir\/#breadcrumb","itemListElement":[{"@type":"ListItem","position":1,"name":"Po\u010detna stranica","item":"https:\/\/adria-klik.com\/en\/"},{"@type":"ListItem","position":2,"name":"Shop","item":"https:\/\/adria-klik.com\/shop\/"},{"@type":"ListItem","position":3,"name":"\u017dlahtina Grand Cru 0,75l Pavlomir"}]},{"@type":"WebSite","@id":"https:\/\/adria-klik.com\/#website","url":"https:\/\/adria-klik.com\/","name":"Adria-Klik.com","description":"Unikatni poklon paketi, Vina, Craft pivo &amp; Delicije - webshop","publisher":{"@id":"https:\/\/adria-klik.com\/#organization"},"potentialAction":[{"@type":"SearchAction","target":{"@type":"EntryPoint","urlTemplate":"https:\/\/adria-klik.com\/?s={search_term_string}"},"query-input":{"@type":"PropertyValueSpecification","valueRequired":true,"valueName":"search_term_string"}}],"inLanguage":"en-US"},{"@type":"Organization","@id":"https:\/\/adria-klik.com\/#organization","name":"Adria-Klik.com","alternateName":"AK","url":"https:\/\/adria-klik.com\/","logo":{"@type":"ImageObject","inLanguage":"en-US","@id":"https:\/\/adria-klik.com\/#\/schema\/logo\/image\/","url":"https:\/\/adria-klik.com\/wp-content\/uploads\/2025\/12\/Adria-Klik_com-logo-namirnice-vina-craft-pivo-delikatese-delicije-artisan-cokolada.jpg","contentUrl":"https:\/\/adria-klik.com\/wp-content\/uploads\/2025\/12\/Adria-Klik_com-logo-namirnice-vina-craft-pivo-delikatese-delicije-artisan-cokolada.jpg","width":500,"height":500,"caption":"Adria-Klik.com"},"image":{"@id":"https:\/\/adria-klik.com\/#\/schema\/logo\/image\/"},"sameAs":["https:\/\/www.facebook.com\/profile.php?id=100064209425136","https:\/\/www.instagram.com\/adriaklik\/","https:\/\/www.youtube.com\/user\/PlavacmaliZagreb"]}]}},"jetpack_sharing_enabled":true,"jetpack-related-posts":[],"_links":{"self":[{"href":"https:\/\/adria-klik.com\/en\/wp-json\/wp\/v2\/product\/17771","targetHints":{"allow":["GET"]}}],"collection":[{"href":"https:\/\/adria-klik.com\/en\/wp-json\/wp\/v2\/product"}],"about":[{"href":"https:\/\/adria-klik.com\/en\/wp-json\/wp\/v2\/types\/product"}],"replies":[{"embeddable":true,"href":"https:\/\/adria-klik.com\/en\/wp-json\/wp\/v2\/comments?post=17771"}],"wp:featuredmedia":[{"embeddable":true,"href":"https:\/\/adria-klik.com\/en\/wp-json\/wp\/v2\/media\/17774"}],"wp:attachment":[{"href":"https:\/\/adria-klik.com\/en\/wp-json\/wp\/v2\/media?parent=17771"}],"wp:term":[{"taxonomy":"product_brand","embeddable":true,"href":"https:\/\/adria-klik.com\/en\/wp-json\/wp\/v2\/product_brand?post=17771"},{"taxonomy":"product_cat","embeddable":true,"href":"https:\/\/adria-klik.com\/en\/wp-json\/wp\/v2\/product_cat?post=17771"},{"taxonomy":"product_tag","embeddable":true,"href":"https:\/\/adria-klik.com\/en\/wp-json\/wp\/v2\/product_tag?post=17771"},{"taxonomy":"berocket_brand","embeddable":true,"href":"https:\/\/adria-klik.com\/en\/wp-json\/wp\/v2\/berocket_brand?post=17771"}],"curies":[{"name":"wp","href":"https:\/\/api.w.org\/{rel}","templated":true}]}}