{"id":17782,"date":"2025-06-14T14:11:16","date_gmt":"2025-06-14T12:11:16","guid":{"rendered":"https:\/\/adria-klik.com\/?post_type=product&#038;p=17782"},"modified":"2025-06-14T14:17:33","modified_gmt":"2025-06-14T12:17:33","slug":"primorska-travarica-1l-pavlomir","status":"publish","type":"product","link":"https:\/\/adria-klik.com\/en\/proizvod\/primorska-travarica-1l-pavlomir\/","title":{"rendered":"Primorska Travarica 1l Pavlomir"},"content":{"rendered":"<div class=\"cb_FormRow_RightCol_7dc\">\n<div class=\"sc-hEKqXB beCIct\">\n<ul>\n<li class=\"sc-jGONNV iGJTGl\" dir=\"auto\"><strong>Miris<\/strong> <strong>prirode<\/strong> i okus <strong>tradicije Vinodola<\/strong><\/li>\n<li class=\"sc-jGONNV iGJTGl\" dir=\"auto\"><strong>Do\u017eivite<\/strong> spoj pa\u017eljivo odabranih <strong>aromati\u010dnih<\/strong> <strong>trava<\/strong> koje stvaraju ne\u0161pnovljivu <strong>harmoniju<\/strong> <strong>okusa<\/strong><\/li>\n<li class=\"sc-jGONNV iGJTGl\" dir=\"auto\">\u00a0<strong>Vinska<\/strong> Ku\u0107a <strong>Pavlomir<\/strong><\/li>\n<li class=\"sc-jGONNV iGJTGl\" dir=\"auto\">Vinodol Hrvatsko Primorje<\/li>\n<li dir=\"auto\"><strong>Naru\u010di sigurnu<\/strong> <strong>dostavu\u00a0<\/strong><\/li>\n<\/ul>\n<\/div>\n<\/div>\n","protected":false},"excerpt":{"rendered":"<div class=\"cb_FormRow_RightCol_7dc\">\n<div class=\"sc-hEKqXB beCIct\">\n<ul>\n<li class=\"sc-jGONNV iGJTGl\" dir=\"auto\"><strong>Miris<\/strong> <strong>prirode<\/strong> i okus <strong>tradicije Vinodola<\/strong><\/li>\n<li class=\"sc-jGONNV iGJTGl\" dir=\"auto\"><strong>Do\u017eivite<\/strong> spoj pa\u017eljivo odabranih <strong>aromati\u010dnih<\/strong> <strong>trava<\/strong> koje stvaraju ne\u0161pnovljivu <strong>harmoniju<\/strong> <strong>okusa<\/strong><\/li>\n<li class=\"sc-jGONNV iGJTGl\" dir=\"auto\">\u00a0<strong>Vinska<\/strong> Ku\u0107a <strong>Pavlomir<\/strong><\/li>\n<li class=\"sc-jGONNV iGJTGl\" dir=\"auto\">Vinodol Hrvatsko Primorje<\/li>\n<li dir=\"auto\"><strong>Naru\u010di sigurnu<\/strong> <strong>dostavu\u00a0<\/strong><\/li>\n<\/ul>\n<\/div>\n<\/div>\n","protected":false},"featured_media":17785,"comment_status":"open","ping_status":"closed","template":"","meta":{"_acf_changed":false},"product_brand":[],"product_cat":[374,1175,1176,1174,1159,619,436,435,560],"product_tag":[519,867,2344],"berocket_brand":[844],"class_list":{"0":"post-17782","1":"product","2":"type-product","3":"status-publish","4":"has-post-thumbnail","6":"product_cat-alkoholna-pica","7":"product_cat-dostava","8":"product_cat-europa","9":"product_cat-hrvatska","10":"product_cat-nasa-preporuka","11":"product_cat-okusi_adriu","12":"product_cat-ostalo","13":"product_cat-rakije","14":"product_cat-zagreb","15":"product_tag-brza-dostava","16":"product_tag-pavlomir","17":"product_tag-primorska-travarica-pavlomir","18":"berocket_brand-pavlomir-vinska-kuca","20":"first","21":"instock","22":"sale","23":"featured","24":"shipping-taxable","25":"purchasable","26":"product-type-simple"},"acf":[],"yoast_head":"<!-- This site is optimized with the Yoast SEO plugin v26.9 - https:\/\/yoast.com\/product\/yoast-seo-wordpress\/ -->\n<title>Primorska Travarica 1l Pavlomir - Adria-Klik.com<\/title>\n<meta name=\"description\" content=\"Primorska Travarica 1l Pavlomir Miris prirode i okus tradicije Vinodola - Vinodol Hrvatsko PrimorjeNaru\u010di sigurnu dostavu\u00a0\" \/>\n<meta name=\"robots\" content=\"index, follow, max-snippet:-1, max-image-preview:large, max-video-preview:-1\" \/>\n<link rel=\"canonical\" href=\"https:\/\/adria-klik.com\/proizvod\/primorska-travarica-1l-pavlomir\/\" \/>\n<meta property=\"og:locale\" content=\"en_US\" \/>\n<meta property=\"og:type\" content=\"article\" \/>\n<meta property=\"og:title\" content=\"Primorska Travarica 1l Pavlomir Miris prirode i okus tradicije Vinodola - Vinodol Hrvatsko PrimorjeNaru\u010di sigurnu dostavu\u00a0\" \/>\n<meta property=\"og:description\" content=\"Primorska Travarica 1l Pavlomir Miris prirode i okus tradicije Vinodola - Vinodol Hrvatsko PrimorjeNaru\u010di sigurnu dostavu\u00a0\" \/>\n<meta property=\"og:url\" content=\"https:\/\/adria-klik.com\/proizvod\/primorska-travarica-1l-pavlomir\/\" \/>\n<meta property=\"og:site_name\" content=\"Adria-Klik.com\" \/>\n<meta property=\"article:publisher\" content=\"https:\/\/www.facebook.com\/profile.php?id=100064209425136\" \/>\n<meta property=\"article:modified_time\" content=\"2025-06-14T12:17:33+00:00\" \/>\n<meta property=\"og:image\" content=\"https:\/\/adria-klik.com\/wp-content\/uploads\/2025\/06\/Travarica-Primorska-1l-Vinodol-Pavlomir-rakija-Adria-Klik-Brza-dostava-vina-webshop-wein-wine-delivery-online-shop-GLS-DPD-Wolt-Glovo-Bolt.jpg\" \/>\n\t<meta property=\"og:image:width\" content=\"1500\" \/>\n\t<meta property=\"og:image:height\" content=\"1500\" \/>\n\t<meta property=\"og:image:type\" content=\"image\/jpeg\" \/>\n<meta name=\"twitter:card\" content=\"summary_large_image\" \/>\n<meta name=\"twitter:title\" content=\"Bo\u017eanstveni rose pjenu\u0161ac atraktivnog izgleda, vrlo lijepe ru\u017ei\u010daste boje i vo\u0107nog mirisa.. Adria Klik Najbr\u017ea dostava Namirnica, Vina, Craft Piva, Delicija\" \/>\n<meta name=\"twitter:description\" content=\"Proizveden od sorte Frankovka, a ime je dobilo po legendi koja se ve\u017ee za vinograde Vinodolske doline | Adria Klik Brza Dostava Vina Pjenu\u0161ca\" \/>\n<meta name=\"twitter:label1\" content=\"Est. reading time\" \/>\n\t<meta name=\"twitter:data1\" content=\"1 minute\" \/>\n<script type=\"application\/ld+json\" class=\"yoast-schema-graph\">{\"@context\":\"https:\/\/schema.org\",\"@graph\":[{\"@type\":\"WebPage\",\"@id\":\"https:\/\/adria-klik.com\/proizvod\/primorska-travarica-1l-pavlomir\/\",\"url\":\"https:\/\/adria-klik.com\/proizvod\/primorska-travarica-1l-pavlomir\/\",\"name\":\"Primorska Travarica 1l Pavlomir - Adria-Klik.com\",\"isPartOf\":{\"@id\":\"https:\/\/adria-klik.com\/#website\"},\"primaryImageOfPage\":{\"@id\":\"https:\/\/adria-klik.com\/proizvod\/primorska-travarica-1l-pavlomir\/#primaryimage\"},\"image\":{\"@id\":\"https:\/\/adria-klik.com\/proizvod\/primorska-travarica-1l-pavlomir\/#primaryimage\"},\"thumbnailUrl\":\"https:\/\/adria-klik.com\/wp-content\/uploads\/2025\/06\/Travarica-Primorska-1l-Vinodol-Pavlomir-rakija-Adria-Klik-Brza-dostava-vina-webshop-wein-wine-delivery-online-shop-GLS-DPD-Wolt-Glovo-Bolt.jpg\",\"datePublished\":\"2025-06-14T12:11:16+00:00\",\"dateModified\":\"2025-06-14T12:17:33+00:00\",\"description\":\"Primorska Travarica 1l Pavlomir Miris prirode i okus tradicije Vinodola - Vinodol Hrvatsko PrimorjeNaru\u010di sigurnu dostavu\u00a0\",\"breadcrumb\":{\"@id\":\"https:\/\/adria-klik.com\/proizvod\/primorska-travarica-1l-pavlomir\/#breadcrumb\"},\"inLanguage\":\"en-US\",\"potentialAction\":[{\"@type\":\"ReadAction\",\"target\":[\"https:\/\/adria-klik.com\/proizvod\/primorska-travarica-1l-pavlomir\/\"]}]},{\"@type\":\"ImageObject\",\"inLanguage\":\"en-US\",\"@id\":\"https:\/\/adria-klik.com\/proizvod\/primorska-travarica-1l-pavlomir\/#primaryimage\",\"url\":\"https:\/\/adria-klik.com\/wp-content\/uploads\/2025\/06\/Travarica-Primorska-1l-Vinodol-Pavlomir-rakija-Adria-Klik-Brza-dostava-vina-webshop-wein-wine-delivery-online-shop-GLS-DPD-Wolt-Glovo-Bolt.jpg\",\"contentUrl\":\"https:\/\/adria-klik.com\/wp-content\/uploads\/2025\/06\/Travarica-Primorska-1l-Vinodol-Pavlomir-rakija-Adria-Klik-Brza-dostava-vina-webshop-wein-wine-delivery-online-shop-GLS-DPD-Wolt-Glovo-Bolt.jpg\",\"width\":1500,\"height\":1500,\"caption\":\"| Adria-Klik Supply webshop trgovina dostava namirnica, vina, craft piva i delicija Superbrza dostava Zagreb Wolt Glovo Bolt-Food i Hrvatska i EU DPD GLS - vinska logistika #kupujmohrvatsko Naru\u00c3\u201e\u00c2\u008di dostavu Adria Klik dostava Namirnica, Vina, Craft piva, Delicija, Organsko, Eko, Bio, ekskluzivan izbor domacih vinara! Unikati pokloni Bontonic Canna Mariniana, CBD CBG Croatia Organic HEMP industrijska konoplja Cannabiotics Cannabiotics CroCanna Devetka Free Spirit Me\u00c3\u201e\u00e2\u20ac\u02dcimurje Greenall's Original Johhnie Walker Karlova\u00c3\u201e\u00c2\u008dko Kostelac rakije LAB Split pivovara Lepi De\u00c3\u201e\u00c2\u008dki Li\u00c3\u201e\u00c2\u008danka Pivovara Nova Runda Nova Runda OPG Marevi\u00c3\u201e\u00e2\u20ac\u00a1 Palihni\u00c3\u201e\u00e2\u20ac\u00a1 Pelje\u00c3\u2026\u00c2\u00a1ki Vrhovi - PZ Janjina Pelje\u00c3\u2026\u00c2\u00a1ki Vrhovi - PZ Janjina Ravalico Saperlot Saperlot Brewery StartCBD Tvornica leda Velebitska Degenija Vislander Vislander Vislander Vislander Volimljuto Zlatarna \u00c3\u2026\u00c2\u00a0iroka 2Storije aDorable aDorable Adria Darovni Poklon Paketi Argeta Argeta Azrri Azrri Bel-Cro Bel-Cro Benediktinke Sv. Marije Zadar Benediktinke Sv. Marije Zadar Benediktinke Zadar Benediktinke Zadar Bobi Snacks Buzdovan Buzdovan cchellenic Cmre\u00c3\u201e\u00c2\u008dnjak Cmre\u00c3\u201e\u00c2\u008dnjak Coca-Cola Coca-Cola Hrvatska Cockta Cogito Coffee Cogito Coffee \u00c3\u201e\u00c2\u0090akova\u00c3\u201e\u00c2\u008dka Vina \u00c3\u201e\u00c2\u0090akovo vina ekoEna ekoEna Elda Fentimans Feravino Ferrero Franck Gordon's Grad-Export Gray Goose Gray Goose Greenalls Greenalls Gin Greenalls Gin Original British Heineken Hrvatska Jagermeister Jagermeister Jaguni\u00c3\u201e\u00e2\u20ac\u00a1 Vina Jamnica Jamnica Jana Jana Josi\u00c3\u201e\u00e2\u20ac\u00a1 vinarija Kinder Konoplja.shop Kra\u00c3\u2026\u00c2\u00a1 Kutjevo Kutjevo Labud Latus Mljekara Istra Latus Mljekara Istra Lay's Lay's Chips Maraska Merci Storck Mljekara Latus Mljekara Latus Istra Na\u00c3\u2026\u00c2\u00a1 Okus Na\u00c3\u2026\u00c2\u00a1 Okus Nescafe OPG Cari\u00c3\u201e\u00e2\u20ac\u00a1 Papak Ilok Pavlomir Pavlomir Vinska Ku\u00c3\u201e\u00e2\u20ac\u00a1a Pivovara Medvedgrad Pringles \/ Kellogg's Red Bull \u00c3\u2026\u00c2\u00a0ibenska Pivovara \u00c3\u2026\u00c2\u00a0ibenska Pivovara (5) SMID SMID Taman Artisan Chocolates Thomas Henry Tuc Krekeri Valenta Family Wines Vina Grgurevi\u00c3\u201e\u00e2\u20ac\u00a1 Vina Grgurevi\u00c3\u201e\u00e2\u20ac\u00a1 Vinarija Benkovac Vinarija Mik\u00c3\u2026\u00c2\u00a1a Vislander Vina i Rakije Vizba Valandovo Vizba Valandovo Makedonija\"},{\"@type\":\"BreadcrumbList\",\"@id\":\"https:\/\/adria-klik.com\/proizvod\/primorska-travarica-1l-pavlomir\/#breadcrumb\",\"itemListElement\":[{\"@type\":\"ListItem\",\"position\":1,\"name\":\"Po\u010detna stranica\",\"item\":\"https:\/\/adria-klik.com\/en\/\"},{\"@type\":\"ListItem\",\"position\":2,\"name\":\"Shop\",\"item\":\"https:\/\/adria-klik.com\/shop\/\"},{\"@type\":\"ListItem\",\"position\":3,\"name\":\"Primorska Travarica 1l Pavlomir\"}]},{\"@type\":\"WebSite\",\"@id\":\"https:\/\/adria-klik.com\/#website\",\"url\":\"https:\/\/adria-klik.com\/\",\"name\":\"Adria-Klik.com\",\"description\":\"Unikatni poklon paketi, Vina, Craft pivo &amp; Delicije - webshop\",\"publisher\":{\"@id\":\"https:\/\/adria-klik.com\/#organization\"},\"potentialAction\":[{\"@type\":\"SearchAction\",\"target\":{\"@type\":\"EntryPoint\",\"urlTemplate\":\"https:\/\/adria-klik.com\/?s={search_term_string}\"},\"query-input\":{\"@type\":\"PropertyValueSpecification\",\"valueRequired\":true,\"valueName\":\"search_term_string\"}}],\"inLanguage\":\"en-US\"},{\"@type\":\"Organization\",\"@id\":\"https:\/\/adria-klik.com\/#organization\",\"name\":\"Adria-Klik.com\",\"alternateName\":\"AK\",\"url\":\"https:\/\/adria-klik.com\/\",\"logo\":{\"@type\":\"ImageObject\",\"inLanguage\":\"en-US\",\"@id\":\"https:\/\/adria-klik.com\/#\/schema\/logo\/image\/\",\"url\":\"https:\/\/adria-klik.com\/wp-content\/uploads\/2025\/12\/Adria-Klik_com-logo-namirnice-vina-craft-pivo-delikatese-delicije-artisan-cokolada.jpg\",\"contentUrl\":\"https:\/\/adria-klik.com\/wp-content\/uploads\/2025\/12\/Adria-Klik_com-logo-namirnice-vina-craft-pivo-delikatese-delicije-artisan-cokolada.jpg\",\"width\":500,\"height\":500,\"caption\":\"Adria-Klik.com\"},\"image\":{\"@id\":\"https:\/\/adria-klik.com\/#\/schema\/logo\/image\/\"},\"sameAs\":[\"https:\/\/www.facebook.com\/profile.php?id=100064209425136\",\"https:\/\/www.instagram.com\/adriaklik\/\",\"https:\/\/www.youtube.com\/user\/PlavacmaliZagreb\"]}]}<\/script>\n<!-- \/ Yoast SEO plugin. -->","yoast_head_json":{"title":"Primorska Travarica 1l Pavlomir - Adria-Klik.com","description":"Primorska Travarica 1l Pavlomir Miris prirode i okus tradicije Vinodola - Vinodol Hrvatsko PrimorjeNaru\u010di sigurnu dostavu\u00a0","robots":{"index":"index","follow":"follow","max-snippet":"max-snippet:-1","max-image-preview":"max-image-preview:large","max-video-preview":"max-video-preview:-1"},"canonical":"https:\/\/adria-klik.com\/proizvod\/primorska-travarica-1l-pavlomir\/","og_locale":"en_US","og_type":"article","og_title":"Primorska Travarica 1l Pavlomir Miris prirode i okus tradicije Vinodola - Vinodol Hrvatsko PrimorjeNaru\u010di sigurnu dostavu\u00a0","og_description":"Primorska Travarica 1l Pavlomir Miris prirode i okus tradicije Vinodola - Vinodol Hrvatsko PrimorjeNaru\u010di sigurnu dostavu\u00a0","og_url":"https:\/\/adria-klik.com\/proizvod\/primorska-travarica-1l-pavlomir\/","og_site_name":"Adria-Klik.com","article_publisher":"https:\/\/www.facebook.com\/profile.php?id=100064209425136","article_modified_time":"2025-06-14T12:17:33+00:00","og_image":[{"width":1500,"height":1500,"url":"https:\/\/adria-klik.com\/wp-content\/uploads\/2025\/06\/Travarica-Primorska-1l-Vinodol-Pavlomir-rakija-Adria-Klik-Brza-dostava-vina-webshop-wein-wine-delivery-online-shop-GLS-DPD-Wolt-Glovo-Bolt.jpg","type":"image\/jpeg"}],"twitter_card":"summary_large_image","twitter_title":"Bo\u017eanstveni rose pjenu\u0161ac atraktivnog izgleda, vrlo lijepe ru\u017ei\u010daste boje i vo\u0107nog mirisa.. Adria Klik Najbr\u017ea dostava Namirnica, Vina, Craft Piva, Delicija","twitter_description":"Proizveden od sorte Frankovka, a ime je dobilo po legendi koja se ve\u017ee za vinograde Vinodolske doline | Adria Klik Brza Dostava Vina Pjenu\u0161ca","twitter_misc":{"Est. reading time":"1 minute"},"schema":{"@context":"https:\/\/schema.org","@graph":[{"@type":"WebPage","@id":"https:\/\/adria-klik.com\/proizvod\/primorska-travarica-1l-pavlomir\/","url":"https:\/\/adria-klik.com\/proizvod\/primorska-travarica-1l-pavlomir\/","name":"Primorska Travarica 1l Pavlomir - Adria-Klik.com","isPartOf":{"@id":"https:\/\/adria-klik.com\/#website"},"primaryImageOfPage":{"@id":"https:\/\/adria-klik.com\/proizvod\/primorska-travarica-1l-pavlomir\/#primaryimage"},"image":{"@id":"https:\/\/adria-klik.com\/proizvod\/primorska-travarica-1l-pavlomir\/#primaryimage"},"thumbnailUrl":"https:\/\/adria-klik.com\/wp-content\/uploads\/2025\/06\/Travarica-Primorska-1l-Vinodol-Pavlomir-rakija-Adria-Klik-Brza-dostava-vina-webshop-wein-wine-delivery-online-shop-GLS-DPD-Wolt-Glovo-Bolt.jpg","datePublished":"2025-06-14T12:11:16+00:00","dateModified":"2025-06-14T12:17:33+00:00","description":"Primorska Travarica 1l Pavlomir Miris prirode i okus tradicije Vinodola - Vinodol Hrvatsko PrimorjeNaru\u010di sigurnu dostavu\u00a0","breadcrumb":{"@id":"https:\/\/adria-klik.com\/proizvod\/primorska-travarica-1l-pavlomir\/#breadcrumb"},"inLanguage":"en-US","potentialAction":[{"@type":"ReadAction","target":["https:\/\/adria-klik.com\/proizvod\/primorska-travarica-1l-pavlomir\/"]}]},{"@type":"ImageObject","inLanguage":"en-US","@id":"https:\/\/adria-klik.com\/proizvod\/primorska-travarica-1l-pavlomir\/#primaryimage","url":"https:\/\/adria-klik.com\/wp-content\/uploads\/2025\/06\/Travarica-Primorska-1l-Vinodol-Pavlomir-rakija-Adria-Klik-Brza-dostava-vina-webshop-wein-wine-delivery-online-shop-GLS-DPD-Wolt-Glovo-Bolt.jpg","contentUrl":"https:\/\/adria-klik.com\/wp-content\/uploads\/2025\/06\/Travarica-Primorska-1l-Vinodol-Pavlomir-rakija-Adria-Klik-Brza-dostava-vina-webshop-wein-wine-delivery-online-shop-GLS-DPD-Wolt-Glovo-Bolt.jpg","width":1500,"height":1500,"caption":"| Adria-Klik Supply webshop trgovina dostava namirnica, vina, craft piva i delicija Superbrza dostava Zagreb Wolt Glovo Bolt-Food i Hrvatska i EU DPD GLS - vinska logistika #kupujmohrvatsko Naru\u00c3\u201e\u00c2\u008di dostavu Adria Klik dostava Namirnica, Vina, Craft piva, Delicija, Organsko, Eko, Bio, ekskluzivan izbor domacih vinara! Unikati pokloni Bontonic Canna Mariniana, CBD CBG Croatia Organic HEMP industrijska konoplja Cannabiotics Cannabiotics CroCanna Devetka Free Spirit Me\u00c3\u201e\u00e2\u20ac\u02dcimurje Greenall's Original Johhnie Walker Karlova\u00c3\u201e\u00c2\u008dko Kostelac rakije LAB Split pivovara Lepi De\u00c3\u201e\u00c2\u008dki Li\u00c3\u201e\u00c2\u008danka Pivovara Nova Runda Nova Runda OPG Marevi\u00c3\u201e\u00e2\u20ac\u00a1 Palihni\u00c3\u201e\u00e2\u20ac\u00a1 Pelje\u00c3\u2026\u00c2\u00a1ki Vrhovi - PZ Janjina Pelje\u00c3\u2026\u00c2\u00a1ki Vrhovi - PZ Janjina Ravalico Saperlot Saperlot Brewery StartCBD Tvornica leda Velebitska Degenija Vislander Vislander Vislander Vislander Volimljuto Zlatarna \u00c3\u2026\u00c2\u00a0iroka 2Storije aDorable aDorable Adria Darovni Poklon Paketi Argeta Argeta Azrri Azrri Bel-Cro Bel-Cro Benediktinke Sv. Marije Zadar Benediktinke Sv. Marije Zadar Benediktinke Zadar Benediktinke Zadar Bobi Snacks Buzdovan Buzdovan cchellenic Cmre\u00c3\u201e\u00c2\u008dnjak Cmre\u00c3\u201e\u00c2\u008dnjak Coca-Cola Coca-Cola Hrvatska Cockta Cogito Coffee Cogito Coffee \u00c3\u201e\u00c2\u0090akova\u00c3\u201e\u00c2\u008dka Vina \u00c3\u201e\u00c2\u0090akovo vina ekoEna ekoEna Elda Fentimans Feravino Ferrero Franck Gordon's Grad-Export Gray Goose Gray Goose Greenalls Greenalls Gin Greenalls Gin Original British Heineken Hrvatska Jagermeister Jagermeister Jaguni\u00c3\u201e\u00e2\u20ac\u00a1 Vina Jamnica Jamnica Jana Jana Josi\u00c3\u201e\u00e2\u20ac\u00a1 vinarija Kinder Konoplja.shop Kra\u00c3\u2026\u00c2\u00a1 Kutjevo Kutjevo Labud Latus Mljekara Istra Latus Mljekara Istra Lay's Lay's Chips Maraska Merci Storck Mljekara Latus Mljekara Latus Istra Na\u00c3\u2026\u00c2\u00a1 Okus Na\u00c3\u2026\u00c2\u00a1 Okus Nescafe OPG Cari\u00c3\u201e\u00e2\u20ac\u00a1 Papak Ilok Pavlomir Pavlomir Vinska Ku\u00c3\u201e\u00e2\u20ac\u00a1a Pivovara Medvedgrad Pringles \/ Kellogg's Red Bull \u00c3\u2026\u00c2\u00a0ibenska Pivovara \u00c3\u2026\u00c2\u00a0ibenska Pivovara (5) SMID SMID Taman Artisan Chocolates Thomas Henry Tuc Krekeri Valenta Family Wines Vina Grgurevi\u00c3\u201e\u00e2\u20ac\u00a1 Vina Grgurevi\u00c3\u201e\u00e2\u20ac\u00a1 Vinarija Benkovac Vinarija Mik\u00c3\u2026\u00c2\u00a1a Vislander Vina i Rakije Vizba Valandovo Vizba Valandovo Makedonija"},{"@type":"BreadcrumbList","@id":"https:\/\/adria-klik.com\/proizvod\/primorska-travarica-1l-pavlomir\/#breadcrumb","itemListElement":[{"@type":"ListItem","position":1,"name":"Po\u010detna stranica","item":"https:\/\/adria-klik.com\/en\/"},{"@type":"ListItem","position":2,"name":"Shop","item":"https:\/\/adria-klik.com\/shop\/"},{"@type":"ListItem","position":3,"name":"Primorska Travarica 1l Pavlomir"}]},{"@type":"WebSite","@id":"https:\/\/adria-klik.com\/#website","url":"https:\/\/adria-klik.com\/","name":"Adria-Klik.com","description":"Unikatni poklon paketi, Vina, Craft pivo &amp; Delicije - webshop","publisher":{"@id":"https:\/\/adria-klik.com\/#organization"},"potentialAction":[{"@type":"SearchAction","target":{"@type":"EntryPoint","urlTemplate":"https:\/\/adria-klik.com\/?s={search_term_string}"},"query-input":{"@type":"PropertyValueSpecification","valueRequired":true,"valueName":"search_term_string"}}],"inLanguage":"en-US"},{"@type":"Organization","@id":"https:\/\/adria-klik.com\/#organization","name":"Adria-Klik.com","alternateName":"AK","url":"https:\/\/adria-klik.com\/","logo":{"@type":"ImageObject","inLanguage":"en-US","@id":"https:\/\/adria-klik.com\/#\/schema\/logo\/image\/","url":"https:\/\/adria-klik.com\/wp-content\/uploads\/2025\/12\/Adria-Klik_com-logo-namirnice-vina-craft-pivo-delikatese-delicije-artisan-cokolada.jpg","contentUrl":"https:\/\/adria-klik.com\/wp-content\/uploads\/2025\/12\/Adria-Klik_com-logo-namirnice-vina-craft-pivo-delikatese-delicije-artisan-cokolada.jpg","width":500,"height":500,"caption":"Adria-Klik.com"},"image":{"@id":"https:\/\/adria-klik.com\/#\/schema\/logo\/image\/"},"sameAs":["https:\/\/www.facebook.com\/profile.php?id=100064209425136","https:\/\/www.instagram.com\/adriaklik\/","https:\/\/www.youtube.com\/user\/PlavacmaliZagreb"]}]}},"jetpack_sharing_enabled":true,"jetpack-related-posts":[],"_links":{"self":[{"href":"https:\/\/adria-klik.com\/en\/wp-json\/wp\/v2\/product\/17782","targetHints":{"allow":["GET"]}}],"collection":[{"href":"https:\/\/adria-klik.com\/en\/wp-json\/wp\/v2\/product"}],"about":[{"href":"https:\/\/adria-klik.com\/en\/wp-json\/wp\/v2\/types\/product"}],"replies":[{"embeddable":true,"href":"https:\/\/adria-klik.com\/en\/wp-json\/wp\/v2\/comments?post=17782"}],"wp:featuredmedia":[{"embeddable":true,"href":"https:\/\/adria-klik.com\/en\/wp-json\/wp\/v2\/media\/17785"}],"wp:attachment":[{"href":"https:\/\/adria-klik.com\/en\/wp-json\/wp\/v2\/media?parent=17782"}],"wp:term":[{"taxonomy":"product_brand","embeddable":true,"href":"https:\/\/adria-klik.com\/en\/wp-json\/wp\/v2\/product_brand?post=17782"},{"taxonomy":"product_cat","embeddable":true,"href":"https:\/\/adria-klik.com\/en\/wp-json\/wp\/v2\/product_cat?post=17782"},{"taxonomy":"product_tag","embeddable":true,"href":"https:\/\/adria-klik.com\/en\/wp-json\/wp\/v2\/product_tag?post=17782"},{"taxonomy":"berocket_brand","embeddable":true,"href":"https:\/\/adria-klik.com\/en\/wp-json\/wp\/v2\/berocket_brand?post=17782"}],"curies":[{"name":"wp","href":"https:\/\/api.w.org\/{rel}","templated":true}]}}