{"id":17910,"date":"2025-11-27T13:45:15","date_gmt":"2025-11-27T12:45:15","guid":{"rendered":"https:\/\/adria-klik.com\/?post_type=product&#038;p=17910"},"modified":"2025-11-27T14:04:19","modified_gmt":"2025-11-27T13:04:19","slug":"novo-gift-box-nova-runda-craft-beer-paska-sirana-otok-pag-unikatni-poklon-paket","status":"publish","type":"product","link":"https:\/\/adria-klik.com\/en\/proizvod\/novo-gift-box-nova-runda-craft-beer-paska-sirana-otok-pag-unikatni-poklon-paket\/","title":{"rendered":"APA Craft Beer Nova runda &#038; Pa\u0161ka sirana"},"content":{"rendered":"<div class=\"cb_FormRow_RightCol_r1b7\">\n<ul>\n<li><strong>NOVO! Gift box<\/strong> <strong>Nova runda<\/strong> <strong>Craft<\/strong> <strong>beer<\/strong> &amp;\u00a0 <strong>Pa\u0161ka sirana otok Pag<\/strong> &#8211;\u00a0<strong>Unikatni<\/strong> <strong>poklon<\/strong> <strong>paket<\/strong>!<\/li>\n<li>Sadr\u017ei \u00a0<strong>4 X APA 0,5l Nova runda<\/strong> + 1 x<strong> Mister Bokuni\u0107 100g<\/strong> <strong>Pa\u0161ka<\/strong> <strong>sirana\u00a0<\/strong>i<\/li>\n<li>Crna mat poklon <strong>kutija<\/strong> s <strong>prozorom<\/strong> i <strong>dekoracijom<\/strong><\/li>\n<li><strong>\u00a0Nova runda APA i Mister bokuni\u0107 Pa\u0161ka sirana unikatni poklon paket!<\/strong><\/li>\n<li><strong>Craft Beer gift box poklon paket\u00a0<\/strong><\/li>\n<li>Glavna zna\u010dajka ovog piva je Citra hmelj koji <strong>APA-i<\/strong> daje ugodne citrusne note koje se prote\u017eu od po\u010detka do kraja, a pivo zaokru\u017euju ugodna <strong>gor\u010dina<\/strong> i <strong>fina<\/strong> <strong>suho\u0107a<\/strong><\/li>\n<li><strong> Pa\u0161ka Sirana<\/strong> predstavlja <strong>Mister Bokuni\u0107!<\/strong><\/li>\n<li>Snack pakiranje kockica Trapista, idealna grickalica za sve ljubitelje sireva!<\/li>\n<li>Pa\u0161ka sirana je najstarija sirana na otoku Pagu. S nama je po\u010dela pri\u010da o PA\u0160KOM SIRU, <strong>najpoznatijem<\/strong> i <strong>najnagra\u0111ivanijem<\/strong> <strong>hrvatskom<\/strong> siru.<\/li>\n<li>Naru\u010di odmah sigurnu dostavu online<\/li>\n<\/ul>\n<\/div>\n<div class=\"cb_FormRow_RightCol_r1b7\">\n<div class=\"vc_col-sm-6 wpb_column vc_column_container\">\n<div class=\"vc_column-inner\">\n<div class=\"wpb_wrapper\">\n<div class=\"wpb_text_column\">\n<div class=\"wpb_wrapper\">\n<p>&nbsp;<\/p>\n<\/div>\n<\/div>\n<\/div>\n<\/div>\n<\/div>\n<\/div>\n","protected":false},"excerpt":{"rendered":"<ul>\n<li><strong>NOVO! Gift box<\/strong> <strong>Nova runda<\/strong> <strong>Craft<\/strong> <strong>beer<\/strong> &amp;\u00a0 <strong>Pa\u0161ka sirana otok Pag<\/strong> \u00a0<strong>Unikatni<\/strong> <strong>poklon<\/strong> <strong>paket<\/strong>!<\/li>\n<li>Sadr\u017ei \u00a0<strong>4 X APA 0,5l Nova runda<\/strong> + <strong>1 x Mister Bokuni\u0107 100g<\/strong> <strong>Pa\u0161ka<\/strong> <strong>sirana\u00a0<\/strong>i<\/li>\n<li>Crna mat poklon <strong>kutija<\/strong> s <strong>prozorom<\/strong> i <strong>dekoracijom<\/strong><\/li>\n<li><strong>\u00a0Nova runda craft beer APA i Mister bokuni\u0107 Pa\u0161ka sirana unikatni poklon paket!<\/strong><\/li>\n<li><strong>Craft Beer gift box poklon paket\u00a0<\/strong><\/li>\n<li>Naru\u010di odmah sigurnu dostavu online<\/li>\n<\/ul>\n","protected":false},"featured_media":17911,"comment_status":"open","ping_status":"closed","template":"","meta":{"_acf_changed":false},"product_brand":[],"product_cat":[385,985,1175,1176,1174,1159,619,1151,372,376,1161,560],"product_tag":[2368,2364,2367,1001,2365,2362,1678,1111,2366,1964],"berocket_brand":[823,1696],"class_list":{"0":"post-17910","1":"product","2":"type-product","3":"status-publish","4":"has-post-thumbnail","6":"product_cat-adria-paketi","7":"product_cat-darovni-paketi","8":"product_cat-dostava","9":"product_cat-europa","10":"product_cat-hrvatska","11":"product_cat-nasa-preporuka","12":"product_cat-okusi_adriu","13":"product_cat-paska-sirana-pag","14":"product_cat-pivo-craft","15":"product_cat-premium-proizvodi","16":"product_cat-veseli-paketi-promo","17":"product_cat-zagreb","18":"product_tag-apa","19":"product_tag-craft-beer-gift-box","20":"product_tag-gift-basket","21":"product_tag-gift-box-2","22":"product_tag-mister-bokinic","23":"product_tag-nova-runda-gift-box","24":"product_tag-paska-sirana","25":"product_tag-poklon-paket","26":"product_tag-poklon-za-rodendan","27":"product_tag-trapist-paski","28":"berocket_brand-nova-runda-2","29":"berocket_brand-paska-sirana","31":"first","32":"instock","33":"shipping-taxable","34":"purchasable","35":"product-type-simple"},"acf":[],"yoast_head":"<!-- This site is optimized with the Yoast SEO plugin v26.9 - https:\/\/yoast.com\/product\/yoast-seo-wordpress\/ -->\n<title>APA Craft Beer Nova runda &amp; Pa\u0161ka sirana - Adria-Klik.com<\/title>\n<meta name=\"description\" content=\"NOVO! Gift box Nova runda Craft beer &amp;\u00a0 Pa\u0161ka sirana otok Pag -\u00a0Unikatni poklon paket! Naru\u010di sigurnu dostavu poklon paketa odmah online\" \/>\n<meta name=\"robots\" content=\"index, follow, max-snippet:-1, max-image-preview:large, max-video-preview:-1\" \/>\n<link rel=\"canonical\" href=\"https:\/\/adria-klik.com\/proizvod\/novo-gift-box-nova-runda-craft-beer-paska-sirana-otok-pag-unikatni-poklon-paket\/\" \/>\n<meta property=\"og:locale\" content=\"en_US\" \/>\n<meta property=\"og:type\" content=\"article\" \/>\n<meta property=\"og:title\" content=\"Histris Delicije IstraBEZ NITRITA \u2013 NITRITE FREE -Istarska Kobasica Trajna - Bez Nitrita 200g Histris Naru\u010di dostavu online brzo i sigurno\" \/>\n<meta property=\"og:description\" content=\"Histris Delicije IstraBEZ NITRITA \u2013 NITRITE FREE -Istarska Kobasica Trajna - Bez Nitrita 200g Histris Naru\u010di dostavu online brzo i sigurno\" \/>\n<meta property=\"og:url\" content=\"https:\/\/adria-klik.com\/proizvod\/novo-gift-box-nova-runda-craft-beer-paska-sirana-otok-pag-unikatni-poklon-paket\/\" \/>\n<meta property=\"og:site_name\" content=\"Adria-Klik.com\" \/>\n<meta property=\"article:publisher\" content=\"https:\/\/www.facebook.com\/profile.php?id=100064209425136\" \/>\n<meta property=\"article:modified_time\" content=\"2025-11-27T13:04:19+00:00\" \/>\n<meta property=\"og:image\" content=\"https:\/\/adria-klik.com\/wp-content\/uploads\/2024\/12\/Istarska-trajna-kobasica-bez-nitrita-Histris_200g-Istrian_ox_Adria_Klik_shop_croatia_delivery_fast.jpg\" \/>\n\t<meta property=\"og:image:width\" content=\"1500\" \/>\n\t<meta property=\"og:image:height\" content=\"1500\" \/>\n\t<meta property=\"og:image:type\" content=\"image\/jpeg\" \/>\n<meta name=\"twitter:card\" content=\"summary_large_image\" \/>\n<meta name=\"twitter:label1\" content=\"Est. reading time\" \/>\n\t<meta name=\"twitter:data1\" content=\"1 minute\" \/>\n<script type=\"application\/ld+json\" class=\"yoast-schema-graph\">{\"@context\":\"https:\/\/schema.org\",\"@graph\":[{\"@type\":\"WebPage\",\"@id\":\"https:\/\/adria-klik.com\/proizvod\/novo-gift-box-nova-runda-craft-beer-paska-sirana-otok-pag-unikatni-poklon-paket\/\",\"url\":\"https:\/\/adria-klik.com\/proizvod\/novo-gift-box-nova-runda-craft-beer-paska-sirana-otok-pag-unikatni-poklon-paket\/\",\"name\":\"APA Craft Beer Nova runda & Pa\u0161ka sirana - Adria-Klik.com\",\"isPartOf\":{\"@id\":\"https:\/\/adria-klik.com\/#website\"},\"primaryImageOfPage\":{\"@id\":\"https:\/\/adria-klik.com\/proizvod\/novo-gift-box-nova-runda-craft-beer-paska-sirana-otok-pag-unikatni-poklon-paket\/#primaryimage\"},\"image\":{\"@id\":\"https:\/\/adria-klik.com\/proizvod\/novo-gift-box-nova-runda-craft-beer-paska-sirana-otok-pag-unikatni-poklon-paket\/#primaryimage\"},\"thumbnailUrl\":\"https:\/\/adria-klik.com\/wp-content\/uploads\/2025\/11\/Nova-runda-APAPaska-sirana-sir-Craft-Beer-gift-box-Unique-Croatia-Unikatni-poklon-paket-online-brza_dostava_Wolt-Glovo-Zagreb-EU-DPD-order-now.jpg\",\"datePublished\":\"2025-11-27T12:45:15+00:00\",\"dateModified\":\"2025-11-27T13:04:19+00:00\",\"description\":\"NOVO! Gift box Nova runda Craft beer &\u00a0 Pa\u0161ka sirana otok Pag -\u00a0Unikatni poklon paket! Naru\u010di sigurnu dostavu poklon paketa odmah online\",\"breadcrumb\":{\"@id\":\"https:\/\/adria-klik.com\/proizvod\/novo-gift-box-nova-runda-craft-beer-paska-sirana-otok-pag-unikatni-poklon-paket\/#breadcrumb\"},\"inLanguage\":\"en-US\",\"potentialAction\":[{\"@type\":\"ReadAction\",\"target\":[\"https:\/\/adria-klik.com\/proizvod\/novo-gift-box-nova-runda-craft-beer-paska-sirana-otok-pag-unikatni-poklon-paket\/\"]}]},{\"@type\":\"ImageObject\",\"inLanguage\":\"en-US\",\"@id\":\"https:\/\/adria-klik.com\/proizvod\/novo-gift-box-nova-runda-craft-beer-paska-sirana-otok-pag-unikatni-poklon-paket\/#primaryimage\",\"url\":\"https:\/\/adria-klik.com\/wp-content\/uploads\/2025\/11\/Nova-runda-APAPaska-sirana-sir-Craft-Beer-gift-box-Unique-Croatia-Unikatni-poklon-paket-online-brza_dostava_Wolt-Glovo-Zagreb-EU-DPD-order-now.jpg\",\"contentUrl\":\"https:\/\/adria-klik.com\/wp-content\/uploads\/2025\/11\/Nova-runda-APAPaska-sirana-sir-Craft-Beer-gift-box-Unique-Croatia-Unikatni-poklon-paket-online-brza_dostava_Wolt-Glovo-Zagreb-EU-DPD-order-now.jpg\",\"width\":1500,\"height\":1500,\"caption\":\"Poklon paketi | Poslovni pokoni | Poklon za ro\u0111endan | Unikatni autohtoni poklon paketi | Gift Box | Gift basket | Adria-Klik Supply webshop trgovina dostava namirnica, vina, craft piva i delicija Superbrza dostava Zagreb Wolt Glovo Hrvatska i EU DPD GLS - profesionalna vinska logistika #kupujmohrvatsko Naruci online, sigurna kupovina i brza dostava Croatia Unique Craft Beer Gift box \/ basket - Premium Craft beer gift box Nova runda brewery | Croatia autochthonous variety of wine Gift box unique - Autohtona sorta vina Poklon paket - Poslovni pokloni | Pokloni za ro\u0111endan i sve ostale prigode Plavac mali Dinga\u010d i Postup |Po\u0161ip | Grk | Malvazija | \u0160krlet | Pjenu\u0161ci |\"},{\"@type\":\"BreadcrumbList\",\"@id\":\"https:\/\/adria-klik.com\/proizvod\/novo-gift-box-nova-runda-craft-beer-paska-sirana-otok-pag-unikatni-poklon-paket\/#breadcrumb\",\"itemListElement\":[{\"@type\":\"ListItem\",\"position\":1,\"name\":\"Po\u010detna stranica\",\"item\":\"https:\/\/adria-klik.com\/en\/\"},{\"@type\":\"ListItem\",\"position\":2,\"name\":\"Shop\",\"item\":\"https:\/\/adria-klik.com\/shop\/\"},{\"@type\":\"ListItem\",\"position\":3,\"name\":\"APA Craft Beer Nova runda &#038; Pa\u0161ka sirana\"}]},{\"@type\":\"WebSite\",\"@id\":\"https:\/\/adria-klik.com\/#website\",\"url\":\"https:\/\/adria-klik.com\/\",\"name\":\"Adria-Klik.com\",\"description\":\"Unikatni poklon paketi, Vina, Craft pivo &amp; Delicije - webshop\",\"publisher\":{\"@id\":\"https:\/\/adria-klik.com\/#organization\"},\"potentialAction\":[{\"@type\":\"SearchAction\",\"target\":{\"@type\":\"EntryPoint\",\"urlTemplate\":\"https:\/\/adria-klik.com\/?s={search_term_string}\"},\"query-input\":{\"@type\":\"PropertyValueSpecification\",\"valueRequired\":true,\"valueName\":\"search_term_string\"}}],\"inLanguage\":\"en-US\"},{\"@type\":\"Organization\",\"@id\":\"https:\/\/adria-klik.com\/#organization\",\"name\":\"Adria-Klik.com\",\"alternateName\":\"AK\",\"url\":\"https:\/\/adria-klik.com\/\",\"logo\":{\"@type\":\"ImageObject\",\"inLanguage\":\"en-US\",\"@id\":\"https:\/\/adria-klik.com\/#\/schema\/logo\/image\/\",\"url\":\"https:\/\/adria-klik.com\/wp-content\/uploads\/2025\/12\/Adria-Klik_com-logo-namirnice-vina-craft-pivo-delikatese-delicije-artisan-cokolada.jpg\",\"contentUrl\":\"https:\/\/adria-klik.com\/wp-content\/uploads\/2025\/12\/Adria-Klik_com-logo-namirnice-vina-craft-pivo-delikatese-delicije-artisan-cokolada.jpg\",\"width\":500,\"height\":500,\"caption\":\"Adria-Klik.com\"},\"image\":{\"@id\":\"https:\/\/adria-klik.com\/#\/schema\/logo\/image\/\"},\"sameAs\":[\"https:\/\/www.facebook.com\/profile.php?id=100064209425136\",\"https:\/\/www.instagram.com\/adriaklik\/\",\"https:\/\/www.youtube.com\/user\/PlavacmaliZagreb\"]}]}<\/script>\n<!-- \/ Yoast SEO plugin. -->","yoast_head_json":{"title":"APA Craft Beer Nova runda & Pa\u0161ka sirana - Adria-Klik.com","description":"NOVO! Gift box Nova runda Craft beer &\u00a0 Pa\u0161ka sirana otok Pag -\u00a0Unikatni poklon paket! Naru\u010di sigurnu dostavu poklon paketa odmah online","robots":{"index":"index","follow":"follow","max-snippet":"max-snippet:-1","max-image-preview":"max-image-preview:large","max-video-preview":"max-video-preview:-1"},"canonical":"https:\/\/adria-klik.com\/proizvod\/novo-gift-box-nova-runda-craft-beer-paska-sirana-otok-pag-unikatni-poklon-paket\/","og_locale":"en_US","og_type":"article","og_title":"Histris Delicije IstraBEZ NITRITA \u2013 NITRITE FREE -Istarska Kobasica Trajna - Bez Nitrita 200g Histris Naru\u010di dostavu online brzo i sigurno","og_description":"Histris Delicije IstraBEZ NITRITA \u2013 NITRITE FREE -Istarska Kobasica Trajna - Bez Nitrita 200g Histris Naru\u010di dostavu online brzo i sigurno","og_url":"https:\/\/adria-klik.com\/proizvod\/novo-gift-box-nova-runda-craft-beer-paska-sirana-otok-pag-unikatni-poklon-paket\/","og_site_name":"Adria-Klik.com","article_publisher":"https:\/\/www.facebook.com\/profile.php?id=100064209425136","article_modified_time":"2025-11-27T13:04:19+00:00","og_image":[{"width":1500,"height":1500,"url":"https:\/\/adria-klik.com\/wp-content\/uploads\/2024\/12\/Istarska-trajna-kobasica-bez-nitrita-Histris_200g-Istrian_ox_Adria_Klik_shop_croatia_delivery_fast.jpg","type":"image\/jpeg"}],"twitter_card":"summary_large_image","twitter_misc":{"Est. reading time":"1 minute"},"schema":{"@context":"https:\/\/schema.org","@graph":[{"@type":"WebPage","@id":"https:\/\/adria-klik.com\/proizvod\/novo-gift-box-nova-runda-craft-beer-paska-sirana-otok-pag-unikatni-poklon-paket\/","url":"https:\/\/adria-klik.com\/proizvod\/novo-gift-box-nova-runda-craft-beer-paska-sirana-otok-pag-unikatni-poklon-paket\/","name":"APA Craft Beer Nova runda & Pa\u0161ka sirana - Adria-Klik.com","isPartOf":{"@id":"https:\/\/adria-klik.com\/#website"},"primaryImageOfPage":{"@id":"https:\/\/adria-klik.com\/proizvod\/novo-gift-box-nova-runda-craft-beer-paska-sirana-otok-pag-unikatni-poklon-paket\/#primaryimage"},"image":{"@id":"https:\/\/adria-klik.com\/proizvod\/novo-gift-box-nova-runda-craft-beer-paska-sirana-otok-pag-unikatni-poklon-paket\/#primaryimage"},"thumbnailUrl":"https:\/\/adria-klik.com\/wp-content\/uploads\/2025\/11\/Nova-runda-APAPaska-sirana-sir-Craft-Beer-gift-box-Unique-Croatia-Unikatni-poklon-paket-online-brza_dostava_Wolt-Glovo-Zagreb-EU-DPD-order-now.jpg","datePublished":"2025-11-27T12:45:15+00:00","dateModified":"2025-11-27T13:04:19+00:00","description":"NOVO! Gift box Nova runda Craft beer &\u00a0 Pa\u0161ka sirana otok Pag -\u00a0Unikatni poklon paket! Naru\u010di sigurnu dostavu poklon paketa odmah online","breadcrumb":{"@id":"https:\/\/adria-klik.com\/proizvod\/novo-gift-box-nova-runda-craft-beer-paska-sirana-otok-pag-unikatni-poklon-paket\/#breadcrumb"},"inLanguage":"en-US","potentialAction":[{"@type":"ReadAction","target":["https:\/\/adria-klik.com\/proizvod\/novo-gift-box-nova-runda-craft-beer-paska-sirana-otok-pag-unikatni-poklon-paket\/"]}]},{"@type":"ImageObject","inLanguage":"en-US","@id":"https:\/\/adria-klik.com\/proizvod\/novo-gift-box-nova-runda-craft-beer-paska-sirana-otok-pag-unikatni-poklon-paket\/#primaryimage","url":"https:\/\/adria-klik.com\/wp-content\/uploads\/2025\/11\/Nova-runda-APAPaska-sirana-sir-Craft-Beer-gift-box-Unique-Croatia-Unikatni-poklon-paket-online-brza_dostava_Wolt-Glovo-Zagreb-EU-DPD-order-now.jpg","contentUrl":"https:\/\/adria-klik.com\/wp-content\/uploads\/2025\/11\/Nova-runda-APAPaska-sirana-sir-Craft-Beer-gift-box-Unique-Croatia-Unikatni-poklon-paket-online-brza_dostava_Wolt-Glovo-Zagreb-EU-DPD-order-now.jpg","width":1500,"height":1500,"caption":"Poklon paketi | Poslovni pokoni | Poklon za ro\u0111endan | Unikatni autohtoni poklon paketi | Gift Box | Gift basket | Adria-Klik Supply webshop trgovina dostava namirnica, vina, craft piva i delicija Superbrza dostava Zagreb Wolt Glovo Hrvatska i EU DPD GLS - profesionalna vinska logistika #kupujmohrvatsko Naruci online, sigurna kupovina i brza dostava Croatia Unique Craft Beer Gift box \/ basket - Premium Craft beer gift box Nova runda brewery | Croatia autochthonous variety of wine Gift box unique - Autohtona sorta vina Poklon paket - Poslovni pokloni | Pokloni za ro\u0111endan i sve ostale prigode Plavac mali Dinga\u010d i Postup |Po\u0161ip | Grk | Malvazija | \u0160krlet | Pjenu\u0161ci |"},{"@type":"BreadcrumbList","@id":"https:\/\/adria-klik.com\/proizvod\/novo-gift-box-nova-runda-craft-beer-paska-sirana-otok-pag-unikatni-poklon-paket\/#breadcrumb","itemListElement":[{"@type":"ListItem","position":1,"name":"Po\u010detna stranica","item":"https:\/\/adria-klik.com\/en\/"},{"@type":"ListItem","position":2,"name":"Shop","item":"https:\/\/adria-klik.com\/shop\/"},{"@type":"ListItem","position":3,"name":"APA Craft Beer Nova runda &#038; Pa\u0161ka sirana"}]},{"@type":"WebSite","@id":"https:\/\/adria-klik.com\/#website","url":"https:\/\/adria-klik.com\/","name":"Adria-Klik.com","description":"Unikatni poklon paketi, Vina, Craft pivo &amp; Delicije - webshop","publisher":{"@id":"https:\/\/adria-klik.com\/#organization"},"potentialAction":[{"@type":"SearchAction","target":{"@type":"EntryPoint","urlTemplate":"https:\/\/adria-klik.com\/?s={search_term_string}"},"query-input":{"@type":"PropertyValueSpecification","valueRequired":true,"valueName":"search_term_string"}}],"inLanguage":"en-US"},{"@type":"Organization","@id":"https:\/\/adria-klik.com\/#organization","name":"Adria-Klik.com","alternateName":"AK","url":"https:\/\/adria-klik.com\/","logo":{"@type":"ImageObject","inLanguage":"en-US","@id":"https:\/\/adria-klik.com\/#\/schema\/logo\/image\/","url":"https:\/\/adria-klik.com\/wp-content\/uploads\/2025\/12\/Adria-Klik_com-logo-namirnice-vina-craft-pivo-delikatese-delicije-artisan-cokolada.jpg","contentUrl":"https:\/\/adria-klik.com\/wp-content\/uploads\/2025\/12\/Adria-Klik_com-logo-namirnice-vina-craft-pivo-delikatese-delicije-artisan-cokolada.jpg","width":500,"height":500,"caption":"Adria-Klik.com"},"image":{"@id":"https:\/\/adria-klik.com\/#\/schema\/logo\/image\/"},"sameAs":["https:\/\/www.facebook.com\/profile.php?id=100064209425136","https:\/\/www.instagram.com\/adriaklik\/","https:\/\/www.youtube.com\/user\/PlavacmaliZagreb"]}]}},"jetpack_sharing_enabled":true,"jetpack-related-posts":[],"_links":{"self":[{"href":"https:\/\/adria-klik.com\/en\/wp-json\/wp\/v2\/product\/17910","targetHints":{"allow":["GET"]}}],"collection":[{"href":"https:\/\/adria-klik.com\/en\/wp-json\/wp\/v2\/product"}],"about":[{"href":"https:\/\/adria-klik.com\/en\/wp-json\/wp\/v2\/types\/product"}],"replies":[{"embeddable":true,"href":"https:\/\/adria-klik.com\/en\/wp-json\/wp\/v2\/comments?post=17910"}],"wp:featuredmedia":[{"embeddable":true,"href":"https:\/\/adria-klik.com\/en\/wp-json\/wp\/v2\/media\/17911"}],"wp:attachment":[{"href":"https:\/\/adria-klik.com\/en\/wp-json\/wp\/v2\/media?parent=17910"}],"wp:term":[{"taxonomy":"product_brand","embeddable":true,"href":"https:\/\/adria-klik.com\/en\/wp-json\/wp\/v2\/product_brand?post=17910"},{"taxonomy":"product_cat","embeddable":true,"href":"https:\/\/adria-klik.com\/en\/wp-json\/wp\/v2\/product_cat?post=17910"},{"taxonomy":"product_tag","embeddable":true,"href":"https:\/\/adria-klik.com\/en\/wp-json\/wp\/v2\/product_tag?post=17910"},{"taxonomy":"berocket_brand","embeddable":true,"href":"https:\/\/adria-klik.com\/en\/wp-json\/wp\/v2\/berocket_brand?post=17910"}],"curies":[{"name":"wp","href":"https:\/\/api.w.org\/{rel}","templated":true}]}}