{"id":17916,"date":"2025-11-27T14:06:04","date_gmt":"2025-11-27T13:06:04","guid":{"rendered":"https:\/\/adria-klik.com\/?post_type=product&#038;p=17916"},"modified":"2025-11-27T14:17:22","modified_gmt":"2025-11-27T13:17:22","slug":"insane-71-vs-61-craft-beer-gift-box","status":"publish","type":"product","link":"https:\/\/adria-klik.com\/en\/proizvod\/insane-71-vs-61-craft-beer-gift-box\/","title":{"rendered":"INSANE 7,1 vs. 6,1"},"content":{"rendered":"<div class=\"cb_FormRow_RightCol_r1b7\">\n<ul>\n<li><strong>INSANE 7,1 vs. 6,1 Craft beer gift box!<\/strong><\/li>\n<li>Sadr\u017ei: <strong>2 x Nova runda C4 s 6,1% Alc<\/strong>. i <strong>2 x Big Foot s 7,1% Alc. Lepi De\u010dki<\/strong> , <strong>Insane kikiriki<\/strong> 100g<strong> HOT 5\/5 Volimljuto<\/strong> i<\/li>\n<li>Crna mat poklon <strong>kutija<\/strong> s <strong>prozorom<\/strong> i <strong>dekoracijom<\/strong><\/li>\n<li><strong>Unikatni poklon paket Craft Beer Hrvatska!<\/strong><\/li>\n<li>C4 IPA-e je kombinacija hmeljeva koji su kori\u0161teni u ovom pivu &#8211; Cascade, Centennial, Chinook i Citra \u010dine 4C kvadrofoniju u ovoj hmeljnoj bombi<\/li>\n<li><strong>Big Foot 7.1% Alkohola!<\/strong> Double Dry Hop New England India Pale Ale 0,5l za Vrhunski u\u017eitak. Me\u0111imurski Lepi De\u010dki Pivovara<\/li>\n<li>#KupujmoHrvatsko Craft Brewery Lepi De\u010dki Me\u0111imurje\u00a0 #Craftbeer #Poklonpaket #Giftbox #Novarunda #Volimljuto #Lepide\u010dki<\/li>\n<li><strong>Craft Beer gift box poklon paket\u00a0<\/strong><\/li>\n<li>Naru\u010di odmah sigurnu dostavu online<\/li>\n<\/ul>\n<\/div>\n","protected":false},"excerpt":{"rendered":"<ul>\n<li><strong>INSANE 7,1 vs. 6,1 Craft beer gift box!<\/strong><\/li>\n<li>Sadr\u017ei: <strong>2 x Nova runda C4 s 6,1% Alc<\/strong>. i <strong>2 x Big Foot s 7,1% Alc. Lepi De\u010dki<\/strong> , <strong>Insane kikiriki<\/strong> 100g<strong> HOT 5\/5 Volimljuto<\/strong> i<\/li>\n<li>Crna mat poklon <strong>kutija<\/strong> s <strong>prozorom<\/strong> i <strong>dekoracijom<\/strong><\/li>\n<li><strong>Unikatni poklon paket Craft Beer Hrvatska!<\/strong><\/li>\n<li><strong>Craft Beer gift box poklon paket\u00a0<\/strong><\/li>\n<li>Naru\u010di odmah sigurnu dostavu online<\/li>\n<\/ul>\n","protected":false},"featured_media":17917,"comment_status":"open","ping_status":"closed","template":"","meta":{"_acf_changed":false},"product_brand":[],"product_cat":[985,1175,1176,1174,1159,619,372,376,560],"product_tag":[1303,2369,2363,2364,1001,2370,2270,2371,2372,2362,1111,1316],"berocket_brand":[1342,823,1315],"class_list":{"0":"post-17916","1":"product","2":"type-product","3":"status-publish","4":"has-post-thumbnail","6":"product_cat-darovni-paketi","7":"product_cat-dostava","8":"product_cat-europa","9":"product_cat-hrvatska","10":"product_cat-nasa-preporuka","11":"product_cat-okusi_adriu","12":"product_cat-pivo-craft","13":"product_cat-premium-proizvodi","14":"product_cat-zagreb","15":"product_tag-akcija","16":"product_tag-big-foot-craft-beer","17":"product_tag-c4","18":"product_tag-craft-beer-gift-box","19":"product_tag-gift-box-2","20":"product_tag-insane-volimljuto","21":"product_tag-istarska-kobasica","22":"product_tag-kikiriki-hot","23":"product_tag-lepi-decki","24":"product_tag-nova-runda-gift-box","25":"product_tag-poklon-paket","26":"product_tag-volimljuto","27":"berocket_brand-lepi-decki","28":"berocket_brand-nova-runda-2","29":"berocket_brand-volimljuto","31":"first","32":"instock","33":"featured","34":"shipping-taxable","35":"purchasable","36":"product-type-simple"},"acf":[],"yoast_head":"<!-- This site is optimized with the Yoast SEO plugin v26.9 - https:\/\/yoast.com\/product\/yoast-seo-wordpress\/ -->\n<title>INSANE 7,1 vs. 6,1 - Adria-Klik.com<\/title>\n<meta name=\"description\" content=\"INSANE 7,1 vs. 6,1 Craft beer gift box!Sadr\u017ei: 2 x Nova runda C4 s 6,1% Alc. i 2 x Big Foot s 7,1% Alc. Lepi De\u010dki , Insane kikiriki 100g HOT 5\/5 Volimljuto\" \/>\n<meta name=\"robots\" content=\"index, follow, max-snippet:-1, max-image-preview:large, max-video-preview:-1\" \/>\n<link rel=\"canonical\" href=\"https:\/\/adria-klik.com\/proizvod\/insane-71-vs-61-craft-beer-gift-box\/\" \/>\n<meta property=\"og:locale\" content=\"en_US\" \/>\n<meta property=\"og:type\" content=\"article\" \/>\n<meta property=\"og:title\" content=\"INSANE 7,1 vs. 6,1 Craft beer gift box!Sadr\u017ei: 2 x Nova runda C4 s 6,1% Alc. i 2 x Big Foot s 7,1% Alc. Lepi De\u010dki , Insane kikiriki 100g HOT 5\/5 Volimljuto\" \/>\n<meta property=\"og:description\" content=\"INSANE 7,1 vs. 6,1 Craft beer gift box!Sadr\u017ei: 2 x Nova runda C4 s 6,1% Alc. i 2 x Big Foot s 7,1% Alc. Lepi De\u010dki , Insane kikiriki 100g HOT 5\/5 Volimljuto\" \/>\n<meta property=\"og:url\" content=\"https:\/\/adria-klik.com\/proizvod\/insane-71-vs-61-craft-beer-gift-box\/\" \/>\n<meta property=\"og:site_name\" content=\"Adria-Klik.com\" \/>\n<meta property=\"article:publisher\" content=\"https:\/\/www.facebook.com\/profile.php?id=100064209425136\" \/>\n<meta property=\"article:modified_time\" content=\"2025-11-27T13:17:22+00:00\" \/>\n<meta property=\"og:image\" content=\"https:\/\/adria-klik.com\/wp-content\/uploads\/2025\/11\/Nova-runda-C4-gift-box-BigFoot-INSANE-peanuts-Croatia-Unikatni-poklon-paket-Gift-Box-online-brza_dostava_Wolt-Glovo-Zagreb-EU-DPD-order-now.jpg\" \/>\n\t<meta property=\"og:image:width\" content=\"1500\" \/>\n\t<meta property=\"og:image:height\" content=\"1500\" \/>\n\t<meta property=\"og:image:type\" content=\"image\/jpeg\" \/>\n<meta name=\"twitter:card\" content=\"summary_large_image\" \/>\n<meta name=\"twitter:label1\" content=\"Est. reading time\" \/>\n\t<meta name=\"twitter:data1\" content=\"1 minute\" \/>\n<script type=\"application\/ld+json\" class=\"yoast-schema-graph\">{\"@context\":\"https:\/\/schema.org\",\"@graph\":[{\"@type\":\"WebPage\",\"@id\":\"https:\/\/adria-klik.com\/proizvod\/insane-71-vs-61-craft-beer-gift-box\/\",\"url\":\"https:\/\/adria-klik.com\/proizvod\/insane-71-vs-61-craft-beer-gift-box\/\",\"name\":\"INSANE 7,1 vs. 6,1 - Adria-Klik.com\",\"isPartOf\":{\"@id\":\"https:\/\/adria-klik.com\/#website\"},\"primaryImageOfPage\":{\"@id\":\"https:\/\/adria-klik.com\/proizvod\/insane-71-vs-61-craft-beer-gift-box\/#primaryimage\"},\"image\":{\"@id\":\"https:\/\/adria-klik.com\/proizvod\/insane-71-vs-61-craft-beer-gift-box\/#primaryimage\"},\"thumbnailUrl\":\"https:\/\/adria-klik.com\/wp-content\/uploads\/2025\/11\/Nova-runda-C4-gift-box-BigFoot-INSANE-peanuts-Croatia-Unikatni-poklon-paket-Gift-Box-online-brza_dostava_Wolt-Glovo-Zagreb-EU-DPD-order-now.jpg\",\"datePublished\":\"2025-11-27T13:06:04+00:00\",\"dateModified\":\"2025-11-27T13:17:22+00:00\",\"description\":\"INSANE 7,1 vs. 6,1 Craft beer gift box!Sadr\u017ei: 2 x Nova runda C4 s 6,1% Alc. i 2 x Big Foot s 7,1% Alc. Lepi De\u010dki , Insane kikiriki 100g HOT 5\/5 Volimljuto\",\"breadcrumb\":{\"@id\":\"https:\/\/adria-klik.com\/proizvod\/insane-71-vs-61-craft-beer-gift-box\/#breadcrumb\"},\"inLanguage\":\"en-US\",\"potentialAction\":[{\"@type\":\"ReadAction\",\"target\":[\"https:\/\/adria-klik.com\/proizvod\/insane-71-vs-61-craft-beer-gift-box\/\"]}]},{\"@type\":\"ImageObject\",\"inLanguage\":\"en-US\",\"@id\":\"https:\/\/adria-klik.com\/proizvod\/insane-71-vs-61-craft-beer-gift-box\/#primaryimage\",\"url\":\"https:\/\/adria-klik.com\/wp-content\/uploads\/2025\/11\/Nova-runda-C4-gift-box-BigFoot-INSANE-peanuts-Croatia-Unikatni-poklon-paket-Gift-Box-online-brza_dostava_Wolt-Glovo-Zagreb-EU-DPD-order-now.jpg\",\"contentUrl\":\"https:\/\/adria-klik.com\/wp-content\/uploads\/2025\/11\/Nova-runda-C4-gift-box-BigFoot-INSANE-peanuts-Croatia-Unikatni-poklon-paket-Gift-Box-online-brza_dostava_Wolt-Glovo-Zagreb-EU-DPD-order-now.jpg\",\"width\":1500,\"height\":1500,\"caption\":\"Poklon paketi | Poslovni pokoni | Poklon za ro\u0111endan | Unikatni autohtoni poklon paketi | Gift Box | Gift basket | Adria-Klik Supply webshop trgovina dostava namirnica, vina, craft piva i delicija Superbrza dostava Zagreb Wolt Glovo Hrvatska i EU DPD GLS - profesionalna vinska logistika #kupujmohrvatsko Naruci online, sigurna kupovina i brza dostava Croatia Unique Craft Beer Gift box \/ basket - Premium Craft beer gift box Nova runda brewery | Croatia autochthonous variety of wine Gift box unique - Autohtona sorta vina Poklon paket - Poslovni pokloni | Pokloni za ro\u0111endan i sve ostale prigode\"},{\"@type\":\"BreadcrumbList\",\"@id\":\"https:\/\/adria-klik.com\/proizvod\/insane-71-vs-61-craft-beer-gift-box\/#breadcrumb\",\"itemListElement\":[{\"@type\":\"ListItem\",\"position\":1,\"name\":\"Po\u010detna stranica\",\"item\":\"https:\/\/adria-klik.com\/en\/\"},{\"@type\":\"ListItem\",\"position\":2,\"name\":\"Shop\",\"item\":\"https:\/\/adria-klik.com\/shop\/\"},{\"@type\":\"ListItem\",\"position\":3,\"name\":\"INSANE 7,1 vs. 6,1\"}]},{\"@type\":\"WebSite\",\"@id\":\"https:\/\/adria-klik.com\/#website\",\"url\":\"https:\/\/adria-klik.com\/\",\"name\":\"Adria-Klik.com\",\"description\":\"Unikatni poklon paketi, Vina, Craft pivo &amp; Delicije - webshop\",\"publisher\":{\"@id\":\"https:\/\/adria-klik.com\/#organization\"},\"potentialAction\":[{\"@type\":\"SearchAction\",\"target\":{\"@type\":\"EntryPoint\",\"urlTemplate\":\"https:\/\/adria-klik.com\/?s={search_term_string}\"},\"query-input\":{\"@type\":\"PropertyValueSpecification\",\"valueRequired\":true,\"valueName\":\"search_term_string\"}}],\"inLanguage\":\"en-US\"},{\"@type\":\"Organization\",\"@id\":\"https:\/\/adria-klik.com\/#organization\",\"name\":\"Adria-Klik.com\",\"alternateName\":\"AK\",\"url\":\"https:\/\/adria-klik.com\/\",\"logo\":{\"@type\":\"ImageObject\",\"inLanguage\":\"en-US\",\"@id\":\"https:\/\/adria-klik.com\/#\/schema\/logo\/image\/\",\"url\":\"https:\/\/adria-klik.com\/wp-content\/uploads\/2025\/12\/Adria-Klik_com-logo-namirnice-vina-craft-pivo-delikatese-delicije-artisan-cokolada.jpg\",\"contentUrl\":\"https:\/\/adria-klik.com\/wp-content\/uploads\/2025\/12\/Adria-Klik_com-logo-namirnice-vina-craft-pivo-delikatese-delicije-artisan-cokolada.jpg\",\"width\":500,\"height\":500,\"caption\":\"Adria-Klik.com\"},\"image\":{\"@id\":\"https:\/\/adria-klik.com\/#\/schema\/logo\/image\/\"},\"sameAs\":[\"https:\/\/www.facebook.com\/profile.php?id=100064209425136\",\"https:\/\/www.instagram.com\/adriaklik\/\",\"https:\/\/www.youtube.com\/user\/PlavacmaliZagreb\"]}]}<\/script>\n<!-- \/ Yoast SEO plugin. -->","yoast_head_json":{"title":"INSANE 7,1 vs. 6,1 - Adria-Klik.com","description":"INSANE 7,1 vs. 6,1 Craft beer gift box!Sadr\u017ei: 2 x Nova runda C4 s 6,1% Alc. i 2 x Big Foot s 7,1% Alc. Lepi De\u010dki , Insane kikiriki 100g HOT 5\/5 Volimljuto","robots":{"index":"index","follow":"follow","max-snippet":"max-snippet:-1","max-image-preview":"max-image-preview:large","max-video-preview":"max-video-preview:-1"},"canonical":"https:\/\/adria-klik.com\/proizvod\/insane-71-vs-61-craft-beer-gift-box\/","og_locale":"en_US","og_type":"article","og_title":"INSANE 7,1 vs. 6,1 Craft beer gift box!Sadr\u017ei: 2 x Nova runda C4 s 6,1% Alc. i 2 x Big Foot s 7,1% Alc. Lepi De\u010dki , Insane kikiriki 100g HOT 5\/5 Volimljuto","og_description":"INSANE 7,1 vs. 6,1 Craft beer gift box!Sadr\u017ei: 2 x Nova runda C4 s 6,1% Alc. i 2 x Big Foot s 7,1% Alc. Lepi De\u010dki , Insane kikiriki 100g HOT 5\/5 Volimljuto","og_url":"https:\/\/adria-klik.com\/proizvod\/insane-71-vs-61-craft-beer-gift-box\/","og_site_name":"Adria-Klik.com","article_publisher":"https:\/\/www.facebook.com\/profile.php?id=100064209425136","article_modified_time":"2025-11-27T13:17:22+00:00","og_image":[{"width":1500,"height":1500,"url":"https:\/\/adria-klik.com\/wp-content\/uploads\/2025\/11\/Nova-runda-C4-gift-box-BigFoot-INSANE-peanuts-Croatia-Unikatni-poklon-paket-Gift-Box-online-brza_dostava_Wolt-Glovo-Zagreb-EU-DPD-order-now.jpg","type":"image\/jpeg"}],"twitter_card":"summary_large_image","twitter_misc":{"Est. reading time":"1 minute"},"schema":{"@context":"https:\/\/schema.org","@graph":[{"@type":"WebPage","@id":"https:\/\/adria-klik.com\/proizvod\/insane-71-vs-61-craft-beer-gift-box\/","url":"https:\/\/adria-klik.com\/proizvod\/insane-71-vs-61-craft-beer-gift-box\/","name":"INSANE 7,1 vs. 6,1 - Adria-Klik.com","isPartOf":{"@id":"https:\/\/adria-klik.com\/#website"},"primaryImageOfPage":{"@id":"https:\/\/adria-klik.com\/proizvod\/insane-71-vs-61-craft-beer-gift-box\/#primaryimage"},"image":{"@id":"https:\/\/adria-klik.com\/proizvod\/insane-71-vs-61-craft-beer-gift-box\/#primaryimage"},"thumbnailUrl":"https:\/\/adria-klik.com\/wp-content\/uploads\/2025\/11\/Nova-runda-C4-gift-box-BigFoot-INSANE-peanuts-Croatia-Unikatni-poklon-paket-Gift-Box-online-brza_dostava_Wolt-Glovo-Zagreb-EU-DPD-order-now.jpg","datePublished":"2025-11-27T13:06:04+00:00","dateModified":"2025-11-27T13:17:22+00:00","description":"INSANE 7,1 vs. 6,1 Craft beer gift box!Sadr\u017ei: 2 x Nova runda C4 s 6,1% Alc. i 2 x Big Foot s 7,1% Alc. Lepi De\u010dki , Insane kikiriki 100g HOT 5\/5 Volimljuto","breadcrumb":{"@id":"https:\/\/adria-klik.com\/proizvod\/insane-71-vs-61-craft-beer-gift-box\/#breadcrumb"},"inLanguage":"en-US","potentialAction":[{"@type":"ReadAction","target":["https:\/\/adria-klik.com\/proizvod\/insane-71-vs-61-craft-beer-gift-box\/"]}]},{"@type":"ImageObject","inLanguage":"en-US","@id":"https:\/\/adria-klik.com\/proizvod\/insane-71-vs-61-craft-beer-gift-box\/#primaryimage","url":"https:\/\/adria-klik.com\/wp-content\/uploads\/2025\/11\/Nova-runda-C4-gift-box-BigFoot-INSANE-peanuts-Croatia-Unikatni-poklon-paket-Gift-Box-online-brza_dostava_Wolt-Glovo-Zagreb-EU-DPD-order-now.jpg","contentUrl":"https:\/\/adria-klik.com\/wp-content\/uploads\/2025\/11\/Nova-runda-C4-gift-box-BigFoot-INSANE-peanuts-Croatia-Unikatni-poklon-paket-Gift-Box-online-brza_dostava_Wolt-Glovo-Zagreb-EU-DPD-order-now.jpg","width":1500,"height":1500,"caption":"Poklon paketi | Poslovni pokoni | Poklon za ro\u0111endan | Unikatni autohtoni poklon paketi | Gift Box | Gift basket | Adria-Klik Supply webshop trgovina dostava namirnica, vina, craft piva i delicija Superbrza dostava Zagreb Wolt Glovo Hrvatska i EU DPD GLS - profesionalna vinska logistika #kupujmohrvatsko Naruci online, sigurna kupovina i brza dostava Croatia Unique Craft Beer Gift box \/ basket - Premium Craft beer gift box Nova runda brewery | Croatia autochthonous variety of wine Gift box unique - Autohtona sorta vina Poklon paket - Poslovni pokloni | Pokloni za ro\u0111endan i sve ostale prigode"},{"@type":"BreadcrumbList","@id":"https:\/\/adria-klik.com\/proizvod\/insane-71-vs-61-craft-beer-gift-box\/#breadcrumb","itemListElement":[{"@type":"ListItem","position":1,"name":"Po\u010detna stranica","item":"https:\/\/adria-klik.com\/en\/"},{"@type":"ListItem","position":2,"name":"Shop","item":"https:\/\/adria-klik.com\/shop\/"},{"@type":"ListItem","position":3,"name":"INSANE 7,1 vs. 6,1"}]},{"@type":"WebSite","@id":"https:\/\/adria-klik.com\/#website","url":"https:\/\/adria-klik.com\/","name":"Adria-Klik.com","description":"Unikatni poklon paketi, Vina, Craft pivo &amp; Delicije - webshop","publisher":{"@id":"https:\/\/adria-klik.com\/#organization"},"potentialAction":[{"@type":"SearchAction","target":{"@type":"EntryPoint","urlTemplate":"https:\/\/adria-klik.com\/?s={search_term_string}"},"query-input":{"@type":"PropertyValueSpecification","valueRequired":true,"valueName":"search_term_string"}}],"inLanguage":"en-US"},{"@type":"Organization","@id":"https:\/\/adria-klik.com\/#organization","name":"Adria-Klik.com","alternateName":"AK","url":"https:\/\/adria-klik.com\/","logo":{"@type":"ImageObject","inLanguage":"en-US","@id":"https:\/\/adria-klik.com\/#\/schema\/logo\/image\/","url":"https:\/\/adria-klik.com\/wp-content\/uploads\/2025\/12\/Adria-Klik_com-logo-namirnice-vina-craft-pivo-delikatese-delicije-artisan-cokolada.jpg","contentUrl":"https:\/\/adria-klik.com\/wp-content\/uploads\/2025\/12\/Adria-Klik_com-logo-namirnice-vina-craft-pivo-delikatese-delicije-artisan-cokolada.jpg","width":500,"height":500,"caption":"Adria-Klik.com"},"image":{"@id":"https:\/\/adria-klik.com\/#\/schema\/logo\/image\/"},"sameAs":["https:\/\/www.facebook.com\/profile.php?id=100064209425136","https:\/\/www.instagram.com\/adriaklik\/","https:\/\/www.youtube.com\/user\/PlavacmaliZagreb"]}]}},"jetpack_sharing_enabled":true,"jetpack-related-posts":[],"_links":{"self":[{"href":"https:\/\/adria-klik.com\/en\/wp-json\/wp\/v2\/product\/17916","targetHints":{"allow":["GET"]}}],"collection":[{"href":"https:\/\/adria-klik.com\/en\/wp-json\/wp\/v2\/product"}],"about":[{"href":"https:\/\/adria-klik.com\/en\/wp-json\/wp\/v2\/types\/product"}],"replies":[{"embeddable":true,"href":"https:\/\/adria-klik.com\/en\/wp-json\/wp\/v2\/comments?post=17916"}],"wp:featuredmedia":[{"embeddable":true,"href":"https:\/\/adria-klik.com\/en\/wp-json\/wp\/v2\/media\/17917"}],"wp:attachment":[{"href":"https:\/\/adria-klik.com\/en\/wp-json\/wp\/v2\/media?parent=17916"}],"wp:term":[{"taxonomy":"product_brand","embeddable":true,"href":"https:\/\/adria-klik.com\/en\/wp-json\/wp\/v2\/product_brand?post=17916"},{"taxonomy":"product_cat","embeddable":true,"href":"https:\/\/adria-klik.com\/en\/wp-json\/wp\/v2\/product_cat?post=17916"},{"taxonomy":"product_tag","embeddable":true,"href":"https:\/\/adria-klik.com\/en\/wp-json\/wp\/v2\/product_tag?post=17916"},{"taxonomy":"berocket_brand","embeddable":true,"href":"https:\/\/adria-klik.com\/en\/wp-json\/wp\/v2\/berocket_brand?post=17916"}],"curies":[{"name":"wp","href":"https:\/\/api.w.org\/{rel}","templated":true}]}}