{"id":17960,"date":"2025-12-04T14:24:51","date_gmt":"2025-12-04T13:24:51","guid":{"rendered":"https:\/\/adria-klik.com\/?post_type=product&#038;p=17960"},"modified":"2025-12-04T14:31:01","modified_gmt":"2025-12-04T13:31:01","slug":"novo-borovnica-premium-liker-07-l-silent-wolf","status":"publish","type":"product","link":"https:\/\/adria-klik.com\/en\/proizvod\/novo-borovnica-premium-liker-07-l-silent-wolf\/","title":{"rendered":"NOVO! Borovnica Premium liker 0,7 l Silent Wolf"},"content":{"rendered":"<ul>\n<li><strong>NOVO!<\/strong><\/li>\n<li><strong>Premium Doma\u0107i<\/strong> <strong>Craft<\/strong> Liker od <strong>Borovnice\u00a0<\/strong><\/li>\n<li><strong>Borovnica<\/strong> liker izra\u0111en je od <strong>doma\u0107e<\/strong> <strong>sirovine<\/strong>, s naglaskom na <strong>prirodan<\/strong>, <strong>\u010dist<\/strong> <strong>okus<\/strong><\/li>\n<li>Blago je <strong>vo\u0107an<\/strong>, <strong>mirisan<\/strong> i <strong>vrlo<\/strong> <strong>pitak<\/strong>, s karakterom koji podsje\u0107a na <strong>svje\u017einu<\/strong> <strong>\u0161umskog<\/strong> <strong>vo\u0107a<\/strong> i <strong>doma\u0107u<\/strong> <strong>tradiciju<\/strong> izrade likera<\/li>\n<li>Ljubi\u010daste je boje koja <strong>odi\u0161e elegancijom<\/strong><\/li>\n<li>Mo\u017ee se poslu\u017eiti kao <strong>aperitiv<\/strong> prije jela ili kao <strong>digestiv<\/strong> nakon obroka<\/li>\n<li>Slu\u017ei se \u010dist, ali mo\u017ee biti i sastavni dio mnogih koktela<\/li>\n<li><strong>Silnet<\/strong> <strong>Wolf<\/strong> &#8211; <strong>Premium<\/strong> <strong>distilled<\/strong> <strong>spirit<\/strong><\/li>\n<li><strong>Naru\u010di sigurnu<\/strong> i <strong>brzu dostavu<\/strong> <strong>online\u00a0<\/strong><\/li>\n<\/ul>\n","protected":false},"excerpt":{"rendered":"<ul>\n<li><strong>NOVO!<\/strong><\/li>\n<li><strong>Premium Doma\u0107i<\/strong> <strong>Craft<\/strong> Liker od <strong>Borovnice\u00a0<\/strong><\/li>\n<li><strong>Borovnica<\/strong> liker izra\u0111en je od <strong>doma\u0107e<\/strong> <strong>sirovine<\/strong>, s naglaskom na <strong>prirodan<\/strong>, <strong>\u010dist<\/strong> <strong>okus<\/strong><\/li>\n<li>Blago je <strong>vo\u0107an<\/strong>, <strong>mirisan<\/strong> i <strong>vrlo<\/strong> <strong>pitak<\/strong>, s karakterom koji podsje\u0107a na <strong>svje\u017einu<\/strong> <strong>\u0161umskog<\/strong> <strong>vo\u0107a<\/strong> i <strong>doma\u0107u<\/strong> <strong>tradiciju<\/strong> izrade likera<\/li>\n<li>Ljubi\u010daste je boje koja <strong>odi\u0161e elegancijom<\/strong><\/li>\n<li>Mo\u017ee se poslu\u017eiti kao <strong>aperitiv<\/strong> prije jela ili kao <strong>digestiv<\/strong> nakon obroka<\/li>\n<li>Slu\u017ei se \u010dist, ali mo\u017ee biti i sastavni dio mnogih koktela<\/li>\n<li><strong>Silnet<\/strong> <strong>Wolf<\/strong> &#8211; <strong>Premium<\/strong> <strong>distilled<\/strong> <strong>spirit<\/strong><\/li>\n<li><strong>Naru\u010di sigurnu<\/strong> i <strong>brzu dostavu<\/strong> <strong>online\u00a0<\/strong><\/li>\n<\/ul>\n","protected":false},"featured_media":17961,"comment_status":"open","ping_status":"closed","template":"","meta":{"_acf_changed":false},"product_brand":[],"product_cat":[383,374,1175,1176,1174,1159,619,436,376,560],"product_tag":[2410,2404,2411,2405,2409,2402,2403,2401],"berocket_brand":[2399],"class_list":{"0":"post-17960","1":"product","2":"type-product","3":"status-publish","4":"has-post-thumbnail","6":"product_cat-akcije","7":"product_cat-alkoholna-pica","8":"product_cat-dostava","9":"product_cat-europa","10":"product_cat-hrvatska","11":"product_cat-nasa-preporuka","12":"product_cat-okusi_adriu","13":"product_cat-ostalo","14":"product_cat-premium-proizvodi","15":"product_cat-zagreb","16":"product_tag-borovnica","17":"product_tag-craft-premium-liker","18":"product_tag-likwr-od-borovnice","19":"product_tag-premium-distilled-spirit-croatia","20":"product_tag-premium-domaci-craft-liker","21":"product_tag-premium-liker-teran","22":"product_tag-silent-wolf","23":"product_tag-teranino","24":"berocket_brand-silent-wolf","26":"first","27":"instock","28":"sale","29":"featured","30":"shipping-taxable","31":"purchasable","32":"product-type-simple"},"acf":[],"yoast_head":"<!-- This site is optimized with the Yoast SEO plugin v26.9 - https:\/\/yoast.com\/product\/yoast-seo-wordpress\/ -->\n<title>NOVO! Borovnica Premium liker 0,7 l Silent Wolf - Adria-Klik.com<\/title>\n<meta name=\"description\" content=\"Borovnica Premium liker 0,7 l Silent Wolf- Premium Doma\u0107i Craft Liker od Borovnice Naru\u010di sigurnu dostavu Teranina Silent wolf\" \/>\n<meta name=\"robots\" content=\"index, follow, max-snippet:-1, max-image-preview:large, max-video-preview:-1\" \/>\n<link rel=\"canonical\" href=\"https:\/\/adria-klik.com\/proizvod\/novo-borovnica-premium-liker-07-l-silent-wolf\/\" \/>\n<meta property=\"og:locale\" content=\"en_US\" \/>\n<meta property=\"og:type\" content=\"article\" \/>\n<meta property=\"og:title\" content=\"NOVO! Teranino Premium liker 0,7 l Silent Wolf - doma\u0107i craft Premium liker napravljen od vina teran - Naru\u010di sigurnu dostavu Teranina Silent wolf\" \/>\n<meta property=\"og:description\" content=\"NOVO! Teranino Premium liker 0,7 l Silent Wolf - doma\u0107i craft Premium liker napravljen od vina teran - Naru\u010di sigurnu dostavu Teranina Silent wolf\" \/>\n<meta property=\"og:url\" content=\"https:\/\/adria-klik.com\/proizvod\/novo-borovnica-premium-liker-07-l-silent-wolf\/\" \/>\n<meta property=\"og:site_name\" content=\"Adria-Klik.com\" \/>\n<meta property=\"article:publisher\" content=\"https:\/\/www.facebook.com\/profile.php?id=100064209425136\" \/>\n<meta property=\"article:modified_time\" content=\"2025-12-04T13:31:01+00:00\" \/>\n<meta property=\"og:image\" content=\"https:\/\/adria-klik.com\/wp-content\/uploads\/2025\/12\/Teranino-Silent-Wolf-Premium-distilled-spirit-Croatia-Teran-liker-online-naruci-dostavu-Adria-Klik-wolt-glovo-Zagreb-liquor-store-fast-delivery-DPD-GLS.jpg\" \/>\n\t<meta property=\"og:image:width\" content=\"1500\" \/>\n\t<meta property=\"og:image:height\" content=\"1500\" \/>\n\t<meta property=\"og:image:type\" content=\"image\/jpeg\" \/>\n<meta name=\"twitter:card\" content=\"summary_large_image\" \/>\n<meta name=\"twitter:label1\" content=\"Est. reading time\" \/>\n\t<meta name=\"twitter:data1\" content=\"1 minute\" \/>\n<script type=\"application\/ld+json\" class=\"yoast-schema-graph\">{\"@context\":\"https:\/\/schema.org\",\"@graph\":[{\"@type\":\"WebPage\",\"@id\":\"https:\/\/adria-klik.com\/proizvod\/novo-borovnica-premium-liker-07-l-silent-wolf\/\",\"url\":\"https:\/\/adria-klik.com\/proizvod\/novo-borovnica-premium-liker-07-l-silent-wolf\/\",\"name\":\"NOVO! Borovnica Premium liker 0,7 l Silent Wolf - Adria-Klik.com\",\"isPartOf\":{\"@id\":\"https:\/\/adria-klik.com\/#website\"},\"primaryImageOfPage\":{\"@id\":\"https:\/\/adria-klik.com\/proizvod\/novo-borovnica-premium-liker-07-l-silent-wolf\/#primaryimage\"},\"image\":{\"@id\":\"https:\/\/adria-klik.com\/proizvod\/novo-borovnica-premium-liker-07-l-silent-wolf\/#primaryimage\"},\"thumbnailUrl\":\"https:\/\/adria-klik.com\/wp-content\/uploads\/2025\/12\/Borovnica-Teranino-Silent-Wolf-Premium-distilled-spirit-Croatia-Teran-liker-online-naruci-dostavu-Adria-Klik-wolt-glovo-Zagreb-liquor-store-fast-delivery-DPD-GLS.jpg\",\"datePublished\":\"2025-12-04T13:24:51+00:00\",\"dateModified\":\"2025-12-04T13:31:01+00:00\",\"description\":\"Borovnica Premium liker 0,7 l Silent Wolf- Premium Doma\u0107i Craft Liker od Borovnice Naru\u010di sigurnu dostavu Teranina Silent wolf\",\"breadcrumb\":{\"@id\":\"https:\/\/adria-klik.com\/proizvod\/novo-borovnica-premium-liker-07-l-silent-wolf\/#breadcrumb\"},\"inLanguage\":\"en-US\",\"potentialAction\":[{\"@type\":\"ReadAction\",\"target\":[\"https:\/\/adria-klik.com\/proizvod\/novo-borovnica-premium-liker-07-l-silent-wolf\/\"]}]},{\"@type\":\"ImageObject\",\"inLanguage\":\"en-US\",\"@id\":\"https:\/\/adria-klik.com\/proizvod\/novo-borovnica-premium-liker-07-l-silent-wolf\/#primaryimage\",\"url\":\"https:\/\/adria-klik.com\/wp-content\/uploads\/2025\/12\/Borovnica-Teranino-Silent-Wolf-Premium-distilled-spirit-Croatia-Teran-liker-online-naruci-dostavu-Adria-Klik-wolt-glovo-Zagreb-liquor-store-fast-delivery-DPD-GLS.jpg\",\"contentUrl\":\"https:\/\/adria-klik.com\/wp-content\/uploads\/2025\/12\/Borovnica-Teranino-Silent-Wolf-Premium-distilled-spirit-Croatia-Teran-liker-online-naruci-dostavu-Adria-Klik-wolt-glovo-Zagreb-liquor-store-fast-delivery-DPD-GLS.jpg\",\"width\":1500,\"height\":1500,\"caption\":\"Silent Wolf - Premium distilled spirit - Novo! - Teranino, Medica, Vi\u0161nja, Borovnica... Naru\u010di dostavu Teranina Silent Wolf Poklon paketi | Poslovni pokoni | Poklon za ro\u0111endan | Unikatni autohtoni poklon paketi | Gift Box | Gift basket | Adria-Klik Supply webshop trgovina dostava namirnica, vina, craft piva i delicija Superbrza dostava Zagreb Wolt Glovo Hrvatska i EU DPD GLS - profesionalna vinska logistika #kupujmohrvatsko Naruci online, sigurna kupovina i brza dostava Croatia Unique Craft Beer Gift box \/ basket - Premium Craft beer gift box Nova runda brewery | Croatia autochthonous variety of wine Gift box unique - Autohtona sorta vina Poklon paket - Poslovni pokloni | Pokloni za ro\u0111endan i sve ostale prigode Plavac mali Dinga\u010d i Postup |Po\u0161ip | Grk | Malvazija | \u0160krlet | Pjenu\u0161ci | Rikije i Likeri | Hrvatski proizvodi | Silent Wolf Teranino\"},{\"@type\":\"BreadcrumbList\",\"@id\":\"https:\/\/adria-klik.com\/proizvod\/novo-borovnica-premium-liker-07-l-silent-wolf\/#breadcrumb\",\"itemListElement\":[{\"@type\":\"ListItem\",\"position\":1,\"name\":\"Po\u010detna stranica\",\"item\":\"https:\/\/adria-klik.com\/en\/\"},{\"@type\":\"ListItem\",\"position\":2,\"name\":\"Shop\",\"item\":\"https:\/\/adria-klik.com\/shop\/\"},{\"@type\":\"ListItem\",\"position\":3,\"name\":\"NOVO! Borovnica Premium liker 0,7 l Silent Wolf\"}]},{\"@type\":\"WebSite\",\"@id\":\"https:\/\/adria-klik.com\/#website\",\"url\":\"https:\/\/adria-klik.com\/\",\"name\":\"Adria-Klik.com\",\"description\":\"Unikatni poklon paketi, Vina, Craft pivo &amp; Delicije - webshop\",\"publisher\":{\"@id\":\"https:\/\/adria-klik.com\/#organization\"},\"potentialAction\":[{\"@type\":\"SearchAction\",\"target\":{\"@type\":\"EntryPoint\",\"urlTemplate\":\"https:\/\/adria-klik.com\/?s={search_term_string}\"},\"query-input\":{\"@type\":\"PropertyValueSpecification\",\"valueRequired\":true,\"valueName\":\"search_term_string\"}}],\"inLanguage\":\"en-US\"},{\"@type\":\"Organization\",\"@id\":\"https:\/\/adria-klik.com\/#organization\",\"name\":\"Adria-Klik.com\",\"alternateName\":\"AK\",\"url\":\"https:\/\/adria-klik.com\/\",\"logo\":{\"@type\":\"ImageObject\",\"inLanguage\":\"en-US\",\"@id\":\"https:\/\/adria-klik.com\/#\/schema\/logo\/image\/\",\"url\":\"https:\/\/adria-klik.com\/wp-content\/uploads\/2025\/12\/Adria-Klik_com-logo-namirnice-vina-craft-pivo-delikatese-delicije-artisan-cokolada.jpg\",\"contentUrl\":\"https:\/\/adria-klik.com\/wp-content\/uploads\/2025\/12\/Adria-Klik_com-logo-namirnice-vina-craft-pivo-delikatese-delicije-artisan-cokolada.jpg\",\"width\":500,\"height\":500,\"caption\":\"Adria-Klik.com\"},\"image\":{\"@id\":\"https:\/\/adria-klik.com\/#\/schema\/logo\/image\/\"},\"sameAs\":[\"https:\/\/www.facebook.com\/profile.php?id=100064209425136\",\"https:\/\/www.instagram.com\/adriaklik\/\",\"https:\/\/www.youtube.com\/user\/PlavacmaliZagreb\"]}]}<\/script>\n<!-- \/ Yoast SEO plugin. -->","yoast_head_json":{"title":"NOVO! Borovnica Premium liker 0,7 l Silent Wolf - Adria-Klik.com","description":"Borovnica Premium liker 0,7 l Silent Wolf- Premium Doma\u0107i Craft Liker od Borovnice Naru\u010di sigurnu dostavu Teranina Silent wolf","robots":{"index":"index","follow":"follow","max-snippet":"max-snippet:-1","max-image-preview":"max-image-preview:large","max-video-preview":"max-video-preview:-1"},"canonical":"https:\/\/adria-klik.com\/proizvod\/novo-borovnica-premium-liker-07-l-silent-wolf\/","og_locale":"en_US","og_type":"article","og_title":"NOVO! Teranino Premium liker 0,7 l Silent Wolf - doma\u0107i craft Premium liker napravljen od vina teran - Naru\u010di sigurnu dostavu Teranina Silent wolf","og_description":"NOVO! Teranino Premium liker 0,7 l Silent Wolf - doma\u0107i craft Premium liker napravljen od vina teran - Naru\u010di sigurnu dostavu Teranina Silent wolf","og_url":"https:\/\/adria-klik.com\/proizvod\/novo-borovnica-premium-liker-07-l-silent-wolf\/","og_site_name":"Adria-Klik.com","article_publisher":"https:\/\/www.facebook.com\/profile.php?id=100064209425136","article_modified_time":"2025-12-04T13:31:01+00:00","og_image":[{"width":1500,"height":1500,"url":"https:\/\/adria-klik.com\/wp-content\/uploads\/2025\/12\/Teranino-Silent-Wolf-Premium-distilled-spirit-Croatia-Teran-liker-online-naruci-dostavu-Adria-Klik-wolt-glovo-Zagreb-liquor-store-fast-delivery-DPD-GLS.jpg","type":"image\/jpeg"}],"twitter_card":"summary_large_image","twitter_misc":{"Est. reading time":"1 minute"},"schema":{"@context":"https:\/\/schema.org","@graph":[{"@type":"WebPage","@id":"https:\/\/adria-klik.com\/proizvod\/novo-borovnica-premium-liker-07-l-silent-wolf\/","url":"https:\/\/adria-klik.com\/proizvod\/novo-borovnica-premium-liker-07-l-silent-wolf\/","name":"NOVO! Borovnica Premium liker 0,7 l Silent Wolf - Adria-Klik.com","isPartOf":{"@id":"https:\/\/adria-klik.com\/#website"},"primaryImageOfPage":{"@id":"https:\/\/adria-klik.com\/proizvod\/novo-borovnica-premium-liker-07-l-silent-wolf\/#primaryimage"},"image":{"@id":"https:\/\/adria-klik.com\/proizvod\/novo-borovnica-premium-liker-07-l-silent-wolf\/#primaryimage"},"thumbnailUrl":"https:\/\/adria-klik.com\/wp-content\/uploads\/2025\/12\/Borovnica-Teranino-Silent-Wolf-Premium-distilled-spirit-Croatia-Teran-liker-online-naruci-dostavu-Adria-Klik-wolt-glovo-Zagreb-liquor-store-fast-delivery-DPD-GLS.jpg","datePublished":"2025-12-04T13:24:51+00:00","dateModified":"2025-12-04T13:31:01+00:00","description":"Borovnica Premium liker 0,7 l Silent Wolf- Premium Doma\u0107i Craft Liker od Borovnice Naru\u010di sigurnu dostavu Teranina Silent wolf","breadcrumb":{"@id":"https:\/\/adria-klik.com\/proizvod\/novo-borovnica-premium-liker-07-l-silent-wolf\/#breadcrumb"},"inLanguage":"en-US","potentialAction":[{"@type":"ReadAction","target":["https:\/\/adria-klik.com\/proizvod\/novo-borovnica-premium-liker-07-l-silent-wolf\/"]}]},{"@type":"ImageObject","inLanguage":"en-US","@id":"https:\/\/adria-klik.com\/proizvod\/novo-borovnica-premium-liker-07-l-silent-wolf\/#primaryimage","url":"https:\/\/adria-klik.com\/wp-content\/uploads\/2025\/12\/Borovnica-Teranino-Silent-Wolf-Premium-distilled-spirit-Croatia-Teran-liker-online-naruci-dostavu-Adria-Klik-wolt-glovo-Zagreb-liquor-store-fast-delivery-DPD-GLS.jpg","contentUrl":"https:\/\/adria-klik.com\/wp-content\/uploads\/2025\/12\/Borovnica-Teranino-Silent-Wolf-Premium-distilled-spirit-Croatia-Teran-liker-online-naruci-dostavu-Adria-Klik-wolt-glovo-Zagreb-liquor-store-fast-delivery-DPD-GLS.jpg","width":1500,"height":1500,"caption":"Silent Wolf - Premium distilled spirit - Novo! - Teranino, Medica, Vi\u0161nja, Borovnica... Naru\u010di dostavu Teranina Silent Wolf Poklon paketi | Poslovni pokoni | Poklon za ro\u0111endan | Unikatni autohtoni poklon paketi | Gift Box | Gift basket | Adria-Klik Supply webshop trgovina dostava namirnica, vina, craft piva i delicija Superbrza dostava Zagreb Wolt Glovo Hrvatska i EU DPD GLS - profesionalna vinska logistika #kupujmohrvatsko Naruci online, sigurna kupovina i brza dostava Croatia Unique Craft Beer Gift box \/ basket - Premium Craft beer gift box Nova runda brewery | Croatia autochthonous variety of wine Gift box unique - Autohtona sorta vina Poklon paket - Poslovni pokloni | Pokloni za ro\u0111endan i sve ostale prigode Plavac mali Dinga\u010d i Postup |Po\u0161ip | Grk | Malvazija | \u0160krlet | Pjenu\u0161ci | Rikije i Likeri | Hrvatski proizvodi | Silent Wolf Teranino"},{"@type":"BreadcrumbList","@id":"https:\/\/adria-klik.com\/proizvod\/novo-borovnica-premium-liker-07-l-silent-wolf\/#breadcrumb","itemListElement":[{"@type":"ListItem","position":1,"name":"Po\u010detna stranica","item":"https:\/\/adria-klik.com\/en\/"},{"@type":"ListItem","position":2,"name":"Shop","item":"https:\/\/adria-klik.com\/shop\/"},{"@type":"ListItem","position":3,"name":"NOVO! Borovnica Premium liker 0,7 l Silent Wolf"}]},{"@type":"WebSite","@id":"https:\/\/adria-klik.com\/#website","url":"https:\/\/adria-klik.com\/","name":"Adria-Klik.com","description":"Unikatni poklon paketi, Vina, Craft pivo &amp; Delicije - webshop","publisher":{"@id":"https:\/\/adria-klik.com\/#organization"},"potentialAction":[{"@type":"SearchAction","target":{"@type":"EntryPoint","urlTemplate":"https:\/\/adria-klik.com\/?s={search_term_string}"},"query-input":{"@type":"PropertyValueSpecification","valueRequired":true,"valueName":"search_term_string"}}],"inLanguage":"en-US"},{"@type":"Organization","@id":"https:\/\/adria-klik.com\/#organization","name":"Adria-Klik.com","alternateName":"AK","url":"https:\/\/adria-klik.com\/","logo":{"@type":"ImageObject","inLanguage":"en-US","@id":"https:\/\/adria-klik.com\/#\/schema\/logo\/image\/","url":"https:\/\/adria-klik.com\/wp-content\/uploads\/2025\/12\/Adria-Klik_com-logo-namirnice-vina-craft-pivo-delikatese-delicije-artisan-cokolada.jpg","contentUrl":"https:\/\/adria-klik.com\/wp-content\/uploads\/2025\/12\/Adria-Klik_com-logo-namirnice-vina-craft-pivo-delikatese-delicije-artisan-cokolada.jpg","width":500,"height":500,"caption":"Adria-Klik.com"},"image":{"@id":"https:\/\/adria-klik.com\/#\/schema\/logo\/image\/"},"sameAs":["https:\/\/www.facebook.com\/profile.php?id=100064209425136","https:\/\/www.instagram.com\/adriaklik\/","https:\/\/www.youtube.com\/user\/PlavacmaliZagreb"]}]}},"jetpack_sharing_enabled":true,"jetpack-related-posts":[],"_links":{"self":[{"href":"https:\/\/adria-klik.com\/en\/wp-json\/wp\/v2\/product\/17960","targetHints":{"allow":["GET"]}}],"collection":[{"href":"https:\/\/adria-klik.com\/en\/wp-json\/wp\/v2\/product"}],"about":[{"href":"https:\/\/adria-klik.com\/en\/wp-json\/wp\/v2\/types\/product"}],"replies":[{"embeddable":true,"href":"https:\/\/adria-klik.com\/en\/wp-json\/wp\/v2\/comments?post=17960"}],"wp:featuredmedia":[{"embeddable":true,"href":"https:\/\/adria-klik.com\/en\/wp-json\/wp\/v2\/media\/17961"}],"wp:attachment":[{"href":"https:\/\/adria-klik.com\/en\/wp-json\/wp\/v2\/media?parent=17960"}],"wp:term":[{"taxonomy":"product_brand","embeddable":true,"href":"https:\/\/adria-klik.com\/en\/wp-json\/wp\/v2\/product_brand?post=17960"},{"taxonomy":"product_cat","embeddable":true,"href":"https:\/\/adria-klik.com\/en\/wp-json\/wp\/v2\/product_cat?post=17960"},{"taxonomy":"product_tag","embeddable":true,"href":"https:\/\/adria-klik.com\/en\/wp-json\/wp\/v2\/product_tag?post=17960"},{"taxonomy":"berocket_brand","embeddable":true,"href":"https:\/\/adria-klik.com\/en\/wp-json\/wp\/v2\/berocket_brand?post=17960"}],"curies":[{"name":"wp","href":"https:\/\/api.w.org\/{rel}","templated":true}]}}