{"id":17980,"date":"2025-12-19T00:39:14","date_gmt":"2025-12-18T23:39:14","guid":{"rendered":"https:\/\/adria-klik.com\/?post_type=product&#038;p=17980"},"modified":"2025-12-19T00:52:09","modified_gmt":"2025-12-18T23:52:09","slug":"ravni-kotari-bozicno-izdanje-limited-edition","status":"publish","type":"product","link":"https:\/\/adria-klik.com\/en\/proizvod\/ravni-kotari-bozicno-izdanje-limited-edition\/","title":{"rendered":"Ravni Kotari &#8211; Bo\u017ei\u0107no izdanje Limited edition"},"content":{"rendered":"<ul>\n<li>Bo\u017ei\u0107no izdanje Limited edition &#8211; <strong>Ravni Kotari<\/strong><\/li>\n<li><strong>Bo\u017eanstveni i unikatni poklon paket<\/strong> sadr\u017ei:<\/li>\n<li>Lampredija Crni <strong>Cuve<\/strong> 0,75 l <strong>Benediktinke Sv. Marije Zadar<\/strong>,<\/li>\n<li><strong> Merlot<\/strong> 0,75l Vinarija <strong>Boketa<\/strong>,<\/li>\n<li>Crna Mat <strong>poklon<\/strong> kutija s prozorom i dekoracijom,<\/li>\n<li>umjetni <strong>snijeg<\/strong> ,<\/li>\n<li>3 x mali <strong>Bo\u017ei\u0107ni<\/strong> <strong>pokloni<\/strong> i <strong>kapa<\/strong> za <strong>vino<\/strong> <strong>Djed<\/strong> <strong>Mraz<\/strong>.<\/li>\n<li><strong>Novo<\/strong> na tr\u017ei\u0161tu!\u00a0 <strong>Ekskluzivno<\/strong>!<\/li>\n<li><strong>Merlot<\/strong> <strong>ZORKA<\/strong> 0,75l\u00a0 Vinogorje Ravni Kotari &#8211; Vinarija <strong>Boketa<\/strong><\/li>\n<li>Zemunik Donji &#8211; Wine from Croatia<\/li>\n<li><strong>Moderna<\/strong> <strong>vinarija<\/strong> inspirirana tradicijom i ba\u0161tinom kraja Ravnih kotara<\/li>\n<li><strong>Suho crveno<\/strong> vino s notama crvenog <strong>vo\u0107a<\/strong>, blagih <strong>za\u010dina<\/strong> i <strong>mekih<\/strong> tanina<\/li>\n<li>\u201c<strong>Zorka<\/strong>\u201d je karakterna, ali <strong>pitoma<\/strong>, odra\u017eava rasko\u0161 i <strong>dubinu<\/strong> <strong>merlota<\/strong> uz karakter <strong>kraja<\/strong> iz kojeg dolazi<\/li>\n<li><strong>Naru\u010di<\/strong> dostavu <strong>online<\/strong><\/li>\n<li>Brza i sigurna kupovina<\/li>\n<\/ul>\n<div class=\"fe-block fe-block-60c62d835978664a7e26\">\n<div id=\"block-60c62d835978664a7e26\" class=\"sqs-block html-block sqs-block-html\" data-blend-mode=\"NORMAL\" data-block-type=\"2\" data-border-radii=\"{&quot;topLeft&quot;:{&quot;unit&quot;:&quot;px&quot;,&quot;value&quot;:0.0},&quot;topRight&quot;:{&quot;unit&quot;:&quot;px&quot;,&quot;value&quot;:0.0},&quot;bottomLeft&quot;:{&quot;unit&quot;:&quot;px&quot;,&quot;value&quot;:0.0},&quot;bottomRight&quot;:{&quot;unit&quot;:&quot;px&quot;,&quot;value&quot;:0.0}}\" data-sqsp-block=\"text\">\n<div class=\"sqs-block-content\">\n<div class=\"sqs-html-content\" data-sqsp-text-block-content=\"\">\n<h2 class=\"preFade fadeIn\">Vinograd Boketa<\/h2>\n<\/div>\n<\/div>\n<\/div>\n<\/div>\n<div class=\"fe-block fe-block-4d9d8d41a233b419eb0a\">\n<div id=\"block-4d9d8d41a233b419eb0a\" class=\"sqs-block html-block sqs-block-html\" data-blend-mode=\"NORMAL\" data-block-type=\"2\" data-border-radii=\"{&quot;topLeft&quot;:{&quot;unit&quot;:&quot;px&quot;,&quot;value&quot;:0.0},&quot;topRight&quot;:{&quot;unit&quot;:&quot;px&quot;,&quot;value&quot;:0.0},&quot;bottomLeft&quot;:{&quot;unit&quot;:&quot;px&quot;,&quot;value&quot;:0.0},&quot;bottomRight&quot;:{&quot;unit&quot;:&quot;px&quot;,&quot;value&quot;:0.0}}\" data-sqsp-block=\"text\">\n<div class=\"sqs-block-content\">\n<div class=\"sqs-html-content\" data-sqsp-text-block-content=\"\">\n<p class=\"preFade fadeIn\">Na\u0161 vinograd prostire se na tri hektra u<strong> Ravnim kotarima<\/strong>, podru\u010dju poznatom po dugoj vinogradarskoj tradiciji i idealnim agroekolo\u0161kim uvjetima, gdje umjereno topla vla\u017ena klima pogoduje optimalnom osun\u010davanju i ujedna\u010denom sazrijevanju gro\u017e\u0111a te osigurava optimalne uvjete za uzgoj autohtonih i me\u0111unarodnih vinskih sorti.<\/p>\n<p class=\"preFade fadeIn\">Svaki korak uzgoja posve\u0107en je o\u010duvanju autenti\u010dnosti i kvalitete, kako bi u svakoj \u010da\u0161i u\u017eivali u bogatstvu i jedinstvenosti na\u0161ih vina. Pro\u0161irenje vinograda planirano je u narednom periodu, a \u010dime \u0107e se i obogatiti na\u0161a vinska ponuda.<\/p>\n<\/div>\n<\/div>\n<\/div>\n<\/div>\n<div class=\"fe-block fe-block-6999d8d540d0f7e36424\">\n<div id=\"block-6999d8d540d0f7e36424\" class=\"sqs-block html-block sqs-block-html\" data-blend-mode=\"NORMAL\" data-block-type=\"2\" data-border-radii=\"{&quot;topLeft&quot;:{&quot;unit&quot;:&quot;px&quot;,&quot;value&quot;:0.0},&quot;topRight&quot;:{&quot;unit&quot;:&quot;px&quot;,&quot;value&quot;:0.0},&quot;bottomLeft&quot;:{&quot;unit&quot;:&quot;px&quot;,&quot;value&quot;:0.0},&quot;bottomRight&quot;:{&quot;unit&quot;:&quot;px&quot;,&quot;value&quot;:0.0}}\" data-sqsp-block=\"text\">\n<div class=\"sqs-block-content\">\n<div class=\"sqs-html-content\" data-sqsp-text-block-content=\"\">\n<h2 class=\"preFade fadeIn\">Proizvodnja<\/h2>\n<\/div>\n<\/div>\n<\/div>\n<\/div>\n<div class=\"fe-block fe-block-c5d1f04b8d8f12591b6c\">\n<div id=\"block-c5d1f04b8d8f12591b6c\" class=\"sqs-block html-block sqs-block-html\" data-blend-mode=\"NORMAL\" data-block-type=\"2\" data-border-radii=\"{&quot;topLeft&quot;:{&quot;unit&quot;:&quot;px&quot;,&quot;value&quot;:0.0},&quot;topRight&quot;:{&quot;unit&quot;:&quot;px&quot;,&quot;value&quot;:0.0},&quot;bottomLeft&quot;:{&quot;unit&quot;:&quot;px&quot;,&quot;value&quot;:0.0},&quot;bottomRight&quot;:{&quot;unit&quot;:&quot;px&quot;,&quot;value&quot;:0.0}}\" data-sqsp-block=\"text\">\n<div class=\"sqs-block-content\">\n<div class=\"sqs-html-content\" data-sqsp-text-block-content=\"\">\n<p class=\"preFade fadeIn\">U na\u0161oj vinariji cijeli proces proizvodnje prati tradicija i pa\u017enja prema detaljima. Gro\u017e\u0111e beremo ru\u010dno u optimalnoj zrelosti kako bismo sa\u010duvali svje\u017einu i bogatstvo aroma.<\/p>\n<p class=\"preFade fadeIn\">Nakon berbe, gro\u017e\u0111e se pa\u017eljivo sortira i blago pre\u0161a, \u010duvaju\u0107i najbolje karakteristike svake sorte. Fermentacija se odvija pod kontroliranim temperaturnim uvjetima, \u0161to omogu\u0107ava razvoj punog okusa i harmonije u vinu.<\/p>\n<p class=\"preFade fadeIn\">Nakon zavr\u0161ene fermentacije, vino odle\u017eava u specijaliziranim ba\u010dvama, \u010dime utje\u010demo na maksimalno o\u010duvanje sortnih aroma, svje\u017eine i vinske \u010disto\u0107e. Ovakav na\u010din vinifikacije omogu\u0107ava potpunu mikrobiolo\u0161ku i kemijsku stabilnost vina.<\/p>\n<\/div>\n<\/div>\n<\/div>\n<\/div>\n<p>&nbsp;<\/p>\n<p>&nbsp;<\/p>\n","protected":false},"excerpt":{"rendered":"<ul>\n<li><strong>Bo\u017ei\u0107no izdanje Limited edition &#8211; Ravni Kotari<\/strong><\/li>\n<li><strong>Bo\u017eanstveni i unikatni poklon paket<\/strong> sadr\u017ei:<\/li>\n<li>Lampredija Crni <strong>Cuve<\/strong> 0,75 l <strong>Benediktinke Sv. Marije Zadar<\/strong>,<\/li>\n<li><strong> Merlot<\/strong> 0,75l Vinarija <strong>Boketa<\/strong>,<\/li>\n<li>Crna Mat <strong>poklon<\/strong> kutija s prozorom i dekoracijom,<\/li>\n<li>umjetni <strong>snijeg<\/strong> ,<\/li>\n<li>3 x mali <strong>Bo\u017ei\u0107ni<\/strong> <strong>pokloni<\/strong> i <strong>kapa<\/strong> za <strong>vino<\/strong> <strong>Djed<\/strong> <strong>Mraz<\/strong>.<\/li>\n<li><\/li>\n<li><strong>Novo<\/strong> na tr\u017ei\u0161tu!\u00a0 <strong>Ekskluzivno<\/strong>!<\/li>\n<li><strong>Merlot<\/strong> <strong>ZORKA<\/strong> 0,75l\u00a0 Vinogorje Ravni Kotari &#8211; Vinarija <strong>Boketa<\/strong><\/li>\n<li>Zemunik Donji &#8211; Wine from Croatia<\/li>\n<li><strong>Moderna<\/strong> <strong>vinarija<\/strong> inspirirana tradicijom i ba\u0161tinom kraja Ravnih kotara<\/li>\n<li><strong>Suho crveno<\/strong> vino s notama crvenog <strong>vo\u0107a<\/strong>, blagih <strong>za\u010dina<\/strong> i <strong>mekih<\/strong> tanina<\/li>\n<li>\u201c<strong>Zorka<\/strong>\u201d je karakterna, ali <strong>pitoma<\/strong>, odra\u017eava rasko\u0161 i <strong>dubinu<\/strong> <strong>merlota<\/strong> uz karakter <strong>kraja<\/strong> iz kojeg dolazi<\/li>\n<li>Naru\u010di dostavu online<\/li>\n<li>Brza i sigurna kupovina<\/li>\n<\/ul>\n","protected":false},"featured_media":17985,"comment_status":"open","ping_status":"closed","template":"","meta":{"_acf_changed":false},"product_brand":[],"product_cat":[985,1175,1176,1174,1159,376,560],"product_tag":[2427,2425,2394,2391,1111,2380,2428,2390,2426,1944,2393],"berocket_brand":[574,2387],"class_list":{"0":"post-17980","1":"product","2":"type-product","3":"status-publish","4":"has-post-thumbnail","6":"product_cat-darovni-paketi","7":"product_cat-dostava","8":"product_cat-europa","9":"product_cat-hrvatska","10":"product_cat-nasa-preporuka","11":"product_cat-premium-proizvodi","12":"product_cat-zagreb","13":"product_tag-bozicni-poklon-paket","14":"product_tag-lampredija","15":"product_tag-merlot","16":"product_tag-online-wineshop","17":"product_tag-poklon-paket","18":"product_tag-ravni-kotari","19":"product_tag-sretan-bozic","20":"product_tag-vinarija-boketa","21":"product_tag-wine-gift-boc-christmas","22":"product_tag-zadar","23":"product_tag-zorka","24":"berocket_brand-benediktinke-sv-marije-zadar","25":"berocket_brand-vinarija-boketa","27":"first","28":"instock","29":"sale","30":"featured","31":"shipping-taxable","32":"purchasable","33":"product-type-simple"},"acf":[],"yoast_head":"<!-- This site is optimized with the Yoast SEO plugin v26.9 - https:\/\/yoast.com\/product\/yoast-seo-wordpress\/ -->\n<title>Ravni Kotari - Bo\u017ei\u0107no izdanje Limited edition - Adria-Klik.com<\/title>\n<meta name=\"description\" content=\"Ravni Kotari - Bo\u017ei\u0107no izdanje Limited edition Vinogorje Ravni Kotari - Vinarija BoketaZemunik Donji - Wine from Croatia - naru\u010di dostavu\" \/>\n<meta name=\"robots\" content=\"index, follow, max-snippet:-1, max-image-preview:large, max-video-preview:-1\" \/>\n<link rel=\"canonical\" href=\"https:\/\/adria-klik.com\/proizvod\/ravni-kotari-bozicno-izdanje-limited-edition\/\" \/>\n<meta property=\"og:locale\" content=\"en_US\" \/>\n<meta property=\"og:type\" content=\"article\" \/>\n<meta property=\"og:title\" content=\"Merlot ZORKA 0,75l\u00a0 Vinogorje Ravni Kotari - Vinarija Boketa\" \/>\n<meta property=\"og:description\" content=\"Novo na tr\u017ei\u0161tu!\u00a0 Ekskluzivno!Merlot ZORKA 0,75l\u00a0 Vinogorje Ravni Kotari - Vinarija BoketaZemunik Donji - Wine from Croatia naru\u010di dostavu DPD GLS\" \/>\n<meta property=\"og:url\" content=\"https:\/\/adria-klik.com\/proizvod\/ravni-kotari-bozicno-izdanje-limited-edition\/\" \/>\n<meta property=\"og:site_name\" content=\"Adria-Klik.com\" \/>\n<meta property=\"article:publisher\" content=\"https:\/\/www.facebook.com\/profile.php?id=100064209425136\" \/>\n<meta property=\"article:modified_time\" content=\"2025-12-18T23:52:09+00:00\" \/>\n<meta property=\"og:image\" content=\"https:\/\/adria-klik.com\/wp-content\/uploads\/2025\/11\/Merlot-ZORKA-Zadar-Ravni-Kotari-Vinarija-Boketa-Zemunik-Donji-Novo-na-trzistu-075l-Adria-Klik-Taste-of-Premium-Fast-delivery.jpg\" \/>\n\t<meta property=\"og:image:width\" content=\"1500\" \/>\n\t<meta property=\"og:image:height\" content=\"1500\" \/>\n\t<meta property=\"og:image:type\" content=\"image\/jpeg\" \/>\n<meta name=\"twitter:card\" content=\"summary_large_image\" \/>\n<meta name=\"twitter:label1\" content=\"Est. reading time\" \/>\n\t<meta name=\"twitter:data1\" content=\"2 minutes\" \/>\n<script type=\"application\/ld+json\" class=\"yoast-schema-graph\">{\"@context\":\"https:\/\/schema.org\",\"@graph\":[{\"@type\":\"WebPage\",\"@id\":\"https:\/\/adria-klik.com\/proizvod\/ravni-kotari-bozicno-izdanje-limited-edition\/\",\"url\":\"https:\/\/adria-klik.com\/proizvod\/ravni-kotari-bozicno-izdanje-limited-edition\/\",\"name\":\"Ravni Kotari - Bo\u017ei\u0107no izdanje Limited edition - Adria-Klik.com\",\"isPartOf\":{\"@id\":\"https:\/\/adria-klik.com\/#website\"},\"primaryImageOfPage\":{\"@id\":\"https:\/\/adria-klik.com\/proizvod\/ravni-kotari-bozicno-izdanje-limited-edition\/#primaryimage\"},\"image\":{\"@id\":\"https:\/\/adria-klik.com\/proizvod\/ravni-kotari-bozicno-izdanje-limited-edition\/#primaryimage\"},\"thumbnailUrl\":\"https:\/\/adria-klik.com\/wp-content\/uploads\/2025\/12\/Ravni-kotari-Lampredija-cuve-Merlot-Dinka-gift-box-Unique-Croatia-Unikatni-poklon-paket-online-dostava_Wolt-Glovo-Zagreb-EU-DPD-order-now-novo.jpg\",\"datePublished\":\"2025-12-18T23:39:14+00:00\",\"dateModified\":\"2025-12-18T23:52:09+00:00\",\"description\":\"Ravni Kotari - Bo\u017ei\u0107no izdanje Limited edition Vinogorje Ravni Kotari - Vinarija BoketaZemunik Donji - Wine from Croatia - naru\u010di dostavu\",\"breadcrumb\":{\"@id\":\"https:\/\/adria-klik.com\/proizvod\/ravni-kotari-bozicno-izdanje-limited-edition\/#breadcrumb\"},\"inLanguage\":\"en-US\",\"potentialAction\":[{\"@type\":\"ReadAction\",\"target\":[\"https:\/\/adria-klik.com\/proizvod\/ravni-kotari-bozicno-izdanje-limited-edition\/\"]}]},{\"@type\":\"ImageObject\",\"inLanguage\":\"en-US\",\"@id\":\"https:\/\/adria-klik.com\/proizvod\/ravni-kotari-bozicno-izdanje-limited-edition\/#primaryimage\",\"url\":\"https:\/\/adria-klik.com\/wp-content\/uploads\/2025\/12\/Ravni-kotari-Lampredija-cuve-Merlot-Dinka-gift-box-Unique-Croatia-Unikatni-poklon-paket-online-dostava_Wolt-Glovo-Zagreb-EU-DPD-order-now-novo.jpg\",\"contentUrl\":\"https:\/\/adria-klik.com\/wp-content\/uploads\/2025\/12\/Ravni-kotari-Lampredija-cuve-Merlot-Dinka-gift-box-Unique-Croatia-Unikatni-poklon-paket-online-dostava_Wolt-Glovo-Zagreb-EU-DPD-order-now-novo.jpg\",\"width\":1500,\"height\":1500,\"caption\":\"Ravni Kotari Poklon paket- Lampredija Crni Cuve i Merlot dinka vinarija Boketa! Novo! Naru\u010di online! | Poslovni pokoni | Poklon za ro\u0111endan | Unikatni autohtoni poklon paketi | Gift Box | Gift basket | Adria-Klik Supply webshop trgovina dostava namirnica, vina, craft piva i delicija Superbrza dostava Zagreb Wolt Glovo Hrvatska i EU DPD GLS - profesionalna vinska logistika #kupujmohrvatsko Naruci online, sigurna kupovina i brza dostava Croatia Unique Craft Beer Gift box \/ basket - Premium Craft beer gift box Nova runda brewery | Croatia autochthonous variety of wine Gift box unique - Autohtona sorta vina Poklon paket - Poslovni pokloni | Pokloni za ro\u0111endan i sve ostale prigode Plavac mali Dinga\u010d i Postup |Po\u0161ip | Grk | Malvazija | \u0160krlet | Pjenu\u0161ci |\"},{\"@type\":\"BreadcrumbList\",\"@id\":\"https:\/\/adria-klik.com\/proizvod\/ravni-kotari-bozicno-izdanje-limited-edition\/#breadcrumb\",\"itemListElement\":[{\"@type\":\"ListItem\",\"position\":1,\"name\":\"Po\u010detna stranica\",\"item\":\"https:\/\/adria-klik.com\/en\/\"},{\"@type\":\"ListItem\",\"position\":2,\"name\":\"Shop\",\"item\":\"https:\/\/adria-klik.com\/shop\/\"},{\"@type\":\"ListItem\",\"position\":3,\"name\":\"Ravni Kotari &#8211; Bo\u017ei\u0107no izdanje Limited edition\"}]},{\"@type\":\"WebSite\",\"@id\":\"https:\/\/adria-klik.com\/#website\",\"url\":\"https:\/\/adria-klik.com\/\",\"name\":\"Adria-Klik.com\",\"description\":\"Unikatni poklon paketi, Vina, Craft pivo &amp; Delicije - webshop\",\"publisher\":{\"@id\":\"https:\/\/adria-klik.com\/#organization\"},\"potentialAction\":[{\"@type\":\"SearchAction\",\"target\":{\"@type\":\"EntryPoint\",\"urlTemplate\":\"https:\/\/adria-klik.com\/?s={search_term_string}\"},\"query-input\":{\"@type\":\"PropertyValueSpecification\",\"valueRequired\":true,\"valueName\":\"search_term_string\"}}],\"inLanguage\":\"en-US\"},{\"@type\":\"Organization\",\"@id\":\"https:\/\/adria-klik.com\/#organization\",\"name\":\"Adria-Klik.com\",\"alternateName\":\"AK\",\"url\":\"https:\/\/adria-klik.com\/\",\"logo\":{\"@type\":\"ImageObject\",\"inLanguage\":\"en-US\",\"@id\":\"https:\/\/adria-klik.com\/#\/schema\/logo\/image\/\",\"url\":\"https:\/\/adria-klik.com\/wp-content\/uploads\/2025\/12\/Adria-Klik_com-logo-namirnice-vina-craft-pivo-delikatese-delicije-artisan-cokolada.jpg\",\"contentUrl\":\"https:\/\/adria-klik.com\/wp-content\/uploads\/2025\/12\/Adria-Klik_com-logo-namirnice-vina-craft-pivo-delikatese-delicije-artisan-cokolada.jpg\",\"width\":500,\"height\":500,\"caption\":\"Adria-Klik.com\"},\"image\":{\"@id\":\"https:\/\/adria-klik.com\/#\/schema\/logo\/image\/\"},\"sameAs\":[\"https:\/\/www.facebook.com\/profile.php?id=100064209425136\",\"https:\/\/www.instagram.com\/adriaklik\/\",\"https:\/\/www.youtube.com\/user\/PlavacmaliZagreb\"]}]}<\/script>\n<!-- \/ Yoast SEO plugin. -->","yoast_head_json":{"title":"Ravni Kotari - Bo\u017ei\u0107no izdanje Limited edition - Adria-Klik.com","description":"Ravni Kotari - Bo\u017ei\u0107no izdanje Limited edition Vinogorje Ravni Kotari - Vinarija BoketaZemunik Donji - Wine from Croatia - naru\u010di dostavu","robots":{"index":"index","follow":"follow","max-snippet":"max-snippet:-1","max-image-preview":"max-image-preview:large","max-video-preview":"max-video-preview:-1"},"canonical":"https:\/\/adria-klik.com\/proizvod\/ravni-kotari-bozicno-izdanje-limited-edition\/","og_locale":"en_US","og_type":"article","og_title":"Merlot ZORKA 0,75l\u00a0 Vinogorje Ravni Kotari - Vinarija Boketa","og_description":"Novo na tr\u017ei\u0161tu!\u00a0 Ekskluzivno!Merlot ZORKA 0,75l\u00a0 Vinogorje Ravni Kotari - Vinarija BoketaZemunik Donji - Wine from Croatia naru\u010di dostavu DPD GLS","og_url":"https:\/\/adria-klik.com\/proizvod\/ravni-kotari-bozicno-izdanje-limited-edition\/","og_site_name":"Adria-Klik.com","article_publisher":"https:\/\/www.facebook.com\/profile.php?id=100064209425136","article_modified_time":"2025-12-18T23:52:09+00:00","og_image":[{"width":1500,"height":1500,"url":"https:\/\/adria-klik.com\/wp-content\/uploads\/2025\/11\/Merlot-ZORKA-Zadar-Ravni-Kotari-Vinarija-Boketa-Zemunik-Donji-Novo-na-trzistu-075l-Adria-Klik-Taste-of-Premium-Fast-delivery.jpg","type":"image\/jpeg"}],"twitter_card":"summary_large_image","twitter_misc":{"Est. reading time":"2 minutes"},"schema":{"@context":"https:\/\/schema.org","@graph":[{"@type":"WebPage","@id":"https:\/\/adria-klik.com\/proizvod\/ravni-kotari-bozicno-izdanje-limited-edition\/","url":"https:\/\/adria-klik.com\/proizvod\/ravni-kotari-bozicno-izdanje-limited-edition\/","name":"Ravni Kotari - Bo\u017ei\u0107no izdanje Limited edition - Adria-Klik.com","isPartOf":{"@id":"https:\/\/adria-klik.com\/#website"},"primaryImageOfPage":{"@id":"https:\/\/adria-klik.com\/proizvod\/ravni-kotari-bozicno-izdanje-limited-edition\/#primaryimage"},"image":{"@id":"https:\/\/adria-klik.com\/proizvod\/ravni-kotari-bozicno-izdanje-limited-edition\/#primaryimage"},"thumbnailUrl":"https:\/\/adria-klik.com\/wp-content\/uploads\/2025\/12\/Ravni-kotari-Lampredija-cuve-Merlot-Dinka-gift-box-Unique-Croatia-Unikatni-poklon-paket-online-dostava_Wolt-Glovo-Zagreb-EU-DPD-order-now-novo.jpg","datePublished":"2025-12-18T23:39:14+00:00","dateModified":"2025-12-18T23:52:09+00:00","description":"Ravni Kotari - Bo\u017ei\u0107no izdanje Limited edition Vinogorje Ravni Kotari - Vinarija BoketaZemunik Donji - Wine from Croatia - naru\u010di dostavu","breadcrumb":{"@id":"https:\/\/adria-klik.com\/proizvod\/ravni-kotari-bozicno-izdanje-limited-edition\/#breadcrumb"},"inLanguage":"en-US","potentialAction":[{"@type":"ReadAction","target":["https:\/\/adria-klik.com\/proizvod\/ravni-kotari-bozicno-izdanje-limited-edition\/"]}]},{"@type":"ImageObject","inLanguage":"en-US","@id":"https:\/\/adria-klik.com\/proizvod\/ravni-kotari-bozicno-izdanje-limited-edition\/#primaryimage","url":"https:\/\/adria-klik.com\/wp-content\/uploads\/2025\/12\/Ravni-kotari-Lampredija-cuve-Merlot-Dinka-gift-box-Unique-Croatia-Unikatni-poklon-paket-online-dostava_Wolt-Glovo-Zagreb-EU-DPD-order-now-novo.jpg","contentUrl":"https:\/\/adria-klik.com\/wp-content\/uploads\/2025\/12\/Ravni-kotari-Lampredija-cuve-Merlot-Dinka-gift-box-Unique-Croatia-Unikatni-poklon-paket-online-dostava_Wolt-Glovo-Zagreb-EU-DPD-order-now-novo.jpg","width":1500,"height":1500,"caption":"Ravni Kotari Poklon paket- Lampredija Crni Cuve i Merlot dinka vinarija Boketa! Novo! Naru\u010di online! | Poslovni pokoni | Poklon za ro\u0111endan | Unikatni autohtoni poklon paketi | Gift Box | Gift basket | Adria-Klik Supply webshop trgovina dostava namirnica, vina, craft piva i delicija Superbrza dostava Zagreb Wolt Glovo Hrvatska i EU DPD GLS - profesionalna vinska logistika #kupujmohrvatsko Naruci online, sigurna kupovina i brza dostava Croatia Unique Craft Beer Gift box \/ basket - Premium Craft beer gift box Nova runda brewery | Croatia autochthonous variety of wine Gift box unique - Autohtona sorta vina Poklon paket - Poslovni pokloni | Pokloni za ro\u0111endan i sve ostale prigode Plavac mali Dinga\u010d i Postup |Po\u0161ip | Grk | Malvazija | \u0160krlet | Pjenu\u0161ci |"},{"@type":"BreadcrumbList","@id":"https:\/\/adria-klik.com\/proizvod\/ravni-kotari-bozicno-izdanje-limited-edition\/#breadcrumb","itemListElement":[{"@type":"ListItem","position":1,"name":"Po\u010detna stranica","item":"https:\/\/adria-klik.com\/en\/"},{"@type":"ListItem","position":2,"name":"Shop","item":"https:\/\/adria-klik.com\/shop\/"},{"@type":"ListItem","position":3,"name":"Ravni Kotari &#8211; Bo\u017ei\u0107no izdanje Limited edition"}]},{"@type":"WebSite","@id":"https:\/\/adria-klik.com\/#website","url":"https:\/\/adria-klik.com\/","name":"Adria-Klik.com","description":"Unikatni poklon paketi, Vina, Craft pivo &amp; Delicije - webshop","publisher":{"@id":"https:\/\/adria-klik.com\/#organization"},"potentialAction":[{"@type":"SearchAction","target":{"@type":"EntryPoint","urlTemplate":"https:\/\/adria-klik.com\/?s={search_term_string}"},"query-input":{"@type":"PropertyValueSpecification","valueRequired":true,"valueName":"search_term_string"}}],"inLanguage":"en-US"},{"@type":"Organization","@id":"https:\/\/adria-klik.com\/#organization","name":"Adria-Klik.com","alternateName":"AK","url":"https:\/\/adria-klik.com\/","logo":{"@type":"ImageObject","inLanguage":"en-US","@id":"https:\/\/adria-klik.com\/#\/schema\/logo\/image\/","url":"https:\/\/adria-klik.com\/wp-content\/uploads\/2025\/12\/Adria-Klik_com-logo-namirnice-vina-craft-pivo-delikatese-delicije-artisan-cokolada.jpg","contentUrl":"https:\/\/adria-klik.com\/wp-content\/uploads\/2025\/12\/Adria-Klik_com-logo-namirnice-vina-craft-pivo-delikatese-delicije-artisan-cokolada.jpg","width":500,"height":500,"caption":"Adria-Klik.com"},"image":{"@id":"https:\/\/adria-klik.com\/#\/schema\/logo\/image\/"},"sameAs":["https:\/\/www.facebook.com\/profile.php?id=100064209425136","https:\/\/www.instagram.com\/adriaklik\/","https:\/\/www.youtube.com\/user\/PlavacmaliZagreb"]}]}},"jetpack_sharing_enabled":true,"jetpack-related-posts":[],"_links":{"self":[{"href":"https:\/\/adria-klik.com\/en\/wp-json\/wp\/v2\/product\/17980","targetHints":{"allow":["GET"]}}],"collection":[{"href":"https:\/\/adria-klik.com\/en\/wp-json\/wp\/v2\/product"}],"about":[{"href":"https:\/\/adria-klik.com\/en\/wp-json\/wp\/v2\/types\/product"}],"replies":[{"embeddable":true,"href":"https:\/\/adria-klik.com\/en\/wp-json\/wp\/v2\/comments?post=17980"}],"wp:featuredmedia":[{"embeddable":true,"href":"https:\/\/adria-klik.com\/en\/wp-json\/wp\/v2\/media\/17985"}],"wp:attachment":[{"href":"https:\/\/adria-klik.com\/en\/wp-json\/wp\/v2\/media?parent=17980"}],"wp:term":[{"taxonomy":"product_brand","embeddable":true,"href":"https:\/\/adria-klik.com\/en\/wp-json\/wp\/v2\/product_brand?post=17980"},{"taxonomy":"product_cat","embeddable":true,"href":"https:\/\/adria-klik.com\/en\/wp-json\/wp\/v2\/product_cat?post=17980"},{"taxonomy":"product_tag","embeddable":true,"href":"https:\/\/adria-klik.com\/en\/wp-json\/wp\/v2\/product_tag?post=17980"},{"taxonomy":"berocket_brand","embeddable":true,"href":"https:\/\/adria-klik.com\/en\/wp-json\/wp\/v2\/berocket_brand?post=17980"}],"curies":[{"name":"wp","href":"https:\/\/api.w.org\/{rel}","templated":true}]}}