{"id":17997,"date":"2025-12-19T13:53:04","date_gmt":"2025-12-19T12:53:04","guid":{"rendered":"https:\/\/adria-klik.com\/?post_type=product&#038;p=17997"},"modified":"2025-12-19T13:57:54","modified_gmt":"2025-12-19T12:57:54","slug":"zahvalni-mm-muskatmerci-bozicno-izdanje-limited-edition","status":"publish","type":"product","link":"https:\/\/adria-klik.com\/en\/proizvod\/zahvalni-mm-muskatmerci-bozicno-izdanje-limited-edition\/","title":{"rendered":"Zahvalni M&#038;M \u2013 Mu\u0161kat&#038;Merci &#8211; Bo\u017ei\u0107no izdanje Limited edition"},"content":{"rendered":"<ul>\n<li><strong>M&amp;M Merci &amp; Mu\u0161kat<\/strong>&#8211; <strong>Evergreen<\/strong> Poklon Paket!<\/li>\n<li>Naru\u010di odmah sigurnu dostavu<\/li>\n<li><strong>Bo\u017ei\u0107no izdanje popularnog poklon paket<\/strong>a:<\/li>\n<li>Mu\u0161kat \u017duti 0,75l Me\u0111imurje Cmre\u010dnjak &amp; Bo\u017ei\u0107ni Merci \u010cokolada 8 Razli\u010ditih Okusa Storck 250g &amp;<\/li>\n<li>Crna mat kutija s prozorom i dekoracijom &amp;<\/li>\n<li>Ukraska trobojna \u0161paga s kartonom dimenzija 5x9cm za pisanje posvete &amp;<\/li>\n<li>umjetni snijeg<\/li>\n<li>3 x mali Bo\u017ei\u0107ni ukrasni pokloni<\/li>\n<li>Bor nije uklju\u010den u ponudu<\/li>\n<\/ul>\n<p>&nbsp;<\/p>\n","protected":false},"excerpt":{"rendered":"<ul>\n<li><strong>M&amp;M Merci &amp; Mu\u0161kat<\/strong>&#8211; <strong>Evergreen<\/strong> Poklon Paket!<\/li>\n<li>Naru\u010di odmah sigurnu dostavu<\/li>\n<li><strong>Bo\u017ei\u0107no izdanje popularnog poklon paket<\/strong>a:<\/li>\n<li>Mu\u0161kat \u017duti 0,75l Me\u0111imurje Cmre\u010dnjak &amp; Bo\u017ei\u0107ni Merci \u010cokolada 8 Razli\u010ditih Okusa Storck 250g &amp;<\/li>\n<li>Crna mat kutija s prozorom i dekoracijom &amp;<\/li>\n<li>Ukraska trobojna \u0161paga s kartonom dimenzija 5x9cm za pisanje posvete &amp;<\/li>\n<li>umjetni snijeg<\/li>\n<li>3 x mali Bo\u017ei\u0107ni ukrasni pokloni<\/li>\n<li>Bor nije uklju\u010den u ponudu<\/li>\n<\/ul>\n","protected":false},"featured_media":17998,"comment_status":"open","ping_status":"closed","template":"","meta":{"_acf_changed":false},"product_brand":[],"product_cat":[385,985,1175,1176,1174,1159,376,560],"product_tag":[2429,2424,1001,1111,2204,2203,2205],"berocket_brand":[588],"class_list":{"0":"post-17997","1":"product","2":"type-product","3":"status-publish","4":"has-post-thumbnail","6":"product_cat-adria-paketi","7":"product_cat-darovni-paketi","8":"product_cat-dostava","9":"product_cat-europa","10":"product_cat-hrvatska","11":"product_cat-nasa-preporuka","12":"product_cat-premium-proizvodi","13":"product_cat-zagreb","14":"product_tag-bozicni-poklon","15":"product_tag-bozicno-izdanje","16":"product_tag-gift-box-2","17":"product_tag-poklon-paket","18":"product_tag-vina-cmrecnjak","19":"product_tag-zahvalni-mm","20":"product_tag-zuti-muskat","21":"berocket_brand-cmrecnjak","23":"first","24":"instock","25":"featured","26":"shipping-taxable","27":"purchasable","28":"product-type-simple"},"acf":[],"yoast_head":"<!-- This site is optimized with the Yoast SEO plugin v26.9 - https:\/\/yoast.com\/product\/yoast-seo-wordpress\/ -->\n<title>Zahvalni M&amp;M \u2013 Mu\u0161kat&amp;Merci - Bo\u017ei\u0107no izdanje Limited edition - Adria-Klik.com<\/title>\n<meta name=\"description\" content=\"Zahvalni M&amp;M \u2013 Mu\u0161kat&amp;Merci - Bo\u017ei\u0107no izdanje Limited edition! Naru\u010di odmah Adria Klik brzu dostavu! Dostava Odmah zna\u010di odmah!Zagreb EU DPD GLS\" \/>\n<meta name=\"robots\" content=\"index, follow, max-snippet:-1, max-image-preview:large, max-video-preview:-1\" \/>\n<link rel=\"canonical\" href=\"https:\/\/adria-klik.com\/proizvod\/zahvalni-mm-muskatmerci-bozicno-izdanje-limited-edition\/\" \/>\n<meta property=\"og:locale\" content=\"en_US\" \/>\n<meta property=\"og:type\" content=\"article\" \/>\n<meta property=\"og:title\" content=\"M&amp;M Merci &amp; Mu\u0161kat- Evergreen Darovni Paket! Naru\u010di odmah Adria Klik brzu dostavu! Dostava Odmah zna\u010di odmah!\" \/>\n<meta property=\"og:description\" content=\"M&amp;M Merci &amp; Mu\u0161kat- Evergreen Darovni Paket! Naru\u010di odmah Adria Klik brzu dostavu! Dostava Odmah zna\u010di odmah!\" \/>\n<meta property=\"og:url\" content=\"https:\/\/adria-klik.com\/proizvod\/zahvalni-mm-muskatmerci-bozicno-izdanje-limited-edition\/\" \/>\n<meta property=\"og:site_name\" content=\"Adria-Klik.com\" \/>\n<meta property=\"article:publisher\" content=\"https:\/\/www.facebook.com\/profile.php?id=100064209425136\" \/>\n<meta property=\"article:modified_time\" content=\"2025-12-19T12:57:54+00:00\" \/>\n<meta property=\"og:image\" content=\"https:\/\/adria-klik.com\/wp-content\/uploads\/2021\/01\/MM-Muscat-i-Merci-Gift-Box-Darovni-Adria-Klik-Croatia-Taste-of-Premium-Fast-delivery-Najbrza-dostava-Zagreb-Hrvatska-EU-Glovo-Wolt.jpg\" \/>\n\t<meta property=\"og:image:width\" content=\"1500\" \/>\n\t<meta property=\"og:image:height\" content=\"1500\" \/>\n\t<meta property=\"og:image:type\" content=\"image\/jpeg\" \/>\n<meta name=\"twitter:card\" content=\"summary_large_image\" \/>\n<meta name=\"twitter:title\" content=\"M&amp;M Merci &amp; Mu\u0161kat- Evergreen Darovni Paket! Naru\u010di odmah Adria Klik brzu dostavu! Dostava Odmah zna\u010di odmah!\" \/>\n<meta name=\"twitter:description\" content=\"M&amp;M Merci &amp; Mu\u0161kat- Evergreen Darovni Paket! Naru\u010di odmah Adria Klik brzu dostavu! Dostava Odmah zna\u010di odmah!\" \/>\n<meta name=\"twitter:image\" content=\"https:\/\/adria-klik.com\/wp-content\/uploads\/2021\/01\/MM-Muscat-i-Merci-Gift-Box-Darovni-Adria-Klik-Croatia-Taste-of-Premium-Fast-delivery-Najbrza-dostava-Zagreb-Hrvatska-EU-Glovo-Wolt.jpg\" \/>\n<meta name=\"twitter:label1\" content=\"Est. reading time\" \/>\n\t<meta name=\"twitter:data1\" content=\"1 minute\" \/>\n<script type=\"application\/ld+json\" class=\"yoast-schema-graph\">{\"@context\":\"https:\/\/schema.org\",\"@graph\":[{\"@type\":\"WebPage\",\"@id\":\"https:\/\/adria-klik.com\/proizvod\/zahvalni-mm-muskatmerci-bozicno-izdanje-limited-edition\/\",\"url\":\"https:\/\/adria-klik.com\/proizvod\/zahvalni-mm-muskatmerci-bozicno-izdanje-limited-edition\/\",\"name\":\"Zahvalni M&M \u2013 Mu\u0161kat&Merci - Bo\u017ei\u0107no izdanje Limited edition - Adria-Klik.com\",\"isPartOf\":{\"@id\":\"https:\/\/adria-klik.com\/#website\"},\"primaryImageOfPage\":{\"@id\":\"https:\/\/adria-klik.com\/proizvod\/zahvalni-mm-muskatmerci-bozicno-izdanje-limited-edition\/#primaryimage\"},\"image\":{\"@id\":\"https:\/\/adria-klik.com\/proizvod\/zahvalni-mm-muskatmerci-bozicno-izdanje-limited-edition\/#primaryimage\"},\"thumbnailUrl\":\"https:\/\/adria-klik.com\/wp-content\/uploads\/2025\/12\/Zahvalni-MM-Muscat-cmrecnjakMerci-Gift-Box-Darovni-Bozicni-gift-box-poklon-paket-Unique-Christmas-Limited-edition-online-DPD-GLS.jpg\",\"datePublished\":\"2025-12-19T12:53:04+00:00\",\"dateModified\":\"2025-12-19T12:57:54+00:00\",\"description\":\"Zahvalni M&M \u2013 Mu\u0161kat&Merci - Bo\u017ei\u0107no izdanje Limited edition! Naru\u010di odmah Adria Klik brzu dostavu! Dostava Odmah zna\u010di odmah!Zagreb EU DPD GLS\",\"breadcrumb\":{\"@id\":\"https:\/\/adria-klik.com\/proizvod\/zahvalni-mm-muskatmerci-bozicno-izdanje-limited-edition\/#breadcrumb\"},\"inLanguage\":\"en-US\",\"potentialAction\":[{\"@type\":\"ReadAction\",\"target\":[\"https:\/\/adria-klik.com\/proizvod\/zahvalni-mm-muskatmerci-bozicno-izdanje-limited-edition\/\"]}]},{\"@type\":\"ImageObject\",\"inLanguage\":\"en-US\",\"@id\":\"https:\/\/adria-klik.com\/proizvod\/zahvalni-mm-muskatmerci-bozicno-izdanje-limited-edition\/#primaryimage\",\"url\":\"https:\/\/adria-klik.com\/wp-content\/uploads\/2025\/12\/Zahvalni-MM-Muscat-cmrecnjakMerci-Gift-Box-Darovni-Bozicni-gift-box-poklon-paket-Unique-Christmas-Limited-edition-online-DPD-GLS.jpg\",\"contentUrl\":\"https:\/\/adria-klik.com\/wp-content\/uploads\/2025\/12\/Zahvalni-MM-Muscat-cmrecnjakMerci-Gift-Box-Darovni-Bozicni-gift-box-poklon-paket-Unique-Christmas-Limited-edition-online-DPD-GLS.jpg\",\"width\":1500,\"height\":1500,\"caption\":\"Ravni Kotari Poklon paket- Lampredija Crni Cuve i Merlot dinka vinarija Boketa! Novo! Naru\u010di online! | Poslovni pokoni | Poklon za ro\u0111endan | Unikatni autohtoni poklon paketi | Gift Box | Gift basket | Adria-Klik Supply webshop trgovina dostava namirnica, vina, craft piva i delicija Superbrza dostava Zagreb Wolt Glovo Hrvatska i EU DPD GLS - profesionalna vinska logistika #kupujmohrvatsko Naruci online, sigurna kupovina i brza dostava Croatia Unique Craft Beer Gift box \/ basket - Premium Craft beer gift box Nova runda brewery | Croatia autochthonous variety of wine Gift box unique - Autohtona sorta vina Poklon paket - Poslovni pokloni | Pokloni za ro\u0111endan i sve ostale prigode Plavac mali Dinga\u010d i Postup |Po\u0161ip | Grk | Malvazija | \u0160krlet | Pjenu\u0161ci |\"},{\"@type\":\"BreadcrumbList\",\"@id\":\"https:\/\/adria-klik.com\/proizvod\/zahvalni-mm-muskatmerci-bozicno-izdanje-limited-edition\/#breadcrumb\",\"itemListElement\":[{\"@type\":\"ListItem\",\"position\":1,\"name\":\"Po\u010detna stranica\",\"item\":\"https:\/\/adria-klik.com\/en\/\"},{\"@type\":\"ListItem\",\"position\":2,\"name\":\"Shop\",\"item\":\"https:\/\/adria-klik.com\/shop\/\"},{\"@type\":\"ListItem\",\"position\":3,\"name\":\"Zahvalni M&#038;M \u2013 Mu\u0161kat&#038;Merci &#8211; Bo\u017ei\u0107no izdanje Limited edition\"}]},{\"@type\":\"WebSite\",\"@id\":\"https:\/\/adria-klik.com\/#website\",\"url\":\"https:\/\/adria-klik.com\/\",\"name\":\"Adria-Klik.com\",\"description\":\"Unikatni poklon paketi, Vina, Craft pivo &amp; Delicije - webshop\",\"publisher\":{\"@id\":\"https:\/\/adria-klik.com\/#organization\"},\"potentialAction\":[{\"@type\":\"SearchAction\",\"target\":{\"@type\":\"EntryPoint\",\"urlTemplate\":\"https:\/\/adria-klik.com\/?s={search_term_string}\"},\"query-input\":{\"@type\":\"PropertyValueSpecification\",\"valueRequired\":true,\"valueName\":\"search_term_string\"}}],\"inLanguage\":\"en-US\"},{\"@type\":\"Organization\",\"@id\":\"https:\/\/adria-klik.com\/#organization\",\"name\":\"Adria-Klik.com\",\"alternateName\":\"AK\",\"url\":\"https:\/\/adria-klik.com\/\",\"logo\":{\"@type\":\"ImageObject\",\"inLanguage\":\"en-US\",\"@id\":\"https:\/\/adria-klik.com\/#\/schema\/logo\/image\/\",\"url\":\"https:\/\/adria-klik.com\/wp-content\/uploads\/2025\/12\/Adria-Klik_com-logo-namirnice-vina-craft-pivo-delikatese-delicije-artisan-cokolada.jpg\",\"contentUrl\":\"https:\/\/adria-klik.com\/wp-content\/uploads\/2025\/12\/Adria-Klik_com-logo-namirnice-vina-craft-pivo-delikatese-delicije-artisan-cokolada.jpg\",\"width\":500,\"height\":500,\"caption\":\"Adria-Klik.com\"},\"image\":{\"@id\":\"https:\/\/adria-klik.com\/#\/schema\/logo\/image\/\"},\"sameAs\":[\"https:\/\/www.facebook.com\/profile.php?id=100064209425136\",\"https:\/\/www.instagram.com\/adriaklik\/\",\"https:\/\/www.youtube.com\/user\/PlavacmaliZagreb\"]}]}<\/script>\n<!-- \/ Yoast SEO plugin. -->","yoast_head_json":{"title":"Zahvalni M&M \u2013 Mu\u0161kat&Merci - Bo\u017ei\u0107no izdanje Limited edition - Adria-Klik.com","description":"Zahvalni M&M \u2013 Mu\u0161kat&Merci - Bo\u017ei\u0107no izdanje Limited edition! Naru\u010di odmah Adria Klik brzu dostavu! Dostava Odmah zna\u010di odmah!Zagreb EU DPD GLS","robots":{"index":"index","follow":"follow","max-snippet":"max-snippet:-1","max-image-preview":"max-image-preview:large","max-video-preview":"max-video-preview:-1"},"canonical":"https:\/\/adria-klik.com\/proizvod\/zahvalni-mm-muskatmerci-bozicno-izdanje-limited-edition\/","og_locale":"en_US","og_type":"article","og_title":"M&M Merci & Mu\u0161kat- Evergreen Darovni Paket! Naru\u010di odmah Adria Klik brzu dostavu! Dostava Odmah zna\u010di odmah!","og_description":"M&M Merci & Mu\u0161kat- Evergreen Darovni Paket! Naru\u010di odmah Adria Klik brzu dostavu! Dostava Odmah zna\u010di odmah!","og_url":"https:\/\/adria-klik.com\/proizvod\/zahvalni-mm-muskatmerci-bozicno-izdanje-limited-edition\/","og_site_name":"Adria-Klik.com","article_publisher":"https:\/\/www.facebook.com\/profile.php?id=100064209425136","article_modified_time":"2025-12-19T12:57:54+00:00","og_image":[{"width":1500,"height":1500,"url":"https:\/\/adria-klik.com\/wp-content\/uploads\/2021\/01\/MM-Muscat-i-Merci-Gift-Box-Darovni-Adria-Klik-Croatia-Taste-of-Premium-Fast-delivery-Najbrza-dostava-Zagreb-Hrvatska-EU-Glovo-Wolt.jpg","type":"image\/jpeg"}],"twitter_card":"summary_large_image","twitter_title":"M&M Merci & Mu\u0161kat- Evergreen Darovni Paket! Naru\u010di odmah Adria Klik brzu dostavu! Dostava Odmah zna\u010di odmah!","twitter_description":"M&M Merci & Mu\u0161kat- Evergreen Darovni Paket! Naru\u010di odmah Adria Klik brzu dostavu! Dostava Odmah zna\u010di odmah!","twitter_image":"https:\/\/adria-klik.com\/wp-content\/uploads\/2021\/01\/MM-Muscat-i-Merci-Gift-Box-Darovni-Adria-Klik-Croatia-Taste-of-Premium-Fast-delivery-Najbrza-dostava-Zagreb-Hrvatska-EU-Glovo-Wolt.jpg","twitter_misc":{"Est. reading time":"1 minute"},"schema":{"@context":"https:\/\/schema.org","@graph":[{"@type":"WebPage","@id":"https:\/\/adria-klik.com\/proizvod\/zahvalni-mm-muskatmerci-bozicno-izdanje-limited-edition\/","url":"https:\/\/adria-klik.com\/proizvod\/zahvalni-mm-muskatmerci-bozicno-izdanje-limited-edition\/","name":"Zahvalni M&M \u2013 Mu\u0161kat&Merci - Bo\u017ei\u0107no izdanje Limited edition - Adria-Klik.com","isPartOf":{"@id":"https:\/\/adria-klik.com\/#website"},"primaryImageOfPage":{"@id":"https:\/\/adria-klik.com\/proizvod\/zahvalni-mm-muskatmerci-bozicno-izdanje-limited-edition\/#primaryimage"},"image":{"@id":"https:\/\/adria-klik.com\/proizvod\/zahvalni-mm-muskatmerci-bozicno-izdanje-limited-edition\/#primaryimage"},"thumbnailUrl":"https:\/\/adria-klik.com\/wp-content\/uploads\/2025\/12\/Zahvalni-MM-Muscat-cmrecnjakMerci-Gift-Box-Darovni-Bozicni-gift-box-poklon-paket-Unique-Christmas-Limited-edition-online-DPD-GLS.jpg","datePublished":"2025-12-19T12:53:04+00:00","dateModified":"2025-12-19T12:57:54+00:00","description":"Zahvalni M&M \u2013 Mu\u0161kat&Merci - Bo\u017ei\u0107no izdanje Limited edition! Naru\u010di odmah Adria Klik brzu dostavu! Dostava Odmah zna\u010di odmah!Zagreb EU DPD GLS","breadcrumb":{"@id":"https:\/\/adria-klik.com\/proizvod\/zahvalni-mm-muskatmerci-bozicno-izdanje-limited-edition\/#breadcrumb"},"inLanguage":"en-US","potentialAction":[{"@type":"ReadAction","target":["https:\/\/adria-klik.com\/proizvod\/zahvalni-mm-muskatmerci-bozicno-izdanje-limited-edition\/"]}]},{"@type":"ImageObject","inLanguage":"en-US","@id":"https:\/\/adria-klik.com\/proizvod\/zahvalni-mm-muskatmerci-bozicno-izdanje-limited-edition\/#primaryimage","url":"https:\/\/adria-klik.com\/wp-content\/uploads\/2025\/12\/Zahvalni-MM-Muscat-cmrecnjakMerci-Gift-Box-Darovni-Bozicni-gift-box-poklon-paket-Unique-Christmas-Limited-edition-online-DPD-GLS.jpg","contentUrl":"https:\/\/adria-klik.com\/wp-content\/uploads\/2025\/12\/Zahvalni-MM-Muscat-cmrecnjakMerci-Gift-Box-Darovni-Bozicni-gift-box-poklon-paket-Unique-Christmas-Limited-edition-online-DPD-GLS.jpg","width":1500,"height":1500,"caption":"Ravni Kotari Poklon paket- Lampredija Crni Cuve i Merlot dinka vinarija Boketa! Novo! Naru\u010di online! | Poslovni pokoni | Poklon za ro\u0111endan | Unikatni autohtoni poklon paketi | Gift Box | Gift basket | Adria-Klik Supply webshop trgovina dostava namirnica, vina, craft piva i delicija Superbrza dostava Zagreb Wolt Glovo Hrvatska i EU DPD GLS - profesionalna vinska logistika #kupujmohrvatsko Naruci online, sigurna kupovina i brza dostava Croatia Unique Craft Beer Gift box \/ basket - Premium Craft beer gift box Nova runda brewery | Croatia autochthonous variety of wine Gift box unique - Autohtona sorta vina Poklon paket - Poslovni pokloni | Pokloni za ro\u0111endan i sve ostale prigode Plavac mali Dinga\u010d i Postup |Po\u0161ip | Grk | Malvazija | \u0160krlet | Pjenu\u0161ci |"},{"@type":"BreadcrumbList","@id":"https:\/\/adria-klik.com\/proizvod\/zahvalni-mm-muskatmerci-bozicno-izdanje-limited-edition\/#breadcrumb","itemListElement":[{"@type":"ListItem","position":1,"name":"Po\u010detna stranica","item":"https:\/\/adria-klik.com\/en\/"},{"@type":"ListItem","position":2,"name":"Shop","item":"https:\/\/adria-klik.com\/shop\/"},{"@type":"ListItem","position":3,"name":"Zahvalni M&#038;M \u2013 Mu\u0161kat&#038;Merci &#8211; Bo\u017ei\u0107no izdanje Limited edition"}]},{"@type":"WebSite","@id":"https:\/\/adria-klik.com\/#website","url":"https:\/\/adria-klik.com\/","name":"Adria-Klik.com","description":"Unikatni poklon paketi, Vina, Craft pivo &amp; Delicije - webshop","publisher":{"@id":"https:\/\/adria-klik.com\/#organization"},"potentialAction":[{"@type":"SearchAction","target":{"@type":"EntryPoint","urlTemplate":"https:\/\/adria-klik.com\/?s={search_term_string}"},"query-input":{"@type":"PropertyValueSpecification","valueRequired":true,"valueName":"search_term_string"}}],"inLanguage":"en-US"},{"@type":"Organization","@id":"https:\/\/adria-klik.com\/#organization","name":"Adria-Klik.com","alternateName":"AK","url":"https:\/\/adria-klik.com\/","logo":{"@type":"ImageObject","inLanguage":"en-US","@id":"https:\/\/adria-klik.com\/#\/schema\/logo\/image\/","url":"https:\/\/adria-klik.com\/wp-content\/uploads\/2025\/12\/Adria-Klik_com-logo-namirnice-vina-craft-pivo-delikatese-delicije-artisan-cokolada.jpg","contentUrl":"https:\/\/adria-klik.com\/wp-content\/uploads\/2025\/12\/Adria-Klik_com-logo-namirnice-vina-craft-pivo-delikatese-delicije-artisan-cokolada.jpg","width":500,"height":500,"caption":"Adria-Klik.com"},"image":{"@id":"https:\/\/adria-klik.com\/#\/schema\/logo\/image\/"},"sameAs":["https:\/\/www.facebook.com\/profile.php?id=100064209425136","https:\/\/www.instagram.com\/adriaklik\/","https:\/\/www.youtube.com\/user\/PlavacmaliZagreb"]}]}},"jetpack_sharing_enabled":true,"jetpack-related-posts":[],"_links":{"self":[{"href":"https:\/\/adria-klik.com\/en\/wp-json\/wp\/v2\/product\/17997","targetHints":{"allow":["GET"]}}],"collection":[{"href":"https:\/\/adria-klik.com\/en\/wp-json\/wp\/v2\/product"}],"about":[{"href":"https:\/\/adria-klik.com\/en\/wp-json\/wp\/v2\/types\/product"}],"replies":[{"embeddable":true,"href":"https:\/\/adria-klik.com\/en\/wp-json\/wp\/v2\/comments?post=17997"}],"wp:featuredmedia":[{"embeddable":true,"href":"https:\/\/adria-klik.com\/en\/wp-json\/wp\/v2\/media\/17998"}],"wp:attachment":[{"href":"https:\/\/adria-klik.com\/en\/wp-json\/wp\/v2\/media?parent=17997"}],"wp:term":[{"taxonomy":"product_brand","embeddable":true,"href":"https:\/\/adria-klik.com\/en\/wp-json\/wp\/v2\/product_brand?post=17997"},{"taxonomy":"product_cat","embeddable":true,"href":"https:\/\/adria-klik.com\/en\/wp-json\/wp\/v2\/product_cat?post=17997"},{"taxonomy":"product_tag","embeddable":true,"href":"https:\/\/adria-klik.com\/en\/wp-json\/wp\/v2\/product_tag?post=17997"},{"taxonomy":"berocket_brand","embeddable":true,"href":"https:\/\/adria-klik.com\/en\/wp-json\/wp\/v2\/berocket_brand?post=17997"}],"curies":[{"name":"wp","href":"https:\/\/api.w.org\/{rel}","templated":true}]}}