{"id":18003,"date":"2025-12-19T15:38:12","date_gmt":"2025-12-19T14:38:12","guid":{"rendered":"https:\/\/adria-klik.com\/?post_type=product&#038;p=18003"},"modified":"2025-12-19T15:53:25","modified_gmt":"2025-12-19T14:53:25","slug":"chardonnay-rosenberg-075l-krauthaker-bozicni-poklon","status":"publish","type":"product","link":"https:\/\/adria-klik.com\/en\/proizvod\/chardonnay-rosenberg-075l-krauthaker-bozicni-poklon\/","title":{"rendered":"Glavno jelo i Desert &#8211; Krauthaker &#8211; Bo\u017ei\u0107no izdanje Limited Edition"},"content":{"rendered":"<ul>\n<li><strong>Glavno jelo i Desert<\/strong> &#8211; <strong>Krauthaker<\/strong> <strong>Chardonnay<\/strong> <strong>Rosenberg<\/strong> i <strong>Mu\u0161tra<\/strong> -Mu\u0161kat \/ Traminac 0,75l <strong>Bo\u017ei\u0107no<\/strong> izdanje <strong>poklon<\/strong> <strong>paketa<\/strong>!<\/li>\n<li>Crna Mat poklon kutija s prozorom i dekoracijom,<\/li>\n<li>umjetni <strong>snijeg<\/strong> ,<\/li>\n<li>3 x mali Bo\u017ei\u0107ni pokloni i<\/li>\n<li>kapa za vino Djed Mraz<\/li>\n<li><strong>Nova<\/strong> poluslatka Bo\u017eanstvena kapljica Krauthakera <strong>MU\u0160TRA<\/strong> gdje se sljubljuju 2 aromati\u010dne sorte <strong>mu\u0161kat<\/strong> <strong>\u017euti<\/strong> i <strong>traminac<\/strong> odakle dolazi i simptomati\u010dan naziv! Obavezno probati!<\/li>\n<li><strong>Krauthaker<\/strong> <strong>Chardonnay<\/strong> <strong>Rosenberg<\/strong><\/li>\n<li>Kompleksno, s<strong> puno svje\u017eine i vo\u0107nih aroma<\/strong> podr\u017eanih za\u010dinskim notama, iako odmjerenim i izvrsno izra\u017eenim<\/li>\n<li>Odle\u017eano uglavnom u <strong>hrastu &#8211; barrique<\/strong> se koristi upravo kako bi se postigla ve\u0107a kompleksnost &#8211; i djelomi\u010dno u ba\u010dvama od nehr\u0111aju\u0107eg \u010delika kako bi se sa\u010duvala<strong> svje\u017eina i vo\u0107nost<\/strong><\/li>\n<li>Svjetlije je, \u017eive slamnato\u017eute boje s nje\u017enom zelenkastom nijansom, (u po\u010detku) relativno diskretno na nosu, buket nagovje\u0161tava bijele doma\u0107e ko\u0161tunice i trag citrusa isprepleten s nitima vanilije i limunove korice, da\u0161kom drveta i dima<\/li>\n<li>Na nepcu se pokazuje vrlo \u017eivahnim, s dobrom kiselo\u0161\u0107u u kombinaciji s potpuno blagom slastom, lijepo kremasto i zaokru\u017eeno, toplo, s \u010dvrstim tijelom i vo\u0107nim i \u017eivahnim zavr\u0161etkom koji znatno traje, retro-nazalno s nijansom dima.<\/li>\n<li><strong>Naru\u010di<\/strong> <strong>dostavu<\/strong> vina <strong>Krauthaker<\/strong><\/li>\n<\/ul>\n<div class=\"vertical-slider__text \">\n<p>Bogatu vinogradarsku i vinarsku tradiciju kutjeva\u010dkog kraja prihva\u0107a <strong>Vlado Krauthaker<\/strong>, ing. agronomije, enolog i od 1992. godine vlasnik Vinogradarstva i podrumarstva <strong>Krauthaker<\/strong>. Pri osnutku vinarija je u posjedu imala 1 hektar nasada vinove loze, a 2020. godine povr\u0161ine pod na\u0161im nasadima iznose 45 hektara. Jo\u0161 65 hektara imamo ugovoreno kroz kooperaciju s privatnim proizvo\u0111a\u010dima.<\/p>\n<p>Vinogradarstvo i vinarstvo <strong>Krauthaker<\/strong> posebnu pozornost posve\u0107uje doma\u0107oj <strong>autohtonoj<\/strong> sorti gra\u0161evini koja \u010desto osvaja medalje na sajmovima i izlo\u017ebama vina. Kao va\u017enu odrednicu vlastite proizvodnje isti\u010demo uzgoj vinove loze po eko principima te kontinuitet kvalitete.<\/p>\n<p>Kvalitetu i uspje\u0161nost na\u0161ih vina najvi\u0161e opisuju mnogobrojna <strong>odli\u010dja<\/strong> dobivena na svjetski priznatim natjecanjima i ocjenjivanjima vina.<\/p>\n<ul>\n<li>#Rosenberg #Chardonnay #Krauthaker<\/li>\n<\/ul>\n<\/div>\n","protected":false},"excerpt":{"rendered":"<ul>\n<li><strong>Glavno jelo i Desert<\/strong> &#8211; <strong>Krauthaker<\/strong> <strong>Chardonnay<\/strong> <strong>Rosenberg<\/strong> i <strong>Mu\u0161tra<\/strong> -Mu\u0161kat \/ Traminac 0,75l <strong>Bo\u017ei\u0107no<\/strong> izdanje <strong>poklon<\/strong> <strong>paketa<\/strong>!<\/li>\n<li>Crna Mat poklon kutija s prozorom i dekoracijom,<\/li>\n<li>umjetni <strong>snijeg<\/strong> ,<\/li>\n<li>3 x mali Bo\u017ei\u0107ni pokloni i<\/li>\n<li>kapa za vino Djed Mraz<\/li>\n<li><strong>Nova<\/strong> poluslatka Bo\u017eanstvena kapljica Krauthakera <strong>MU\u0160TRA<\/strong> gdje se sljubljuju 2 aromati\u010dne sorte <strong>mu\u0161kat<\/strong> <strong>\u017euti<\/strong> i <strong>traminac<\/strong> odakle dolazi i simptomati\u010dan naziv! Obavezno probati!<\/li>\n<li><strong>Naru\u010di<\/strong> <strong>dostavu<\/strong> vina <strong>Krauthaker<\/strong><\/li>\n<li>#Rosenberg #Chardonnay #Krauthaker<\/li>\n<\/ul>\n","protected":false},"featured_media":18005,"comment_status":"open","ping_status":"closed","template":"","meta":{"_acf_changed":false},"product_brand":[],"product_cat":[985,1175,1176,1174,1159,619,376,1825,560],"product_tag":[2429,2359,2357,2223,2224,2430,2431,2229,2089,1111,2358,2228],"berocket_brand":[2221],"class_list":{"0":"post-18003","1":"product","2":"type-product","3":"status-publish","4":"has-post-thumbnail","6":"product_cat-darovni-paketi","7":"product_cat-dostava","8":"product_cat-europa","9":"product_cat-hrvatska","10":"product_cat-nasa-preporuka","11":"product_cat-okusi_adriu","12":"product_cat-premium-proizvodi","13":"product_cat-uncategorized","14":"product_cat-zagreb","15":"product_tag-bozicni-poklon","16":"product_tag-chardonnay","17":"product_tag-chardonnay-rosenberg","18":"product_tag-krauthaker","19":"product_tag-krauthaker-vinarija","20":"product_tag-limited-edition","21":"product_tag-muskat-i-traminac","22":"product_tag-mustra","23":"product_tag-novo","24":"product_tag-poklon-paket","25":"product_tag-rosenberg","26":"product_tag-sladak-okus","27":"berocket_brand-krauthaker-vinarija","29":"first","30":"instock","31":"featured","32":"shipping-taxable","33":"purchasable","34":"product-type-simple"},"acf":[],"yoast_head":"<!-- This site is optimized with the Yoast SEO plugin v26.9 - https:\/\/yoast.com\/product\/yoast-seo-wordpress\/ -->\n<title>Glavno jelo i Desert - Krauthaker - Bo\u017ei\u0107no izdanje Limited Edition - Adria-Klik.com<\/title>\n<meta name=\"description\" content=\"Glavno jelo i Desert - Krauthaker Chardonnay Rosenberg i Mu\u0161tra -Mu\u0161kat \/ Traminac 0,75l Bo\u017ei\u0107no izdanje poklon paketa! - Naru\u010di dostavu online\" \/>\n<meta name=\"robots\" content=\"index, follow, max-snippet:-1, max-image-preview:large, max-video-preview:-1\" \/>\n<link rel=\"canonical\" href=\"https:\/\/adria-klik.com\/proizvod\/chardonnay-rosenberg-075l-krauthaker-bozicni-poklon\/\" \/>\n<meta property=\"og:locale\" content=\"en_US\" \/>\n<meta property=\"og:type\" content=\"article\" \/>\n<meta property=\"og:title\" content=\"#Rosenberg #Chardonnay #Krauthaker\" \/>\n<meta property=\"og:description\" content=\"#Rosenberg #Chardonnay #Krauthaker Naru\u010di dostavu vina Krauthaker Online sigurna dostava DPD GLS HP Wolt Glovo webshop poklon paketi\" \/>\n<meta property=\"og:url\" content=\"https:\/\/adria-klik.com\/proizvod\/chardonnay-rosenberg-075l-krauthaker-bozicni-poklon\/\" \/>\n<meta property=\"og:site_name\" content=\"Adria-Klik.com\" \/>\n<meta property=\"article:publisher\" content=\"https:\/\/www.facebook.com\/profile.php?id=100064209425136\" \/>\n<meta property=\"article:modified_time\" content=\"2025-12-19T14:53:25+00:00\" \/>\n<meta property=\"og:image\" content=\"https:\/\/adria-klik.com\/wp-content\/uploads\/2025\/10\/Chardonnay-Rosenberg-075l-Vrhunsko-vino-Krauthaker-Adria-Klik-webshop-dostava-vina-Zagreb-Hrvatska-EU-fast-delivery-store-market-bolt-Wolt-Glovo-internet-DPD-GLS.jpeg\" \/>\n\t<meta property=\"og:image:width\" content=\"1500\" \/>\n\t<meta property=\"og:image:height\" content=\"1500\" \/>\n\t<meta property=\"og:image:type\" content=\"image\/jpeg\" \/>\n<meta name=\"twitter:card\" content=\"summary_large_image\" \/>\n<meta name=\"twitter:label1\" content=\"Est. reading time\" \/>\n\t<meta name=\"twitter:data1\" content=\"2 minutes\" \/>\n<script type=\"application\/ld+json\" class=\"yoast-schema-graph\">{\"@context\":\"https:\/\/schema.org\",\"@graph\":[{\"@type\":\"WebPage\",\"@id\":\"https:\/\/adria-klik.com\/proizvod\/chardonnay-rosenberg-075l-krauthaker-bozicni-poklon\/\",\"url\":\"https:\/\/adria-klik.com\/proizvod\/chardonnay-rosenberg-075l-krauthaker-bozicni-poklon\/\",\"name\":\"Glavno jelo i Desert - Krauthaker - Bo\u017ei\u0107no izdanje Limited Edition - Adria-Klik.com\",\"isPartOf\":{\"@id\":\"https:\/\/adria-klik.com\/#website\"},\"primaryImageOfPage\":{\"@id\":\"https:\/\/adria-klik.com\/proizvod\/chardonnay-rosenberg-075l-krauthaker-bozicni-poklon\/#primaryimage\"},\"image\":{\"@id\":\"https:\/\/adria-klik.com\/proizvod\/chardonnay-rosenberg-075l-krauthaker-bozicni-poklon\/#primaryimage\"},\"thumbnailUrl\":\"https:\/\/adria-klik.com\/wp-content\/uploads\/2025\/12\/Glavno-jelo-i-Desert-Chardonay-Rosenberg-Mustra-Muskat-Traminac-Bozicni-gift-box-poklon-paket-Unique-Christmas-Limited-edition-adria.jpg\",\"datePublished\":\"2025-12-19T14:38:12+00:00\",\"dateModified\":\"2025-12-19T14:53:25+00:00\",\"description\":\"Glavno jelo i Desert - Krauthaker Chardonnay Rosenberg i Mu\u0161tra -Mu\u0161kat \/ Traminac 0,75l Bo\u017ei\u0107no izdanje poklon paketa! - Naru\u010di dostavu online\",\"breadcrumb\":{\"@id\":\"https:\/\/adria-klik.com\/proizvod\/chardonnay-rosenberg-075l-krauthaker-bozicni-poklon\/#breadcrumb\"},\"inLanguage\":\"en-US\",\"potentialAction\":[{\"@type\":\"ReadAction\",\"target\":[\"https:\/\/adria-klik.com\/proizvod\/chardonnay-rosenberg-075l-krauthaker-bozicni-poklon\/\"]}]},{\"@type\":\"ImageObject\",\"inLanguage\":\"en-US\",\"@id\":\"https:\/\/adria-klik.com\/proizvod\/chardonnay-rosenberg-075l-krauthaker-bozicni-poklon\/#primaryimage\",\"url\":\"https:\/\/adria-klik.com\/wp-content\/uploads\/2025\/12\/Glavno-jelo-i-Desert-Chardonay-Rosenberg-Mustra-Muskat-Traminac-Bozicni-gift-box-poklon-paket-Unique-Christmas-Limited-edition-adria.jpg\",\"contentUrl\":\"https:\/\/adria-klik.com\/wp-content\/uploads\/2025\/12\/Glavno-jelo-i-Desert-Chardonay-Rosenberg-Mustra-Muskat-Traminac-Bozicni-gift-box-poklon-paket-Unique-Christmas-Limited-edition-adria.jpg\",\"width\":1500,\"height\":1500,\"caption\":\"Ravni Kotari Poklon paket- Lampredija Crni Cuve i Merlot dinka vinarija Boketa! Novo! Naru\u010di online! | Poslovni pokoni | Poklon za ro\u0111endan | Unikatni autohtoni poklon paketi | Gift Box | Gift basket | Adria-Klik Supply webshop trgovina dostava namirnica, vina, craft piva i delicija Superbrza dostava Zagreb Wolt Glovo Hrvatska i EU DPD GLS - profesionalna vinska logistika #kupujmohrvatsko Naruci online, sigurna kupovina i brza dostava Croatia Unique Craft Beer Gift box \/ basket - Premium Craft beer gift box Nova runda brewery | Croatia autochthonous variety of wine Gift box unique - Autohtona sorta vina Poklon paket - Poslovni pokloni | Pokloni za ro\u0111endan i sve ostale prigode Plavac mali Dinga\u010d i Postup |Po\u0161ip | Grk | Malvazija | \u0160krlet | Pjenu\u0161ci |\"},{\"@type\":\"BreadcrumbList\",\"@id\":\"https:\/\/adria-klik.com\/proizvod\/chardonnay-rosenberg-075l-krauthaker-bozicni-poklon\/#breadcrumb\",\"itemListElement\":[{\"@type\":\"ListItem\",\"position\":1,\"name\":\"Po\u010detna stranica\",\"item\":\"https:\/\/adria-klik.com\/en\/\"},{\"@type\":\"ListItem\",\"position\":2,\"name\":\"Shop\",\"item\":\"https:\/\/adria-klik.com\/shop\/\"},{\"@type\":\"ListItem\",\"position\":3,\"name\":\"Glavno jelo i Desert &#8211; Krauthaker &#8211; Bo\u017ei\u0107no izdanje Limited Edition\"}]},{\"@type\":\"WebSite\",\"@id\":\"https:\/\/adria-klik.com\/#website\",\"url\":\"https:\/\/adria-klik.com\/\",\"name\":\"Adria-Klik.com\",\"description\":\"Unikatni poklon paketi, Vina, Craft pivo &amp; Delicije - webshop\",\"publisher\":{\"@id\":\"https:\/\/adria-klik.com\/#organization\"},\"potentialAction\":[{\"@type\":\"SearchAction\",\"target\":{\"@type\":\"EntryPoint\",\"urlTemplate\":\"https:\/\/adria-klik.com\/?s={search_term_string}\"},\"query-input\":{\"@type\":\"PropertyValueSpecification\",\"valueRequired\":true,\"valueName\":\"search_term_string\"}}],\"inLanguage\":\"en-US\"},{\"@type\":\"Organization\",\"@id\":\"https:\/\/adria-klik.com\/#organization\",\"name\":\"Adria-Klik.com\",\"alternateName\":\"AK\",\"url\":\"https:\/\/adria-klik.com\/\",\"logo\":{\"@type\":\"ImageObject\",\"inLanguage\":\"en-US\",\"@id\":\"https:\/\/adria-klik.com\/#\/schema\/logo\/image\/\",\"url\":\"https:\/\/adria-klik.com\/wp-content\/uploads\/2025\/12\/Adria-Klik_com-logo-namirnice-vina-craft-pivo-delikatese-delicije-artisan-cokolada.jpg\",\"contentUrl\":\"https:\/\/adria-klik.com\/wp-content\/uploads\/2025\/12\/Adria-Klik_com-logo-namirnice-vina-craft-pivo-delikatese-delicije-artisan-cokolada.jpg\",\"width\":500,\"height\":500,\"caption\":\"Adria-Klik.com\"},\"image\":{\"@id\":\"https:\/\/adria-klik.com\/#\/schema\/logo\/image\/\"},\"sameAs\":[\"https:\/\/www.facebook.com\/profile.php?id=100064209425136\",\"https:\/\/www.instagram.com\/adriaklik\/\",\"https:\/\/www.youtube.com\/user\/PlavacmaliZagreb\"]}]}<\/script>\n<!-- \/ Yoast SEO plugin. -->","yoast_head_json":{"title":"Glavno jelo i Desert - Krauthaker - Bo\u017ei\u0107no izdanje Limited Edition - Adria-Klik.com","description":"Glavno jelo i Desert - Krauthaker Chardonnay Rosenberg i Mu\u0161tra -Mu\u0161kat \/ Traminac 0,75l Bo\u017ei\u0107no izdanje poklon paketa! - Naru\u010di dostavu online","robots":{"index":"index","follow":"follow","max-snippet":"max-snippet:-1","max-image-preview":"max-image-preview:large","max-video-preview":"max-video-preview:-1"},"canonical":"https:\/\/adria-klik.com\/proizvod\/chardonnay-rosenberg-075l-krauthaker-bozicni-poklon\/","og_locale":"en_US","og_type":"article","og_title":"#Rosenberg #Chardonnay #Krauthaker","og_description":"#Rosenberg #Chardonnay #Krauthaker Naru\u010di dostavu vina Krauthaker Online sigurna dostava DPD GLS HP Wolt Glovo webshop poklon paketi","og_url":"https:\/\/adria-klik.com\/proizvod\/chardonnay-rosenberg-075l-krauthaker-bozicni-poklon\/","og_site_name":"Adria-Klik.com","article_publisher":"https:\/\/www.facebook.com\/profile.php?id=100064209425136","article_modified_time":"2025-12-19T14:53:25+00:00","og_image":[{"width":1500,"height":1500,"url":"https:\/\/adria-klik.com\/wp-content\/uploads\/2025\/10\/Chardonnay-Rosenberg-075l-Vrhunsko-vino-Krauthaker-Adria-Klik-webshop-dostava-vina-Zagreb-Hrvatska-EU-fast-delivery-store-market-bolt-Wolt-Glovo-internet-DPD-GLS.jpeg","type":"image\/jpeg"}],"twitter_card":"summary_large_image","twitter_misc":{"Est. reading time":"2 minutes"},"schema":{"@context":"https:\/\/schema.org","@graph":[{"@type":"WebPage","@id":"https:\/\/adria-klik.com\/proizvod\/chardonnay-rosenberg-075l-krauthaker-bozicni-poklon\/","url":"https:\/\/adria-klik.com\/proizvod\/chardonnay-rosenberg-075l-krauthaker-bozicni-poklon\/","name":"Glavno jelo i Desert - Krauthaker - Bo\u017ei\u0107no izdanje Limited Edition - Adria-Klik.com","isPartOf":{"@id":"https:\/\/adria-klik.com\/#website"},"primaryImageOfPage":{"@id":"https:\/\/adria-klik.com\/proizvod\/chardonnay-rosenberg-075l-krauthaker-bozicni-poklon\/#primaryimage"},"image":{"@id":"https:\/\/adria-klik.com\/proizvod\/chardonnay-rosenberg-075l-krauthaker-bozicni-poklon\/#primaryimage"},"thumbnailUrl":"https:\/\/adria-klik.com\/wp-content\/uploads\/2025\/12\/Glavno-jelo-i-Desert-Chardonay-Rosenberg-Mustra-Muskat-Traminac-Bozicni-gift-box-poklon-paket-Unique-Christmas-Limited-edition-adria.jpg","datePublished":"2025-12-19T14:38:12+00:00","dateModified":"2025-12-19T14:53:25+00:00","description":"Glavno jelo i Desert - Krauthaker Chardonnay Rosenberg i Mu\u0161tra -Mu\u0161kat \/ Traminac 0,75l Bo\u017ei\u0107no izdanje poklon paketa! - Naru\u010di dostavu online","breadcrumb":{"@id":"https:\/\/adria-klik.com\/proizvod\/chardonnay-rosenberg-075l-krauthaker-bozicni-poklon\/#breadcrumb"},"inLanguage":"en-US","potentialAction":[{"@type":"ReadAction","target":["https:\/\/adria-klik.com\/proizvod\/chardonnay-rosenberg-075l-krauthaker-bozicni-poklon\/"]}]},{"@type":"ImageObject","inLanguage":"en-US","@id":"https:\/\/adria-klik.com\/proizvod\/chardonnay-rosenberg-075l-krauthaker-bozicni-poklon\/#primaryimage","url":"https:\/\/adria-klik.com\/wp-content\/uploads\/2025\/12\/Glavno-jelo-i-Desert-Chardonay-Rosenberg-Mustra-Muskat-Traminac-Bozicni-gift-box-poklon-paket-Unique-Christmas-Limited-edition-adria.jpg","contentUrl":"https:\/\/adria-klik.com\/wp-content\/uploads\/2025\/12\/Glavno-jelo-i-Desert-Chardonay-Rosenberg-Mustra-Muskat-Traminac-Bozicni-gift-box-poklon-paket-Unique-Christmas-Limited-edition-adria.jpg","width":1500,"height":1500,"caption":"Ravni Kotari Poklon paket- Lampredija Crni Cuve i Merlot dinka vinarija Boketa! Novo! Naru\u010di online! | Poslovni pokoni | Poklon za ro\u0111endan | Unikatni autohtoni poklon paketi | Gift Box | Gift basket | Adria-Klik Supply webshop trgovina dostava namirnica, vina, craft piva i delicija Superbrza dostava Zagreb Wolt Glovo Hrvatska i EU DPD GLS - profesionalna vinska logistika #kupujmohrvatsko Naruci online, sigurna kupovina i brza dostava Croatia Unique Craft Beer Gift box \/ basket - Premium Craft beer gift box Nova runda brewery | Croatia autochthonous variety of wine Gift box unique - Autohtona sorta vina Poklon paket - Poslovni pokloni | Pokloni za ro\u0111endan i sve ostale prigode Plavac mali Dinga\u010d i Postup |Po\u0161ip | Grk | Malvazija | \u0160krlet | Pjenu\u0161ci |"},{"@type":"BreadcrumbList","@id":"https:\/\/adria-klik.com\/proizvod\/chardonnay-rosenberg-075l-krauthaker-bozicni-poklon\/#breadcrumb","itemListElement":[{"@type":"ListItem","position":1,"name":"Po\u010detna stranica","item":"https:\/\/adria-klik.com\/en\/"},{"@type":"ListItem","position":2,"name":"Shop","item":"https:\/\/adria-klik.com\/shop\/"},{"@type":"ListItem","position":3,"name":"Glavno jelo i Desert &#8211; Krauthaker &#8211; Bo\u017ei\u0107no izdanje Limited Edition"}]},{"@type":"WebSite","@id":"https:\/\/adria-klik.com\/#website","url":"https:\/\/adria-klik.com\/","name":"Adria-Klik.com","description":"Unikatni poklon paketi, Vina, Craft pivo &amp; Delicije - webshop","publisher":{"@id":"https:\/\/adria-klik.com\/#organization"},"potentialAction":[{"@type":"SearchAction","target":{"@type":"EntryPoint","urlTemplate":"https:\/\/adria-klik.com\/?s={search_term_string}"},"query-input":{"@type":"PropertyValueSpecification","valueRequired":true,"valueName":"search_term_string"}}],"inLanguage":"en-US"},{"@type":"Organization","@id":"https:\/\/adria-klik.com\/#organization","name":"Adria-Klik.com","alternateName":"AK","url":"https:\/\/adria-klik.com\/","logo":{"@type":"ImageObject","inLanguage":"en-US","@id":"https:\/\/adria-klik.com\/#\/schema\/logo\/image\/","url":"https:\/\/adria-klik.com\/wp-content\/uploads\/2025\/12\/Adria-Klik_com-logo-namirnice-vina-craft-pivo-delikatese-delicije-artisan-cokolada.jpg","contentUrl":"https:\/\/adria-klik.com\/wp-content\/uploads\/2025\/12\/Adria-Klik_com-logo-namirnice-vina-craft-pivo-delikatese-delicije-artisan-cokolada.jpg","width":500,"height":500,"caption":"Adria-Klik.com"},"image":{"@id":"https:\/\/adria-klik.com\/#\/schema\/logo\/image\/"},"sameAs":["https:\/\/www.facebook.com\/profile.php?id=100064209425136","https:\/\/www.instagram.com\/adriaklik\/","https:\/\/www.youtube.com\/user\/PlavacmaliZagreb"]}]}},"jetpack_sharing_enabled":true,"jetpack-related-posts":[],"_links":{"self":[{"href":"https:\/\/adria-klik.com\/en\/wp-json\/wp\/v2\/product\/18003","targetHints":{"allow":["GET"]}}],"collection":[{"href":"https:\/\/adria-klik.com\/en\/wp-json\/wp\/v2\/product"}],"about":[{"href":"https:\/\/adria-klik.com\/en\/wp-json\/wp\/v2\/types\/product"}],"replies":[{"embeddable":true,"href":"https:\/\/adria-klik.com\/en\/wp-json\/wp\/v2\/comments?post=18003"}],"wp:featuredmedia":[{"embeddable":true,"href":"https:\/\/adria-klik.com\/en\/wp-json\/wp\/v2\/media\/18005"}],"wp:attachment":[{"href":"https:\/\/adria-klik.com\/en\/wp-json\/wp\/v2\/media?parent=18003"}],"wp:term":[{"taxonomy":"product_brand","embeddable":true,"href":"https:\/\/adria-klik.com\/en\/wp-json\/wp\/v2\/product_brand?post=18003"},{"taxonomy":"product_cat","embeddable":true,"href":"https:\/\/adria-klik.com\/en\/wp-json\/wp\/v2\/product_cat?post=18003"},{"taxonomy":"product_tag","embeddable":true,"href":"https:\/\/adria-klik.com\/en\/wp-json\/wp\/v2\/product_tag?post=18003"},{"taxonomy":"berocket_brand","embeddable":true,"href":"https:\/\/adria-klik.com\/en\/wp-json\/wp\/v2\/berocket_brand?post=18003"}],"curies":[{"name":"wp","href":"https:\/\/api.w.org\/{rel}","templated":true}]}}