{"id":8146,"date":"2018-06-28T13:58:02","date_gmt":"2018-06-28T11:58:02","guid":{"rendered":"https:\/\/adria.riot.hr\/proizvod\/smirnoff-red-vodka-0-7-l\/"},"modified":"2023-04-26T00:46:33","modified_gmt":"2023-04-25T22:46:33","slug":"smirnoff-red-vodka-0-7-l","status":"publish","type":"product","link":"https:\/\/adria-klik.com\/en\/proizvod\/smirnoff-red-vodka-0-7-l\/","title":{"rendered":"Smirnoff Red Vodka 1l"},"content":{"rendered":"<ul>\n<li>The world&#8217;s favourite premium vodka<\/li>\n<li>Triple distilled from different blended grains, filtered ten times through seven columns of charcoal<\/li>\n<li>Exceptionally smooth with a clean palate<\/li>\n<li>An exceptionally pure-tasting, smooth spirit used in a wide range of popular drinks.<\/li>\n<li>Smirnoff is the most awarded name in vodka, with countless years of heritage and unmatched quality sold in over 130 countries.<\/li>\n<li>It is triple distilled from a blend of different grains and filtered ten times through seven columns of environmentally sustainable charcoal for an exceptionally pure-tasting, smooth spirit.<\/li>\n<li>Order Vodka online<\/li>\n<li>Preorders<\/li>\n<li>superfast orders<\/li>\n<\/ul>\n","protected":false},"excerpt":{"rendered":"<ul>\n<li>The world&#8217;s favourite premium vodka<\/li>\n<li>Triple distilled from different blended grains, filtered ten times through seven columns of charcoal<\/li>\n<li>Exceptionally smooth with a clean palate<\/li>\n<li>An exceptionally pure-tasting, smooth spirit used in a wide range of popular drinks.<\/li>\n<li>Smirnoff is the most awarded name in vodka, with countless years of heritage and unmatched quality sold in over 130 countries.<\/li>\n<li>It is triple distilled from a blend of different grains and filtered ten times through seven columns of environmentally sustainable charcoal for an exceptionally pure-tasting, smooth spirit.<\/li>\n<li>Order Vodka online<\/li>\n<li>Preorders<\/li>\n<li>superfast orders<\/li>\n<\/ul>\n","protected":false},"featured_media":15822,"comment_status":"open","ping_status":"closed","template":"","meta":{"_acf_changed":false},"product_brand":[],"product_cat":[378,438,1378],"product_tag":[1530,1528],"berocket_brand":[579],"class_list":{"0":"post-8146","1":"product","2":"type-product","3":"status-publish","4":"has-post-thumbnail","6":"product_cat-liquor","7":"product_cat-vodka-en","8":"product_cat-zagreb-en","9":"product_tag-dostava-vodke","10":"product_tag-naruci-dotavu-vodke-en","11":"berocket_brand-smirnoff","13":"first","14":"instock","15":"sale","16":"shipping-taxable","17":"purchasable","18":"product-type-simple"},"acf":[],"yoast_head":"<!-- This site is optimized with the Yoast SEO plugin v26.9 - https:\/\/yoast.com\/product\/yoast-seo-wordpress\/ -->\n<title>Smirnoff Red Vodka 1l - Adria-Klik.com<\/title>\n<meta name=\"description\" content=\"Adria Klik Famously triple distilled, this is an ideal vodka for long drinks and cocktails. Smirnoff Red Vodka 1l Order express delivery!\" \/>\n<meta name=\"robots\" content=\"index, follow, max-snippet:-1, max-image-preview:large, max-video-preview:-1\" \/>\n<link rel=\"canonical\" href=\"https:\/\/adria-klik.com\/proizvod\/smirnoff-red-vodka-1l\/\" \/>\n<meta property=\"og:locale\" content=\"en_US\" \/>\n<meta property=\"og:type\" content=\"article\" \/>\n<meta property=\"og:title\" content=\"Adria Klik Famously triple distilled, this is an ideal vodka for long drinks and cocktails. Smirnoff Red Vodka 1l Order express delivery!\" \/>\n<meta property=\"og:description\" content=\"Adria Klik Famously triple distilled, this is an ideal vodka for long drinks and cocktails. Smirnoff Red Vodka 1l Order express delivery!\" \/>\n<meta property=\"og:url\" content=\"https:\/\/adria-klik.com\/proizvod\/smirnoff-red-vodka-1l\/\" \/>\n<meta property=\"og:site_name\" content=\"Adria-Klik.com\" \/>\n<meta property=\"article:publisher\" content=\"https:\/\/www.facebook.com\/profile.php?id=100064209425136\" \/>\n<meta property=\"article:modified_time\" content=\"2023-04-25T22:46:33+00:00\" \/>\n<meta property=\"og:image\" content=\"https:\/\/adria-klik.com\/wp-content\/uploads\/2018\/06\/Smirnoff_Red_Vodka_1l_Adria_Supply_Kupipovoljno_brza_dostava_hladno_pice_ducan_webshop_Croatia-wolt-glovo.jpg\" \/>\n\t<meta property=\"og:image:width\" content=\"1500\" \/>\n\t<meta property=\"og:image:height\" content=\"1500\" \/>\n\t<meta property=\"og:image:type\" content=\"image\/jpeg\" \/>\n<meta name=\"twitter:card\" content=\"summary_large_image\" \/>\n<meta name=\"twitter:title\" content=\"Adria Klik Famously triple distilled, this is an ideal vodka for long drinks and cocktails. Smirnoff Red Vodka 1l Order express delivery!\" \/>\n<meta name=\"twitter:description\" content=\"Adria Klik Famously triple distilled, this is an ideal vodka for long drinks and cocktails. Smirnoff Red Vodka 1l Order express delivery!\" \/>\n<meta name=\"twitter:image\" content=\"https:\/\/adria-klik.com\/wp-content\/uploads\/2018\/06\/Smirnoff_Red_Vodka_1l_Adria_Supply_Kupipovoljno_brza_dostava_hladno_pice_ducan_webshop_Croatia-wolt-glovo.jpg\" \/>\n<meta name=\"twitter:label1\" content=\"Est. reading time\" \/>\n\t<meta name=\"twitter:data1\" content=\"1 minute\" \/>\n<script type=\"application\/ld+json\" class=\"yoast-schema-graph\">{\"@context\":\"https:\/\/schema.org\",\"@graph\":[{\"@type\":\"WebPage\",\"@id\":\"https:\/\/adria-klik.com\/proizvod\/smirnoff-red-vodka-1l\/\",\"url\":\"https:\/\/adria-klik.com\/proizvod\/smirnoff-red-vodka-1l\/\",\"name\":\"Smirnoff Red Vodka 1l - Adria-Klik.com\",\"isPartOf\":{\"@id\":\"https:\/\/adria-klik.com\/#website\"},\"primaryImageOfPage\":{\"@id\":\"https:\/\/adria-klik.com\/proizvod\/smirnoff-red-vodka-1l\/#primaryimage\"},\"image\":{\"@id\":\"https:\/\/adria-klik.com\/proizvod\/smirnoff-red-vodka-1l\/#primaryimage\"},\"thumbnailUrl\":\"https:\/\/adria-klik.com\/wp-content\/uploads\/2018\/06\/Smirnoff_Red_Vodka_1l_Adria_Supply_Kupipovoljno_brza_dostava_hladno_pice_ducan_webshop_Croatia-wolt-glovo.jpg\",\"datePublished\":\"2018-06-28T11:58:02+00:00\",\"dateModified\":\"2023-04-25T22:46:33+00:00\",\"description\":\"Adria Klik Famously triple distilled, this is an ideal vodka for long drinks and cocktails. Smirnoff Red Vodka 1l Order express delivery!\",\"breadcrumb\":{\"@id\":\"https:\/\/adria-klik.com\/proizvod\/smirnoff-red-vodka-1l\/#breadcrumb\"},\"inLanguage\":\"en-US\",\"potentialAction\":[{\"@type\":\"ReadAction\",\"target\":[\"https:\/\/adria-klik.com\/proizvod\/smirnoff-red-vodka-1l\/\"]}]},{\"@type\":\"ImageObject\",\"inLanguage\":\"en-US\",\"@id\":\"https:\/\/adria-klik.com\/proizvod\/smirnoff-red-vodka-1l\/#primaryimage\",\"url\":\"https:\/\/adria-klik.com\/wp-content\/uploads\/2018\/06\/Smirnoff_Red_Vodka_1l_Adria_Supply_Kupipovoljno_brza_dostava_hladno_pice_ducan_webshop_Croatia-wolt-glovo.jpg\",\"contentUrl\":\"https:\/\/adria-klik.com\/wp-content\/uploads\/2018\/06\/Smirnoff_Red_Vodka_1l_Adria_Supply_Kupipovoljno_brza_dostava_hladno_pice_ducan_webshop_Croatia-wolt-glovo.jpg\",\"width\":1500,\"height\":1500,\"caption\":\"Omiljena svjetska premium votka Trostruko destilirana iz razli\u010ditih mije\u0161anih zrna, filtrirana deset puta kroz sedam stupaca ugljena Izuzetno glatko s \u010distim nepcem Izuzetno glatkog okusa \u010distog okusa koji se koristi u \u0161irokoj paleti popularnih pi\u0107a. Smirnoff je najnagra\u0111ivanije ime u votki, s nebrojenim godinama naslije\u0111a i nenadma\u0161nom kvalitetom koje se prodaju u preko 130 zemalja. Trostruko se destilira iz mje\u0161avine razli\u010ditih zrna i filtrira deset puta kroz sedam stupaca ekolo\u0161ki odr\u017eivog ugljena za iznimno glatkog okusa \u010distog okusa. Naru\u010di dostavu Vodke online Alc:\u00a0 37.5%\"},{\"@type\":\"BreadcrumbList\",\"@id\":\"https:\/\/adria-klik.com\/proizvod\/smirnoff-red-vodka-1l\/#breadcrumb\",\"itemListElement\":[{\"@type\":\"ListItem\",\"position\":1,\"name\":\"Po\u010detna stranica\",\"item\":\"https:\/\/adria-klik.com\/en\/\"},{\"@type\":\"ListItem\",\"position\":2,\"name\":\"Shop\",\"item\":\"https:\/\/adria-klik.com\/shop\/\"},{\"@type\":\"ListItem\",\"position\":3,\"name\":\"Smirnoff Red Vodka 1l\"}]},{\"@type\":\"WebSite\",\"@id\":\"https:\/\/adria-klik.com\/#website\",\"url\":\"https:\/\/adria-klik.com\/\",\"name\":\"Adria-Klik.com\",\"description\":\"Unikatni poklon paketi, Vina, Craft pivo &amp; Delicije - webshop\",\"publisher\":{\"@id\":\"https:\/\/adria-klik.com\/#organization\"},\"potentialAction\":[{\"@type\":\"SearchAction\",\"target\":{\"@type\":\"EntryPoint\",\"urlTemplate\":\"https:\/\/adria-klik.com\/?s={search_term_string}\"},\"query-input\":{\"@type\":\"PropertyValueSpecification\",\"valueRequired\":true,\"valueName\":\"search_term_string\"}}],\"inLanguage\":\"en-US\"},{\"@type\":\"Organization\",\"@id\":\"https:\/\/adria-klik.com\/#organization\",\"name\":\"Adria-Klik.com\",\"alternateName\":\"AK\",\"url\":\"https:\/\/adria-klik.com\/\",\"logo\":{\"@type\":\"ImageObject\",\"inLanguage\":\"en-US\",\"@id\":\"https:\/\/adria-klik.com\/#\/schema\/logo\/image\/\",\"url\":\"https:\/\/adria-klik.com\/wp-content\/uploads\/2025\/12\/Adria-Klik_com-logo-namirnice-vina-craft-pivo-delikatese-delicije-artisan-cokolada.jpg\",\"contentUrl\":\"https:\/\/adria-klik.com\/wp-content\/uploads\/2025\/12\/Adria-Klik_com-logo-namirnice-vina-craft-pivo-delikatese-delicije-artisan-cokolada.jpg\",\"width\":500,\"height\":500,\"caption\":\"Adria-Klik.com\"},\"image\":{\"@id\":\"https:\/\/adria-klik.com\/#\/schema\/logo\/image\/\"},\"sameAs\":[\"https:\/\/www.facebook.com\/profile.php?id=100064209425136\",\"https:\/\/www.instagram.com\/adriaklik\/\",\"https:\/\/www.youtube.com\/user\/PlavacmaliZagreb\"]}]}<\/script>\n<!-- \/ Yoast SEO plugin. -->","yoast_head_json":{"title":"Smirnoff Red Vodka 1l - Adria-Klik.com","description":"Adria Klik Famously triple distilled, this is an ideal vodka for long drinks and cocktails. Smirnoff Red Vodka 1l Order express delivery!","robots":{"index":"index","follow":"follow","max-snippet":"max-snippet:-1","max-image-preview":"max-image-preview:large","max-video-preview":"max-video-preview:-1"},"canonical":"https:\/\/adria-klik.com\/proizvod\/smirnoff-red-vodka-1l\/","og_locale":"en_US","og_type":"article","og_title":"Adria Klik Famously triple distilled, this is an ideal vodka for long drinks and cocktails. Smirnoff Red Vodka 1l Order express delivery!","og_description":"Adria Klik Famously triple distilled, this is an ideal vodka for long drinks and cocktails. Smirnoff Red Vodka 1l Order express delivery!","og_url":"https:\/\/adria-klik.com\/proizvod\/smirnoff-red-vodka-1l\/","og_site_name":"Adria-Klik.com","article_publisher":"https:\/\/www.facebook.com\/profile.php?id=100064209425136","article_modified_time":"2023-04-25T22:46:33+00:00","og_image":[{"width":1500,"height":1500,"url":"https:\/\/adria-klik.com\/wp-content\/uploads\/2018\/06\/Smirnoff_Red_Vodka_1l_Adria_Supply_Kupipovoljno_brza_dostava_hladno_pice_ducan_webshop_Croatia-wolt-glovo.jpg","type":"image\/jpeg"}],"twitter_card":"summary_large_image","twitter_title":"Adria Klik Famously triple distilled, this is an ideal vodka for long drinks and cocktails. Smirnoff Red Vodka 1l Order express delivery!","twitter_description":"Adria Klik Famously triple distilled, this is an ideal vodka for long drinks and cocktails. Smirnoff Red Vodka 1l Order express delivery!","twitter_image":"https:\/\/adria-klik.com\/wp-content\/uploads\/2018\/06\/Smirnoff_Red_Vodka_1l_Adria_Supply_Kupipovoljno_brza_dostava_hladno_pice_ducan_webshop_Croatia-wolt-glovo.jpg","twitter_misc":{"Est. reading time":"1 minute"},"schema":{"@context":"https:\/\/schema.org","@graph":[{"@type":"WebPage","@id":"https:\/\/adria-klik.com\/proizvod\/smirnoff-red-vodka-1l\/","url":"https:\/\/adria-klik.com\/proizvod\/smirnoff-red-vodka-1l\/","name":"Smirnoff Red Vodka 1l - Adria-Klik.com","isPartOf":{"@id":"https:\/\/adria-klik.com\/#website"},"primaryImageOfPage":{"@id":"https:\/\/adria-klik.com\/proizvod\/smirnoff-red-vodka-1l\/#primaryimage"},"image":{"@id":"https:\/\/adria-klik.com\/proizvod\/smirnoff-red-vodka-1l\/#primaryimage"},"thumbnailUrl":"https:\/\/adria-klik.com\/wp-content\/uploads\/2018\/06\/Smirnoff_Red_Vodka_1l_Adria_Supply_Kupipovoljno_brza_dostava_hladno_pice_ducan_webshop_Croatia-wolt-glovo.jpg","datePublished":"2018-06-28T11:58:02+00:00","dateModified":"2023-04-25T22:46:33+00:00","description":"Adria Klik Famously triple distilled, this is an ideal vodka for long drinks and cocktails. Smirnoff Red Vodka 1l Order express delivery!","breadcrumb":{"@id":"https:\/\/adria-klik.com\/proizvod\/smirnoff-red-vodka-1l\/#breadcrumb"},"inLanguage":"en-US","potentialAction":[{"@type":"ReadAction","target":["https:\/\/adria-klik.com\/proizvod\/smirnoff-red-vodka-1l\/"]}]},{"@type":"ImageObject","inLanguage":"en-US","@id":"https:\/\/adria-klik.com\/proizvod\/smirnoff-red-vodka-1l\/#primaryimage","url":"https:\/\/adria-klik.com\/wp-content\/uploads\/2018\/06\/Smirnoff_Red_Vodka_1l_Adria_Supply_Kupipovoljno_brza_dostava_hladno_pice_ducan_webshop_Croatia-wolt-glovo.jpg","contentUrl":"https:\/\/adria-klik.com\/wp-content\/uploads\/2018\/06\/Smirnoff_Red_Vodka_1l_Adria_Supply_Kupipovoljno_brza_dostava_hladno_pice_ducan_webshop_Croatia-wolt-glovo.jpg","width":1500,"height":1500,"caption":"Omiljena svjetska premium votka Trostruko destilirana iz razli\u010ditih mije\u0161anih zrna, filtrirana deset puta kroz sedam stupaca ugljena Izuzetno glatko s \u010distim nepcem Izuzetno glatkog okusa \u010distog okusa koji se koristi u \u0161irokoj paleti popularnih pi\u0107a. Smirnoff je najnagra\u0111ivanije ime u votki, s nebrojenim godinama naslije\u0111a i nenadma\u0161nom kvalitetom koje se prodaju u preko 130 zemalja. Trostruko se destilira iz mje\u0161avine razli\u010ditih zrna i filtrira deset puta kroz sedam stupaca ekolo\u0161ki odr\u017eivog ugljena za iznimno glatkog okusa \u010distog okusa. Naru\u010di dostavu Vodke online Alc:\u00a0 37.5%"},{"@type":"BreadcrumbList","@id":"https:\/\/adria-klik.com\/proizvod\/smirnoff-red-vodka-1l\/#breadcrumb","itemListElement":[{"@type":"ListItem","position":1,"name":"Po\u010detna stranica","item":"https:\/\/adria-klik.com\/en\/"},{"@type":"ListItem","position":2,"name":"Shop","item":"https:\/\/adria-klik.com\/shop\/"},{"@type":"ListItem","position":3,"name":"Smirnoff Red Vodka 1l"}]},{"@type":"WebSite","@id":"https:\/\/adria-klik.com\/#website","url":"https:\/\/adria-klik.com\/","name":"Adria-Klik.com","description":"Unikatni poklon paketi, Vina, Craft pivo &amp; Delicije - webshop","publisher":{"@id":"https:\/\/adria-klik.com\/#organization"},"potentialAction":[{"@type":"SearchAction","target":{"@type":"EntryPoint","urlTemplate":"https:\/\/adria-klik.com\/?s={search_term_string}"},"query-input":{"@type":"PropertyValueSpecification","valueRequired":true,"valueName":"search_term_string"}}],"inLanguage":"en-US"},{"@type":"Organization","@id":"https:\/\/adria-klik.com\/#organization","name":"Adria-Klik.com","alternateName":"AK","url":"https:\/\/adria-klik.com\/","logo":{"@type":"ImageObject","inLanguage":"en-US","@id":"https:\/\/adria-klik.com\/#\/schema\/logo\/image\/","url":"https:\/\/adria-klik.com\/wp-content\/uploads\/2025\/12\/Adria-Klik_com-logo-namirnice-vina-craft-pivo-delikatese-delicije-artisan-cokolada.jpg","contentUrl":"https:\/\/adria-klik.com\/wp-content\/uploads\/2025\/12\/Adria-Klik_com-logo-namirnice-vina-craft-pivo-delikatese-delicije-artisan-cokolada.jpg","width":500,"height":500,"caption":"Adria-Klik.com"},"image":{"@id":"https:\/\/adria-klik.com\/#\/schema\/logo\/image\/"},"sameAs":["https:\/\/www.facebook.com\/profile.php?id=100064209425136","https:\/\/www.instagram.com\/adriaklik\/","https:\/\/www.youtube.com\/user\/PlavacmaliZagreb"]}]}},"jetpack_sharing_enabled":true,"jetpack-related-posts":[],"_links":{"self":[{"href":"https:\/\/adria-klik.com\/en\/wp-json\/wp\/v2\/product\/8146","targetHints":{"allow":["GET"]}}],"collection":[{"href":"https:\/\/adria-klik.com\/en\/wp-json\/wp\/v2\/product"}],"about":[{"href":"https:\/\/adria-klik.com\/en\/wp-json\/wp\/v2\/types\/product"}],"replies":[{"embeddable":true,"href":"https:\/\/adria-klik.com\/en\/wp-json\/wp\/v2\/comments?post=8146"}],"wp:featuredmedia":[{"embeddable":true,"href":"https:\/\/adria-klik.com\/en\/wp-json\/wp\/v2\/media\/15822"}],"wp:attachment":[{"href":"https:\/\/adria-klik.com\/en\/wp-json\/wp\/v2\/media?parent=8146"}],"wp:term":[{"taxonomy":"product_brand","embeddable":true,"href":"https:\/\/adria-klik.com\/en\/wp-json\/wp\/v2\/product_brand?post=8146"},{"taxonomy":"product_cat","embeddable":true,"href":"https:\/\/adria-klik.com\/en\/wp-json\/wp\/v2\/product_cat?post=8146"},{"taxonomy":"product_tag","embeddable":true,"href":"https:\/\/adria-klik.com\/en\/wp-json\/wp\/v2\/product_tag?post=8146"},{"taxonomy":"berocket_brand","embeddable":true,"href":"https:\/\/adria-klik.com\/en\/wp-json\/wp\/v2\/berocket_brand?post=8146"}],"curies":[{"name":"wp","href":"https:\/\/api.w.org\/{rel}","templated":true}]}}