{"id":8181,"date":"2018-07-23T15:07:42","date_gmt":"2018-07-23T13:07:42","guid":{"rendered":"https:\/\/adria.riot.hr\/proizvod\/gin-gordon-s-special-london-0-7-l\/"},"modified":"2023-04-26T00:45:22","modified_gmt":"2023-04-25T22:45:22","slug":"gin-gordon-s-special-london-0-7-l","status":"publish","type":"product","link":"https:\/\/adria-klik.com\/en\/proizvod\/gin-gordon-s-special-london-0-7-l\/","title":{"rendered":"Gin Gordon&#8217;s Special London 1l"},"content":{"rendered":"<p>Gin Gordon&#8217;s Special London 1l<\/p>\n","protected":false},"excerpt":{"rendered":"<p>Gin Gordon&#8217;s Special London 1l<\/p>\n","protected":false},"featured_media":16772,"comment_status":"open","ping_status":"closed","template":"","meta":{"_acf_changed":false},"product_brand":[],"product_cat":[439,378],"product_tag":[565,459],"berocket_brand":[564],"class_list":{"0":"post-8181","1":"product","2":"type-product","3":"status-publish","4":"has-post-thumbnail","6":"product_cat-gin-en","7":"product_cat-liquor","8":"product_tag-gordins-gin","9":"product_tag-zagreb","10":"berocket_brand-gordons-gin","12":"first","13":"instock","14":"shipping-taxable","15":"purchasable","16":"product-type-simple"},"acf":[],"yoast_head":"<!-- This site is optimized with the Yoast SEO plugin v26.9 - https:\/\/yoast.com\/product\/yoast-seo-wordpress\/ -->\n<title>Gin Gordon&#039;s Special London 1l - Adria-Klik.com<\/title>\n<meta name=\"description\" content=\"Poklon paketi | Poslovni pokoni | Poklon za ro\u0111endan | Unikatni autohtoni poklon paketi | Gift Box | Gift basket | Adria-Klik Supply webshop trgovina dostava namirnica, vina, craft piva i delicija Superbrza dostava Zagreb Wolt Glovo Hrvatska i EU DPD GLS - profesionalna vinska logistika #kupujmohrvatsko Naruci online, sigurna kupovina i brza dostava Croatia Unique Craft Beer Gift box \/ basket - Premium Craft beer gift box Nova runda brewery | Croatia autochthonous variety of wine Gift box unique - Autohtona sorta vina Poklon paket - Poslovni pokloni | Pokloni za ro\u0111endan i sve ostale prigode Plavac mali Dinga\u010d i Postup |Po\u0161ip | Grk | Malvazija | \u0160krlet | Pjenu\u0161ci |\" \/>\n<meta name=\"robots\" content=\"index, follow, max-snippet:-1, max-image-preview:large, max-video-preview:-1\" \/>\n<link rel=\"canonical\" href=\"https:\/\/adria-klik.com\/proizvod\/gin-gordons-special-london-1l\/\" \/>\n<meta property=\"og:locale\" content=\"en_US\" \/>\n<meta property=\"og:type\" content=\"article\" \/>\n<meta property=\"og:title\" content=\"Gin Gordon&#039;s Special London 1l - Adria-Klik.com\" \/>\n<meta property=\"og:description\" content=\"Poklon paketi | Poslovni pokoni | Poklon za ro\u0111endan | Unikatni autohtoni poklon paketi | Gift Box | Gift basket | Adria-Klik Supply webshop trgovina dostava namirnica, vina, craft piva i delicija Superbrza dostava Zagreb Wolt Glovo Hrvatska i EU DPD GLS - profesionalna vinska logistika #kupujmohrvatsko Naruci online, sigurna kupovina i brza dostava Croatia Unique Craft Beer Gift box \/ basket - Premium Craft beer gift box Nova runda brewery | Croatia autochthonous variety of wine Gift box unique - Autohtona sorta vina Poklon paket - Poslovni pokloni | Pokloni za ro\u0111endan i sve ostale prigode Plavac mali Dinga\u010d i Postup |Po\u0161ip | Grk | Malvazija | \u0160krlet | Pjenu\u0161ci |\" \/>\n<meta property=\"og:url\" content=\"https:\/\/adria-klik.com\/proizvod\/gin-gordons-special-london-1l\/\" \/>\n<meta property=\"og:site_name\" content=\"Adria-Klik.com\" \/>\n<meta property=\"article:publisher\" content=\"https:\/\/www.facebook.com\/profile.php?id=100064209425136\" \/>\n<meta property=\"article:modified_time\" content=\"2023-04-25T22:45:22+00:00\" \/>\n<meta property=\"og:image\" content=\"https:\/\/adria-klik.com\/wp-content\/uploads\/2018\/07\/Gordons-Dry-Gin1l-adria-klik-supply-free-delivery-croatia-store-kupi-povoljno.jpg\" \/>\n\t<meta property=\"og:image:width\" content=\"1500\" \/>\n\t<meta property=\"og:image:height\" content=\"1500\" \/>\n\t<meta property=\"og:image:type\" content=\"image\/jpeg\" \/>\n<meta name=\"twitter:card\" content=\"summary_large_image\" \/>\n<script type=\"application\/ld+json\" class=\"yoast-schema-graph\">{\"@context\":\"https:\/\/schema.org\",\"@graph\":[{\"@type\":\"WebPage\",\"@id\":\"https:\/\/adria-klik.com\/proizvod\/gin-gordons-special-london-1l\/\",\"url\":\"https:\/\/adria-klik.com\/proizvod\/gin-gordons-special-london-1l\/\",\"name\":\"Gin Gordon's Special London 1l - Adria-Klik.com\",\"isPartOf\":{\"@id\":\"https:\/\/adria-klik.com\/#website\"},\"primaryImageOfPage\":{\"@id\":\"https:\/\/adria-klik.com\/proizvod\/gin-gordons-special-london-1l\/#primaryimage\"},\"image\":{\"@id\":\"https:\/\/adria-klik.com\/proizvod\/gin-gordons-special-london-1l\/#primaryimage\"},\"thumbnailUrl\":\"https:\/\/adria-klik.com\/wp-content\/uploads\/2018\/07\/Gordons-Dry-Gin1l-adria-klik-supply-free-delivery-croatia-store-kupi-povoljno.jpg\",\"datePublished\":\"2018-07-23T13:07:42+00:00\",\"dateModified\":\"2023-04-25T22:45:22+00:00\",\"description\":\"Poklon paketi | Poslovni pokoni | Poklon za ro\u0111endan | Unikatni autohtoni poklon paketi | Gift Box | Gift basket | Adria-Klik Supply webshop trgovina dostava namirnica, vina, craft piva i delicija Superbrza dostava Zagreb Wolt Glovo Hrvatska i EU DPD GLS - profesionalna vinska logistika #kupujmohrvatsko Naruci online, sigurna kupovina i brza dostava Croatia Unique Craft Beer Gift box \/ basket - Premium Craft beer gift box Nova runda brewery | Croatia autochthonous variety of wine Gift box unique - Autohtona sorta vina Poklon paket - Poslovni pokloni | Pokloni za ro\u0111endan i sve ostale prigode Plavac mali Dinga\u010d i Postup |Po\u0161ip | Grk | Malvazija | \u0160krlet | Pjenu\u0161ci |\",\"breadcrumb\":{\"@id\":\"https:\/\/adria-klik.com\/proizvod\/gin-gordons-special-london-1l\/#breadcrumb\"},\"inLanguage\":\"en-US\",\"potentialAction\":[{\"@type\":\"ReadAction\",\"target\":[\"https:\/\/adria-klik.com\/proizvod\/gin-gordons-special-london-1l\/\"]}]},{\"@type\":\"ImageObject\",\"inLanguage\":\"en-US\",\"@id\":\"https:\/\/adria-klik.com\/proizvod\/gin-gordons-special-london-1l\/#primaryimage\",\"url\":\"https:\/\/adria-klik.com\/wp-content\/uploads\/2018\/07\/Gordons-Dry-Gin1l-adria-klik-supply-free-delivery-croatia-store-kupi-povoljno.jpg\",\"contentUrl\":\"https:\/\/adria-klik.com\/wp-content\/uploads\/2018\/07\/Gordons-Dry-Gin1l-adria-klik-supply-free-delivery-croatia-store-kupi-povoljno.jpg\",\"width\":1500,\"height\":1500,\"caption\":\"Gin Gordon's Special London 1l Adria Klik - Namirnice, Vina & Gourmet webshop Brza dostava Premium, Organskih i Eko doma\u00e6ih proiozvoda, Doma\u0107ih Craft Piva, Vina i delicija. Novo i vlastito skladi\u0161te za brzu distribuciju. Adria Klik potra\u017eite i na na Glovo, Wolt i Bolt-Food aplikacijama.\"},{\"@type\":\"BreadcrumbList\",\"@id\":\"https:\/\/adria-klik.com\/proizvod\/gin-gordons-special-london-1l\/#breadcrumb\",\"itemListElement\":[{\"@type\":\"ListItem\",\"position\":1,\"name\":\"Po\u010detna stranica\",\"item\":\"https:\/\/adria-klik.com\/en\/\"},{\"@type\":\"ListItem\",\"position\":2,\"name\":\"Shop\",\"item\":\"https:\/\/adria-klik.com\/shop\/\"},{\"@type\":\"ListItem\",\"position\":3,\"name\":\"Gin Gordon&#8217;s Special London 1l\"}]},{\"@type\":\"WebSite\",\"@id\":\"https:\/\/adria-klik.com\/#website\",\"url\":\"https:\/\/adria-klik.com\/\",\"name\":\"Adria-Klik.com\",\"description\":\"Unikatni poklon paketi, Vina, Craft pivo &amp; Delicije - webshop\",\"publisher\":{\"@id\":\"https:\/\/adria-klik.com\/#organization\"},\"potentialAction\":[{\"@type\":\"SearchAction\",\"target\":{\"@type\":\"EntryPoint\",\"urlTemplate\":\"https:\/\/adria-klik.com\/?s={search_term_string}\"},\"query-input\":{\"@type\":\"PropertyValueSpecification\",\"valueRequired\":true,\"valueName\":\"search_term_string\"}}],\"inLanguage\":\"en-US\"},{\"@type\":\"Organization\",\"@id\":\"https:\/\/adria-klik.com\/#organization\",\"name\":\"Adria-Klik.com\",\"alternateName\":\"AK\",\"url\":\"https:\/\/adria-klik.com\/\",\"logo\":{\"@type\":\"ImageObject\",\"inLanguage\":\"en-US\",\"@id\":\"https:\/\/adria-klik.com\/#\/schema\/logo\/image\/\",\"url\":\"https:\/\/adria-klik.com\/wp-content\/uploads\/2025\/12\/Adria-Klik_com-logo-namirnice-vina-craft-pivo-delikatese-delicije-artisan-cokolada.jpg\",\"contentUrl\":\"https:\/\/adria-klik.com\/wp-content\/uploads\/2025\/12\/Adria-Klik_com-logo-namirnice-vina-craft-pivo-delikatese-delicije-artisan-cokolada.jpg\",\"width\":500,\"height\":500,\"caption\":\"Adria-Klik.com\"},\"image\":{\"@id\":\"https:\/\/adria-klik.com\/#\/schema\/logo\/image\/\"},\"sameAs\":[\"https:\/\/www.facebook.com\/profile.php?id=100064209425136\",\"https:\/\/www.instagram.com\/adriaklik\/\",\"https:\/\/www.youtube.com\/user\/PlavacmaliZagreb\"]}]}<\/script>\n<!-- \/ Yoast SEO plugin. -->","yoast_head_json":{"title":"Gin Gordon's Special London 1l - Adria-Klik.com","description":"Poklon paketi | Poslovni pokoni | Poklon za ro\u0111endan | Unikatni autohtoni poklon paketi | Gift Box | Gift basket | Adria-Klik Supply webshop trgovina dostava namirnica, vina, craft piva i delicija Superbrza dostava Zagreb Wolt Glovo Hrvatska i EU DPD GLS - profesionalna vinska logistika #kupujmohrvatsko Naruci online, sigurna kupovina i brza dostava Croatia Unique Craft Beer Gift box \/ basket - Premium Craft beer gift box Nova runda brewery | Croatia autochthonous variety of wine Gift box unique - Autohtona sorta vina Poklon paket - Poslovni pokloni | Pokloni za ro\u0111endan i sve ostale prigode Plavac mali Dinga\u010d i Postup |Po\u0161ip | Grk | Malvazija | \u0160krlet | Pjenu\u0161ci |","robots":{"index":"index","follow":"follow","max-snippet":"max-snippet:-1","max-image-preview":"max-image-preview:large","max-video-preview":"max-video-preview:-1"},"canonical":"https:\/\/adria-klik.com\/proizvod\/gin-gordons-special-london-1l\/","og_locale":"en_US","og_type":"article","og_title":"Gin Gordon's Special London 1l - Adria-Klik.com","og_description":"Poklon paketi | Poslovni pokoni | Poklon za ro\u0111endan | Unikatni autohtoni poklon paketi | Gift Box | Gift basket | Adria-Klik Supply webshop trgovina dostava namirnica, vina, craft piva i delicija Superbrza dostava Zagreb Wolt Glovo Hrvatska i EU DPD GLS - profesionalna vinska logistika #kupujmohrvatsko Naruci online, sigurna kupovina i brza dostava Croatia Unique Craft Beer Gift box \/ basket - Premium Craft beer gift box Nova runda brewery | Croatia autochthonous variety of wine Gift box unique - Autohtona sorta vina Poklon paket - Poslovni pokloni | Pokloni za ro\u0111endan i sve ostale prigode Plavac mali Dinga\u010d i Postup |Po\u0161ip | Grk | Malvazija | \u0160krlet | Pjenu\u0161ci |","og_url":"https:\/\/adria-klik.com\/proizvod\/gin-gordons-special-london-1l\/","og_site_name":"Adria-Klik.com","article_publisher":"https:\/\/www.facebook.com\/profile.php?id=100064209425136","article_modified_time":"2023-04-25T22:45:22+00:00","og_image":[{"width":1500,"height":1500,"url":"https:\/\/adria-klik.com\/wp-content\/uploads\/2018\/07\/Gordons-Dry-Gin1l-adria-klik-supply-free-delivery-croatia-store-kupi-povoljno.jpg","type":"image\/jpeg"}],"twitter_card":"summary_large_image","schema":{"@context":"https:\/\/schema.org","@graph":[{"@type":"WebPage","@id":"https:\/\/adria-klik.com\/proizvod\/gin-gordons-special-london-1l\/","url":"https:\/\/adria-klik.com\/proizvod\/gin-gordons-special-london-1l\/","name":"Gin Gordon's Special London 1l - Adria-Klik.com","isPartOf":{"@id":"https:\/\/adria-klik.com\/#website"},"primaryImageOfPage":{"@id":"https:\/\/adria-klik.com\/proizvod\/gin-gordons-special-london-1l\/#primaryimage"},"image":{"@id":"https:\/\/adria-klik.com\/proizvod\/gin-gordons-special-london-1l\/#primaryimage"},"thumbnailUrl":"https:\/\/adria-klik.com\/wp-content\/uploads\/2018\/07\/Gordons-Dry-Gin1l-adria-klik-supply-free-delivery-croatia-store-kupi-povoljno.jpg","datePublished":"2018-07-23T13:07:42+00:00","dateModified":"2023-04-25T22:45:22+00:00","description":"Poklon paketi | Poslovni pokoni | Poklon za ro\u0111endan | Unikatni autohtoni poklon paketi | Gift Box | Gift basket | Adria-Klik Supply webshop trgovina dostava namirnica, vina, craft piva i delicija Superbrza dostava Zagreb Wolt Glovo Hrvatska i EU DPD GLS - profesionalna vinska logistika #kupujmohrvatsko Naruci online, sigurna kupovina i brza dostava Croatia Unique Craft Beer Gift box \/ basket - Premium Craft beer gift box Nova runda brewery | Croatia autochthonous variety of wine Gift box unique - Autohtona sorta vina Poklon paket - Poslovni pokloni | Pokloni za ro\u0111endan i sve ostale prigode Plavac mali Dinga\u010d i Postup |Po\u0161ip | Grk | Malvazija | \u0160krlet | Pjenu\u0161ci |","breadcrumb":{"@id":"https:\/\/adria-klik.com\/proizvod\/gin-gordons-special-london-1l\/#breadcrumb"},"inLanguage":"en-US","potentialAction":[{"@type":"ReadAction","target":["https:\/\/adria-klik.com\/proizvod\/gin-gordons-special-london-1l\/"]}]},{"@type":"ImageObject","inLanguage":"en-US","@id":"https:\/\/adria-klik.com\/proizvod\/gin-gordons-special-london-1l\/#primaryimage","url":"https:\/\/adria-klik.com\/wp-content\/uploads\/2018\/07\/Gordons-Dry-Gin1l-adria-klik-supply-free-delivery-croatia-store-kupi-povoljno.jpg","contentUrl":"https:\/\/adria-klik.com\/wp-content\/uploads\/2018\/07\/Gordons-Dry-Gin1l-adria-klik-supply-free-delivery-croatia-store-kupi-povoljno.jpg","width":1500,"height":1500,"caption":"Gin Gordon's Special London 1l Adria Klik - Namirnice, Vina & Gourmet webshop Brza dostava Premium, Organskih i Eko doma\u00e6ih proiozvoda, Doma\u0107ih Craft Piva, Vina i delicija. Novo i vlastito skladi\u0161te za brzu distribuciju. Adria Klik potra\u017eite i na na Glovo, Wolt i Bolt-Food aplikacijama."},{"@type":"BreadcrumbList","@id":"https:\/\/adria-klik.com\/proizvod\/gin-gordons-special-london-1l\/#breadcrumb","itemListElement":[{"@type":"ListItem","position":1,"name":"Po\u010detna stranica","item":"https:\/\/adria-klik.com\/en\/"},{"@type":"ListItem","position":2,"name":"Shop","item":"https:\/\/adria-klik.com\/shop\/"},{"@type":"ListItem","position":3,"name":"Gin Gordon&#8217;s Special London 1l"}]},{"@type":"WebSite","@id":"https:\/\/adria-klik.com\/#website","url":"https:\/\/adria-klik.com\/","name":"Adria-Klik.com","description":"Unikatni poklon paketi, Vina, Craft pivo &amp; Delicije - webshop","publisher":{"@id":"https:\/\/adria-klik.com\/#organization"},"potentialAction":[{"@type":"SearchAction","target":{"@type":"EntryPoint","urlTemplate":"https:\/\/adria-klik.com\/?s={search_term_string}"},"query-input":{"@type":"PropertyValueSpecification","valueRequired":true,"valueName":"search_term_string"}}],"inLanguage":"en-US"},{"@type":"Organization","@id":"https:\/\/adria-klik.com\/#organization","name":"Adria-Klik.com","alternateName":"AK","url":"https:\/\/adria-klik.com\/","logo":{"@type":"ImageObject","inLanguage":"en-US","@id":"https:\/\/adria-klik.com\/#\/schema\/logo\/image\/","url":"https:\/\/adria-klik.com\/wp-content\/uploads\/2025\/12\/Adria-Klik_com-logo-namirnice-vina-craft-pivo-delikatese-delicije-artisan-cokolada.jpg","contentUrl":"https:\/\/adria-klik.com\/wp-content\/uploads\/2025\/12\/Adria-Klik_com-logo-namirnice-vina-craft-pivo-delikatese-delicije-artisan-cokolada.jpg","width":500,"height":500,"caption":"Adria-Klik.com"},"image":{"@id":"https:\/\/adria-klik.com\/#\/schema\/logo\/image\/"},"sameAs":["https:\/\/www.facebook.com\/profile.php?id=100064209425136","https:\/\/www.instagram.com\/adriaklik\/","https:\/\/www.youtube.com\/user\/PlavacmaliZagreb"]}]}},"jetpack_sharing_enabled":true,"jetpack-related-posts":[],"_links":{"self":[{"href":"https:\/\/adria-klik.com\/en\/wp-json\/wp\/v2\/product\/8181","targetHints":{"allow":["GET"]}}],"collection":[{"href":"https:\/\/adria-klik.com\/en\/wp-json\/wp\/v2\/product"}],"about":[{"href":"https:\/\/adria-klik.com\/en\/wp-json\/wp\/v2\/types\/product"}],"replies":[{"embeddable":true,"href":"https:\/\/adria-klik.com\/en\/wp-json\/wp\/v2\/comments?post=8181"}],"wp:featuredmedia":[{"embeddable":true,"href":"https:\/\/adria-klik.com\/en\/wp-json\/wp\/v2\/media\/16772"}],"wp:attachment":[{"href":"https:\/\/adria-klik.com\/en\/wp-json\/wp\/v2\/media?parent=8181"}],"wp:term":[{"taxonomy":"product_brand","embeddable":true,"href":"https:\/\/adria-klik.com\/en\/wp-json\/wp\/v2\/product_brand?post=8181"},{"taxonomy":"product_cat","embeddable":true,"href":"https:\/\/adria-klik.com\/en\/wp-json\/wp\/v2\/product_cat?post=8181"},{"taxonomy":"product_tag","embeddable":true,"href":"https:\/\/adria-klik.com\/en\/wp-json\/wp\/v2\/product_tag?post=8181"},{"taxonomy":"berocket_brand","embeddable":true,"href":"https:\/\/adria-klik.com\/en\/wp-json\/wp\/v2\/berocket_brand?post=8181"}],"curies":[{"name":"wp","href":"https:\/\/api.w.org\/{rel}","templated":true}]}}